{"id":7112,"date":"2023-03-06T14:46:07","date_gmt":"2023-03-06T13:46:07","guid":{"rendered":"https:\/\/thefootballsquare.com\/?post_type=product&#038;p=7112"},"modified":"2025-03-25T17:50:13","modified_gmt":"2025-03-25T16:50:13","slug":"borsa-portadivise-trolley","status":"publish","type":"product","link":"https:\/\/thefootballsquare.com\/en\/borsa-portadivise-trolley\/","title":{"rendered":"Borsa Portadivise Trolley"},"content":{"rendered":"<h1><strong>Borsa portadivise Trolley: Lo stile e la comodit\u00e0 in viaggio<\/strong><\/h1>\n<p>La Borsa Portadivise Trolley \u00e8 progettata per essere spaziosa e funzionale, con misure di 72x35x36 cm che ti permettono di trasportare comodamente tutte le tue divise e attrezzature sportive. Non dovrai pi\u00f9 preoccuparti di come portare tutto con te, questa borsa ha tutto lo spazio di cui hai bisogno.<\/p>\n<h2><strong>Realizzata con materiali di alta qualit\u00e0<\/strong><\/h2>\n<p>La nostra Borsa \u00e8 <strong>realizzata al 100% in poliestere<\/strong> di alta qualit\u00e0, garantendo una resistenza e durata senza pari. Affidati a questa borsa per proteggere al meglio le tue divise e attrezzature sportive durante ogni spostamento. Ti offre uno stile moderno e accattivante, con dettagli curati e colori eleganti.<\/p>\n<p>Dotata di comode ruote e una maniglia telescopica, questa borsa ti offre il massimo comfort durante il trasporto. Libera le tue mani e sposta la borsa con facilit\u00e0, senza dover fare sforzi eccessivi.<\/p>\n<p>La Borsa Portadivise Trolley \u00e8 l&#8217;accessorio ideale per ogni atleta o amante dello sport. Grazie alla sua versatilit\u00e0 e funzionalit\u00e0, sar\u00e0 il compagno ideale per accompagnarti in ogni avventura sportiva.<\/p>\n<h3><strong>Iscriviti alla nostra newsletter e ricevi il 10% di sconto<\/strong><\/h3>\n<p>Non perdere l&#8217;opportunit\u00e0 di aggiungere la Borsa portadivise Trolley al tuo guardaroba a un prezzo vantaggioso. Iscriviti alla nostra newsletter e ricevi subito il 10% di sconto sul tuo prossimo acquisto. Seguici sui nostri canali social, <a href=\"https:\/\/www.facebook.com\/people\/The-Football-Square\/100091327552627\/\" target=\"_blank\" rel=\"noopener\"><strong>Facebook<\/strong><\/a> e <a href=\"https:\/\/www.instagram.com\/thefootballsquare_official\/?igshid=MzRlODBiNWFlZA%3D%3D\" target=\"_blank\" rel=\"noopener\"><strong>Instagram<\/strong><\/a>, per essere sempre connesso con le <a href=\"https:\/\/thefootballsquare.com\/en\/product-category\/uomo\/accessori-uomo\/borse-e-borsoni\/\" target=\"_blank\" rel=\"noopener\">ultime tendenze sportive<\/a> e ispirazioni di stile.<\/p>","protected":false},"excerpt":{"rendered":"<p><strong>Ordine minimo 5 pezzi<\/strong><\/p>\n<p><strong>Caratteristiche:<\/strong><\/p>\n<ul>\n<li><span class=\"title_red\">Misure<\/span> 72x35x36 cm<\/li>\n<li>100% Poliestere<\/li>\n<\/ul>","protected":false},"featured_media":7119,"template":"","meta":{"_glsr_average":0,"_glsr_ranking":0,"_glsr_reviews":0},"product_cat":[447,450,540,375,424,431,428,24,426,441,438,27,425,487,433],"product_tag":[],"giftcard-category":[],"yoast_head":"<!-- This site is optimized with the Yoast SEO plugin v22.3 - https:\/\/yoast.com\/wordpress\/plugins\/seo\/ -->\n<title>Borsa Portadivise Trolley: Stile e comodit\u00e0 in viaggio<\/title>\n<meta name=\"description\" content=\"Borsa Portadivise Trolley, l&#039;accessorio ideale per ogni attivit\u00e0 sportiva. Iscriviti alla newsletter e ottieni il 10% di sconto sul prossimo acquisto.\" \/>\n<meta name=\"robots\" content=\"index, follow, max-snippet:-1, max-image-preview:large, max-video-preview:-1\" \/>\n<link rel=\"canonical\" href=\"https:\/\/thefootballsquare.com\/en\/borsa-portadivise-trolley\/\" \/>\n<meta property=\"og:locale\" content=\"en_GB\" \/>\n<meta property=\"og:type\" content=\"article\" \/>\n<meta property=\"og:title\" content=\"Borsa Portadivise Trolley: Stile e comodit\u00e0 in viaggio\" \/>\n<meta property=\"og:description\" content=\"Borsa Portadivise Trolley, l&#039;accessorio ideale per ogni attivit\u00e0 sportiva. Iscriviti alla newsletter e ottieni il 10% di sconto sul prossimo acquisto.\" \/>\n<meta property=\"og:url\" content=\"https:\/\/thefootballsquare.com\/en\/borsa-portadivise-trolley\/\" \/>\n<meta property=\"og:site_name\" content=\"thefootballsquare.com\" \/>\n<meta property=\"article:modified_time\" content=\"2025-03-25T16:50:13+00:00\" \/>\n<meta property=\"og:image\" content=\"https:\/\/thefootballsquare.com\/wp-content\/uploads\/2023\/03\/borsa-potadivise-trolley.jpg\" \/>\n\t<meta property=\"og:image:width\" content=\"350\" \/>\n\t<meta property=\"og:image:height\" content=\"391\" \/>\n\t<meta property=\"og:image:type\" content=\"image\/jpeg\" \/>\n<meta name=\"twitter:card\" content=\"summary_large_image\" \/>\n<meta name=\"twitter:title\" content=\"Borsa Portadivise Trolley: Stile e comodit\u00e0 in viaggio\" \/>\n<meta name=\"twitter:description\" content=\"Borsa Portadivise Trolley, l&#039;accessorio ideale per ogni attivit\u00e0 sportiva. Iscriviti alla newsletter e ottieni il 10% di sconto sul prossimo acquisto.\" \/>\n<meta name=\"twitter:label1\" content=\"Estimated reading time\" \/>\n\t<meta name=\"twitter:data1\" content=\"2 minutes\" \/>\n<script type=\"application\/ld+json\" class=\"yoast-schema-graph\">{\"@context\":\"https:\/\/schema.org\",\"@graph\":[{\"@type\":\"WebPage\",\"@id\":\"https:\/\/thefootballsquare.com\/borsa-portadivise-trolley\/\",\"url\":\"https:\/\/thefootballsquare.com\/borsa-portadivise-trolley\/\",\"name\":\"Borsa Portadivise Trolley: Stile e comodit\u00e0 in viaggio\",\"isPartOf\":{\"@id\":\"https:\/\/thefootballsquare.com\/#website\"},\"primaryImageOfPage\":{\"@id\":\"https:\/\/thefootballsquare.com\/borsa-portadivise-trolley\/#primaryimage\"},\"image\":{\"@id\":\"https:\/\/thefootballsquare.com\/borsa-portadivise-trolley\/#primaryimage\"},\"thumbnailUrl\":\"https:\/\/thefootballsquare.com\/wp-content\/uploads\/2023\/03\/borsa-potadivise-trolley.jpg\",\"datePublished\":\"2023-03-06T13:46:07+00:00\",\"dateModified\":\"2025-03-25T16:50:13+00:00\",\"description\":\"Borsa Portadivise Trolley, l'accessorio ideale per ogni attivit\u00e0 sportiva. Iscriviti alla newsletter e ottieni il 10% di sconto sul prossimo acquisto.\",\"breadcrumb\":{\"@id\":\"https:\/\/thefootballsquare.com\/borsa-portadivise-trolley\/#breadcrumb\"},\"inLanguage\":\"en-GB\",\"potentialAction\":[{\"@type\":\"ReadAction\",\"target\":[\"https:\/\/thefootballsquare.com\/borsa-portadivise-trolley\/\"]}]},{\"@type\":\"ImageObject\",\"inLanguage\":\"en-GB\",\"@id\":\"https:\/\/thefootballsquare.com\/borsa-portadivise-trolley\/#primaryimage\",\"url\":\"https:\/\/thefootballsquare.com\/wp-content\/uploads\/2023\/03\/borsa-potadivise-trolley.jpg\",\"contentUrl\":\"https:\/\/thefootballsquare.com\/wp-content\/uploads\/2023\/03\/borsa-potadivise-trolley.jpg\",\"width\":350,\"height\":391,\"caption\":\"borsa portadivise trolley zeus nero con maniglia rotelle loghi stampati tasca laterale e centrale con zip misure 72x35x36 cm 100% Poliestere\"},{\"@type\":\"BreadcrumbList\",\"@id\":\"https:\/\/thefootballsquare.com\/borsa-portadivise-trolley\/#breadcrumb\",\"itemListElement\":[{\"@type\":\"ListItem\",\"position\":1,\"name\":\"Home\",\"item\":\"https:\/\/thefootballsquare.com\/\"},{\"@type\":\"ListItem\",\"position\":2,\"name\":\"Borsa Portadivise Trolley\"}]},{\"@type\":\"WebSite\",\"@id\":\"https:\/\/thefootballsquare.com\/#website\",\"url\":\"https:\/\/thefootballsquare.com\/\",\"name\":\"thefootballsquare.com\",\"description\":\"\",\"publisher\":{\"@id\":\"https:\/\/thefootballsquare.com\/#organization\"},\"potentialAction\":[{\"@type\":\"SearchAction\",\"target\":{\"@type\":\"EntryPoint\",\"urlTemplate\":\"https:\/\/thefootballsquare.com\/?s={search_term_string}\"},\"query-input\":\"required name=search_term_string\"}],\"inLanguage\":\"en-GB\"},{\"@type\":\"Organization\",\"@id\":\"https:\/\/thefootballsquare.com\/#organization\",\"name\":\"thefootballsquare.com\",\"url\":\"https:\/\/thefootballsquare.com\/\",\"logo\":{\"@type\":\"ImageObject\",\"inLanguage\":\"en-GB\",\"@id\":\"https:\/\/thefootballsquare.com\/#\/schema\/logo\/image\/\",\"url\":\"https:\/\/thefootballsquare.com\/wp-content\/uploads\/2023\/02\/logo_TheFootbalSquare_bianco@4x.png\",\"contentUrl\":\"https:\/\/thefootballsquare.com\/wp-content\/uploads\/2023\/02\/logo_TheFootbalSquare_bianco@4x.png\",\"width\":581,\"height\":477,\"caption\":\"thefootballsquare.com\"},\"image\":{\"@id\":\"https:\/\/thefootballsquare.com\/#\/schema\/logo\/image\/\"}}]}<\/script>\n<!-- \/ Yoast SEO plugin. -->","yoast_head_json":{"title":"Borsa Portadivise Trolley: Stile e comodit\u00e0 in viaggio","description":"Borsa Portadivise Trolley, l'accessorio ideale per ogni attivit\u00e0 sportiva. Iscriviti alla newsletter e ottieni il 10% di sconto sul prossimo acquisto.","robots":{"index":"index","follow":"follow","max-snippet":"max-snippet:-1","max-image-preview":"max-image-preview:large","max-video-preview":"max-video-preview:-1"},"canonical":"https:\/\/thefootballsquare.com\/en\/borsa-portadivise-trolley\/","og_locale":"en_GB","og_type":"article","og_title":"Borsa Portadivise Trolley: Stile e comodit\u00e0 in viaggio","og_description":"Borsa Portadivise Trolley, l'accessorio ideale per ogni attivit\u00e0 sportiva. Iscriviti alla newsletter e ottieni il 10% di sconto sul prossimo acquisto.","og_url":"https:\/\/thefootballsquare.com\/en\/borsa-portadivise-trolley\/","og_site_name":"thefootballsquare.com","article_modified_time":"2025-03-25T16:50:13+00:00","og_image":[{"width":350,"height":391,"url":"https:\/\/thefootballsquare.com\/wp-content\/uploads\/2023\/03\/borsa-potadivise-trolley.jpg","type":"image\/jpeg"}],"twitter_card":"summary_large_image","twitter_title":"Borsa Portadivise Trolley: Stile e comodit\u00e0 in viaggio","twitter_description":"Borsa Portadivise Trolley, l'accessorio ideale per ogni attivit\u00e0 sportiva. Iscriviti alla newsletter e ottieni il 10% di sconto sul prossimo acquisto.","twitter_misc":{"Estimated reading time":"2 minutes"},"schema":{"@context":"https:\/\/schema.org","@graph":[{"@type":"WebPage","@id":"https:\/\/thefootballsquare.com\/borsa-portadivise-trolley\/","url":"https:\/\/thefootballsquare.com\/borsa-portadivise-trolley\/","name":"Borsa Portadivise Trolley: Stile e comodit\u00e0 in viaggio","isPartOf":{"@id":"https:\/\/thefootballsquare.com\/#website"},"primaryImageOfPage":{"@id":"https:\/\/thefootballsquare.com\/borsa-portadivise-trolley\/#primaryimage"},"image":{"@id":"https:\/\/thefootballsquare.com\/borsa-portadivise-trolley\/#primaryimage"},"thumbnailUrl":"https:\/\/thefootballsquare.com\/wp-content\/uploads\/2023\/03\/borsa-potadivise-trolley.jpg","datePublished":"2023-03-06T13:46:07+00:00","dateModified":"2025-03-25T16:50:13+00:00","description":"Borsa Portadivise Trolley, l'accessorio ideale per ogni attivit\u00e0 sportiva. Iscriviti alla newsletter e ottieni il 10% di sconto sul prossimo acquisto.","breadcrumb":{"@id":"https:\/\/thefootballsquare.com\/borsa-portadivise-trolley\/#breadcrumb"},"inLanguage":"en-GB","potentialAction":[{"@type":"ReadAction","target":["https:\/\/thefootballsquare.com\/borsa-portadivise-trolley\/"]}]},{"@type":"ImageObject","inLanguage":"en-GB","@id":"https:\/\/thefootballsquare.com\/borsa-portadivise-trolley\/#primaryimage","url":"https:\/\/thefootballsquare.com\/wp-content\/uploads\/2023\/03\/borsa-potadivise-trolley.jpg","contentUrl":"https:\/\/thefootballsquare.com\/wp-content\/uploads\/2023\/03\/borsa-potadivise-trolley.jpg","width":350,"height":391,"caption":"borsa portadivise trolley zeus nero con maniglia rotelle loghi stampati tasca laterale e centrale con zip misure 72x35x36 cm 100% Poliestere"},{"@type":"BreadcrumbList","@id":"https:\/\/thefootballsquare.com\/borsa-portadivise-trolley\/#breadcrumb","itemListElement":[{"@type":"ListItem","position":1,"name":"Home","item":"https:\/\/thefootballsquare.com\/"},{"@type":"ListItem","position":2,"name":"Borsa Portadivise Trolley"}]},{"@type":"WebSite","@id":"https:\/\/thefootballsquare.com\/#website","url":"https:\/\/thefootballsquare.com\/","name":"thefootballsquare.com","description":"","publisher":{"@id":"https:\/\/thefootballsquare.com\/#organization"},"potentialAction":[{"@type":"SearchAction","target":{"@type":"EntryPoint","urlTemplate":"https:\/\/thefootballsquare.com\/?s={search_term_string}"},"query-input":"required name=search_term_string"}],"inLanguage":"en-GB"},{"@type":"Organization","@id":"https:\/\/thefootballsquare.com\/#organization","name":"thefootballsquare.com","url":"https:\/\/thefootballsquare.com\/","logo":{"@type":"ImageObject","inLanguage":"en-GB","@id":"https:\/\/thefootballsquare.com\/#\/schema\/logo\/image\/","url":"https:\/\/thefootballsquare.com\/wp-content\/uploads\/2023\/02\/logo_TheFootbalSquare_bianco@4x.png","contentUrl":"https:\/\/thefootballsquare.com\/wp-content\/uploads\/2023\/02\/logo_TheFootbalSquare_bianco@4x.png","width":581,"height":477,"caption":"thefootballsquare.com"},"image":{"@id":"https:\/\/thefootballsquare.com\/#\/schema\/logo\/image\/"}}]}},"_links":{"self":[{"href":"https:\/\/thefootballsquare.com\/en\/wp-json\/wp\/v2\/product\/7112"}],"collection":[{"href":"https:\/\/thefootballsquare.com\/en\/wp-json\/wp\/v2\/product"}],"about":[{"href":"https:\/\/thefootballsquare.com\/en\/wp-json\/wp\/v2\/types\/product"}],"version-history":[{"count":1,"href":"https:\/\/thefootballsquare.com\/en\/wp-json\/wp\/v2\/product\/7112\/revisions"}],"predecessor-version":[{"id":46530,"href":"https:\/\/thefootballsquare.com\/en\/wp-json\/wp\/v2\/product\/7112\/revisions\/46530"}],"wp:featuredmedia":[{"embeddable":true,"href":"https:\/\/thefootballsquare.com\/en\/wp-json\/wp\/v2\/media\/7119"}],"wp:attachment":[{"href":"https:\/\/thefootballsquare.com\/en\/wp-json\/wp\/v2\/media?parent=7112"}],"wp:term":[{"taxonomy":"product_cat","embeddable":true,"href":"https:\/\/thefootballsquare.com\/en\/wp-json\/wp\/v2\/product_cat?post=7112"},{"taxonomy":"product_tag","embeddable":true,"href":"https:\/\/thefootballsquare.com\/en\/wp-json\/wp\/v2\/product_tag?post=7112"},{"taxonomy":"giftcard-category","embeddable":true,"href":"https:\/\/thefootballsquare.com\/en\/wp-json\/wp\/v2\/giftcard-category?post=7112"}],"curies":[{"name":"wp","href":"https:\/\/api.w.org\/{rel}","templated":true}]}}