{"id":7022,"date":"2023-03-06T14:01:55","date_gmt":"2023-03-06T13:01:55","guid":{"rendered":"https:\/\/thefootballsquare.com\/?post_type=product&#038;p=7022"},"modified":"2025-03-25T17:52:00","modified_gmt":"2025-03-25T16:52:00","slug":"fondo-rigido-medium-10-pz","status":"publish","type":"product","link":"https:\/\/thefootballsquare.com\/en\/fondo-rigido-medium-10-pz\/","title":{"rendered":"Fondo Rigido Medium Zeus"},"content":{"rendered":"<div class=\"flex-shrink-0 flex flex-col relative items-end\">\n<div class=\"w-[30px]\"><\/div>\n<\/div>\n<div class=\"relative flex w-[calc(100%-50px)] flex-col gap-1 md:gap-3 lg:w-[calc(100%-115px)]\">\n<div class=\"flex flex-grow flex-col gap-3\">\n<div class=\"flex flex-col items-start gap-4 whitespace-pre-wrap break-words\">\n<h2 class=\"markdown prose w-full break-words dark:prose-invert light\">Scopri il Fondo Rigido Medium Zeus.<\/h2>\n<h3 class=\"markdown prose w-full break-words dark:prose-invert light\">L&#8217;Accessorio di Moda Indispensabile per il Tuo Stile Unico<\/h3>\n<div class=\"markdown prose w-full break-words dark:prose-invert light\">Il Fondo Rigido Medium Zeus \u00e8 progettato per soddisfare le tue esigenze di <strong>spazio<\/strong> senza compromettere il tuo <strong>stile<\/strong>. Con misure di 46&#215;27,5x16cm, questo accessorio offre ampio spazio per riporre tutti i tuoi oggetti essenziali di moda.<\/div>\n<div><\/div>\n<div class=\"markdown prose w-full break-words dark:prose-invert light\">Confezionato in set da 10 pezzi, il Fondo Rigido Medium Zeus ti offre la possibilit\u00e0 di organizzare la tua collezione di accessori con facilit\u00e0. Sia che tu voglia condividerli con gli amici o offrirli come regalo di classe, questa confezione multipla ti assicura di avere sempre a disposizione l&#8217;accessorio di moda perfetto.<\/div>\n<h2 class=\"markdown prose w-full break-words dark:prose-invert light\">Fondo Rigido Medium Zeus: Un Mix di Eleganza e Resistenza<\/h2>\n<div class=\"markdown prose w-full break-words dark:prose-invert light\">Il Fondo Rigido Medium \u00e8 realizzato con materiali di <strong>alta<\/strong> <strong>qualit\u00e0<\/strong> che garantiscono una resistenza <strong>duratura<\/strong>. La sua struttura rigida <strong>protegge<\/strong> i tuoi oggetti preziosi da urti e cadute, mantenendoli al sicuro e senza alcun <strong>danno<\/strong>. Inoltre, il design elegante e raffinato aggiunge un tocco di <strong>stile unico<\/strong> al tuo look. Inoltre, \u00a0Con il Fondo Rigido Medium, puoi esprimere appieno la tua personalit\u00e0 e il tuo stile unico. La sua dimensione media lo rende ideale per un utilizzo quotidiano, mentre il suo <strong>design<\/strong> elegante lo rende un perfetto complemento per le tue occasioni speciali.<\/div>\n<h2 class=\"markdown prose w-full break-words dark:prose-invert light\">Un Investimento Duraturo e Funzionale<\/h2>\n<div class=\"markdown prose w-full break-words dark:prose-invert light\">Il Fondo Rigido Medium \u00e8 pi\u00f9 di un semplice accessorio di moda. \u00c8 un investimento nel tuo stile e nella tua comodit\u00e0. La sua <strong>resistenza<\/strong> e <strong>durabilit\u00e0<\/strong> assicurano che potrai goderne a lungo nel tempo, senza compromessi sulla funzionalit\u00e0 e sulla moda.<\/div>\n<h2 class=\"markdown prose w-full break-words dark:prose-invert light\">Scopri le Ultime Offerte e Promozioni<\/h2>\n<div class=\"markdown prose w-full break-words dark:prose-invert light\">Iscrivendoti alla nostra newsletter, potrai avere il <strong>10% di sconto<\/strong> sul tuo primo acquisto e sarai sempre aggiornato sulle nostre ultime offerte e promozioni. Non lasciarti sfuggire l&#8217;opportunit\u00e0 di ottenere il Fondo Rigido Medium Zeus a un prezzo ancora pi\u00f9 conveniente e di essere sempre al passo con le ultime tendenze. \u00a0Unisciti alla nostra community di appassionati di moda seguendoci su Facebook e Instagram. Avrai accesso a contenuti esclusivi, ispirazioni di stile e anteprime dei nostri nuovi prodotti. Non perdere l&#8217;opportunit\u00e0 di essere parte della nostra famiglia di moda e condividere la tua passione con altri amanti dello stile.<\/div>\n<div><\/div>\n<\/div>\n<\/div>\n<\/div>","protected":false},"excerpt":{"rendered":"<p><strong>Ordine minimo 5 pezzi<\/strong><\/p>\n<p><strong>Caratteristiche:<\/strong><\/p>\n<ul>\n<li><span class=\"title_red\">Misure<\/span>\u00a046&#215;27,5x16cm<\/li>\n<li><span class=\"title_red\">Packing<\/span>\u00a010 pz<\/li>\n<\/ul>","protected":false},"featured_media":18398,"template":"","meta":{"_glsr_average":0,"_glsr_ranking":0,"_glsr_reviews":0},"product_cat":[447,450,21],"product_tag":[],"giftcard-category":[],"yoast_head":"<!-- This site is optimized with the Yoast SEO plugin v22.3 - https:\/\/yoast.com\/wordpress\/plugins\/seo\/ -->\n<title>Fondo Rigido Medium Zeus<\/title>\n<meta name=\"description\" content=\"Fondo Rigido Medium Zeus: L&#039;Accessorio di Moda Indispensabile. Iscrivendoti alla nostra newsletter, potrai avere il 10% di sconto.\" \/>\n<meta name=\"robots\" content=\"index, follow, max-snippet:-1, max-image-preview:large, max-video-preview:-1\" \/>\n<link rel=\"canonical\" href=\"https:\/\/thefootballsquare.com\/en\/fondo-rigido-medium-10-pz\/\" \/>\n<meta property=\"og:locale\" content=\"en_GB\" \/>\n<meta property=\"og:type\" content=\"article\" \/>\n<meta property=\"og:title\" content=\"Fondo Rigido Medium Zeus\" \/>\n<meta property=\"og:description\" content=\"Fondo Rigido Medium Zeus: L&#039;Accessorio di Moda Indispensabile. Iscrivendoti alla nostra newsletter, potrai avere il 10% di sconto.\" \/>\n<meta property=\"og:url\" content=\"https:\/\/thefootballsquare.com\/en\/fondo-rigido-medium-10-pz\/\" \/>\n<meta property=\"og:site_name\" content=\"thefootballsquare.com\" \/>\n<meta property=\"article:modified_time\" content=\"2025-03-25T16:52:00+00:00\" \/>\n<meta property=\"og:image\" content=\"https:\/\/thefootballsquare.com\/wp-content\/uploads\/2023\/03\/fondo-rigido-medium-attrezzature-zeus.jpg\" \/>\n\t<meta property=\"og:image:width\" content=\"1080\" \/>\n\t<meta property=\"og:image:height\" content=\"1080\" \/>\n\t<meta property=\"og:image:type\" content=\"image\/jpeg\" \/>\n<meta name=\"twitter:card\" content=\"summary_large_image\" \/>\n<meta name=\"twitter:title\" content=\"Fondo Rigido Medium Zeus\" \/>\n<meta name=\"twitter:description\" content=\"Fondo Rigido Medium Zeus: L&#039;Accessorio di Moda Indispensabile. Iscrivendoti alla nostra newsletter, potrai avere il 10% di sconto.\" \/>\n<meta name=\"twitter:image\" content=\"https:\/\/thefootballsquare.com\/wp-content\/uploads\/2023\/03\/fondo-rigido-medium-attrezzature-zeus.jpg\" \/>\n<meta name=\"twitter:label1\" content=\"Estimated reading time\" \/>\n\t<meta name=\"twitter:data1\" content=\"2 minutes\" \/>\n<script type=\"application\/ld+json\" class=\"yoast-schema-graph\">{\"@context\":\"https:\/\/schema.org\",\"@graph\":[{\"@type\":\"WebPage\",\"@id\":\"https:\/\/thefootballsquare.com\/fondo-rigido-medium-10-pz\/\",\"url\":\"https:\/\/thefootballsquare.com\/fondo-rigido-medium-10-pz\/\",\"name\":\"Fondo Rigido Medium Zeus\",\"isPartOf\":{\"@id\":\"https:\/\/thefootballsquare.com\/#website\"},\"primaryImageOfPage\":{\"@id\":\"https:\/\/thefootballsquare.com\/fondo-rigido-medium-10-pz\/#primaryimage\"},\"image\":{\"@id\":\"https:\/\/thefootballsquare.com\/fondo-rigido-medium-10-pz\/#primaryimage\"},\"thumbnailUrl\":\"https:\/\/thefootballsquare.com\/wp-content\/uploads\/2023\/03\/fondo-rigido-medium-attrezzature-zeus.jpg\",\"datePublished\":\"2023-03-06T13:01:55+00:00\",\"dateModified\":\"2025-03-25T16:52:00+00:00\",\"description\":\"Fondo Rigido Medium Zeus: L'Accessorio di Moda Indispensabile. Iscrivendoti alla nostra newsletter, potrai avere il 10% di sconto.\",\"breadcrumb\":{\"@id\":\"https:\/\/thefootballsquare.com\/fondo-rigido-medium-10-pz\/#breadcrumb\"},\"inLanguage\":\"en-GB\",\"potentialAction\":[{\"@type\":\"ReadAction\",\"target\":[\"https:\/\/thefootballsquare.com\/fondo-rigido-medium-10-pz\/\"]}]},{\"@type\":\"ImageObject\",\"inLanguage\":\"en-GB\",\"@id\":\"https:\/\/thefootballsquare.com\/fondo-rigido-medium-10-pz\/#primaryimage\",\"url\":\"https:\/\/thefootballsquare.com\/wp-content\/uploads\/2023\/03\/fondo-rigido-medium-attrezzature-zeus.jpg\",\"contentUrl\":\"https:\/\/thefootballsquare.com\/wp-content\/uploads\/2023\/03\/fondo-rigido-medium-attrezzature-zeus.jpg\",\"width\":1080,\"height\":1080,\"caption\":\"fondo-rigido-medium-attrezzature-zeus\"},{\"@type\":\"BreadcrumbList\",\"@id\":\"https:\/\/thefootballsquare.com\/fondo-rigido-medium-10-pz\/#breadcrumb\",\"itemListElement\":[{\"@type\":\"ListItem\",\"position\":1,\"name\":\"Home\",\"item\":\"https:\/\/thefootballsquare.com\/\"},{\"@type\":\"ListItem\",\"position\":2,\"name\":\"Fondo Rigido Medium Zeus\"}]},{\"@type\":\"WebSite\",\"@id\":\"https:\/\/thefootballsquare.com\/#website\",\"url\":\"https:\/\/thefootballsquare.com\/\",\"name\":\"thefootballsquare.com\",\"description\":\"\",\"publisher\":{\"@id\":\"https:\/\/thefootballsquare.com\/#organization\"},\"potentialAction\":[{\"@type\":\"SearchAction\",\"target\":{\"@type\":\"EntryPoint\",\"urlTemplate\":\"https:\/\/thefootballsquare.com\/?s={search_term_string}\"},\"query-input\":\"required name=search_term_string\"}],\"inLanguage\":\"en-GB\"},{\"@type\":\"Organization\",\"@id\":\"https:\/\/thefootballsquare.com\/#organization\",\"name\":\"thefootballsquare.com\",\"url\":\"https:\/\/thefootballsquare.com\/\",\"logo\":{\"@type\":\"ImageObject\",\"inLanguage\":\"en-GB\",\"@id\":\"https:\/\/thefootballsquare.com\/#\/schema\/logo\/image\/\",\"url\":\"https:\/\/thefootballsquare.com\/wp-content\/uploads\/2023\/02\/logo_TheFootbalSquare_bianco@4x.png\",\"contentUrl\":\"https:\/\/thefootballsquare.com\/wp-content\/uploads\/2023\/02\/logo_TheFootbalSquare_bianco@4x.png\",\"width\":581,\"height\":477,\"caption\":\"thefootballsquare.com\"},\"image\":{\"@id\":\"https:\/\/thefootballsquare.com\/#\/schema\/logo\/image\/\"}}]}<\/script>\n<!-- \/ Yoast SEO plugin. -->","yoast_head_json":{"title":"Fondo Rigido Medium Zeus","description":"Fondo Rigido Medium Zeus: L'Accessorio di Moda Indispensabile. Iscrivendoti alla nostra newsletter, potrai avere il 10% di sconto.","robots":{"index":"index","follow":"follow","max-snippet":"max-snippet:-1","max-image-preview":"max-image-preview:large","max-video-preview":"max-video-preview:-1"},"canonical":"https:\/\/thefootballsquare.com\/en\/fondo-rigido-medium-10-pz\/","og_locale":"en_GB","og_type":"article","og_title":"Fondo Rigido Medium Zeus","og_description":"Fondo Rigido Medium Zeus: L'Accessorio di Moda Indispensabile. Iscrivendoti alla nostra newsletter, potrai avere il 10% di sconto.","og_url":"https:\/\/thefootballsquare.com\/en\/fondo-rigido-medium-10-pz\/","og_site_name":"thefootballsquare.com","article_modified_time":"2025-03-25T16:52:00+00:00","og_image":[{"width":1080,"height":1080,"url":"https:\/\/thefootballsquare.com\/wp-content\/uploads\/2023\/03\/fondo-rigido-medium-attrezzature-zeus.jpg","type":"image\/jpeg"}],"twitter_card":"summary_large_image","twitter_title":"Fondo Rigido Medium Zeus","twitter_description":"Fondo Rigido Medium Zeus: L'Accessorio di Moda Indispensabile. Iscrivendoti alla nostra newsletter, potrai avere il 10% di sconto.","twitter_image":"https:\/\/thefootballsquare.com\/wp-content\/uploads\/2023\/03\/fondo-rigido-medium-attrezzature-zeus.jpg","twitter_misc":{"Estimated reading time":"2 minutes"},"schema":{"@context":"https:\/\/schema.org","@graph":[{"@type":"WebPage","@id":"https:\/\/thefootballsquare.com\/fondo-rigido-medium-10-pz\/","url":"https:\/\/thefootballsquare.com\/fondo-rigido-medium-10-pz\/","name":"Fondo Rigido Medium Zeus","isPartOf":{"@id":"https:\/\/thefootballsquare.com\/#website"},"primaryImageOfPage":{"@id":"https:\/\/thefootballsquare.com\/fondo-rigido-medium-10-pz\/#primaryimage"},"image":{"@id":"https:\/\/thefootballsquare.com\/fondo-rigido-medium-10-pz\/#primaryimage"},"thumbnailUrl":"https:\/\/thefootballsquare.com\/wp-content\/uploads\/2023\/03\/fondo-rigido-medium-attrezzature-zeus.jpg","datePublished":"2023-03-06T13:01:55+00:00","dateModified":"2025-03-25T16:52:00+00:00","description":"Fondo Rigido Medium Zeus: L'Accessorio di Moda Indispensabile. Iscrivendoti alla nostra newsletter, potrai avere il 10% di sconto.","breadcrumb":{"@id":"https:\/\/thefootballsquare.com\/fondo-rigido-medium-10-pz\/#breadcrumb"},"inLanguage":"en-GB","potentialAction":[{"@type":"ReadAction","target":["https:\/\/thefootballsquare.com\/fondo-rigido-medium-10-pz\/"]}]},{"@type":"ImageObject","inLanguage":"en-GB","@id":"https:\/\/thefootballsquare.com\/fondo-rigido-medium-10-pz\/#primaryimage","url":"https:\/\/thefootballsquare.com\/wp-content\/uploads\/2023\/03\/fondo-rigido-medium-attrezzature-zeus.jpg","contentUrl":"https:\/\/thefootballsquare.com\/wp-content\/uploads\/2023\/03\/fondo-rigido-medium-attrezzature-zeus.jpg","width":1080,"height":1080,"caption":"fondo-rigido-medium-attrezzature-zeus"},{"@type":"BreadcrumbList","@id":"https:\/\/thefootballsquare.com\/fondo-rigido-medium-10-pz\/#breadcrumb","itemListElement":[{"@type":"ListItem","position":1,"name":"Home","item":"https:\/\/thefootballsquare.com\/"},{"@type":"ListItem","position":2,"name":"Fondo Rigido Medium Zeus"}]},{"@type":"WebSite","@id":"https:\/\/thefootballsquare.com\/#website","url":"https:\/\/thefootballsquare.com\/","name":"thefootballsquare.com","description":"","publisher":{"@id":"https:\/\/thefootballsquare.com\/#organization"},"potentialAction":[{"@type":"SearchAction","target":{"@type":"EntryPoint","urlTemplate":"https:\/\/thefootballsquare.com\/?s={search_term_string}"},"query-input":"required name=search_term_string"}],"inLanguage":"en-GB"},{"@type":"Organization","@id":"https:\/\/thefootballsquare.com\/#organization","name":"thefootballsquare.com","url":"https:\/\/thefootballsquare.com\/","logo":{"@type":"ImageObject","inLanguage":"en-GB","@id":"https:\/\/thefootballsquare.com\/#\/schema\/logo\/image\/","url":"https:\/\/thefootballsquare.com\/wp-content\/uploads\/2023\/02\/logo_TheFootbalSquare_bianco@4x.png","contentUrl":"https:\/\/thefootballsquare.com\/wp-content\/uploads\/2023\/02\/logo_TheFootbalSquare_bianco@4x.png","width":581,"height":477,"caption":"thefootballsquare.com"},"image":{"@id":"https:\/\/thefootballsquare.com\/#\/schema\/logo\/image\/"}}]}},"_links":{"self":[{"href":"https:\/\/thefootballsquare.com\/en\/wp-json\/wp\/v2\/product\/7022"}],"collection":[{"href":"https:\/\/thefootballsquare.com\/en\/wp-json\/wp\/v2\/product"}],"about":[{"href":"https:\/\/thefootballsquare.com\/en\/wp-json\/wp\/v2\/types\/product"}],"version-history":[{"count":1,"href":"https:\/\/thefootballsquare.com\/en\/wp-json\/wp\/v2\/product\/7022\/revisions"}],"predecessor-version":[{"id":46802,"href":"https:\/\/thefootballsquare.com\/en\/wp-json\/wp\/v2\/product\/7022\/revisions\/46802"}],"wp:featuredmedia":[{"embeddable":true,"href":"https:\/\/thefootballsquare.com\/en\/wp-json\/wp\/v2\/media\/18398"}],"wp:attachment":[{"href":"https:\/\/thefootballsquare.com\/en\/wp-json\/wp\/v2\/media?parent=7022"}],"wp:term":[{"taxonomy":"product_cat","embeddable":true,"href":"https:\/\/thefootballsquare.com\/en\/wp-json\/wp\/v2\/product_cat?post=7022"},{"taxonomy":"product_tag","embeddable":true,"href":"https:\/\/thefootballsquare.com\/en\/wp-json\/wp\/v2\/product_tag?post=7022"},{"taxonomy":"giftcard-category","embeddable":true,"href":"https:\/\/thefootballsquare.com\/en\/wp-json\/wp\/v2\/giftcard-category?post=7022"}],"curies":[{"name":"wp","href":"https:\/\/api.w.org\/{rel}","templated":true}]}}