{"id":7015,"date":"2023-03-06T14:05:19","date_gmt":"2023-03-06T13:05:19","guid":{"rendered":"https:\/\/thefootballsquare.com\/?post_type=product&#038;p=7015"},"modified":"2025-03-25T17:51:52","modified_gmt":"2025-03-25T16:51:52","slug":"smanicato-rodi","status":"publish","type":"product","link":"https:\/\/thefootballsquare.com\/en\/smanicato-rodi\/","title":{"rendered":"Smanicato Rodi Zeus"},"content":{"rendered":"<h1><strong>Smanicato Zeus &#8211; La potenza dello stile e della comodit\u00e0<\/strong><\/h1>\n<h2><strong>Un look audace e funzionale<\/strong><\/h2>\n<p>Lo smanicato Zeus \u00e8 l&#8217;indispensabile capo d&#8217;abbigliamento che ti far\u00e0 distinguere dalla folla. Con i suoi 100g di leggero comfort, questo giubbotto smanicato ti offre la libert\u00e0 di movimento e la praticit\u00e0 di cui hai bisogno nelle tue avventure quotidiane.<\/p>\n<h3><strong>Design intelligente, dettagli curati<\/strong><\/h3>\n<ol>\n<li><em>Praticit\u00e0 senza compromessi<\/em>: Con le sue tasche funzionali, questo smanicato ti permette di avere sempre con te tutto ci\u00f2 di cui hai bisogno, senza dover rinunciare allo stile.<\/li>\n<li><em>Elevato impatto visivo<\/em>: I loghi stampati con cura sulla superficie donano una nota di personalit\u00e0 unica al tuo look, catturando l&#8217;attenzione di chiunque ti incontri.<\/li>\n<li><em>Vestibilit\u00e0 su misura<\/em>: Grazie alla vestibilit\u00e0 Standard Fit, lo smanicato si adatta perfettamente al tuo corpo, abbracciandolo con comfort ed enfatizzando le tue migliori caratteristiche.<\/li>\n<\/ol>\n<h3><strong>Tessuto premium per prestazioni superiori<\/strong><\/h3>\n<p>Il nostro Smanicato Zeus \u00e8 realizzato con il textile polynylon fiber, una fibra resistente e durevole che garantisce una lunga durata del capo senza compromettere lo stile. Capo altamente versatile, perfetto per diverse occasioni. Indossalo sopra una felpa per un look casual, o come strato extra sopra una camicia elegante per un tocco di originalit\u00e0 nei momenti speciali.<\/p>\n<h3><strong>Iscriviti alla nostra newsletter<\/strong><\/h3>\n<p>Non lasciarti sfuggire il <strong>10% di sconto<\/strong> sul tuo prossimo acquisto! Iscriviti alla nostra newsletter e resta sempre aggiornato sulle<a href=\"https:\/\/thefootballsquare.com\/en\/product-category\/uomo\/abbigliamento-uomo\/smanicati\/\"><strong> ultime offerte e promozioni<\/strong><\/a>. Seguici anche su <strong><a href=\"https:\/\/www.facebook.com\/people\/The-Football-Square\/100091327552627\/\" target=\"_blank\" rel=\"noopener\">Facebook<\/a><\/strong> e <a href=\"https:\/\/www.instagram.com\/thefootballsquare_official\/?igshid=MzRlODBiNWFlZA%3D%3D\" target=\"_blank\" rel=\"noopener\"><strong>Instagram<\/strong><\/a> per ispirarti con le tendenze del momento e partecipare a esclusive iniziative.<\/p>","protected":false},"excerpt":{"rendered":"<p><strong>Ordine minimo 5 pezzi<\/strong><\/p>\n<p><strong>Caratteristiche:<\/strong><\/p>\n<ul>\n<li>Giubbotto smanicato 100g<\/li>\n<li>Tasche<\/li>\n<li>Loghi stampati<\/li>\n<li><span class=\"title_red\">Vestibilit\u00e0<\/span>\u00a0Standard Fit<\/li>\n<li><span class=\"title_red\">Textile<\/span> polynylon fiber<\/li>\n<li>100% Poliestere<\/li>\n<\/ul>","protected":false},"featured_media":7083,"template":"","meta":{"_glsr_average":0,"_glsr_ranking":0,"_glsr_reviews":0},"product_cat":[447,450,375,376,391],"product_tag":[],"giftcard-category":[],"yoast_head":"<!-- This site is optimized with the Yoast SEO plugin v22.3 - https:\/\/yoast.com\/wordpress\/plugins\/seo\/ -->\n<title>Smanicato Zeus - La potenza dello stile e della comodit\u00e0<\/title>\n<meta name=\"description\" content=\"Il nostro Smanicato Zeus \u00e8 realizzato con il textile polynylon fiber. Iscriviti alla nostra newsletter e ricevi il 10% di sconto sul tuo prossimo acquisto.\" \/>\n<meta name=\"robots\" content=\"index, follow, max-snippet:-1, max-image-preview:large, max-video-preview:-1\" \/>\n<link rel=\"canonical\" href=\"https:\/\/thefootballsquare.com\/en\/smanicato-rodi\/\" \/>\n<meta property=\"og:locale\" content=\"en_GB\" \/>\n<meta property=\"og:type\" content=\"article\" \/>\n<meta property=\"og:title\" content=\"Smanicato Zeus - La potenza dello stile e della comodit\u00e0\" \/>\n<meta property=\"og:description\" content=\"Il nostro Smanicato Zeus \u00e8 realizzato con il textile polynylon fiber. Iscriviti alla nostra newsletter e ricevi il 10% di sconto sul tuo prossimo acquisto.\" \/>\n<meta property=\"og:url\" content=\"https:\/\/thefootballsquare.com\/en\/smanicato-rodi\/\" \/>\n<meta property=\"og:site_name\" content=\"thefootballsquare.com\" \/>\n<meta property=\"article:modified_time\" content=\"2025-03-25T16:51:52+00:00\" \/>\n<meta property=\"og:image\" content=\"https:\/\/thefootballsquare.com\/wp-content\/uploads\/2023\/03\/1029_232_smanicato-rodi.jpg\" \/>\n\t<meta property=\"og:image:width\" content=\"700\" \/>\n\t<meta property=\"og:image:height\" content=\"782\" \/>\n\t<meta property=\"og:image:type\" content=\"image\/jpeg\" \/>\n<meta name=\"twitter:card\" content=\"summary_large_image\" \/>\n<meta name=\"twitter:title\" content=\"Smanicato Zeus - La potenza dello stile e della comodit\u00e0\" \/>\n<meta name=\"twitter:description\" content=\"Il nostro Smanicato Zeus \u00e8 realizzato con il textile polynylon fiber. Iscriviti alla nostra newsletter e ricevi il 10% di sconto sul tuo prossimo acquisto.\" \/>\n<meta name=\"twitter:image\" content=\"https:\/\/thefootballsquare.com\/wp-content\/uploads\/2023\/03\/1029_232_smanicato-rodi.jpg\" \/>\n<meta name=\"twitter:label1\" content=\"Estimated reading time\" \/>\n\t<meta name=\"twitter:data1\" content=\"2 minutes\" \/>\n<script type=\"application\/ld+json\" class=\"yoast-schema-graph\">{\"@context\":\"https:\/\/schema.org\",\"@graph\":[{\"@type\":\"WebPage\",\"@id\":\"https:\/\/thefootballsquare.com\/smanicato-rodi\/\",\"url\":\"https:\/\/thefootballsquare.com\/smanicato-rodi\/\",\"name\":\"Smanicato Zeus - La potenza dello stile e della comodit\u00e0\",\"isPartOf\":{\"@id\":\"https:\/\/thefootballsquare.com\/#website\"},\"primaryImageOfPage\":{\"@id\":\"https:\/\/thefootballsquare.com\/smanicato-rodi\/#primaryimage\"},\"image\":{\"@id\":\"https:\/\/thefootballsquare.com\/smanicato-rodi\/#primaryimage\"},\"thumbnailUrl\":\"https:\/\/thefootballsquare.com\/wp-content\/uploads\/2023\/03\/1029_232_smanicato-rodi.jpg\",\"datePublished\":\"2023-03-06T13:05:19+00:00\",\"dateModified\":\"2025-03-25T16:51:52+00:00\",\"description\":\"Il nostro Smanicato Zeus \u00e8 realizzato con il textile polynylon fiber. Iscriviti alla nostra newsletter e ricevi il 10% di sconto sul tuo prossimo acquisto.\",\"breadcrumb\":{\"@id\":\"https:\/\/thefootballsquare.com\/smanicato-rodi\/#breadcrumb\"},\"inLanguage\":\"en-GB\",\"potentialAction\":[{\"@type\":\"ReadAction\",\"target\":[\"https:\/\/thefootballsquare.com\/smanicato-rodi\/\"]}]},{\"@type\":\"ImageObject\",\"inLanguage\":\"en-GB\",\"@id\":\"https:\/\/thefootballsquare.com\/smanicato-rodi\/#primaryimage\",\"url\":\"https:\/\/thefootballsquare.com\/wp-content\/uploads\/2023\/03\/1029_232_smanicato-rodi.jpg\",\"contentUrl\":\"https:\/\/thefootballsquare.com\/wp-content\/uploads\/2023\/03\/1029_232_smanicato-rodi.jpg\",\"width\":700,\"height\":782,\"caption\":\"smanicato rodi nero giallo fluo con cappuccio e zip tasche loghi stampati vestibilit\u00e0 standard fit textile polynylon fiber 100% poliestere\"},{\"@type\":\"BreadcrumbList\",\"@id\":\"https:\/\/thefootballsquare.com\/smanicato-rodi\/#breadcrumb\",\"itemListElement\":[{\"@type\":\"ListItem\",\"position\":1,\"name\":\"Home\",\"item\":\"https:\/\/thefootballsquare.com\/\"},{\"@type\":\"ListItem\",\"position\":2,\"name\":\"Smanicato Rodi Zeus\"}]},{\"@type\":\"WebSite\",\"@id\":\"https:\/\/thefootballsquare.com\/#website\",\"url\":\"https:\/\/thefootballsquare.com\/\",\"name\":\"thefootballsquare.com\",\"description\":\"\",\"publisher\":{\"@id\":\"https:\/\/thefootballsquare.com\/#organization\"},\"potentialAction\":[{\"@type\":\"SearchAction\",\"target\":{\"@type\":\"EntryPoint\",\"urlTemplate\":\"https:\/\/thefootballsquare.com\/?s={search_term_string}\"},\"query-input\":\"required name=search_term_string\"}],\"inLanguage\":\"en-GB\"},{\"@type\":\"Organization\",\"@id\":\"https:\/\/thefootballsquare.com\/#organization\",\"name\":\"thefootballsquare.com\",\"url\":\"https:\/\/thefootballsquare.com\/\",\"logo\":{\"@type\":\"ImageObject\",\"inLanguage\":\"en-GB\",\"@id\":\"https:\/\/thefootballsquare.com\/#\/schema\/logo\/image\/\",\"url\":\"https:\/\/thefootballsquare.com\/wp-content\/uploads\/2023\/02\/logo_TheFootbalSquare_bianco@4x.png\",\"contentUrl\":\"https:\/\/thefootballsquare.com\/wp-content\/uploads\/2023\/02\/logo_TheFootbalSquare_bianco@4x.png\",\"width\":581,\"height\":477,\"caption\":\"thefootballsquare.com\"},\"image\":{\"@id\":\"https:\/\/thefootballsquare.com\/#\/schema\/logo\/image\/\"}}]}<\/script>\n<!-- \/ Yoast SEO plugin. -->","yoast_head_json":{"title":"Smanicato Zeus - La potenza dello stile e della comodit\u00e0","description":"Il nostro Smanicato Zeus \u00e8 realizzato con il textile polynylon fiber. Iscriviti alla nostra newsletter e ricevi il 10% di sconto sul tuo prossimo acquisto.","robots":{"index":"index","follow":"follow","max-snippet":"max-snippet:-1","max-image-preview":"max-image-preview:large","max-video-preview":"max-video-preview:-1"},"canonical":"https:\/\/thefootballsquare.com\/en\/smanicato-rodi\/","og_locale":"en_GB","og_type":"article","og_title":"Smanicato Zeus - La potenza dello stile e della comodit\u00e0","og_description":"Il nostro Smanicato Zeus \u00e8 realizzato con il textile polynylon fiber. Iscriviti alla nostra newsletter e ricevi il 10% di sconto sul tuo prossimo acquisto.","og_url":"https:\/\/thefootballsquare.com\/en\/smanicato-rodi\/","og_site_name":"thefootballsquare.com","article_modified_time":"2025-03-25T16:51:52+00:00","og_image":[{"width":700,"height":782,"url":"https:\/\/thefootballsquare.com\/wp-content\/uploads\/2023\/03\/1029_232_smanicato-rodi.jpg","type":"image\/jpeg"}],"twitter_card":"summary_large_image","twitter_title":"Smanicato Zeus - La potenza dello stile e della comodit\u00e0","twitter_description":"Il nostro Smanicato Zeus \u00e8 realizzato con il textile polynylon fiber. Iscriviti alla nostra newsletter e ricevi il 10% di sconto sul tuo prossimo acquisto.","twitter_image":"https:\/\/thefootballsquare.com\/wp-content\/uploads\/2023\/03\/1029_232_smanicato-rodi.jpg","twitter_misc":{"Estimated reading time":"2 minutes"},"schema":{"@context":"https:\/\/schema.org","@graph":[{"@type":"WebPage","@id":"https:\/\/thefootballsquare.com\/smanicato-rodi\/","url":"https:\/\/thefootballsquare.com\/smanicato-rodi\/","name":"Smanicato Zeus - La potenza dello stile e della comodit\u00e0","isPartOf":{"@id":"https:\/\/thefootballsquare.com\/#website"},"primaryImageOfPage":{"@id":"https:\/\/thefootballsquare.com\/smanicato-rodi\/#primaryimage"},"image":{"@id":"https:\/\/thefootballsquare.com\/smanicato-rodi\/#primaryimage"},"thumbnailUrl":"https:\/\/thefootballsquare.com\/wp-content\/uploads\/2023\/03\/1029_232_smanicato-rodi.jpg","datePublished":"2023-03-06T13:05:19+00:00","dateModified":"2025-03-25T16:51:52+00:00","description":"Il nostro Smanicato Zeus \u00e8 realizzato con il textile polynylon fiber. Iscriviti alla nostra newsletter e ricevi il 10% di sconto sul tuo prossimo acquisto.","breadcrumb":{"@id":"https:\/\/thefootballsquare.com\/smanicato-rodi\/#breadcrumb"},"inLanguage":"en-GB","potentialAction":[{"@type":"ReadAction","target":["https:\/\/thefootballsquare.com\/smanicato-rodi\/"]}]},{"@type":"ImageObject","inLanguage":"en-GB","@id":"https:\/\/thefootballsquare.com\/smanicato-rodi\/#primaryimage","url":"https:\/\/thefootballsquare.com\/wp-content\/uploads\/2023\/03\/1029_232_smanicato-rodi.jpg","contentUrl":"https:\/\/thefootballsquare.com\/wp-content\/uploads\/2023\/03\/1029_232_smanicato-rodi.jpg","width":700,"height":782,"caption":"smanicato rodi nero giallo fluo con cappuccio e zip tasche loghi stampati vestibilit\u00e0 standard fit textile polynylon fiber 100% poliestere"},{"@type":"BreadcrumbList","@id":"https:\/\/thefootballsquare.com\/smanicato-rodi\/#breadcrumb","itemListElement":[{"@type":"ListItem","position":1,"name":"Home","item":"https:\/\/thefootballsquare.com\/"},{"@type":"ListItem","position":2,"name":"Smanicato Rodi Zeus"}]},{"@type":"WebSite","@id":"https:\/\/thefootballsquare.com\/#website","url":"https:\/\/thefootballsquare.com\/","name":"thefootballsquare.com","description":"","publisher":{"@id":"https:\/\/thefootballsquare.com\/#organization"},"potentialAction":[{"@type":"SearchAction","target":{"@type":"EntryPoint","urlTemplate":"https:\/\/thefootballsquare.com\/?s={search_term_string}"},"query-input":"required name=search_term_string"}],"inLanguage":"en-GB"},{"@type":"Organization","@id":"https:\/\/thefootballsquare.com\/#organization","name":"thefootballsquare.com","url":"https:\/\/thefootballsquare.com\/","logo":{"@type":"ImageObject","inLanguage":"en-GB","@id":"https:\/\/thefootballsquare.com\/#\/schema\/logo\/image\/","url":"https:\/\/thefootballsquare.com\/wp-content\/uploads\/2023\/02\/logo_TheFootbalSquare_bianco@4x.png","contentUrl":"https:\/\/thefootballsquare.com\/wp-content\/uploads\/2023\/02\/logo_TheFootbalSquare_bianco@4x.png","width":581,"height":477,"caption":"thefootballsquare.com"},"image":{"@id":"https:\/\/thefootballsquare.com\/#\/schema\/logo\/image\/"}}]}},"_links":{"self":[{"href":"https:\/\/thefootballsquare.com\/en\/wp-json\/wp\/v2\/product\/7015"}],"collection":[{"href":"https:\/\/thefootballsquare.com\/en\/wp-json\/wp\/v2\/product"}],"about":[{"href":"https:\/\/thefootballsquare.com\/en\/wp-json\/wp\/v2\/types\/product"}],"version-history":[{"count":1,"href":"https:\/\/thefootballsquare.com\/en\/wp-json\/wp\/v2\/product\/7015\/revisions"}],"predecessor-version":[{"id":50533,"href":"https:\/\/thefootballsquare.com\/en\/wp-json\/wp\/v2\/product\/7015\/revisions\/50533"}],"wp:featuredmedia":[{"embeddable":true,"href":"https:\/\/thefootballsquare.com\/en\/wp-json\/wp\/v2\/media\/7083"}],"wp:attachment":[{"href":"https:\/\/thefootballsquare.com\/en\/wp-json\/wp\/v2\/media?parent=7015"}],"wp:term":[{"taxonomy":"product_cat","embeddable":true,"href":"https:\/\/thefootballsquare.com\/en\/wp-json\/wp\/v2\/product_cat?post=7015"},{"taxonomy":"product_tag","embeddable":true,"href":"https:\/\/thefootballsquare.com\/en\/wp-json\/wp\/v2\/product_tag?post=7015"},{"taxonomy":"giftcard-category","embeddable":true,"href":"https:\/\/thefootballsquare.com\/en\/wp-json\/wp\/v2\/giftcard-category?post=7015"}],"curies":[{"name":"wp","href":"https:\/\/api.w.org\/{rel}","templated":true}]}}