{"id":6993,"date":"2023-03-06T13:50:50","date_gmt":"2023-03-06T12:50:50","guid":{"rendered":"https:\/\/thefootballsquare.com\/?post_type=product&#038;p=6993"},"modified":"2025-03-25T17:52:06","modified_gmt":"2025-03-25T16:52:06","slug":"giubbotto-tech-zeus","status":"publish","type":"product","link":"https:\/\/thefootballsquare.com\/en\/giubbotto-tech-zeus\/","title":{"rendered":"Giubbotto Tech Zeus"},"content":{"rendered":"<h2><strong>Giubbotto Tech Zeus &#8211; Stile e Comfort Garantito.\u00a0<\/strong><\/h2>\n<h3>\u00a0Un Mix Perfetto tra Stile Tecnologico e Funzionalit\u00e0<\/h3>\n<p>Il Giubbotto Tech Zeus \u00e8 il capo perfetto per le tue avventure all\u2019aperto, riunisce uno stile tecnologico e una funzionalit\u00e0 avanzata per offrirti il massimo comfort e protezione.\u00a0Presenta una vestibilit\u00e0 slim fit, che garantisce un look <strong>elegante<\/strong> e <strong>aggraziato<\/strong>. Questo taglio aderente esalta la tua <strong>figura<\/strong> e ti offre una libert\u00e0 di movimento ottimale. Indossa il giubbotto con fiducia, sapendo di avere un aspetto curato e alla moda mentre affronti le tue avventure all&#8217;aperto.<\/p>\n<h2>Tessuto Proair Fiber per una Performance Tecnica e una Protezione Avanzata<\/h2>\n<p>Realizzato con il <strong>tessuto Proair Fiber<\/strong>, il nostro giubbotto offre una performance tecnica e una <strong>protezione avanzata<\/strong>. Questo tessuto di alta qualit\u00e0 garantisce una resistenza alle intemperie e una traspirabilit\u00e0 ottimali, mantenendoti protetto e asciutto durante le tue attivit\u00e0 all&#8217;aperto. Affronta qualsiasi condizione climatica con stile e comfort grazie al tessuto Proair Fiber.\u00a0Inoltre i \u00a0loghi stampati sul giubbotto aggiungono uno stile distintivo e tecnologico al capo, i loghi conferiscono un tocco di modernit\u00e0 e originalit\u00e0 al tuo look.<\/p>\n<h2>Design Minimalista e Funzionale<\/h2>\n<p>Le tasche senza zip e le tasche interne senza cerniera conferiscono al giubbotto un design <strong>minimalista<\/strong> e <strong>funzionale<\/strong>. Conserva i tuoi piccoli oggetti personali in modo <strong>sicuro<\/strong> e discreto. Avrai tutto ci\u00f2 di cui hai bisogno a portata di mano senza compromettere lo <strong>stile<\/strong> e la <strong>praticit\u00e0<\/strong>.<\/p>\n<h2>Iscriviti alla newsletter e avrai il 10% di sconto<\/h2>\n<p>Acquista il Giubbotto Tech Zeus,\u00a0Un Mix Perfetto tra Stile Tecnologico e Funzionalit\u00e0.<\/p>\n<p>Iscrivendoti alla nostra newsletter, potrai avere il 10% di sconto sul tuo primo acquisto e rimanere sempre aggiornato sulle nostre promozioni e offerte speciali. Seguici anche sulle nostre pagine Facebook e Instagram per scoprire le ultime novit\u00e0 e trendy della moda.<\/p>\n<p>Non perdere l\u2019opportunit\u00e0 di essere sempre alla moda e al passo con le ultime tendenze!<\/p>","protected":false},"excerpt":{"rendered":"<p><strong>Ordine minimo 5 pezzi<\/strong><\/p>\n<p><strong>Caratteristiche:<\/strong><\/p>\n<ul>\n<li>\u00a0Giubbotto softshell lungo con loghi stampati<\/li>\n<li>Tasche senza zip<\/li>\n<li>2 tasche interne senza cerniera<\/li>\n<li><span class=\"title_red\">Vestibilit\u00e0<\/span>\u00a0Slim Fit<\/li>\n<li><span class=\"title_red\">Textile proair fiber<\/span><\/li>\n<li>100% Poliestere<\/li>\n<\/ul>","protected":false},"featured_media":7009,"template":"","meta":{"_glsr_average":0,"_glsr_ranking":0,"_glsr_reviews":0},"product_cat":[447,450,375,396],"product_tag":[],"giftcard-category":[],"yoast_head":"<!-- This site is optimized with the Yoast SEO plugin v22.3 - https:\/\/yoast.com\/wordpress\/plugins\/seo\/ -->\n<title>Giubbotto Tech Zeus<\/title>\n<meta name=\"description\" content=\"Acquista il Giubbotto Tech Zeus,\u00a0Un Mix Perfetto tra Stile Tecnologico e Funzionalit\u00e0. Iscriviti alla newsletter e avrai il 10% di sconto\" \/>\n<meta name=\"robots\" content=\"index, follow, max-snippet:-1, max-image-preview:large, max-video-preview:-1\" \/>\n<link rel=\"canonical\" href=\"https:\/\/thefootballsquare.com\/en\/giubbotto-tech-zeus\/\" \/>\n<meta property=\"og:locale\" content=\"en_GB\" \/>\n<meta property=\"og:type\" content=\"article\" \/>\n<meta property=\"og:title\" content=\"Giubbotto Tech Zeus\" \/>\n<meta property=\"og:description\" content=\"Acquista il Giubbotto Tech Zeus,\u00a0Un Mix Perfetto tra Stile Tecnologico e Funzionalit\u00e0. Iscriviti alla newsletter e avrai il 10% di sconto\" \/>\n<meta property=\"og:url\" content=\"https:\/\/thefootballsquare.com\/en\/giubbotto-tech-zeus\/\" \/>\n<meta property=\"og:site_name\" content=\"thefootballsquare.com\" \/>\n<meta property=\"article:modified_time\" content=\"2025-03-25T16:52:06+00:00\" \/>\n<meta property=\"og:image\" content=\"https:\/\/thefootballsquare.com\/wp-content\/uploads\/2023\/03\/1004_2_giubbotto-tech-new-black.jpg\" \/>\n\t<meta property=\"og:image:width\" content=\"700\" \/>\n\t<meta property=\"og:image:height\" content=\"782\" \/>\n\t<meta property=\"og:image:type\" content=\"image\/jpeg\" \/>\n<meta name=\"twitter:card\" content=\"summary_large_image\" \/>\n<meta name=\"twitter:title\" content=\"Giubbotto Tech Zeus\" \/>\n<meta name=\"twitter:description\" content=\"Acquista il Giubbotto Tech Zeus,\u00a0Un Mix Perfetto tra Stile Tecnologico e Funzionalit\u00e0. Iscriviti alla newsletter e avrai il 10% di sconto\" \/>\n<meta name=\"twitter:image\" content=\"https:\/\/thefootballsquare.com\/wp-content\/uploads\/2023\/03\/1004_2_giubbotto-tech-new-black.jpg\" \/>\n<meta name=\"twitter:label1\" content=\"Estimated reading time\" \/>\n\t<meta name=\"twitter:data1\" content=\"2 minutes\" \/>\n<script type=\"application\/ld+json\" class=\"yoast-schema-graph\">{\"@context\":\"https:\/\/schema.org\",\"@graph\":[{\"@type\":\"WebPage\",\"@id\":\"https:\/\/thefootballsquare.com\/giubbotto-tech-zeus\/\",\"url\":\"https:\/\/thefootballsquare.com\/giubbotto-tech-zeus\/\",\"name\":\"Giubbotto Tech Zeus\",\"isPartOf\":{\"@id\":\"https:\/\/thefootballsquare.com\/#website\"},\"primaryImageOfPage\":{\"@id\":\"https:\/\/thefootballsquare.com\/giubbotto-tech-zeus\/#primaryimage\"},\"image\":{\"@id\":\"https:\/\/thefootballsquare.com\/giubbotto-tech-zeus\/#primaryimage\"},\"thumbnailUrl\":\"https:\/\/thefootballsquare.com\/wp-content\/uploads\/2023\/03\/1004_2_giubbotto-tech-new-black.jpg\",\"datePublished\":\"2023-03-06T12:50:50+00:00\",\"dateModified\":\"2025-03-25T16:52:06+00:00\",\"description\":\"Acquista il Giubbotto Tech Zeus,\u00a0Un Mix Perfetto tra Stile Tecnologico e Funzionalit\u00e0. Iscriviti alla newsletter e avrai il 10% di sconto\",\"breadcrumb\":{\"@id\":\"https:\/\/thefootballsquare.com\/giubbotto-tech-zeus\/#breadcrumb\"},\"inLanguage\":\"en-GB\",\"potentialAction\":[{\"@type\":\"ReadAction\",\"target\":[\"https:\/\/thefootballsquare.com\/giubbotto-tech-zeus\/\"]}]},{\"@type\":\"ImageObject\",\"inLanguage\":\"en-GB\",\"@id\":\"https:\/\/thefootballsquare.com\/giubbotto-tech-zeus\/#primaryimage\",\"url\":\"https:\/\/thefootballsquare.com\/wp-content\/uploads\/2023\/03\/1004_2_giubbotto-tech-new-black.jpg\",\"contentUrl\":\"https:\/\/thefootballsquare.com\/wp-content\/uploads\/2023\/03\/1004_2_giubbotto-tech-new-black.jpg\",\"width\":700,\"height\":782,\"caption\":\"giubbotto tech zeus nero tinta unita giubbotto lungo con zip e cappuccio loghi stampati tasche senza zip 2 tasche interne senza cerniera vestibilit\u00e0 Slim Fit textile proair fiber 100% poliestere\"},{\"@type\":\"BreadcrumbList\",\"@id\":\"https:\/\/thefootballsquare.com\/giubbotto-tech-zeus\/#breadcrumb\",\"itemListElement\":[{\"@type\":\"ListItem\",\"position\":1,\"name\":\"Home\",\"item\":\"https:\/\/thefootballsquare.com\/\"},{\"@type\":\"ListItem\",\"position\":2,\"name\":\"Giubbotto Tech Zeus\"}]},{\"@type\":\"WebSite\",\"@id\":\"https:\/\/thefootballsquare.com\/#website\",\"url\":\"https:\/\/thefootballsquare.com\/\",\"name\":\"thefootballsquare.com\",\"description\":\"\",\"publisher\":{\"@id\":\"https:\/\/thefootballsquare.com\/#organization\"},\"potentialAction\":[{\"@type\":\"SearchAction\",\"target\":{\"@type\":\"EntryPoint\",\"urlTemplate\":\"https:\/\/thefootballsquare.com\/?s={search_term_string}\"},\"query-input\":\"required name=search_term_string\"}],\"inLanguage\":\"en-GB\"},{\"@type\":\"Organization\",\"@id\":\"https:\/\/thefootballsquare.com\/#organization\",\"name\":\"thefootballsquare.com\",\"url\":\"https:\/\/thefootballsquare.com\/\",\"logo\":{\"@type\":\"ImageObject\",\"inLanguage\":\"en-GB\",\"@id\":\"https:\/\/thefootballsquare.com\/#\/schema\/logo\/image\/\",\"url\":\"https:\/\/thefootballsquare.com\/wp-content\/uploads\/2023\/02\/logo_TheFootbalSquare_bianco@4x.png\",\"contentUrl\":\"https:\/\/thefootballsquare.com\/wp-content\/uploads\/2023\/02\/logo_TheFootbalSquare_bianco@4x.png\",\"width\":581,\"height\":477,\"caption\":\"thefootballsquare.com\"},\"image\":{\"@id\":\"https:\/\/thefootballsquare.com\/#\/schema\/logo\/image\/\"}}]}<\/script>\n<!-- \/ Yoast SEO plugin. -->","yoast_head_json":{"title":"Giubbotto Tech Zeus","description":"Acquista il Giubbotto Tech Zeus,\u00a0Un Mix Perfetto tra Stile Tecnologico e Funzionalit\u00e0. Iscriviti alla newsletter e avrai il 10% di sconto","robots":{"index":"index","follow":"follow","max-snippet":"max-snippet:-1","max-image-preview":"max-image-preview:large","max-video-preview":"max-video-preview:-1"},"canonical":"https:\/\/thefootballsquare.com\/en\/giubbotto-tech-zeus\/","og_locale":"en_GB","og_type":"article","og_title":"Giubbotto Tech Zeus","og_description":"Acquista il Giubbotto Tech Zeus,\u00a0Un Mix Perfetto tra Stile Tecnologico e Funzionalit\u00e0. Iscriviti alla newsletter e avrai il 10% di sconto","og_url":"https:\/\/thefootballsquare.com\/en\/giubbotto-tech-zeus\/","og_site_name":"thefootballsquare.com","article_modified_time":"2025-03-25T16:52:06+00:00","og_image":[{"width":700,"height":782,"url":"https:\/\/thefootballsquare.com\/wp-content\/uploads\/2023\/03\/1004_2_giubbotto-tech-new-black.jpg","type":"image\/jpeg"}],"twitter_card":"summary_large_image","twitter_title":"Giubbotto Tech Zeus","twitter_description":"Acquista il Giubbotto Tech Zeus,\u00a0Un Mix Perfetto tra Stile Tecnologico e Funzionalit\u00e0. Iscriviti alla newsletter e avrai il 10% di sconto","twitter_image":"https:\/\/thefootballsquare.com\/wp-content\/uploads\/2023\/03\/1004_2_giubbotto-tech-new-black.jpg","twitter_misc":{"Estimated reading time":"2 minutes"},"schema":{"@context":"https:\/\/schema.org","@graph":[{"@type":"WebPage","@id":"https:\/\/thefootballsquare.com\/giubbotto-tech-zeus\/","url":"https:\/\/thefootballsquare.com\/giubbotto-tech-zeus\/","name":"Giubbotto Tech Zeus","isPartOf":{"@id":"https:\/\/thefootballsquare.com\/#website"},"primaryImageOfPage":{"@id":"https:\/\/thefootballsquare.com\/giubbotto-tech-zeus\/#primaryimage"},"image":{"@id":"https:\/\/thefootballsquare.com\/giubbotto-tech-zeus\/#primaryimage"},"thumbnailUrl":"https:\/\/thefootballsquare.com\/wp-content\/uploads\/2023\/03\/1004_2_giubbotto-tech-new-black.jpg","datePublished":"2023-03-06T12:50:50+00:00","dateModified":"2025-03-25T16:52:06+00:00","description":"Acquista il Giubbotto Tech Zeus,\u00a0Un Mix Perfetto tra Stile Tecnologico e Funzionalit\u00e0. Iscriviti alla newsletter e avrai il 10% di sconto","breadcrumb":{"@id":"https:\/\/thefootballsquare.com\/giubbotto-tech-zeus\/#breadcrumb"},"inLanguage":"en-GB","potentialAction":[{"@type":"ReadAction","target":["https:\/\/thefootballsquare.com\/giubbotto-tech-zeus\/"]}]},{"@type":"ImageObject","inLanguage":"en-GB","@id":"https:\/\/thefootballsquare.com\/giubbotto-tech-zeus\/#primaryimage","url":"https:\/\/thefootballsquare.com\/wp-content\/uploads\/2023\/03\/1004_2_giubbotto-tech-new-black.jpg","contentUrl":"https:\/\/thefootballsquare.com\/wp-content\/uploads\/2023\/03\/1004_2_giubbotto-tech-new-black.jpg","width":700,"height":782,"caption":"giubbotto tech zeus nero tinta unita giubbotto lungo con zip e cappuccio loghi stampati tasche senza zip 2 tasche interne senza cerniera vestibilit\u00e0 Slim Fit textile proair fiber 100% poliestere"},{"@type":"BreadcrumbList","@id":"https:\/\/thefootballsquare.com\/giubbotto-tech-zeus\/#breadcrumb","itemListElement":[{"@type":"ListItem","position":1,"name":"Home","item":"https:\/\/thefootballsquare.com\/"},{"@type":"ListItem","position":2,"name":"Giubbotto Tech Zeus"}]},{"@type":"WebSite","@id":"https:\/\/thefootballsquare.com\/#website","url":"https:\/\/thefootballsquare.com\/","name":"thefootballsquare.com","description":"","publisher":{"@id":"https:\/\/thefootballsquare.com\/#organization"},"potentialAction":[{"@type":"SearchAction","target":{"@type":"EntryPoint","urlTemplate":"https:\/\/thefootballsquare.com\/?s={search_term_string}"},"query-input":"required name=search_term_string"}],"inLanguage":"en-GB"},{"@type":"Organization","@id":"https:\/\/thefootballsquare.com\/#organization","name":"thefootballsquare.com","url":"https:\/\/thefootballsquare.com\/","logo":{"@type":"ImageObject","inLanguage":"en-GB","@id":"https:\/\/thefootballsquare.com\/#\/schema\/logo\/image\/","url":"https:\/\/thefootballsquare.com\/wp-content\/uploads\/2023\/02\/logo_TheFootbalSquare_bianco@4x.png","contentUrl":"https:\/\/thefootballsquare.com\/wp-content\/uploads\/2023\/02\/logo_TheFootbalSquare_bianco@4x.png","width":581,"height":477,"caption":"thefootballsquare.com"},"image":{"@id":"https:\/\/thefootballsquare.com\/#\/schema\/logo\/image\/"}}]}},"_links":{"self":[{"href":"https:\/\/thefootballsquare.com\/en\/wp-json\/wp\/v2\/product\/6993"}],"collection":[{"href":"https:\/\/thefootballsquare.com\/en\/wp-json\/wp\/v2\/product"}],"about":[{"href":"https:\/\/thefootballsquare.com\/en\/wp-json\/wp\/v2\/types\/product"}],"version-history":[{"count":1,"href":"https:\/\/thefootballsquare.com\/en\/wp-json\/wp\/v2\/product\/6993\/revisions"}],"predecessor-version":[{"id":46366,"href":"https:\/\/thefootballsquare.com\/en\/wp-json\/wp\/v2\/product\/6993\/revisions\/46366"}],"wp:featuredmedia":[{"embeddable":true,"href":"https:\/\/thefootballsquare.com\/en\/wp-json\/wp\/v2\/media\/7009"}],"wp:attachment":[{"href":"https:\/\/thefootballsquare.com\/en\/wp-json\/wp\/v2\/media?parent=6993"}],"wp:term":[{"taxonomy":"product_cat","embeddable":true,"href":"https:\/\/thefootballsquare.com\/en\/wp-json\/wp\/v2\/product_cat?post=6993"},{"taxonomy":"product_tag","embeddable":true,"href":"https:\/\/thefootballsquare.com\/en\/wp-json\/wp\/v2\/product_tag?post=6993"},{"taxonomy":"giftcard-category","embeddable":true,"href":"https:\/\/thefootballsquare.com\/en\/wp-json\/wp\/v2\/giftcard-category?post=6993"}],"curies":[{"name":"wp","href":"https:\/\/api.w.org\/{rel}","templated":true}]}}