{"id":6960,"date":"2023-03-06T12:56:07","date_gmt":"2023-03-06T11:56:07","guid":{"rendered":"https:\/\/thefootballsquare.com\/?post_type=product&#038;p=6960"},"modified":"2025-03-25T17:52:11","modified_gmt":"2025-03-25T16:52:11","slug":"borsa-giulya","status":"publish","type":"product","link":"https:\/\/thefootballsquare.com\/en\/borsa-giulya\/","title":{"rendered":"Zeus Borsa Giulya"},"content":{"rendered":"<div class=\"flex flex-grow flex-col gap-3\">\n<div class=\"min-h-[20px] flex flex-col items-start gap-4 whitespace-pre-wrap break-words\">\n<h1 class=\"markdown prose w-full break-words dark:prose-invert light\">Borsa Giulya Zeus: Il Compagno Perfetto per il Tuo Stile Unico<\/h1>\n<h2 class=\"markdown prose w-full break-words dark:prose-invert light\">Rendi i Tuoi Outfit Indimenticabili con la Borsa Giulya Zeus<\/h2>\n<div class=\"markdown prose w-full break-words dark:prose-invert light\"><span style=\"font-size: 16px\">La Borsa Giulya Zeus\u00a0\u00e8 un vero capolavoro di stile e funzionalit\u00e0. Con le sue misure di 46x24x24 cm, questa borsa offre ampio spazio per tutti i tuoi oggetti essenziali, senza compromettere il tuo stile impeccabile.\u00a0<\/span><span style=\"font-size: medium\">Realizzata al 100% in poliestere di <strong>alta<\/strong> <strong>qualit\u00e0<\/strong>, i<\/span><span style=\"font-size: medium\">l tessuto premium garantisce che la tua borsa rimanga in perfette <strong>condizioni<\/strong> per molto tempo, mantenendo il suo aspetto inconfondibile.<\/span><\/div>\n<h3 class=\"markdown prose w-full break-words dark:prose-invert light\">Stile inconfondibile e versatilit\u00e0 senza paragoni<\/h3>\n<div class=\"markdown prose w-full break-words dark:prose-invert light\">\n<p>La borsa si distingue per il suo design unico e originale, i dettagli curati con attenzione e l&#8217;attenzione ai particolari ti faranno risaltare dalla folla. Grazie alla sua versatilit\u00e0, questa borsa pu\u00f2 essere indossata con qualsiasi look, dagli abiti eleganti ai jeans casual. \u00c8 il compagno perfetto per qualsiasi occasione, rendendo ogni outfit indimenticabile.<\/p>\n<p>Questa borsa \u00e8 stata creata con la massima cura e attenzione per offrirti un prodotto di qualit\u00e0 superiore. Siamo sicuri che ti innamorerai fin dal primo istante in cui la avrai tra le mani. La sua resistenza, funzionalit\u00e0 e stile senza tempo renderanno ogni momento speciale.<\/p>\n<p>Iscrivendoti alla nostra newsletter, potrai avere il <strong>10% di sconto sul tuo primo acquisto<\/strong> e restare sempre aggiornato sulle<strong><a href=\"https:\/\/thefootballsquare.com\/en\/product-category\/donna\/accessori-donna\/borse-e-borsoni-accessori-donna\/\" target=\"_blank\" rel=\"noopener\"> nostre offerte e promozioni<\/a><\/strong>. Affrettati e acquista la BORSA Giulya Zeus oggi stesso per completare il tuo look con uno stile che ti distingue. Seguici anche sulle nostre pagine <a href=\"https:\/\/www.facebook.com\/profile.php?id=100091327552627\" target=\"_blank\" rel=\"noopener\">Facebook<\/a> e <a href=\"https:\/\/instagram.com\/thefootballsquare_official?igshid=MzRlODBiNWFlZA==\" target=\"_blank\" rel=\"noopener\">Instagram<\/a> per non perdere nemmeno un aggiornamento. Non lasciare che questa occasione speciale ti sfugga: la BORSA Giulya Zeus \u00e8 ci\u00f2 che manca al tuo guardaroba!<\/p>\n<\/div>\n<\/div>\n<\/div>\n<div class=\"flex justify-between lg:block\">\n<div class=\"text-gray-400 flex self-end lg:self-center justify-center mt-2 gap-2 md:gap-3 lg:gap-1 lg:absolute lg:top-0 lg:translate-x-full lg:right-0 lg:mt-0 lg:pl-2 visible\">\n<p>&nbsp;<\/p>\n<div class=\"flex gap-1\"><\/div>\n<\/div>\n<\/div>","protected":false},"excerpt":{"rendered":"<p><strong>Ordine minimo 5 pezzi<\/strong><\/p>\n<p><strong>Caratteristiche:<\/strong><\/p>\n<ul>\n<li><span class=\"title_red\">Misure<\/span>\u00a046x24x24 cm<\/li>\n<li>100% Poliestere<\/li>\n<\/ul>","protected":false},"featured_media":17590,"template":"","meta":{"_glsr_average":0,"_glsr_ranking":0,"_glsr_reviews":0},"product_cat":[447,450,375,431,24,441,27,487],"product_tag":[],"giftcard-category":[],"yoast_head":"<!-- This site is optimized with the Yoast SEO plugin v22.3 - https:\/\/yoast.com\/wordpress\/plugins\/seo\/ -->\n<title>BORSA Giulya Zeus: Stile, Eleganza e Funzionalit\u00e0<\/title>\n<meta name=\"description\" content=\"Scopri la BORSA Giulya Zeus, l&#039;accessorio perfetto per completare i tuoi outfit. Realizzata in poliestere di alta qualit\u00e0\" \/>\n<meta name=\"robots\" content=\"index, follow, max-snippet:-1, max-image-preview:large, max-video-preview:-1\" \/>\n<link rel=\"canonical\" href=\"https:\/\/thefootballsquare.com\/en\/borsa-giulya\/\" \/>\n<meta property=\"og:locale\" content=\"en_GB\" \/>\n<meta property=\"og:type\" content=\"article\" \/>\n<meta property=\"og:title\" content=\"BORSA Giulya Zeus: Stile, Eleganza e Funzionalit\u00e0\" \/>\n<meta property=\"og:description\" content=\"Scopri la BORSA Giulya Zeus, l&#039;accessorio perfetto per completare i tuoi outfit. Realizzata in poliestere di alta qualit\u00e0\" \/>\n<meta property=\"og:url\" content=\"https:\/\/thefootballsquare.com\/en\/borsa-giulya\/\" \/>\n<meta property=\"og:site_name\" content=\"thefootballsquare.com\" \/>\n<meta property=\"article:modified_time\" content=\"2025-03-25T16:52:11+00:00\" \/>\n<meta property=\"og:image\" content=\"https:\/\/thefootballsquare.com\/wp-content\/uploads\/2023\/03\/Borsa-Giulya-Nera.jpg\" \/>\n\t<meta property=\"og:image:width\" content=\"700\" \/>\n\t<meta property=\"og:image:height\" content=\"782\" \/>\n\t<meta property=\"og:image:type\" content=\"image\/jpeg\" \/>\n<meta name=\"twitter:card\" content=\"summary_large_image\" \/>\n<meta name=\"twitter:title\" content=\"BORSA Giulya Zeus: Stile, Eleganza e Funzionalit\u00e0\" \/>\n<meta name=\"twitter:description\" content=\"Scopri la BORSA Giulya Zeus, l&#039;accessorio perfetto per completare i tuoi outfit. Realizzata in poliestere di alta qualit\u00e0\" \/>\n<meta name=\"twitter:image\" content=\"https:\/\/thefootballsquare.com\/wp-content\/uploads\/2023\/03\/Borsa-Giulya-Nera.jpg\" \/>\n<meta name=\"twitter:label1\" content=\"Estimated reading time\" \/>\n\t<meta name=\"twitter:data1\" content=\"2 minutes\" \/>\n<script type=\"application\/ld+json\" class=\"yoast-schema-graph\">{\"@context\":\"https:\/\/schema.org\",\"@graph\":[{\"@type\":\"WebPage\",\"@id\":\"https:\/\/thefootballsquare.com\/borsa-giulya\/\",\"url\":\"https:\/\/thefootballsquare.com\/borsa-giulya\/\",\"name\":\"BORSA Giulya Zeus: Stile, Eleganza e Funzionalit\u00e0\",\"isPartOf\":{\"@id\":\"https:\/\/thefootballsquare.com\/#website\"},\"primaryImageOfPage\":{\"@id\":\"https:\/\/thefootballsquare.com\/borsa-giulya\/#primaryimage\"},\"image\":{\"@id\":\"https:\/\/thefootballsquare.com\/borsa-giulya\/#primaryimage\"},\"thumbnailUrl\":\"https:\/\/thefootballsquare.com\/wp-content\/uploads\/2023\/03\/Borsa-Giulya-Nera.jpg\",\"datePublished\":\"2023-03-06T11:56:07+00:00\",\"dateModified\":\"2025-03-25T16:52:11+00:00\",\"description\":\"Scopri la BORSA Giulya Zeus, l'accessorio perfetto per completare i tuoi outfit. Realizzata in poliestere di alta qualit\u00e0\",\"breadcrumb\":{\"@id\":\"https:\/\/thefootballsquare.com\/borsa-giulya\/#breadcrumb\"},\"inLanguage\":\"en-GB\",\"potentialAction\":[{\"@type\":\"ReadAction\",\"target\":[\"https:\/\/thefootballsquare.com\/borsa-giulya\/\"]}]},{\"@type\":\"ImageObject\",\"inLanguage\":\"en-GB\",\"@id\":\"https:\/\/thefootballsquare.com\/borsa-giulya\/#primaryimage\",\"url\":\"https:\/\/thefootballsquare.com\/wp-content\/uploads\/2023\/03\/Borsa-Giulya-Nera.jpg\",\"contentUrl\":\"https:\/\/thefootballsquare.com\/wp-content\/uploads\/2023\/03\/Borsa-Giulya-Nera.jpg\",\"width\":700,\"height\":782,\"caption\":\"borsa giulya zeus nero logo cucito gommato maniglie e tracolla tasche frontali con zip misure 46x24x24 cm 100% poliestere\"},{\"@type\":\"BreadcrumbList\",\"@id\":\"https:\/\/thefootballsquare.com\/borsa-giulya\/#breadcrumb\",\"itemListElement\":[{\"@type\":\"ListItem\",\"position\":1,\"name\":\"Home\",\"item\":\"https:\/\/thefootballsquare.com\/\"},{\"@type\":\"ListItem\",\"position\":2,\"name\":\"Zeus Borsa Giulya\"}]},{\"@type\":\"WebSite\",\"@id\":\"https:\/\/thefootballsquare.com\/#website\",\"url\":\"https:\/\/thefootballsquare.com\/\",\"name\":\"thefootballsquare.com\",\"description\":\"\",\"publisher\":{\"@id\":\"https:\/\/thefootballsquare.com\/#organization\"},\"potentialAction\":[{\"@type\":\"SearchAction\",\"target\":{\"@type\":\"EntryPoint\",\"urlTemplate\":\"https:\/\/thefootballsquare.com\/?s={search_term_string}\"},\"query-input\":\"required name=search_term_string\"}],\"inLanguage\":\"en-GB\"},{\"@type\":\"Organization\",\"@id\":\"https:\/\/thefootballsquare.com\/#organization\",\"name\":\"thefootballsquare.com\",\"url\":\"https:\/\/thefootballsquare.com\/\",\"logo\":{\"@type\":\"ImageObject\",\"inLanguage\":\"en-GB\",\"@id\":\"https:\/\/thefootballsquare.com\/#\/schema\/logo\/image\/\",\"url\":\"https:\/\/thefootballsquare.com\/wp-content\/uploads\/2023\/02\/logo_TheFootbalSquare_bianco@4x.png\",\"contentUrl\":\"https:\/\/thefootballsquare.com\/wp-content\/uploads\/2023\/02\/logo_TheFootbalSquare_bianco@4x.png\",\"width\":581,\"height\":477,\"caption\":\"thefootballsquare.com\"},\"image\":{\"@id\":\"https:\/\/thefootballsquare.com\/#\/schema\/logo\/image\/\"}}]}<\/script>\n<!-- \/ Yoast SEO plugin. -->","yoast_head_json":{"title":"BORSA Giulya Zeus: Stile, Eleganza e Funzionalit\u00e0","description":"Scopri la BORSA Giulya Zeus, l'accessorio perfetto per completare i tuoi outfit. Realizzata in poliestere di alta qualit\u00e0","robots":{"index":"index","follow":"follow","max-snippet":"max-snippet:-1","max-image-preview":"max-image-preview:large","max-video-preview":"max-video-preview:-1"},"canonical":"https:\/\/thefootballsquare.com\/en\/borsa-giulya\/","og_locale":"en_GB","og_type":"article","og_title":"BORSA Giulya Zeus: Stile, Eleganza e Funzionalit\u00e0","og_description":"Scopri la BORSA Giulya Zeus, l'accessorio perfetto per completare i tuoi outfit. Realizzata in poliestere di alta qualit\u00e0","og_url":"https:\/\/thefootballsquare.com\/en\/borsa-giulya\/","og_site_name":"thefootballsquare.com","article_modified_time":"2025-03-25T16:52:11+00:00","og_image":[{"width":700,"height":782,"url":"https:\/\/thefootballsquare.com\/wp-content\/uploads\/2023\/03\/Borsa-Giulya-Nera.jpg","type":"image\/jpeg"}],"twitter_card":"summary_large_image","twitter_title":"BORSA Giulya Zeus: Stile, Eleganza e Funzionalit\u00e0","twitter_description":"Scopri la BORSA Giulya Zeus, l'accessorio perfetto per completare i tuoi outfit. Realizzata in poliestere di alta qualit\u00e0","twitter_image":"https:\/\/thefootballsquare.com\/wp-content\/uploads\/2023\/03\/Borsa-Giulya-Nera.jpg","twitter_misc":{"Estimated reading time":"2 minutes"},"schema":{"@context":"https:\/\/schema.org","@graph":[{"@type":"WebPage","@id":"https:\/\/thefootballsquare.com\/borsa-giulya\/","url":"https:\/\/thefootballsquare.com\/borsa-giulya\/","name":"BORSA Giulya Zeus: Stile, Eleganza e Funzionalit\u00e0","isPartOf":{"@id":"https:\/\/thefootballsquare.com\/#website"},"primaryImageOfPage":{"@id":"https:\/\/thefootballsquare.com\/borsa-giulya\/#primaryimage"},"image":{"@id":"https:\/\/thefootballsquare.com\/borsa-giulya\/#primaryimage"},"thumbnailUrl":"https:\/\/thefootballsquare.com\/wp-content\/uploads\/2023\/03\/Borsa-Giulya-Nera.jpg","datePublished":"2023-03-06T11:56:07+00:00","dateModified":"2025-03-25T16:52:11+00:00","description":"Scopri la BORSA Giulya Zeus, l'accessorio perfetto per completare i tuoi outfit. Realizzata in poliestere di alta qualit\u00e0","breadcrumb":{"@id":"https:\/\/thefootballsquare.com\/borsa-giulya\/#breadcrumb"},"inLanguage":"en-GB","potentialAction":[{"@type":"ReadAction","target":["https:\/\/thefootballsquare.com\/borsa-giulya\/"]}]},{"@type":"ImageObject","inLanguage":"en-GB","@id":"https:\/\/thefootballsquare.com\/borsa-giulya\/#primaryimage","url":"https:\/\/thefootballsquare.com\/wp-content\/uploads\/2023\/03\/Borsa-Giulya-Nera.jpg","contentUrl":"https:\/\/thefootballsquare.com\/wp-content\/uploads\/2023\/03\/Borsa-Giulya-Nera.jpg","width":700,"height":782,"caption":"borsa giulya zeus nero logo cucito gommato maniglie e tracolla tasche frontali con zip misure 46x24x24 cm 100% poliestere"},{"@type":"BreadcrumbList","@id":"https:\/\/thefootballsquare.com\/borsa-giulya\/#breadcrumb","itemListElement":[{"@type":"ListItem","position":1,"name":"Home","item":"https:\/\/thefootballsquare.com\/"},{"@type":"ListItem","position":2,"name":"Zeus Borsa Giulya"}]},{"@type":"WebSite","@id":"https:\/\/thefootballsquare.com\/#website","url":"https:\/\/thefootballsquare.com\/","name":"thefootballsquare.com","description":"","publisher":{"@id":"https:\/\/thefootballsquare.com\/#organization"},"potentialAction":[{"@type":"SearchAction","target":{"@type":"EntryPoint","urlTemplate":"https:\/\/thefootballsquare.com\/?s={search_term_string}"},"query-input":"required name=search_term_string"}],"inLanguage":"en-GB"},{"@type":"Organization","@id":"https:\/\/thefootballsquare.com\/#organization","name":"thefootballsquare.com","url":"https:\/\/thefootballsquare.com\/","logo":{"@type":"ImageObject","inLanguage":"en-GB","@id":"https:\/\/thefootballsquare.com\/#\/schema\/logo\/image\/","url":"https:\/\/thefootballsquare.com\/wp-content\/uploads\/2023\/02\/logo_TheFootbalSquare_bianco@4x.png","contentUrl":"https:\/\/thefootballsquare.com\/wp-content\/uploads\/2023\/02\/logo_TheFootbalSquare_bianco@4x.png","width":581,"height":477,"caption":"thefootballsquare.com"},"image":{"@id":"https:\/\/thefootballsquare.com\/#\/schema\/logo\/image\/"}}]}},"_links":{"self":[{"href":"https:\/\/thefootballsquare.com\/en\/wp-json\/wp\/v2\/product\/6960"}],"collection":[{"href":"https:\/\/thefootballsquare.com\/en\/wp-json\/wp\/v2\/product"}],"about":[{"href":"https:\/\/thefootballsquare.com\/en\/wp-json\/wp\/v2\/types\/product"}],"version-history":[{"count":2,"href":"https:\/\/thefootballsquare.com\/en\/wp-json\/wp\/v2\/product\/6960\/revisions"}],"predecessor-version":[{"id":50536,"href":"https:\/\/thefootballsquare.com\/en\/wp-json\/wp\/v2\/product\/6960\/revisions\/50536"}],"wp:featuredmedia":[{"embeddable":true,"href":"https:\/\/thefootballsquare.com\/en\/wp-json\/wp\/v2\/media\/17590"}],"wp:attachment":[{"href":"https:\/\/thefootballsquare.com\/en\/wp-json\/wp\/v2\/media?parent=6960"}],"wp:term":[{"taxonomy":"product_cat","embeddable":true,"href":"https:\/\/thefootballsquare.com\/en\/wp-json\/wp\/v2\/product_cat?post=6960"},{"taxonomy":"product_tag","embeddable":true,"href":"https:\/\/thefootballsquare.com\/en\/wp-json\/wp\/v2\/product_tag?post=6960"},{"taxonomy":"giftcard-category","embeddable":true,"href":"https:\/\/thefootballsquare.com\/en\/wp-json\/wp\/v2\/giftcard-category?post=6960"}],"curies":[{"name":"wp","href":"https:\/\/api.w.org\/{rel}","templated":true}]}}