{"id":6885,"date":"2023-03-06T12:13:41","date_gmt":"2023-03-06T11:13:41","guid":{"rendered":"https:\/\/thefootballsquare.com\/?post_type=product&#038;p=6885"},"modified":"2025-03-25T17:52:31","modified_gmt":"2025-03-25T16:52:31","slug":"borsa-gamma-zeus","status":"publish","type":"product","link":"https:\/\/thefootballsquare.com\/en\/borsa-gamma-zeus\/","title":{"rendered":"Borsa Gamma Zeus"},"content":{"rendered":"<h2>Acquista la borsa Gamma Zeus!<\/h2>\n<h2><span style=\"font-size: 16px\">La perfetta compagna per il tuo stile attivo<\/span><\/h2>\n<p><span style=\"font-size: medium\"> La Borsa Gamma Zeus\u00a0\u00e8 l&#8217;accessorio di moda che non pu\u00f2 mancare nel guardaroba di ogni amante dello sport e dell<\/span>\u2019<span style=\"font-size: medium\">avventura, con le sue misure di <\/span><span style=\"font-size: 16px\">48x50x35 cm, \u00e8 abbastanza <strong>spaziosa<\/strong> da contenere tutto ci\u00f2 di cui hai bisogno per la tua attivit\u00e0 preferita, che si tratti di una sessione in palestra, una partita di calcio con gli amici o una giornata in montagna.<\/span><\/p>\n<div class=\"group w-full text-gray-800 dark:text-gray-100 border-b border-black\/10 dark:border-gray-900\/50 bg-gray-50 dark:bg-[#444654]\">\n<div class=\"flex p-4 gap-4 text-base md:gap-6 md:max-w-2xl lg:max-w-[38rem] xl:max-w-3xl md:py-6 lg:px-0 m-auto\">\n<div class=\"relative flex w-[calc(100%-50px)] flex-col gap-1 md:gap-3 lg:w-[calc(100%-115px)]\">\n<div class=\"flex flex-grow flex-col gap-3\">\n<div class=\"min-h-[20px] flex flex-col items-start gap-4 whitespace-pre-wrap break-words\">\n<h2 class=\"markdown prose w-full break-words dark:prose-invert light\">Perch\u00e9 scegliere la Borsa Gamma Zeus\u00a0?<\/h2>\n<p>Realizzata con materiali di <strong>alta<\/strong> <strong>qualit\u00e0<\/strong>, la nostra <span style=\"font-size: 16px\"> Borsa Gamma<\/span>\u00a0\u00e8 composta al 70% da nylon e al 30% da poliestere, garantendo <strong>resistenza<\/strong> e durata nel tempo. La sua struttura robusta e ben rifinita \u00e8 pensata per sopportare le sfide quotidiane e affrontare senza problemi qualsiasi tipo di ambiente, dal campo da gioco alla citt\u00e0.<\/p>\n<p>Una delle caratteristiche <strong>distintive<\/strong> della <span style=\"font-size: 16px\"> Borsa Gamma Zeu<\/span>s \u00e8 la sua praticit\u00e0. Dotata di numerose tasche e scomparti interni, ti permette di organizzare i tuoi oggetti in modo ordinato e di avere tutto a portata di mano. Dalle scarpe agli indumenti sudati, passando per gli accessori pi\u00f9 piccoli come le chiavi e il telefono, tutto trover\u00e0 il suo posto nella nostra borsa senza problemi.<\/p>\n<p>Il design <strong>moderno<\/strong> e <strong>accattivante<\/strong> della <span style=\"font-size: 16px\"> Borsa Gamma<\/span>\u00a0ti far\u00e0 distinguere dagli altri. La sua elegante combinazione di colori e la cura dei dettagli la rendono non solo funzionale, ma anche un accessorio di moda che si abbina perfettamente a qualsiasi outfit sportivo o casual.<\/p>\n<div class=\"markdown prose w-full break-words dark:prose-invert light\">\n<h2>Iscriviti alla newsletter e avrai il 10% di sconto<\/h2>\n<p>Scopri la Borsa Gamma zeus ,\u00a0<strong>spaziosa<\/strong>, <strong>resistente<\/strong> e dal <strong>design<\/strong> accattivante!<\/p>\n<p>La Borsa Gamma \u00e8 l&#8217;ideale per coloro che vogliono coniugare stile e funzionalit\u00e0. Grazie alle sue dimensioni generose, potrai portare con te tutto ci\u00f2 di cui hai bisogno per le tue attivit\u00e0 preferite, senza rinunciare alla comodit\u00e0 e al design. La sua resistenza e durata nel tempo garantiscono un prodotto di qualit\u00e0 che ti accompagner\u00e0 per lungo tempo<\/p>\n<p>Iscrivendoti alla nostra newsletter, potrai avere il 10% di sconto sul tuo primo acquisto e rimanere sempre aggiornato sulle nostre promozioni e offerte speciali. Seguici anche sulle nostre pagine Facebook e Instagram per scoprire le ultime novit\u00e0 e trendy della moda.<\/p>\n<p>Non perdere l\u2019opportunit\u00e0 di essere sempre alla moda e al passo con le ultime tendenze!<\/p>\n<\/div>\n<\/div>\n<\/div>\n<\/div>\n<\/div>\n<\/div>","protected":false},"excerpt":{"rendered":"<p><strong>Ordine minimo 5 pezzi<\/strong><\/p>\n<p><strong>Caratteristiche:<\/strong><\/p>\n<ul>\n<li><span class=\"title_red\">Misure<\/span>\u00a048x50x35 cm<\/li>\n<li>70% Nylon 30% Poliestere<\/li>\n<\/ul>","protected":false},"featured_media":6897,"template":"","meta":{"_glsr_average":0,"_glsr_ranking":0,"_glsr_reviews":0},"product_cat":[447,450,375,431,24,441,27,487],"product_tag":[],"giftcard-category":[],"yoast_head":"<!-- This site is optimized with the Yoast SEO plugin v22.3 - https:\/\/yoast.com\/wordpress\/plugins\/seo\/ -->\n<title>Borsa Gamma zeus<\/title>\n<meta name=\"description\" content=\"Scopri la Borsa Gamma zeus! \u00a0Spaziosa, resistente e dal design accattivante . Iscriviti alla newsletter e avrai il 10% di sconto\" \/>\n<meta name=\"robots\" content=\"index, follow, max-snippet:-1, max-image-preview:large, max-video-preview:-1\" \/>\n<link rel=\"canonical\" href=\"https:\/\/thefootballsquare.com\/en\/borsa-gamma-zeus\/\" \/>\n<meta property=\"og:locale\" content=\"en_GB\" \/>\n<meta property=\"og:type\" content=\"article\" \/>\n<meta property=\"og:title\" content=\"Borsa Gamma zeus\" \/>\n<meta property=\"og:description\" content=\"Scopri la Borsa Gamma zeus! \u00a0Spaziosa, resistente e dal design accattivante . Iscriviti alla newsletter e avrai il 10% di sconto\" \/>\n<meta property=\"og:url\" content=\"https:\/\/thefootballsquare.com\/en\/borsa-gamma-zeus\/\" \/>\n<meta property=\"og:site_name\" content=\"thefootballsquare.com\" \/>\n<meta property=\"article:modified_time\" content=\"2025-03-25T16:52:31+00:00\" \/>\n<meta property=\"og:image\" content=\"https:\/\/thefootballsquare.com\/wp-content\/uploads\/2023\/03\/borsa-gamma-bl-re-1.jpg\" \/>\n\t<meta property=\"og:image:width\" content=\"350\" \/>\n\t<meta property=\"og:image:height\" content=\"391\" \/>\n\t<meta property=\"og:image:type\" content=\"image\/jpeg\" \/>\n<meta name=\"twitter:card\" content=\"summary_large_image\" \/>\n<meta name=\"twitter:title\" content=\"Borsa Gamma zeus\" \/>\n<meta name=\"twitter:description\" content=\"Scopri la Borsa Gamma zeus! \u00a0Spaziosa, resistente e dal design accattivante . Iscriviti alla newsletter e avrai il 10% di sconto\" \/>\n<meta name=\"twitter:image\" content=\"https:\/\/thefootballsquare.com\/wp-content\/uploads\/2023\/03\/borsa-gamma-bl-re-1.jpg\" \/>\n<meta name=\"twitter:label1\" content=\"Estimated reading time\" \/>\n\t<meta name=\"twitter:data1\" content=\"3 minutes\" \/>\n<script type=\"application\/ld+json\" class=\"yoast-schema-graph\">{\"@context\":\"https:\/\/schema.org\",\"@graph\":[{\"@type\":\"WebPage\",\"@id\":\"https:\/\/thefootballsquare.com\/borsa-gamma-zeus\/\",\"url\":\"https:\/\/thefootballsquare.com\/borsa-gamma-zeus\/\",\"name\":\"Borsa Gamma zeus\",\"isPartOf\":{\"@id\":\"https:\/\/thefootballsquare.com\/#website\"},\"primaryImageOfPage\":{\"@id\":\"https:\/\/thefootballsquare.com\/borsa-gamma-zeus\/#primaryimage\"},\"image\":{\"@id\":\"https:\/\/thefootballsquare.com\/borsa-gamma-zeus\/#primaryimage\"},\"thumbnailUrl\":\"https:\/\/thefootballsquare.com\/wp-content\/uploads\/2023\/03\/borsa-gamma-bl-ro.jpg\",\"datePublished\":\"2023-03-06T11:13:41+00:00\",\"dateModified\":\"2025-03-25T16:52:31+00:00\",\"description\":\"Scopri la Borsa Gamma zeus! \u00a0Spaziosa, resistente e dal design accattivante . Iscriviti alla newsletter e avrai il 10% di sconto\",\"breadcrumb\":{\"@id\":\"https:\/\/thefootballsquare.com\/borsa-gamma-zeus\/#breadcrumb\"},\"inLanguage\":\"en-GB\",\"potentialAction\":[{\"@type\":\"ReadAction\",\"target\":[\"https:\/\/thefootballsquare.com\/borsa-gamma-zeus\/\"]}]},{\"@type\":\"ImageObject\",\"inLanguage\":\"en-GB\",\"@id\":\"https:\/\/thefootballsquare.com\/borsa-gamma-zeus\/#primaryimage\",\"url\":\"https:\/\/thefootballsquare.com\/wp-content\/uploads\/2023\/03\/borsa-gamma-bl-ro.jpg\",\"contentUrl\":\"https:\/\/thefootballsquare.com\/wp-content\/uploads\/2023\/03\/borsa-gamma-bl-ro.jpg\",\"width\":350,\"height\":391,\"caption\":\"borsa gamma zeus blu royal zip tasche laterali portascarpe loghi stampati misure 48x50x35 cm 70% Nylon 30% Poliestere\"},{\"@type\":\"BreadcrumbList\",\"@id\":\"https:\/\/thefootballsquare.com\/borsa-gamma-zeus\/#breadcrumb\",\"itemListElement\":[{\"@type\":\"ListItem\",\"position\":1,\"name\":\"Home\",\"item\":\"https:\/\/thefootballsquare.com\/\"},{\"@type\":\"ListItem\",\"position\":2,\"name\":\"Borsa Gamma Zeus\"}]},{\"@type\":\"WebSite\",\"@id\":\"https:\/\/thefootballsquare.com\/#website\",\"url\":\"https:\/\/thefootballsquare.com\/\",\"name\":\"thefootballsquare.com\",\"description\":\"\",\"publisher\":{\"@id\":\"https:\/\/thefootballsquare.com\/#organization\"},\"potentialAction\":[{\"@type\":\"SearchAction\",\"target\":{\"@type\":\"EntryPoint\",\"urlTemplate\":\"https:\/\/thefootballsquare.com\/?s={search_term_string}\"},\"query-input\":\"required name=search_term_string\"}],\"inLanguage\":\"en-GB\"},{\"@type\":\"Organization\",\"@id\":\"https:\/\/thefootballsquare.com\/#organization\",\"name\":\"thefootballsquare.com\",\"url\":\"https:\/\/thefootballsquare.com\/\",\"logo\":{\"@type\":\"ImageObject\",\"inLanguage\":\"en-GB\",\"@id\":\"https:\/\/thefootballsquare.com\/#\/schema\/logo\/image\/\",\"url\":\"https:\/\/thefootballsquare.com\/wp-content\/uploads\/2023\/02\/logo_TheFootbalSquare_bianco@4x.png\",\"contentUrl\":\"https:\/\/thefootballsquare.com\/wp-content\/uploads\/2023\/02\/logo_TheFootbalSquare_bianco@4x.png\",\"width\":581,\"height\":477,\"caption\":\"thefootballsquare.com\"},\"image\":{\"@id\":\"https:\/\/thefootballsquare.com\/#\/schema\/logo\/image\/\"}}]}<\/script>\n<!-- \/ Yoast SEO plugin. -->","yoast_head_json":{"title":"Borsa Gamma zeus","description":"Scopri la Borsa Gamma zeus! \u00a0Spaziosa, resistente e dal design accattivante . Iscriviti alla newsletter e avrai il 10% di sconto","robots":{"index":"index","follow":"follow","max-snippet":"max-snippet:-1","max-image-preview":"max-image-preview:large","max-video-preview":"max-video-preview:-1"},"canonical":"https:\/\/thefootballsquare.com\/en\/borsa-gamma-zeus\/","og_locale":"en_GB","og_type":"article","og_title":"Borsa Gamma zeus","og_description":"Scopri la Borsa Gamma zeus! \u00a0Spaziosa, resistente e dal design accattivante . Iscriviti alla newsletter e avrai il 10% di sconto","og_url":"https:\/\/thefootballsquare.com\/en\/borsa-gamma-zeus\/","og_site_name":"thefootballsquare.com","article_modified_time":"2025-03-25T16:52:31+00:00","og_image":[{"width":350,"height":391,"url":"https:\/\/thefootballsquare.com\/wp-content\/uploads\/2023\/03\/borsa-gamma-bl-re-1.jpg","type":"image\/jpeg"}],"twitter_card":"summary_large_image","twitter_title":"Borsa Gamma zeus","twitter_description":"Scopri la Borsa Gamma zeus! \u00a0Spaziosa, resistente e dal design accattivante . Iscriviti alla newsletter e avrai il 10% di sconto","twitter_image":"https:\/\/thefootballsquare.com\/wp-content\/uploads\/2023\/03\/borsa-gamma-bl-re-1.jpg","twitter_misc":{"Estimated reading time":"3 minutes"},"schema":{"@context":"https:\/\/schema.org","@graph":[{"@type":"WebPage","@id":"https:\/\/thefootballsquare.com\/borsa-gamma-zeus\/","url":"https:\/\/thefootballsquare.com\/borsa-gamma-zeus\/","name":"Borsa Gamma zeus","isPartOf":{"@id":"https:\/\/thefootballsquare.com\/#website"},"primaryImageOfPage":{"@id":"https:\/\/thefootballsquare.com\/borsa-gamma-zeus\/#primaryimage"},"image":{"@id":"https:\/\/thefootballsquare.com\/borsa-gamma-zeus\/#primaryimage"},"thumbnailUrl":"https:\/\/thefootballsquare.com\/wp-content\/uploads\/2023\/03\/borsa-gamma-bl-ro.jpg","datePublished":"2023-03-06T11:13:41+00:00","dateModified":"2025-03-25T16:52:31+00:00","description":"Scopri la Borsa Gamma zeus! \u00a0Spaziosa, resistente e dal design accattivante . Iscriviti alla newsletter e avrai il 10% di sconto","breadcrumb":{"@id":"https:\/\/thefootballsquare.com\/borsa-gamma-zeus\/#breadcrumb"},"inLanguage":"en-GB","potentialAction":[{"@type":"ReadAction","target":["https:\/\/thefootballsquare.com\/borsa-gamma-zeus\/"]}]},{"@type":"ImageObject","inLanguage":"en-GB","@id":"https:\/\/thefootballsquare.com\/borsa-gamma-zeus\/#primaryimage","url":"https:\/\/thefootballsquare.com\/wp-content\/uploads\/2023\/03\/borsa-gamma-bl-ro.jpg","contentUrl":"https:\/\/thefootballsquare.com\/wp-content\/uploads\/2023\/03\/borsa-gamma-bl-ro.jpg","width":350,"height":391,"caption":"borsa gamma zeus blu royal zip tasche laterali portascarpe loghi stampati misure 48x50x35 cm 70% Nylon 30% Poliestere"},{"@type":"BreadcrumbList","@id":"https:\/\/thefootballsquare.com\/borsa-gamma-zeus\/#breadcrumb","itemListElement":[{"@type":"ListItem","position":1,"name":"Home","item":"https:\/\/thefootballsquare.com\/"},{"@type":"ListItem","position":2,"name":"Borsa Gamma Zeus"}]},{"@type":"WebSite","@id":"https:\/\/thefootballsquare.com\/#website","url":"https:\/\/thefootballsquare.com\/","name":"thefootballsquare.com","description":"","publisher":{"@id":"https:\/\/thefootballsquare.com\/#organization"},"potentialAction":[{"@type":"SearchAction","target":{"@type":"EntryPoint","urlTemplate":"https:\/\/thefootballsquare.com\/?s={search_term_string}"},"query-input":"required name=search_term_string"}],"inLanguage":"en-GB"},{"@type":"Organization","@id":"https:\/\/thefootballsquare.com\/#organization","name":"thefootballsquare.com","url":"https:\/\/thefootballsquare.com\/","logo":{"@type":"ImageObject","inLanguage":"en-GB","@id":"https:\/\/thefootballsquare.com\/#\/schema\/logo\/image\/","url":"https:\/\/thefootballsquare.com\/wp-content\/uploads\/2023\/02\/logo_TheFootbalSquare_bianco@4x.png","contentUrl":"https:\/\/thefootballsquare.com\/wp-content\/uploads\/2023\/02\/logo_TheFootbalSquare_bianco@4x.png","width":581,"height":477,"caption":"thefootballsquare.com"},"image":{"@id":"https:\/\/thefootballsquare.com\/#\/schema\/logo\/image\/"}}]}},"_links":{"self":[{"href":"https:\/\/thefootballsquare.com\/en\/wp-json\/wp\/v2\/product\/6885"}],"collection":[{"href":"https:\/\/thefootballsquare.com\/en\/wp-json\/wp\/v2\/product"}],"about":[{"href":"https:\/\/thefootballsquare.com\/en\/wp-json\/wp\/v2\/types\/product"}],"version-history":[{"count":2,"href":"https:\/\/thefootballsquare.com\/en\/wp-json\/wp\/v2\/product\/6885\/revisions"}],"predecessor-version":[{"id":50539,"href":"https:\/\/thefootballsquare.com\/en\/wp-json\/wp\/v2\/product\/6885\/revisions\/50539"}],"wp:featuredmedia":[{"embeddable":true,"href":"https:\/\/thefootballsquare.com\/en\/wp-json\/wp\/v2\/media\/6897"}],"wp:attachment":[{"href":"https:\/\/thefootballsquare.com\/en\/wp-json\/wp\/v2\/media?parent=6885"}],"wp:term":[{"taxonomy":"product_cat","embeddable":true,"href":"https:\/\/thefootballsquare.com\/en\/wp-json\/wp\/v2\/product_cat?post=6885"},{"taxonomy":"product_tag","embeddable":true,"href":"https:\/\/thefootballsquare.com\/en\/wp-json\/wp\/v2\/product_tag?post=6885"},{"taxonomy":"giftcard-category","embeddable":true,"href":"https:\/\/thefootballsquare.com\/en\/wp-json\/wp\/v2\/giftcard-category?post=6885"}],"curies":[{"name":"wp","href":"https:\/\/api.w.org\/{rel}","templated":true}]}}