{"id":6185,"date":"2023-03-06T10:18:01","date_gmt":"2023-03-06T09:18:01","guid":{"rendered":"https:\/\/thefootballsquare.com\/?post_type=product&#038;p=6185"},"modified":"2025-03-25T17:54:21","modified_gmt":"2025-03-25T16:54:21","slug":"pantalone-easy-zeus","status":"publish","type":"product","link":"https:\/\/thefootballsquare.com\/en\/pantalone-easy-zeus\/","title":{"rendered":"Pantalone Easy Zeus \u00a0"},"content":{"rendered":"<div class=\"group w-full text-gray-800 dark:text-gray-100 border-b border-black\/10 dark:border-gray-900\/50 bg-gray-50 dark:bg-[#444654]\">\n<div class=\"flex p-4 gap-4 text-base md:gap-6 md:max-w-2xl lg:max-w-[38rem] xl:max-w-3xl md:py-6 lg:px-0 m-auto\">\n<div class=\"relative flex w-[calc(100%-50px)] flex-col gap-1 md:gap-3 lg:w-[calc(100%-115px)]\">\n<div class=\"flex flex-grow flex-col gap-3\">\n<div class=\"min-h-[20px] flex flex-col items-start gap-4 whitespace-pre-wrap break-words\">\n<div class=\"markdown prose w-full break-words dark:prose-invert light\">\n<h2><strong>Scopri il Pantalone Easy Zeus <\/strong><\/h2>\n<h2><strong>Il look sportivo che conquista!<\/strong><\/h2>\n<h3>Il Pantalone Easy Zeus &#8211; Un concentrato di stile e comfort<\/h3>\n<p>Il Pantalone Easy Zeus \u00e8 l&#8217;emblema dell&#8217;eleganza sportiva che desideri. Coniugando alla perfezione stile e comfort, questo pantalone rappresenta l&#8217;ultima tendenza nel mondo della moda. Sia che tu stia cercando un outfit casual per il weekend o un look comodo per allenarti, il Pantalone Easy Zeus sar\u00e0 la scelta ideale per te.<\/p>\n<p>Caratterizzato da una vestibilit\u00e0 slim fit, il Pantalone Easy Zeus abbraccia il tuo corpo con una vestibilit\u00e0 aderente che valorizzano le tue gambe in modo naturale. Realizzato con tessuto POLI soft di alta qualit\u00e0, offre una morbidezza ineguagliabile e una sensazione di comfort che ti far\u00e0 sentire al tuo agio in ogni momento.<\/p>\n<h2>Punto di forza 1: Pantalone relax con tasche comode<\/h2>\n<p>Il Pantalone Easy presenta un <strong>design<\/strong> moderno e <strong>dettagli curati,<\/strong> inclusa una serie di tasche che uniscono praticit\u00e0 e stile. Potrai portare con te gli oggetti essenziali in modo sicuro e senza rinunciare alla tua eleganza sportiva. Queste tasche aggiungono un tocco di funzionalit\u00e0 al tuo outfit, permettendoti di avere tutto a portata di mano.<\/p>\n<h2>Punto di forza 2: Tessuto 100% Poliestere di alta qualit\u00e0<\/h2>\n<p>La scelta del tessuto \u00e8 fondamentale per garantire la <strong>durata<\/strong> e la <strong>comodit\u00e0<\/strong> di un capo d&#8217;abbigliamento. Il Pantalone Easy \u00e8 realizzato al 100% in Poliestere, un materiale resistente che conserva la sua forma nel tempo. La sua qualit\u00e0 superiore ti offre un pantalone che durer\u00e0 nel tempo, mantenendo sempre un aspetto impeccabile. Non lasciarti sfuggire l&#8217;opportunit\u00e0 di indossare il Pantalone Easy e vivere l&#8217;icona di stile che hai sempre desiderato essere. La sua combinazione di eleganza e sportivit\u00e0 catturer\u00e0 l&#8217;attenzione di tutti, facendoti sentire sicuro e alla moda in ogni momento.<\/p>\n<h2>Iscriviti alla newsletter e avrai il 10% di sconto<\/h2>\n<p>Scopri ora il Pantalone Easy Zeus nel nostro shop online per un look rilassato e sofisticato.<\/p>\n<p>Iscrivendoti alla nostra newsletter, potrai avere il 10% di sconto sul tuo primo acquisto e rimanere sempre aggiornato sulle nostre promozioni e offerte speciali. Seguici anche sulle nostre pagine Facebook e Instagram per scoprire le ultime novit\u00e0 e trendy della moda.<\/p>\n<p>Non perdere l\u2019opportunit\u00e0 di essere sempre alla moda e al passo con le ultime tendenze!<\/p>\n<\/div>\n<\/div>\n<\/div>\n<div class=\"flex justify-between lg:block\">\n<div class=\"text-gray-400 flex self-end lg:self-center justify-center mt-2 gap-2 md:gap-3 lg:gap-1 lg:absolute lg:top-0 lg:translate-x-full lg:right-0 lg:mt-0 lg:pl-2 visible\">\n<p>&nbsp;<\/p>\n<p>&nbsp;<\/p>\n<div class=\"flex gap-1\"><\/div>\n<\/div>\n<\/div>\n<\/div>\n<\/div>\n<\/div>","protected":false},"excerpt":{"rendered":"<p><strong>Ordine minimo 10 pezzi<\/strong><\/p>\n<p><strong>Caratteristiche:<\/strong><\/p>\n<ul>\n<li><span class=\"title_red\">Vestibilit\u00e0<\/span> slim fit<\/li>\n<li>Textile POLI soft<\/li>\n<li>Pantalone relax con tasche<\/li>\n<li>100% Poliestere<\/li>\n<\/ul>","protected":false},"featured_media":6213,"template":"","meta":{"_glsr_average":0,"_glsr_ranking":0,"_glsr_reviews":0},"product_cat":[447,450,375,395,24,416,27,405],"product_tag":[],"giftcard-category":[],"yoast_head":"<!-- This site is optimized with the Yoast SEO plugin v22.3 - https:\/\/yoast.com\/wordpress\/plugins\/seo\/ -->\n<title>Pantalone Easy Zeus \u00a0<\/title>\n<meta name=\"description\" content=\"Scopri ora il Pantalone Easy Zeus nel nostro shop online per un look rilassato e sofisticato. Iscriviti alla newsletter e avrai il 10% di sconto.\" \/>\n<meta name=\"robots\" content=\"index, follow, max-snippet:-1, max-image-preview:large, max-video-preview:-1\" \/>\n<link rel=\"canonical\" href=\"https:\/\/thefootballsquare.com\/en\/pantalone-easy-zeus\/\" \/>\n<meta property=\"og:locale\" content=\"en_GB\" \/>\n<meta property=\"og:type\" content=\"article\" \/>\n<meta property=\"og:title\" content=\"Pantalone Easy Zeus \u00a0\" \/>\n<meta property=\"og:description\" content=\"Scopri ora il Pantalone Easy Zeus nel nostro shop online per un look rilassato e sofisticato. Iscriviti alla newsletter e avrai il 10% di sconto.\" \/>\n<meta property=\"og:url\" content=\"https:\/\/thefootballsquare.com\/en\/pantalone-easy-zeus\/\" \/>\n<meta property=\"og:site_name\" content=\"thefootballsquare.com\" \/>\n<meta property=\"article:modified_time\" content=\"2025-03-25T16:54:21+00:00\" \/>\n<meta property=\"og:image\" content=\"https:\/\/thefootballsquare.com\/wp-content\/uploads\/2023\/03\/1005_2_pant-easy-nero-1.jpg\" \/>\n\t<meta property=\"og:image:width\" content=\"700\" \/>\n\t<meta property=\"og:image:height\" content=\"782\" \/>\n\t<meta property=\"og:image:type\" content=\"image\/jpeg\" \/>\n<meta name=\"twitter:card\" content=\"summary_large_image\" \/>\n<meta name=\"twitter:title\" content=\"Pantalone Easy Zeus \u00a0\" \/>\n<meta name=\"twitter:image\" content=\"https:\/\/thefootballsquare.com\/wp-content\/uploads\/2023\/03\/1005_2_pant-easy-nero-1.jpg\" \/>\n<meta name=\"twitter:label1\" content=\"Estimated reading time\" \/>\n\t<meta name=\"twitter:data1\" content=\"2 minutes\" \/>\n<script type=\"application\/ld+json\" class=\"yoast-schema-graph\">{\"@context\":\"https:\/\/schema.org\",\"@graph\":[{\"@type\":\"WebPage\",\"@id\":\"https:\/\/thefootballsquare.com\/pantalone-easy-zeus\/\",\"url\":\"https:\/\/thefootballsquare.com\/pantalone-easy-zeus\/\",\"name\":\"Pantalone Easy Zeus \u00a0\",\"isPartOf\":{\"@id\":\"https:\/\/thefootballsquare.com\/#website\"},\"primaryImageOfPage\":{\"@id\":\"https:\/\/thefootballsquare.com\/pantalone-easy-zeus\/#primaryimage\"},\"image\":{\"@id\":\"https:\/\/thefootballsquare.com\/pantalone-easy-zeus\/#primaryimage\"},\"thumbnailUrl\":\"https:\/\/thefootballsquare.com\/wp-content\/uploads\/2023\/03\/1005_2_pant-easy-nero-1.jpg\",\"datePublished\":\"2023-03-06T09:18:01+00:00\",\"dateModified\":\"2025-03-25T16:54:21+00:00\",\"description\":\"Scopri ora il Pantalone Easy Zeus nel nostro shop online per un look rilassato e sofisticato. Iscriviti alla newsletter e avrai il 10% di sconto.\",\"breadcrumb\":{\"@id\":\"https:\/\/thefootballsquare.com\/pantalone-easy-zeus\/#breadcrumb\"},\"inLanguage\":\"en-GB\",\"potentialAction\":[{\"@type\":\"ReadAction\",\"target\":[\"https:\/\/thefootballsquare.com\/pantalone-easy-zeus\/\"]}]},{\"@type\":\"ImageObject\",\"inLanguage\":\"en-GB\",\"@id\":\"https:\/\/thefootballsquare.com\/pantalone-easy-zeus\/#primaryimage\",\"url\":\"https:\/\/thefootballsquare.com\/wp-content\/uploads\/2023\/03\/1005_2_pant-easy-nero-1.jpg\",\"contentUrl\":\"https:\/\/thefootballsquare.com\/wp-content\/uploads\/2023\/03\/1005_2_pant-easy-nero-1.jpg\",\"width\":700,\"height\":782,\"caption\":\"pantalone easy zeus uomo nero slim fit logo stampato Textile POLI soft pantalone relax con tasche 100% poliestere\"},{\"@type\":\"BreadcrumbList\",\"@id\":\"https:\/\/thefootballsquare.com\/pantalone-easy-zeus\/#breadcrumb\",\"itemListElement\":[{\"@type\":\"ListItem\",\"position\":1,\"name\":\"Home\",\"item\":\"https:\/\/thefootballsquare.com\/\"},{\"@type\":\"ListItem\",\"position\":2,\"name\":\"Pantalone Easy Zeus \u00a0\"}]},{\"@type\":\"WebSite\",\"@id\":\"https:\/\/thefootballsquare.com\/#website\",\"url\":\"https:\/\/thefootballsquare.com\/\",\"name\":\"thefootballsquare.com\",\"description\":\"\",\"publisher\":{\"@id\":\"https:\/\/thefootballsquare.com\/#organization\"},\"potentialAction\":[{\"@type\":\"SearchAction\",\"target\":{\"@type\":\"EntryPoint\",\"urlTemplate\":\"https:\/\/thefootballsquare.com\/?s={search_term_string}\"},\"query-input\":\"required name=search_term_string\"}],\"inLanguage\":\"en-GB\"},{\"@type\":\"Organization\",\"@id\":\"https:\/\/thefootballsquare.com\/#organization\",\"name\":\"thefootballsquare.com\",\"url\":\"https:\/\/thefootballsquare.com\/\",\"logo\":{\"@type\":\"ImageObject\",\"inLanguage\":\"en-GB\",\"@id\":\"https:\/\/thefootballsquare.com\/#\/schema\/logo\/image\/\",\"url\":\"https:\/\/thefootballsquare.com\/wp-content\/uploads\/2023\/02\/logo_TheFootbalSquare_bianco@4x.png\",\"contentUrl\":\"https:\/\/thefootballsquare.com\/wp-content\/uploads\/2023\/02\/logo_TheFootbalSquare_bianco@4x.png\",\"width\":581,\"height\":477,\"caption\":\"thefootballsquare.com\"},\"image\":{\"@id\":\"https:\/\/thefootballsquare.com\/#\/schema\/logo\/image\/\"}}]}<\/script>\n<!-- \/ Yoast SEO plugin. -->","yoast_head_json":{"title":"Pantalone Easy Zeus \u00a0","description":"Scopri ora il Pantalone Easy Zeus nel nostro shop online per un look rilassato e sofisticato. Iscriviti alla newsletter e avrai il 10% di sconto.","robots":{"index":"index","follow":"follow","max-snippet":"max-snippet:-1","max-image-preview":"max-image-preview:large","max-video-preview":"max-video-preview:-1"},"canonical":"https:\/\/thefootballsquare.com\/en\/pantalone-easy-zeus\/","og_locale":"en_GB","og_type":"article","og_title":"Pantalone Easy Zeus \u00a0","og_description":"Scopri ora il Pantalone Easy Zeus nel nostro shop online per un look rilassato e sofisticato. Iscriviti alla newsletter e avrai il 10% di sconto.","og_url":"https:\/\/thefootballsquare.com\/en\/pantalone-easy-zeus\/","og_site_name":"thefootballsquare.com","article_modified_time":"2025-03-25T16:54:21+00:00","og_image":[{"width":700,"height":782,"url":"https:\/\/thefootballsquare.com\/wp-content\/uploads\/2023\/03\/1005_2_pant-easy-nero-1.jpg","type":"image\/jpeg"}],"twitter_card":"summary_large_image","twitter_title":"Pantalone Easy Zeus \u00a0","twitter_image":"https:\/\/thefootballsquare.com\/wp-content\/uploads\/2023\/03\/1005_2_pant-easy-nero-1.jpg","twitter_misc":{"Estimated reading time":"2 minutes"},"schema":{"@context":"https:\/\/schema.org","@graph":[{"@type":"WebPage","@id":"https:\/\/thefootballsquare.com\/pantalone-easy-zeus\/","url":"https:\/\/thefootballsquare.com\/pantalone-easy-zeus\/","name":"Pantalone Easy Zeus \u00a0","isPartOf":{"@id":"https:\/\/thefootballsquare.com\/#website"},"primaryImageOfPage":{"@id":"https:\/\/thefootballsquare.com\/pantalone-easy-zeus\/#primaryimage"},"image":{"@id":"https:\/\/thefootballsquare.com\/pantalone-easy-zeus\/#primaryimage"},"thumbnailUrl":"https:\/\/thefootballsquare.com\/wp-content\/uploads\/2023\/03\/1005_2_pant-easy-nero-1.jpg","datePublished":"2023-03-06T09:18:01+00:00","dateModified":"2025-03-25T16:54:21+00:00","description":"Scopri ora il Pantalone Easy Zeus nel nostro shop online per un look rilassato e sofisticato. Iscriviti alla newsletter e avrai il 10% di sconto.","breadcrumb":{"@id":"https:\/\/thefootballsquare.com\/pantalone-easy-zeus\/#breadcrumb"},"inLanguage":"en-GB","potentialAction":[{"@type":"ReadAction","target":["https:\/\/thefootballsquare.com\/pantalone-easy-zeus\/"]}]},{"@type":"ImageObject","inLanguage":"en-GB","@id":"https:\/\/thefootballsquare.com\/pantalone-easy-zeus\/#primaryimage","url":"https:\/\/thefootballsquare.com\/wp-content\/uploads\/2023\/03\/1005_2_pant-easy-nero-1.jpg","contentUrl":"https:\/\/thefootballsquare.com\/wp-content\/uploads\/2023\/03\/1005_2_pant-easy-nero-1.jpg","width":700,"height":782,"caption":"pantalone easy zeus uomo nero slim fit logo stampato Textile POLI soft pantalone relax con tasche 100% poliestere"},{"@type":"BreadcrumbList","@id":"https:\/\/thefootballsquare.com\/pantalone-easy-zeus\/#breadcrumb","itemListElement":[{"@type":"ListItem","position":1,"name":"Home","item":"https:\/\/thefootballsquare.com\/"},{"@type":"ListItem","position":2,"name":"Pantalone Easy Zeus \u00a0"}]},{"@type":"WebSite","@id":"https:\/\/thefootballsquare.com\/#website","url":"https:\/\/thefootballsquare.com\/","name":"thefootballsquare.com","description":"","publisher":{"@id":"https:\/\/thefootballsquare.com\/#organization"},"potentialAction":[{"@type":"SearchAction","target":{"@type":"EntryPoint","urlTemplate":"https:\/\/thefootballsquare.com\/?s={search_term_string}"},"query-input":"required name=search_term_string"}],"inLanguage":"en-GB"},{"@type":"Organization","@id":"https:\/\/thefootballsquare.com\/#organization","name":"thefootballsquare.com","url":"https:\/\/thefootballsquare.com\/","logo":{"@type":"ImageObject","inLanguage":"en-GB","@id":"https:\/\/thefootballsquare.com\/#\/schema\/logo\/image\/","url":"https:\/\/thefootballsquare.com\/wp-content\/uploads\/2023\/02\/logo_TheFootbalSquare_bianco@4x.png","contentUrl":"https:\/\/thefootballsquare.com\/wp-content\/uploads\/2023\/02\/logo_TheFootbalSquare_bianco@4x.png","width":581,"height":477,"caption":"thefootballsquare.com"},"image":{"@id":"https:\/\/thefootballsquare.com\/#\/schema\/logo\/image\/"}}]}},"_links":{"self":[{"href":"https:\/\/thefootballsquare.com\/en\/wp-json\/wp\/v2\/product\/6185"}],"collection":[{"href":"https:\/\/thefootballsquare.com\/en\/wp-json\/wp\/v2\/product"}],"about":[{"href":"https:\/\/thefootballsquare.com\/en\/wp-json\/wp\/v2\/types\/product"}],"version-history":[{"count":1,"href":"https:\/\/thefootballsquare.com\/en\/wp-json\/wp\/v2\/product\/6185\/revisions"}],"predecessor-version":[{"id":46674,"href":"https:\/\/thefootballsquare.com\/en\/wp-json\/wp\/v2\/product\/6185\/revisions\/46674"}],"wp:featuredmedia":[{"embeddable":true,"href":"https:\/\/thefootballsquare.com\/en\/wp-json\/wp\/v2\/media\/6213"}],"wp:attachment":[{"href":"https:\/\/thefootballsquare.com\/en\/wp-json\/wp\/v2\/media?parent=6185"}],"wp:term":[{"taxonomy":"product_cat","embeddable":true,"href":"https:\/\/thefootballsquare.com\/en\/wp-json\/wp\/v2\/product_cat?post=6185"},{"taxonomy":"product_tag","embeddable":true,"href":"https:\/\/thefootballsquare.com\/en\/wp-json\/wp\/v2\/product_tag?post=6185"},{"taxonomy":"giftcard-category","embeddable":true,"href":"https:\/\/thefootballsquare.com\/en\/wp-json\/wp\/v2\/giftcard-category?post=6185"}],"curies":[{"name":"wp","href":"https:\/\/api.w.org\/{rel}","templated":true}]}}