{"id":5408,"date":"2023-03-03T17:06:04","date_gmt":"2023-03-03T16:06:04","guid":{"rendered":"https:\/\/thefootballsquare.com\/?post_type=product&#038;p=5408"},"modified":"2025-03-25T17:56:28","modified_gmt":"2025-03-25T16:56:28","slug":"felpa-bionik-zeus","status":"publish","type":"product","link":"https:\/\/thefootballsquare.com\/en\/felpa-bionik-zeus\/","title":{"rendered":"Felpa Bionik Zeus"},"content":{"rendered":"<h2><strong>Scopri la Felpa Bionik Zeus !<\/strong><\/h2>\n<h3>Felpa Bionik Zeus: La Felpa Innovativa che Unisce Comfort e Stile<\/h3>\n<p dir=\"ltr\">La\u00a0Felpa Bionik Zeus <span style=\"font-size: 16px\">\u00e8 il capo d&#8217;abbigliamento che trasformer\u00e0 il tuo guardaroba. Con la sua vestibilit\u00e0 standard fit, questa felpa ti offre il massimo comfort senza rinunciare allo stile. Che tu stia cercando un look casual o un tocco di originalit\u00e0, la FELPA BIONIK \u00e8 ci\u00f2 che fa al caso tuo.<\/span><\/p>\n<h2 dir=\"ltr\">Tessuto Innovativo per un Calore Avvolgente<\/h2>\n<p dir=\"ltr\">La\u00a0Felpa Bionik \u00a0\u00e8 realizzata con la fibra di tessuto FLEECE, che ti garantir\u00e0 un calore avvolgente in qualsiasi stagione. Con questa felpa, potrai affrontare le giornate pi\u00f9 fresche con comfort e stile, grazie al suo tessuto di alta qualit\u00e0 che trattiene il calore corporeo.\u00a0La Felpa Bionik ti offre un look rilassato senza compromessi. Con il suo design con cappuccio e zip, potrai regolare la tua temperatura e lo stile a tuo piacimento.<\/p>\n<p dir=\"ltr\">Indossa la felpa con il cappuccio per un tocco sportivo o lascialo abbassato per un look casual ed elegante, realizzata con una miscela di materiali di alta qualit\u00e0: il 55% di cotone, il 41% di poliestere e il 4% di elastane.<\/p>\n<p dir=\"ltr\">Questa combinazione garantisce una felpa morbida al tatto, resistente nel tempo e che mantiene la sua forma originale anche dopo numerosi lavaggi. Inoltre, La Felpa Bionik Zeus\u00a0 \u00a0si distingue per la sua esclusiva fibra di tessuto poly piquet. Questo materiale conferisce alla felpa una trama unica e un aspetto sportivo, rendendola perfetta per ogni occasione. Sia che tu stia andando in palestra, facendo una passeggiata in citt\u00e0 o semplicemente rilassandoti a casa, la\u00a0Felpa Bionik Zeus\u00a0\u00a0sar\u00e0 il tuo compagno ideale.<\/p>\n<h2 dir=\"ltr\">Iscriviti alla newsletter e avrai il 10% di sconto<\/h2>\n<p>Scopri la Felpa Bionik Zeus! La Felpa Innovativa che Unisce Comfort e Stile.<\/p>\n<p>Iscrivendoti alla nostra newsletter, potrai avere il 10% di sconto sul tuo primo acquisto e rimanere sempre aggiornato sulle nostre promozioni e offerte speciali. Seguici anche sulle nostre pagine Facebook e Instagram per scoprire le ultime novit\u00e0 e trendy della moda.<\/p>\n<p>Non perdere l\u2019opportunit\u00e0 di essere sempre alla moda e al passo con le ultime tendenze!<\/p>","protected":false},"excerpt":{"rendered":"<p><strong>Ordine minimo 5 pezzi<\/strong><\/p>\n<p><strong>Caratteristiche:<\/strong><\/p>\n<ul>\n<li>Felpa relax con cappuccio e zip<\/li>\n<li><span class=\"title_red\">Vestibilit\u00e0<\/span>\u00a0Standard Fit<\/li>\n<li>55% Cotone 41% Poliestere 4% Elastane<\/li>\n<\/ul>\n<p>&nbsp;<\/p>","protected":false},"featured_media":5477,"template":"","meta":{"_glsr_average":0,"_glsr_ranking":0,"_glsr_reviews":0},"product_cat":[447,450,375,398],"product_tag":[],"giftcard-category":[],"yoast_head":"<!-- This site is optimized with the Yoast SEO plugin v22.3 - https:\/\/yoast.com\/wordpress\/plugins\/seo\/ -->\n<title>Felpa Bionik Zeus<\/title>\n<meta name=\"description\" content=\"Scopri la Felpa Bionik Zeus! La Felpa Innovativa che Unisce Comfort e Stile. Iscriviti alla newsletter e avrai il 10% di sconto\" \/>\n<meta name=\"robots\" content=\"index, follow, max-snippet:-1, max-image-preview:large, max-video-preview:-1\" \/>\n<link rel=\"canonical\" href=\"https:\/\/thefootballsquare.com\/en\/felpa-bionik-zeus\/\" \/>\n<meta property=\"og:locale\" content=\"en_GB\" \/>\n<meta property=\"og:type\" content=\"article\" \/>\n<meta property=\"og:title\" content=\"Felpa Bionik Zeus\" \/>\n<meta property=\"og:description\" content=\"Scopri la Felpa Bionik Zeus! La Felpa Innovativa che Unisce Comfort e Stile. Iscriviti alla newsletter e avrai il 10% di sconto\" \/>\n<meta property=\"og:url\" content=\"https:\/\/thefootballsquare.com\/en\/felpa-bionik-zeus\/\" \/>\n<meta property=\"og:site_name\" content=\"thefootballsquare.com\" \/>\n<meta property=\"article:modified_time\" content=\"2025-03-25T16:56:28+00:00\" \/>\n<meta property=\"og:image\" content=\"https:\/\/thefootballsquare.com\/wp-content\/uploads\/2023\/03\/980_2_felpa-bionik-nero.jpg\" \/>\n\t<meta property=\"og:image:width\" content=\"700\" \/>\n\t<meta property=\"og:image:height\" content=\"782\" \/>\n\t<meta property=\"og:image:type\" content=\"image\/jpeg\" \/>\n<meta name=\"twitter:card\" content=\"summary_large_image\" \/>\n<meta name=\"twitter:label1\" content=\"Estimated reading time\" \/>\n\t<meta name=\"twitter:data1\" content=\"2 minutes\" \/>\n<script type=\"application\/ld+json\" class=\"yoast-schema-graph\">{\"@context\":\"https:\/\/schema.org\",\"@graph\":[{\"@type\":\"WebPage\",\"@id\":\"https:\/\/thefootballsquare.com\/felpa-bionik-zeus\/\",\"url\":\"https:\/\/thefootballsquare.com\/felpa-bionik-zeus\/\",\"name\":\"Felpa Bionik Zeus\",\"isPartOf\":{\"@id\":\"https:\/\/thefootballsquare.com\/#website\"},\"primaryImageOfPage\":{\"@id\":\"https:\/\/thefootballsquare.com\/felpa-bionik-zeus\/#primaryimage\"},\"image\":{\"@id\":\"https:\/\/thefootballsquare.com\/felpa-bionik-zeus\/#primaryimage\"},\"thumbnailUrl\":\"https:\/\/thefootballsquare.com\/wp-content\/uploads\/2023\/03\/980_2_felpa-bionik-nero.jpg\",\"datePublished\":\"2023-03-03T16:06:04+00:00\",\"dateModified\":\"2025-03-25T16:56:28+00:00\",\"description\":\"Scopri la Felpa Bionik Zeus! La Felpa Innovativa che Unisce Comfort e Stile. Iscriviti alla newsletter e avrai il 10% di sconto\",\"breadcrumb\":{\"@id\":\"https:\/\/thefootballsquare.com\/felpa-bionik-zeus\/#breadcrumb\"},\"inLanguage\":\"en-GB\",\"potentialAction\":[{\"@type\":\"ReadAction\",\"target\":[\"https:\/\/thefootballsquare.com\/felpa-bionik-zeus\/\"]}]},{\"@type\":\"ImageObject\",\"inLanguage\":\"en-GB\",\"@id\":\"https:\/\/thefootballsquare.com\/felpa-bionik-zeus\/#primaryimage\",\"url\":\"https:\/\/thefootballsquare.com\/wp-content\/uploads\/2023\/03\/980_2_felpa-bionik-nero.jpg\",\"contentUrl\":\"https:\/\/thefootballsquare.com\/wp-content\/uploads\/2023\/03\/980_2_felpa-bionik-nero.jpg\",\"width\":700,\"height\":782,\"caption\":\"felpa bionik zeus nero tinta unita relax logo stampato con cappuccio zip tasche laterali con cappuccio e zip vestibilit\u00e0 Standard Fit 55% Cotone 41% Poliestere 4% Elastane\"},{\"@type\":\"BreadcrumbList\",\"@id\":\"https:\/\/thefootballsquare.com\/felpa-bionik-zeus\/#breadcrumb\",\"itemListElement\":[{\"@type\":\"ListItem\",\"position\":1,\"name\":\"Home\",\"item\":\"https:\/\/thefootballsquare.com\/\"},{\"@type\":\"ListItem\",\"position\":2,\"name\":\"Felpa Bionik Zeus\"}]},{\"@type\":\"WebSite\",\"@id\":\"https:\/\/thefootballsquare.com\/#website\",\"url\":\"https:\/\/thefootballsquare.com\/\",\"name\":\"thefootballsquare.com\",\"description\":\"\",\"publisher\":{\"@id\":\"https:\/\/thefootballsquare.com\/#organization\"},\"potentialAction\":[{\"@type\":\"SearchAction\",\"target\":{\"@type\":\"EntryPoint\",\"urlTemplate\":\"https:\/\/thefootballsquare.com\/?s={search_term_string}\"},\"query-input\":\"required name=search_term_string\"}],\"inLanguage\":\"en-GB\"},{\"@type\":\"Organization\",\"@id\":\"https:\/\/thefootballsquare.com\/#organization\",\"name\":\"thefootballsquare.com\",\"url\":\"https:\/\/thefootballsquare.com\/\",\"logo\":{\"@type\":\"ImageObject\",\"inLanguage\":\"en-GB\",\"@id\":\"https:\/\/thefootballsquare.com\/#\/schema\/logo\/image\/\",\"url\":\"https:\/\/thefootballsquare.com\/wp-content\/uploads\/2023\/02\/logo_TheFootbalSquare_bianco@4x.png\",\"contentUrl\":\"https:\/\/thefootballsquare.com\/wp-content\/uploads\/2023\/02\/logo_TheFootbalSquare_bianco@4x.png\",\"width\":581,\"height\":477,\"caption\":\"thefootballsquare.com\"},\"image\":{\"@id\":\"https:\/\/thefootballsquare.com\/#\/schema\/logo\/image\/\"}}]}<\/script>\n<!-- \/ Yoast SEO plugin. -->","yoast_head_json":{"title":"Felpa Bionik Zeus","description":"Scopri la Felpa Bionik Zeus! La Felpa Innovativa che Unisce Comfort e Stile. Iscriviti alla newsletter e avrai il 10% di sconto","robots":{"index":"index","follow":"follow","max-snippet":"max-snippet:-1","max-image-preview":"max-image-preview:large","max-video-preview":"max-video-preview:-1"},"canonical":"https:\/\/thefootballsquare.com\/en\/felpa-bionik-zeus\/","og_locale":"en_GB","og_type":"article","og_title":"Felpa Bionik Zeus","og_description":"Scopri la Felpa Bionik Zeus! La Felpa Innovativa che Unisce Comfort e Stile. Iscriviti alla newsletter e avrai il 10% di sconto","og_url":"https:\/\/thefootballsquare.com\/en\/felpa-bionik-zeus\/","og_site_name":"thefootballsquare.com","article_modified_time":"2025-03-25T16:56:28+00:00","og_image":[{"width":700,"height":782,"url":"https:\/\/thefootballsquare.com\/wp-content\/uploads\/2023\/03\/980_2_felpa-bionik-nero.jpg","type":"image\/jpeg"}],"twitter_card":"summary_large_image","twitter_misc":{"Estimated reading time":"2 minutes"},"schema":{"@context":"https:\/\/schema.org","@graph":[{"@type":"WebPage","@id":"https:\/\/thefootballsquare.com\/felpa-bionik-zeus\/","url":"https:\/\/thefootballsquare.com\/felpa-bionik-zeus\/","name":"Felpa Bionik Zeus","isPartOf":{"@id":"https:\/\/thefootballsquare.com\/#website"},"primaryImageOfPage":{"@id":"https:\/\/thefootballsquare.com\/felpa-bionik-zeus\/#primaryimage"},"image":{"@id":"https:\/\/thefootballsquare.com\/felpa-bionik-zeus\/#primaryimage"},"thumbnailUrl":"https:\/\/thefootballsquare.com\/wp-content\/uploads\/2023\/03\/980_2_felpa-bionik-nero.jpg","datePublished":"2023-03-03T16:06:04+00:00","dateModified":"2025-03-25T16:56:28+00:00","description":"Scopri la Felpa Bionik Zeus! La Felpa Innovativa che Unisce Comfort e Stile. Iscriviti alla newsletter e avrai il 10% di sconto","breadcrumb":{"@id":"https:\/\/thefootballsquare.com\/felpa-bionik-zeus\/#breadcrumb"},"inLanguage":"en-GB","potentialAction":[{"@type":"ReadAction","target":["https:\/\/thefootballsquare.com\/felpa-bionik-zeus\/"]}]},{"@type":"ImageObject","inLanguage":"en-GB","@id":"https:\/\/thefootballsquare.com\/felpa-bionik-zeus\/#primaryimage","url":"https:\/\/thefootballsquare.com\/wp-content\/uploads\/2023\/03\/980_2_felpa-bionik-nero.jpg","contentUrl":"https:\/\/thefootballsquare.com\/wp-content\/uploads\/2023\/03\/980_2_felpa-bionik-nero.jpg","width":700,"height":782,"caption":"felpa bionik zeus nero tinta unita relax logo stampato con cappuccio zip tasche laterali con cappuccio e zip vestibilit\u00e0 Standard Fit 55% Cotone 41% Poliestere 4% Elastane"},{"@type":"BreadcrumbList","@id":"https:\/\/thefootballsquare.com\/felpa-bionik-zeus\/#breadcrumb","itemListElement":[{"@type":"ListItem","position":1,"name":"Home","item":"https:\/\/thefootballsquare.com\/"},{"@type":"ListItem","position":2,"name":"Felpa Bionik Zeus"}]},{"@type":"WebSite","@id":"https:\/\/thefootballsquare.com\/#website","url":"https:\/\/thefootballsquare.com\/","name":"thefootballsquare.com","description":"","publisher":{"@id":"https:\/\/thefootballsquare.com\/#organization"},"potentialAction":[{"@type":"SearchAction","target":{"@type":"EntryPoint","urlTemplate":"https:\/\/thefootballsquare.com\/?s={search_term_string}"},"query-input":"required name=search_term_string"}],"inLanguage":"en-GB"},{"@type":"Organization","@id":"https:\/\/thefootballsquare.com\/#organization","name":"thefootballsquare.com","url":"https:\/\/thefootballsquare.com\/","logo":{"@type":"ImageObject","inLanguage":"en-GB","@id":"https:\/\/thefootballsquare.com\/#\/schema\/logo\/image\/","url":"https:\/\/thefootballsquare.com\/wp-content\/uploads\/2023\/02\/logo_TheFootbalSquare_bianco@4x.png","contentUrl":"https:\/\/thefootballsquare.com\/wp-content\/uploads\/2023\/02\/logo_TheFootbalSquare_bianco@4x.png","width":581,"height":477,"caption":"thefootballsquare.com"},"image":{"@id":"https:\/\/thefootballsquare.com\/#\/schema\/logo\/image\/"}}]}},"_links":{"self":[{"href":"https:\/\/thefootballsquare.com\/en\/wp-json\/wp\/v2\/product\/5408"}],"collection":[{"href":"https:\/\/thefootballsquare.com\/en\/wp-json\/wp\/v2\/product"}],"about":[{"href":"https:\/\/thefootballsquare.com\/en\/wp-json\/wp\/v2\/types\/product"}],"version-history":[{"count":2,"href":"https:\/\/thefootballsquare.com\/en\/wp-json\/wp\/v2\/product\/5408\/revisions"}],"predecessor-version":[{"id":50553,"href":"https:\/\/thefootballsquare.com\/en\/wp-json\/wp\/v2\/product\/5408\/revisions\/50553"}],"wp:featuredmedia":[{"embeddable":true,"href":"https:\/\/thefootballsquare.com\/en\/wp-json\/wp\/v2\/media\/5477"}],"wp:attachment":[{"href":"https:\/\/thefootballsquare.com\/en\/wp-json\/wp\/v2\/media?parent=5408"}],"wp:term":[{"taxonomy":"product_cat","embeddable":true,"href":"https:\/\/thefootballsquare.com\/en\/wp-json\/wp\/v2\/product_cat?post=5408"},{"taxonomy":"product_tag","embeddable":true,"href":"https:\/\/thefootballsquare.com\/en\/wp-json\/wp\/v2\/product_tag?post=5408"},{"taxonomy":"giftcard-category","embeddable":true,"href":"https:\/\/thefootballsquare.com\/en\/wp-json\/wp\/v2\/giftcard-category?post=5408"}],"curies":[{"name":"wp","href":"https:\/\/api.w.org\/{rel}","templated":true}]}}