{"id":5191,"date":"2023-03-03T16:39:19","date_gmt":"2023-03-03T15:39:19","guid":{"rendered":"https:\/\/thefootballsquare.com\/?post_type=product&#038;p=5191"},"modified":"2024-11-21T16:35:06","modified_gmt":"2024-11-21T15:35:06","slug":"felpa-tech-bikolor","status":"publish","type":"product","link":"https:\/\/thefootballsquare.com\/en\/felpa-tech-bikolor\/","title":{"rendered":"Felpa Tech Bikolor"},"content":{"rendered":"<div class=\"group w-full text-gray-800 dark:text-gray-100 border-b border-black\/10 dark:border-gray-900\/50 dark:bg-gray-800\">\n<div class=\"flex p-4 gap-4 text-base md:gap-6 md:max-w-2xl lg:max-w-[38rem] xl:max-w-3xl md:py-6 lg:px-0 m-auto\">\n<div class=\"flex-shrink-0 flex flex-col relative items-end\">\n<div class=\"w-[30px]\">\n<h2 class=\"relative flex\"><strong>Scopri la Felpa Tech Bikolor<\/strong><\/h2>\n<\/div>\n<\/div>\n<div class=\"relative flex w-[calc(100%-50px)] flex-col gap-1 md:gap-3 lg:w-[calc(100%-115px)]\">\n<h3 class=\"flex justify-between lg:block\">Felpa Tech Bikolor: Un Design Tecnologico per uno Stile All&#8217;avanguardia<\/h3>\n<div class=\"flex justify-between lg:block\">La Felpa Tech Bikolor Zeus \u00a0\u00e8 caratterizzata da un design moderno e tecnologico che ti permette di distinguerti dalla massa. I dettagli curati e l&#8217;attenzione ai particolari conferiscono a questa felpa uno stile all&#8217;avanguardia, perfetto per chi desidera un look unico e di tendenza. La felpa,\u00a0<span style=\"font-size: 16px\">\u00e8 \u00a0realizzata con un tessuto bi-elastico di alta qualit\u00e0, che si adatta al tuo corpo offrendo un comfort ottimale. Sentirai la felpa abbracciare delicatamente le tue forme, consentendoti una libert\u00e0 di movimento totale. Goditi la comodit\u00e0 senza sacrificare lo stile con questa felpa unica . La sua composizione di materiali avanzati assicura una regolazione termica efficace, mantenendoti fresco e asciutto anche durante le attivit\u00e0 pi\u00f9 intense. Affronta le sfide quotidiane con la massima comodit\u00e0 e funzionalit\u00e0.<\/span><\/div>\n<h2 class=\"flex justify-between lg:block\"><span style=\"font-size: 16px\">Un Mix di Colori Dinamici<\/span><\/h2>\n<div class=\"flex justify-between lg:block\"><span style=\"font-size: 16px\">La Felpa Tech Bikolor si distingue per la sua combinazione di colori dinamici e audaci. Questa scelta cromatica ti permette di esprimere la tua personalit\u00e0 e di aggiungere un tocco di originalit\u00e0 al tuo outfit. Scegli tra una vasta gamma di combinazioni cromatiche per creare un look che ti rappresenti al meglio.<\/span><\/div>\n<h2 class=\"flex justify-between lg:block\"><span style=\"font-size: 16px\">Lo Stile Perfetto per il Mondo Digitale<\/span><\/h2>\n<div class=\"flex justify-between lg:block\"><span style=\"font-size: 16px\">La Felpa Tech Bikolor \u00e8 la scelta ideale per coloro che amano uno stile moderno e digitale. Sia che tu stia trascorrendo una giornata in ufficio o ti stia allenando in palestra, questa felpa ti offre un look versatile e di tendenza. Aggiungi un tocco di tecnologia al tuo guardaroba con questa felpa all&#8217;avanguardia.<\/span><\/div>\n<h2 class=\"flex justify-between lg:block\"><span style=\"font-size: 16px\">Iscriviti alla newsletter e avrai il 10% di sconto<\/span><\/h2>\n<div class=\"flex justify-between lg:block\">Scopri la Felpa Tech Bikolor, la scelta ideale per uno stile all&#8217;avanguardia e tecnologicamente avanzato.<\/div>\n<div class=\"flex justify-between lg:block\"><span style=\"font-size: 16px\">\u00a0<\/span><\/div>\n<div class=\"flex justify-between lg:block\"><span style=\"font-size: 16px\">Iscrivendoti alla nostra newsletter, potrai avere il 10% di sconto sul tuo primo acquisto e rimanere sempre aggiornato sulle nostre promozioni e offerte speciali. Seguici anche sulle nostre pagine Facebook e Instagram per scoprire le ultime novit\u00e0 e trendy della moda.<\/span><\/div>\n<div class=\"flex justify-between lg:block\"><span style=\"font-size: 16px\">\u00a0<\/span><\/div>\n<div class=\"flex justify-between lg:block\"><span style=\"font-size: medium\">Non perdere l<\/span>\u2019<span style=\"font-size: medium\">opportunit\u00e0 di essere sempre alla moda e al passo con le ultime tendenze!<\/span><\/div>\n<\/div>\n<\/div>\n<\/div>\n<div class=\"group w-full text-gray-800 dark:text-gray-100 border-b border-black\/10 dark:border-gray-900\/50 bg-gray-50 dark:bg-[#444654]\">\n<div class=\"flex p-4 gap-4 text-base md:gap-6 md:max-w-2xl lg:max-w-[38rem] xl:max-w-3xl md:py-6 lg:px-0 m-auto\">\n<div class=\"flex-shrink-0 flex flex-col relative items-end\">\n<div class=\"w-[30px]\">\n<div class=\"relative p-1 rounded-sm h-[30px] w-[30px] text-white flex items-center justify-center\"><\/div>\n<\/div>\n<\/div>\n<div class=\"relative flex w-[calc(100%-50px)] flex-col gap-1 md:gap-3 lg:w-[calc(100%-115px)]\">\n<div class=\"flex flex-grow flex-col gap-3\">\n<div class=\"min-h-[20px] flex flex-col items-start gap-4 whitespace-pre-wrap break-words\">\n<div class=\"markdown prose w-full break-words dark:prose-invert light\"><\/div>\n<\/div>\n<\/div>\n<\/div>\n<\/div>\n<\/div>","protected":false},"excerpt":{"rendered":"<p>&nbsp;<\/p>\n<p><strong>Caratteristiche:<\/strong><\/p>\n<ul>\n<li>Textile BI-ELASTIC fiber<\/li>\n<li>Felpa relax due colori con tasche<\/li>\n<li>60% Cotone 40% Polyester<\/li>\n<\/ul>","protected":false},"featured_media":5235,"template":"","meta":{"_glsr_average":0,"_glsr_ranking":0,"_glsr_reviews":0},"product_cat":[447,450,375,398,27,408],"product_tag":[],"giftcard-category":[],"yoast_head":"<!-- This site is optimized with the Yoast SEO plugin v22.3 - https:\/\/yoast.com\/wordpress\/plugins\/seo\/ -->\n<title>Scopri la Felpa Tech Bikolor<\/title>\n<meta name=\"description\" content=\"Scopri la Felpa Tech Bikolor, la scelta ideale per uno stile all&#039;avanguardia e tecnologicamente avanzato.Iscriviti alla newsletter e avrai il 10% di sconto.\" \/>\n<meta name=\"robots\" content=\"index, follow, max-snippet:-1, max-image-preview:large, max-video-preview:-1\" \/>\n<link rel=\"canonical\" href=\"https:\/\/thefootballsquare.com\/en\/felpa-tech-bikolor\/\" \/>\n<meta property=\"og:locale\" content=\"en_GB\" \/>\n<meta property=\"og:type\" content=\"article\" \/>\n<meta property=\"og:title\" content=\"Scopri la Felpa Tech Bikolor\" \/>\n<meta property=\"og:description\" content=\"Scopri la Felpa Tech Bikolor, la scelta ideale per uno stile all&#039;avanguardia e tecnologicamente avanzato.Iscriviti alla newsletter e avrai il 10% di sconto.\" \/>\n<meta property=\"og:url\" content=\"https:\/\/thefootballsquare.com\/en\/felpa-tech-bikolor\/\" \/>\n<meta property=\"og:site_name\" content=\"thefootballsquare.com\" \/>\n<meta property=\"article:modified_time\" content=\"2024-11-21T15:35:06+00:00\" \/>\n<meta property=\"og:image\" content=\"https:\/\/thefootballsquare.com\/wp-content\/uploads\/2023\/03\/1201_19_grigianera01.jpg\" \/>\n\t<meta property=\"og:image:width\" content=\"700\" \/>\n\t<meta property=\"og:image:height\" content=\"782\" \/>\n\t<meta property=\"og:image:type\" content=\"image\/jpeg\" \/>\n<meta name=\"twitter:card\" content=\"summary_large_image\" \/>\n<meta name=\"twitter:title\" content=\"Scopri la Felpa Tech Bikolor\" \/>\n<meta name=\"twitter:description\" content=\"Scopri la Felpa Tech Bikolor, la scelta ideale per uno stile all&#039;avanguardia e tecnologicamente avanzato.Iscriviti alla newsletter e avrai il 10% di sconto.\" \/>\n<meta name=\"twitter:image\" content=\"https:\/\/thefootballsquare.com\/wp-content\/uploads\/2023\/03\/1201_19_grigianera01.jpg\" \/>\n<meta name=\"twitter:label1\" content=\"Estimated reading time\" \/>\n\t<meta name=\"twitter:data1\" content=\"2 minutes\" \/>\n<script type=\"application\/ld+json\" class=\"yoast-schema-graph\">{\"@context\":\"https:\/\/schema.org\",\"@graph\":[{\"@type\":\"WebPage\",\"@id\":\"https:\/\/thefootballsquare.com\/felpa-tech-bikolor\/\",\"url\":\"https:\/\/thefootballsquare.com\/felpa-tech-bikolor\/\",\"name\":\"Scopri la Felpa Tech Bikolor\",\"isPartOf\":{\"@id\":\"https:\/\/thefootballsquare.com\/#website\"},\"primaryImageOfPage\":{\"@id\":\"https:\/\/thefootballsquare.com\/felpa-tech-bikolor\/#primaryimage\"},\"image\":{\"@id\":\"https:\/\/thefootballsquare.com\/felpa-tech-bikolor\/#primaryimage\"},\"thumbnailUrl\":\"https:\/\/thefootballsquare.com\/wp-content\/uploads\/2023\/03\/1201_19_grigianera01.jpg\",\"datePublished\":\"2023-03-03T15:39:19+00:00\",\"dateModified\":\"2024-11-21T15:35:06+00:00\",\"description\":\"Scopri la Felpa Tech Bikolor, la scelta ideale per uno stile all'avanguardia e tecnologicamente avanzato.Iscriviti alla newsletter e avrai il 10% di sconto.\",\"breadcrumb\":{\"@id\":\"https:\/\/thefootballsquare.com\/felpa-tech-bikolor\/#breadcrumb\"},\"inLanguage\":\"en-GB\",\"potentialAction\":[{\"@type\":\"ReadAction\",\"target\":[\"https:\/\/thefootballsquare.com\/felpa-tech-bikolor\/\"]}]},{\"@type\":\"ImageObject\",\"inLanguage\":\"en-GB\",\"@id\":\"https:\/\/thefootballsquare.com\/felpa-tech-bikolor\/#primaryimage\",\"url\":\"https:\/\/thefootballsquare.com\/wp-content\/uploads\/2023\/03\/1201_19_grigianera01.jpg\",\"contentUrl\":\"https:\/\/thefootballsquare.com\/wp-content\/uploads\/2023\/03\/1201_19_grigianera01.jpg\",\"width\":700,\"height\":782,\"caption\":\"felpa tech zeus bikolor grigio nero logo stampato relax con tasche zip cappuccio textile bi-elastic fiber 60% cotone 40% poliestere\"},{\"@type\":\"BreadcrumbList\",\"@id\":\"https:\/\/thefootballsquare.com\/felpa-tech-bikolor\/#breadcrumb\",\"itemListElement\":[{\"@type\":\"ListItem\",\"position\":1,\"name\":\"Home\",\"item\":\"https:\/\/thefootballsquare.com\/\"},{\"@type\":\"ListItem\",\"position\":2,\"name\":\"Felpa Tech Bikolor\"}]},{\"@type\":\"WebSite\",\"@id\":\"https:\/\/thefootballsquare.com\/#website\",\"url\":\"https:\/\/thefootballsquare.com\/\",\"name\":\"thefootballsquare.com\",\"description\":\"\",\"publisher\":{\"@id\":\"https:\/\/thefootballsquare.com\/#organization\"},\"potentialAction\":[{\"@type\":\"SearchAction\",\"target\":{\"@type\":\"EntryPoint\",\"urlTemplate\":\"https:\/\/thefootballsquare.com\/?s={search_term_string}\"},\"query-input\":\"required name=search_term_string\"}],\"inLanguage\":\"en-GB\"},{\"@type\":\"Organization\",\"@id\":\"https:\/\/thefootballsquare.com\/#organization\",\"name\":\"thefootballsquare.com\",\"url\":\"https:\/\/thefootballsquare.com\/\",\"logo\":{\"@type\":\"ImageObject\",\"inLanguage\":\"en-GB\",\"@id\":\"https:\/\/thefootballsquare.com\/#\/schema\/logo\/image\/\",\"url\":\"https:\/\/thefootballsquare.com\/wp-content\/uploads\/2023\/02\/logo_TheFootbalSquare_bianco@4x.png\",\"contentUrl\":\"https:\/\/thefootballsquare.com\/wp-content\/uploads\/2023\/02\/logo_TheFootbalSquare_bianco@4x.png\",\"width\":581,\"height\":477,\"caption\":\"thefootballsquare.com\"},\"image\":{\"@id\":\"https:\/\/thefootballsquare.com\/#\/schema\/logo\/image\/\"}}]}<\/script>\n<!-- \/ Yoast SEO plugin. -->","yoast_head_json":{"title":"Scopri la Felpa Tech Bikolor","description":"Scopri la Felpa Tech Bikolor, la scelta ideale per uno stile all'avanguardia e tecnologicamente avanzato.Iscriviti alla newsletter e avrai il 10% di sconto.","robots":{"index":"index","follow":"follow","max-snippet":"max-snippet:-1","max-image-preview":"max-image-preview:large","max-video-preview":"max-video-preview:-1"},"canonical":"https:\/\/thefootballsquare.com\/en\/felpa-tech-bikolor\/","og_locale":"en_GB","og_type":"article","og_title":"Scopri la Felpa Tech Bikolor","og_description":"Scopri la Felpa Tech Bikolor, la scelta ideale per uno stile all'avanguardia e tecnologicamente avanzato.Iscriviti alla newsletter e avrai il 10% di sconto.","og_url":"https:\/\/thefootballsquare.com\/en\/felpa-tech-bikolor\/","og_site_name":"thefootballsquare.com","article_modified_time":"2024-11-21T15:35:06+00:00","og_image":[{"width":700,"height":782,"url":"https:\/\/thefootballsquare.com\/wp-content\/uploads\/2023\/03\/1201_19_grigianera01.jpg","type":"image\/jpeg"}],"twitter_card":"summary_large_image","twitter_title":"Scopri la Felpa Tech Bikolor","twitter_description":"Scopri la Felpa Tech Bikolor, la scelta ideale per uno stile all'avanguardia e tecnologicamente avanzato.Iscriviti alla newsletter e avrai il 10% di sconto.","twitter_image":"https:\/\/thefootballsquare.com\/wp-content\/uploads\/2023\/03\/1201_19_grigianera01.jpg","twitter_misc":{"Estimated reading time":"2 minutes"},"schema":{"@context":"https:\/\/schema.org","@graph":[{"@type":"WebPage","@id":"https:\/\/thefootballsquare.com\/felpa-tech-bikolor\/","url":"https:\/\/thefootballsquare.com\/felpa-tech-bikolor\/","name":"Scopri la Felpa Tech Bikolor","isPartOf":{"@id":"https:\/\/thefootballsquare.com\/#website"},"primaryImageOfPage":{"@id":"https:\/\/thefootballsquare.com\/felpa-tech-bikolor\/#primaryimage"},"image":{"@id":"https:\/\/thefootballsquare.com\/felpa-tech-bikolor\/#primaryimage"},"thumbnailUrl":"https:\/\/thefootballsquare.com\/wp-content\/uploads\/2023\/03\/1201_19_grigianera01.jpg","datePublished":"2023-03-03T15:39:19+00:00","dateModified":"2024-11-21T15:35:06+00:00","description":"Scopri la Felpa Tech Bikolor, la scelta ideale per uno stile all'avanguardia e tecnologicamente avanzato.Iscriviti alla newsletter e avrai il 10% di sconto.","breadcrumb":{"@id":"https:\/\/thefootballsquare.com\/felpa-tech-bikolor\/#breadcrumb"},"inLanguage":"en-GB","potentialAction":[{"@type":"ReadAction","target":["https:\/\/thefootballsquare.com\/felpa-tech-bikolor\/"]}]},{"@type":"ImageObject","inLanguage":"en-GB","@id":"https:\/\/thefootballsquare.com\/felpa-tech-bikolor\/#primaryimage","url":"https:\/\/thefootballsquare.com\/wp-content\/uploads\/2023\/03\/1201_19_grigianera01.jpg","contentUrl":"https:\/\/thefootballsquare.com\/wp-content\/uploads\/2023\/03\/1201_19_grigianera01.jpg","width":700,"height":782,"caption":"felpa tech zeus bikolor grigio nero logo stampato relax con tasche zip cappuccio textile bi-elastic fiber 60% cotone 40% poliestere"},{"@type":"BreadcrumbList","@id":"https:\/\/thefootballsquare.com\/felpa-tech-bikolor\/#breadcrumb","itemListElement":[{"@type":"ListItem","position":1,"name":"Home","item":"https:\/\/thefootballsquare.com\/"},{"@type":"ListItem","position":2,"name":"Felpa Tech Bikolor"}]},{"@type":"WebSite","@id":"https:\/\/thefootballsquare.com\/#website","url":"https:\/\/thefootballsquare.com\/","name":"thefootballsquare.com","description":"","publisher":{"@id":"https:\/\/thefootballsquare.com\/#organization"},"potentialAction":[{"@type":"SearchAction","target":{"@type":"EntryPoint","urlTemplate":"https:\/\/thefootballsquare.com\/?s={search_term_string}"},"query-input":"required name=search_term_string"}],"inLanguage":"en-GB"},{"@type":"Organization","@id":"https:\/\/thefootballsquare.com\/#organization","name":"thefootballsquare.com","url":"https:\/\/thefootballsquare.com\/","logo":{"@type":"ImageObject","inLanguage":"en-GB","@id":"https:\/\/thefootballsquare.com\/#\/schema\/logo\/image\/","url":"https:\/\/thefootballsquare.com\/wp-content\/uploads\/2023\/02\/logo_TheFootbalSquare_bianco@4x.png","contentUrl":"https:\/\/thefootballsquare.com\/wp-content\/uploads\/2023\/02\/logo_TheFootbalSquare_bianco@4x.png","width":581,"height":477,"caption":"thefootballsquare.com"},"image":{"@id":"https:\/\/thefootballsquare.com\/#\/schema\/logo\/image\/"}}]}},"_links":{"self":[{"href":"https:\/\/thefootballsquare.com\/en\/wp-json\/wp\/v2\/product\/5191"}],"collection":[{"href":"https:\/\/thefootballsquare.com\/en\/wp-json\/wp\/v2\/product"}],"about":[{"href":"https:\/\/thefootballsquare.com\/en\/wp-json\/wp\/v2\/types\/product"}],"version-history":[{"count":2,"href":"https:\/\/thefootballsquare.com\/en\/wp-json\/wp\/v2\/product\/5191\/revisions"}],"predecessor-version":[{"id":48919,"href":"https:\/\/thefootballsquare.com\/en\/wp-json\/wp\/v2\/product\/5191\/revisions\/48919"}],"wp:featuredmedia":[{"embeddable":true,"href":"https:\/\/thefootballsquare.com\/en\/wp-json\/wp\/v2\/media\/5235"}],"wp:attachment":[{"href":"https:\/\/thefootballsquare.com\/en\/wp-json\/wp\/v2\/media?parent=5191"}],"wp:term":[{"taxonomy":"product_cat","embeddable":true,"href":"https:\/\/thefootballsquare.com\/en\/wp-json\/wp\/v2\/product_cat?post=5191"},{"taxonomy":"product_tag","embeddable":true,"href":"https:\/\/thefootballsquare.com\/en\/wp-json\/wp\/v2\/product_tag?post=5191"},{"taxonomy":"giftcard-category","embeddable":true,"href":"https:\/\/thefootballsquare.com\/en\/wp-json\/wp\/v2\/giftcard-category?post=5191"}],"curies":[{"name":"wp","href":"https:\/\/api.w.org\/{rel}","templated":true}]}}