{"id":4799,"date":"2023-03-03T16:10:40","date_gmt":"2023-03-03T15:10:40","guid":{"rendered":"https:\/\/thefootballsquare.com\/?post_type=product&#038;p=4799"},"modified":"2025-03-25T17:57:44","modified_gmt":"2025-03-25T16:57:44","slug":"giacca-micro-monolith-zeus","status":"publish","type":"product","link":"https:\/\/thefootballsquare.com\/en\/giacca-micro-monolith-zeus\/","title":{"rendered":"Giacca Micro Monolith Zeus"},"content":{"rendered":"<h2><strong>Scopri la Giacca Micro Monolith Zeus!<\/strong><\/h2>\n<h3>Giacca Micro Monolith Zeus: La perfetta combinazione di stile, comfort e sportivit\u00e0<\/h3>\n<p>Se stai cercando una giacca che ti offra uno stile <strong>sportivo<\/strong> senza rinunciare al <strong>comfort<\/strong>, allora la giacca micro monolith\u00a0\u00e8 ci\u00f2 che stai cercando.\u00a0<span style=\"font-size: 16px\">Con una vestibilit\u00e0 standard che si adatta perfettamente a ogni corpo, questa giacca sportiva \u00e8 realizzata al 100% in poliestere di alta qualit\u00e0. \u00c8\u00a0un capo d&#8217;abbigliamento <strong>versatile<\/strong> che si adatta a qualsiasi occasione <strong>sportiva<\/strong>. Che tu stia praticando il tuo sport preferito o semplicemente uscendo per una passeggiata all&#8217;aria aperta, questa giacca sar\u00e0 il compagno ideale per completare il<strong> tuo look sportivo.<\/strong> I colori disponibili ti offrono la possibilit\u00e0 di esprimere il tuo <strong>stile<\/strong> personale in modo unico e audace anche durante l&#8217;attivit\u00e0 fisica.<\/span><\/p>\n<h2>Comfort ed eleganza senza compromessi<\/h2>\n<p>Realizzata in poliestere di <strong>alta qualit\u00e0<\/strong>, la Giacca Micro Monolith Zeus ,\u00a0ti offre il massimo <strong>comfort<\/strong> senza sacrificare lo stile sportivo. Il tessuto leggero e <strong>traspirante<\/strong> ti permette di muoverti liberamente e di regolare la temperatura del corpo durante l&#8217;attivit\u00e0 sportiva. La sua fodera interna morbida ti mantiene al caldo anche durante le giornate pi\u00f9 fresche. Indossala con fiducia e sentiti a tuo agio in ogni situazione sportiva.\u00a0\u00a0La GIACCA MICRO MONOLITH \u00e8 il risultato dell&#8217;attenzione ai dettagli e della ricerca della perfezione sportiva. Ogni cucitura \u00e8 stata realizzata con cura e precisione per garantire una durata nel tempo anche durante l&#8217;uso sportivo. La sua linea elegante e sportiva ti far\u00e0 risaltare tra gli altri sportivi, mentre la sua qualit\u00e0 superiore ti assicura un capo d&#8217;abbigliamento sportivo che durer\u00e0 nel tempo senza perdere il suo fascino<\/p>\n<h2>Iscriviti alla newsletter e avrai il 10% di sconto<\/h2>\n<p>Scopri la Giacca Micro Monolith Zeus, la combinazione perfetta di <strong>stile<\/strong>, <strong>comfort<\/strong> e <strong>sportivit\u00e0<\/strong>.<\/p>\n<p>Iscrivendoti alla nostra newsletter, potrai avere il 10% di sconto sul tuo primo acquisto e rimanere sempre aggiornato sulle nostre promozioni e offerte speciali. Seguici anche\u00a0sulle nostre pagine Facebook e Instagram per scoprire le ultime novit\u00e0 e trendy della moda.<\/p>","protected":false},"excerpt":{"rendered":"<p><strong>Ordine minimo 5 pezzi<\/strong><\/p>\n<p><strong>Caratteristiche:<\/strong><\/p>\n<ul>\n<li><span class=\"title_red\">Vestibilit\u00e0<\/span> standard fit<\/li>\n<li>Textile MICRO fiber<\/li>\n<li>100% Poliestere<\/li>\n<\/ul>","protected":false},"featured_media":4966,"template":"","meta":{"_glsr_average":0,"_glsr_ranking":0,"_glsr_reviews":0},"product_cat":[447,450,375,398,27,408],"product_tag":[],"giftcard-category":[],"yoast_head":"<!-- This site is optimized with the Yoast SEO plugin v22.3 - https:\/\/yoast.com\/wordpress\/plugins\/seo\/ -->\n<title>Giacca Micro Monolith Zeus<\/title>\n<meta name=\"description\" content=\"Scopri la Giacca Micro Monolith Zeus, la combinazione perfetta di stile, comfort e sportivit\u00e0. Iscriviti alla newsletter per uno sconto del 10%.\" \/>\n<meta name=\"robots\" content=\"index, follow, max-snippet:-1, max-image-preview:large, max-video-preview:-1\" \/>\n<link rel=\"canonical\" href=\"https:\/\/thefootballsquare.com\/en\/giacca-micro-monolith-zeus\/\" \/>\n<meta property=\"og:locale\" content=\"en_GB\" \/>\n<meta property=\"og:type\" content=\"article\" \/>\n<meta property=\"og:title\" content=\"Giacca Micro Monolith Zeus\" \/>\n<meta property=\"og:description\" content=\"Scopri la Giacca Micro Monolith Zeus, la combinazione perfetta di stile, comfort e sportivit\u00e0. Iscriviti alla newsletter per uno sconto del 10%.\" \/>\n<meta property=\"og:url\" content=\"https:\/\/thefootballsquare.com\/en\/giacca-micro-monolith-zeus\/\" \/>\n<meta property=\"og:site_name\" content=\"thefootballsquare.com\" \/>\n<meta property=\"article:modified_time\" content=\"2025-03-25T16:57:44+00:00\" \/>\n<meta property=\"og:image\" content=\"https:\/\/thefootballsquare.com\/wp-content\/uploads\/2023\/03\/1018_1_giacca-micro-monolith-blu-1.jpg\" \/>\n\t<meta property=\"og:image:width\" content=\"700\" \/>\n\t<meta property=\"og:image:height\" content=\"782\" \/>\n\t<meta property=\"og:image:type\" content=\"image\/jpeg\" \/>\n<meta name=\"twitter:card\" content=\"summary_large_image\" \/>\n<meta name=\"twitter:title\" content=\"Giacca Micro Monolith Zeus\" \/>\n<meta name=\"twitter:description\" content=\"Scopri la Giacca Micro Monolith Zeus, la combinazione perfetta di stile, comfort e sportivit\u00e0. Iscriviti alla newsletter per uno sconto del 10%.\" \/>\n<meta name=\"twitter:image\" content=\"https:\/\/thefootballsquare.com\/wp-content\/uploads\/2023\/03\/1018_1_giacca-micro-monolith-blu-1.jpg\" \/>\n<meta name=\"twitter:label1\" content=\"Estimated reading time\" \/>\n\t<meta name=\"twitter:data1\" content=\"2 minutes\" \/>\n<script type=\"application\/ld+json\" class=\"yoast-schema-graph\">{\"@context\":\"https:\/\/schema.org\",\"@graph\":[{\"@type\":\"WebPage\",\"@id\":\"https:\/\/thefootballsquare.com\/giacca-micro-monolith-zeus\/\",\"url\":\"https:\/\/thefootballsquare.com\/giacca-micro-monolith-zeus\/\",\"name\":\"Giacca Micro Monolith Zeus\",\"isPartOf\":{\"@id\":\"https:\/\/thefootballsquare.com\/#website\"},\"primaryImageOfPage\":{\"@id\":\"https:\/\/thefootballsquare.com\/giacca-micro-monolith-zeus\/#primaryimage\"},\"image\":{\"@id\":\"https:\/\/thefootballsquare.com\/giacca-micro-monolith-zeus\/#primaryimage\"},\"thumbnailUrl\":\"https:\/\/thefootballsquare.com\/wp-content\/uploads\/2023\/03\/1018_2_fronte-nero.jpg\",\"datePublished\":\"2023-03-03T15:10:40+00:00\",\"dateModified\":\"2025-03-25T16:57:44+00:00\",\"description\":\"Scopri la Giacca Micro Monolith Zeus, la combinazione perfetta di stile, comfort e sportivit\u00e0. Iscriviti alla newsletter per uno sconto del 10%.\",\"breadcrumb\":{\"@id\":\"https:\/\/thefootballsquare.com\/giacca-micro-monolith-zeus\/#breadcrumb\"},\"inLanguage\":\"en-GB\",\"potentialAction\":[{\"@type\":\"ReadAction\",\"target\":[\"https:\/\/thefootballsquare.com\/giacca-micro-monolith-zeus\/\"]}]},{\"@type\":\"ImageObject\",\"inLanguage\":\"en-GB\",\"@id\":\"https:\/\/thefootballsquare.com\/giacca-micro-monolith-zeus\/#primaryimage\",\"url\":\"https:\/\/thefootballsquare.com\/wp-content\/uploads\/2023\/03\/1018_2_fronte-nero.jpg\",\"contentUrl\":\"https:\/\/thefootballsquare.com\/wp-content\/uploads\/2023\/03\/1018_2_fronte-nero.jpg\",\"width\":700,\"height\":782,\"caption\":\"giacca micro monolith zeus nero tinta unita standard fit texile micro fiber logo stampato collo alto zip 100 % poliestere\"},{\"@type\":\"BreadcrumbList\",\"@id\":\"https:\/\/thefootballsquare.com\/giacca-micro-monolith-zeus\/#breadcrumb\",\"itemListElement\":[{\"@type\":\"ListItem\",\"position\":1,\"name\":\"Home\",\"item\":\"https:\/\/thefootballsquare.com\/\"},{\"@type\":\"ListItem\",\"position\":2,\"name\":\"Giacca Micro Monolith Zeus\"}]},{\"@type\":\"WebSite\",\"@id\":\"https:\/\/thefootballsquare.com\/#website\",\"url\":\"https:\/\/thefootballsquare.com\/\",\"name\":\"thefootballsquare.com\",\"description\":\"\",\"publisher\":{\"@id\":\"https:\/\/thefootballsquare.com\/#organization\"},\"potentialAction\":[{\"@type\":\"SearchAction\",\"target\":{\"@type\":\"EntryPoint\",\"urlTemplate\":\"https:\/\/thefootballsquare.com\/?s={search_term_string}\"},\"query-input\":\"required name=search_term_string\"}],\"inLanguage\":\"en-GB\"},{\"@type\":\"Organization\",\"@id\":\"https:\/\/thefootballsquare.com\/#organization\",\"name\":\"thefootballsquare.com\",\"url\":\"https:\/\/thefootballsquare.com\/\",\"logo\":{\"@type\":\"ImageObject\",\"inLanguage\":\"en-GB\",\"@id\":\"https:\/\/thefootballsquare.com\/#\/schema\/logo\/image\/\",\"url\":\"https:\/\/thefootballsquare.com\/wp-content\/uploads\/2023\/02\/logo_TheFootbalSquare_bianco@4x.png\",\"contentUrl\":\"https:\/\/thefootballsquare.com\/wp-content\/uploads\/2023\/02\/logo_TheFootbalSquare_bianco@4x.png\",\"width\":581,\"height\":477,\"caption\":\"thefootballsquare.com\"},\"image\":{\"@id\":\"https:\/\/thefootballsquare.com\/#\/schema\/logo\/image\/\"}}]}<\/script>\n<!-- \/ Yoast SEO plugin. -->","yoast_head_json":{"title":"Giacca Micro Monolith Zeus","description":"Scopri la Giacca Micro Monolith Zeus, la combinazione perfetta di stile, comfort e sportivit\u00e0. Iscriviti alla newsletter per uno sconto del 10%.","robots":{"index":"index","follow":"follow","max-snippet":"max-snippet:-1","max-image-preview":"max-image-preview:large","max-video-preview":"max-video-preview:-1"},"canonical":"https:\/\/thefootballsquare.com\/en\/giacca-micro-monolith-zeus\/","og_locale":"en_GB","og_type":"article","og_title":"Giacca Micro Monolith Zeus","og_description":"Scopri la Giacca Micro Monolith Zeus, la combinazione perfetta di stile, comfort e sportivit\u00e0. Iscriviti alla newsletter per uno sconto del 10%.","og_url":"https:\/\/thefootballsquare.com\/en\/giacca-micro-monolith-zeus\/","og_site_name":"thefootballsquare.com","article_modified_time":"2025-03-25T16:57:44+00:00","og_image":[{"width":700,"height":782,"url":"https:\/\/thefootballsquare.com\/wp-content\/uploads\/2023\/03\/1018_1_giacca-micro-monolith-blu-1.jpg","type":"image\/jpeg"}],"twitter_card":"summary_large_image","twitter_title":"Giacca Micro Monolith Zeus","twitter_description":"Scopri la Giacca Micro Monolith Zeus, la combinazione perfetta di stile, comfort e sportivit\u00e0. Iscriviti alla newsletter per uno sconto del 10%.","twitter_image":"https:\/\/thefootballsquare.com\/wp-content\/uploads\/2023\/03\/1018_1_giacca-micro-monolith-blu-1.jpg","twitter_misc":{"Estimated reading time":"2 minutes"},"schema":{"@context":"https:\/\/schema.org","@graph":[{"@type":"WebPage","@id":"https:\/\/thefootballsquare.com\/giacca-micro-monolith-zeus\/","url":"https:\/\/thefootballsquare.com\/giacca-micro-monolith-zeus\/","name":"Giacca Micro Monolith Zeus","isPartOf":{"@id":"https:\/\/thefootballsquare.com\/#website"},"primaryImageOfPage":{"@id":"https:\/\/thefootballsquare.com\/giacca-micro-monolith-zeus\/#primaryimage"},"image":{"@id":"https:\/\/thefootballsquare.com\/giacca-micro-monolith-zeus\/#primaryimage"},"thumbnailUrl":"https:\/\/thefootballsquare.com\/wp-content\/uploads\/2023\/03\/1018_2_fronte-nero.jpg","datePublished":"2023-03-03T15:10:40+00:00","dateModified":"2025-03-25T16:57:44+00:00","description":"Scopri la Giacca Micro Monolith Zeus, la combinazione perfetta di stile, comfort e sportivit\u00e0. Iscriviti alla newsletter per uno sconto del 10%.","breadcrumb":{"@id":"https:\/\/thefootballsquare.com\/giacca-micro-monolith-zeus\/#breadcrumb"},"inLanguage":"en-GB","potentialAction":[{"@type":"ReadAction","target":["https:\/\/thefootballsquare.com\/giacca-micro-monolith-zeus\/"]}]},{"@type":"ImageObject","inLanguage":"en-GB","@id":"https:\/\/thefootballsquare.com\/giacca-micro-monolith-zeus\/#primaryimage","url":"https:\/\/thefootballsquare.com\/wp-content\/uploads\/2023\/03\/1018_2_fronte-nero.jpg","contentUrl":"https:\/\/thefootballsquare.com\/wp-content\/uploads\/2023\/03\/1018_2_fronte-nero.jpg","width":700,"height":782,"caption":"giacca micro monolith zeus nero tinta unita standard fit texile micro fiber logo stampato collo alto zip 100 % poliestere"},{"@type":"BreadcrumbList","@id":"https:\/\/thefootballsquare.com\/giacca-micro-monolith-zeus\/#breadcrumb","itemListElement":[{"@type":"ListItem","position":1,"name":"Home","item":"https:\/\/thefootballsquare.com\/"},{"@type":"ListItem","position":2,"name":"Giacca Micro Monolith Zeus"}]},{"@type":"WebSite","@id":"https:\/\/thefootballsquare.com\/#website","url":"https:\/\/thefootballsquare.com\/","name":"thefootballsquare.com","description":"","publisher":{"@id":"https:\/\/thefootballsquare.com\/#organization"},"potentialAction":[{"@type":"SearchAction","target":{"@type":"EntryPoint","urlTemplate":"https:\/\/thefootballsquare.com\/?s={search_term_string}"},"query-input":"required name=search_term_string"}],"inLanguage":"en-GB"},{"@type":"Organization","@id":"https:\/\/thefootballsquare.com\/#organization","name":"thefootballsquare.com","url":"https:\/\/thefootballsquare.com\/","logo":{"@type":"ImageObject","inLanguage":"en-GB","@id":"https:\/\/thefootballsquare.com\/#\/schema\/logo\/image\/","url":"https:\/\/thefootballsquare.com\/wp-content\/uploads\/2023\/02\/logo_TheFootbalSquare_bianco@4x.png","contentUrl":"https:\/\/thefootballsquare.com\/wp-content\/uploads\/2023\/02\/logo_TheFootbalSquare_bianco@4x.png","width":581,"height":477,"caption":"thefootballsquare.com"},"image":{"@id":"https:\/\/thefootballsquare.com\/#\/schema\/logo\/image\/"}}]}},"_links":{"self":[{"href":"https:\/\/thefootballsquare.com\/en\/wp-json\/wp\/v2\/product\/4799"}],"collection":[{"href":"https:\/\/thefootballsquare.com\/en\/wp-json\/wp\/v2\/product"}],"about":[{"href":"https:\/\/thefootballsquare.com\/en\/wp-json\/wp\/v2\/types\/product"}],"version-history":[{"count":2,"href":"https:\/\/thefootballsquare.com\/en\/wp-json\/wp\/v2\/product\/4799\/revisions"}],"predecessor-version":[{"id":50557,"href":"https:\/\/thefootballsquare.com\/en\/wp-json\/wp\/v2\/product\/4799\/revisions\/50557"}],"wp:featuredmedia":[{"embeddable":true,"href":"https:\/\/thefootballsquare.com\/en\/wp-json\/wp\/v2\/media\/4966"}],"wp:attachment":[{"href":"https:\/\/thefootballsquare.com\/en\/wp-json\/wp\/v2\/media?parent=4799"}],"wp:term":[{"taxonomy":"product_cat","embeddable":true,"href":"https:\/\/thefootballsquare.com\/en\/wp-json\/wp\/v2\/product_cat?post=4799"},{"taxonomy":"product_tag","embeddable":true,"href":"https:\/\/thefootballsquare.com\/en\/wp-json\/wp\/v2\/product_tag?post=4799"},{"taxonomy":"giftcard-category","embeddable":true,"href":"https:\/\/thefootballsquare.com\/en\/wp-json\/wp\/v2\/giftcard-category?post=4799"}],"curies":[{"name":"wp","href":"https:\/\/api.w.org\/{rel}","templated":true}]}}