{"id":4774,"date":"2023-03-03T15:21:40","date_gmt":"2023-03-03T14:21:40","guid":{"rendered":"https:\/\/thefootballsquare.com\/?post_type=product&#038;p=4774"},"modified":"2025-03-25T17:58:05","modified_gmt":"2025-03-25T16:58:05","slug":"tuta-vesuvio-winter-zeus","status":"publish","type":"product","link":"https:\/\/thefootballsquare.com\/en\/tuta-vesuvio-winter-zeus\/","title":{"rendered":"Tuta Vesuvio Winter zeus"},"content":{"rendered":"<h2><b>Scopri la\u00a0Tuta Vesuvio Winter zeus\u00a0<\/b><\/h2>\n<p>Se stai cercando il capo d&#8217;abbigliamento ideale che unisca comfort e stile, la Tuta Vesuvio Winter Zeus\u00a0\u00e8 ci\u00f2 che fa al caso tuo.<\/p>\n<h3>Comfort e Stile in un Unico Capo.<\/h3>\n<p>Grazie alla sua vestibilit\u00e0 <strong>standard<\/strong> fit, si adatta perfettamente al tuo corpo, offrendo una sensazione di <strong>libert\u00e0<\/strong> e agio in ogni <strong>movimento<\/strong>. La Tuta Vesuvio Winter zeus \u00e8 realizzata con Textile <strong>FLEECE<\/strong> fiber,\u00a0\u00a0nota per la sua <strong>morbidezza<\/strong>, <strong>calore<\/strong> e <strong>comfort<\/strong>.\u00a0\u00c8 confortevole da indossare e offre una buona elasticit\u00e0, consentendo un facile movimento, inoltre combinato al \u00a070% Cotone 30% Poliestere , offre il lato vantaggiosi di entrambi i mondi. Il cotone contribuisce alla sensazione di morbidezza e comfort, mentre il poliestere aggiunge resistenza e durabilit\u00e0 al capo\u00a0. I materiali utilizzati\u00a0ti regaleranno una sensazione di comfort senza eguali.<\/p>\n<p>Il punto di forza della Tuta Vesuvio Winter Zeus \u00e8 la sua zip, che aggiunge un tocco di stile unico al capo. Puoi indossarla completamente chiusa per un look sofisticato e sportivo, o aprire la zip per un tocco casual e informale. La scelta \u00e8 tua, e ogni volta potrai creare uno stile diverso e adattarlo alle tue esigenze.<\/p>\n<h2>Palette di Colori per Esprimere la tua Personalit\u00e0<\/h2>\n<p>La Tuta Vesuvio Winter\u00a0\u00e8 disponibile in una <strong>vasta gamma di colori vibranti<\/strong> che ti permetteranno di esprimere la tua personalit\u00e0. Che tu preferisca tonalit\u00e0 audaci e vivaci o colori pi\u00f9 classici e eleganti, troverai sicuramente il tuo <strong>match<\/strong> <strong>perfetto<\/strong> tra le opzioni disponibili.<\/p>\n<h2>Iscriviti alla newsletter e avrai il 10% di sconto<\/h2>\n<p>Che tu sia alla ricerca di un outfit casual per il tempo libero o di un look sportivo per le tue attivit\u00e0 fisiche, questa tuta si adatter\u00e0 perfettamente alle tue esigenze<\/p>\n<p>Iscrivendoti alla nostra newsletter, potrai avere il 10% di sconto sul tuo primo acquisto e rimanere sempre aggiornato sulle nostre promozioni e offerte speciali. Seguici anche sulle nostre pagine Facebook e Instagram per scoprire le ultime novit\u00e0 e trendy della moda.<\/p>\n<p>&nbsp;<\/p>\n<p>Non perdere l\u2019opportunit\u00e0 di essere sempre alla moda e al passo con le ultime tendenze!<\/p>","protected":false},"excerpt":{"rendered":"<p><strong>Ordine minimo 5 pezzi<\/strong><\/p>\n<p><strong>Caratteristiche:<\/strong><\/p>\n<ul>\n<li>Vestibilit\u00e0 standard fit<\/li>\n<li>Textile FLEECE fiber<\/li>\n<li>Tuta relax felpata con tasche felpa e pantalone<\/li>\n<li>70% Cotone 30% Poliestere<\/li>\n<\/ul>","protected":false},"featured_media":17073,"template":"","meta":{"_glsr_average":0,"_glsr_ranking":0,"_glsr_reviews":0},"product_cat":[447,450,375,389,24,411],"product_tag":[],"giftcard-category":[],"yoast_head":"<!-- This site is optimized with the Yoast SEO plugin v22.3 - https:\/\/yoast.com\/wordpress\/plugins\/seo\/ -->\n<title>Tuta Vesuvio Winter Zeus<\/title>\n<meta name=\"description\" content=\"Scopri la Tuta Vesuvio Winter Zeus e scopri come il comfort e lo stile possono coesistere armoniosamente. Iscriviti alla newsletter e avrai il 10% di sconto\" \/>\n<meta name=\"robots\" content=\"index, follow, max-snippet:-1, max-image-preview:large, max-video-preview:-1\" \/>\n<link rel=\"canonical\" href=\"https:\/\/thefootballsquare.com\/en\/tuta-vesuvio-winter-zeus\/\" \/>\n<meta property=\"og:locale\" content=\"en_GB\" \/>\n<meta property=\"og:type\" content=\"article\" \/>\n<meta property=\"og:title\" content=\"Tuta Vesuvio Winter Zeus\" \/>\n<meta property=\"og:description\" content=\"Scopri la Tuta Vesuvio Winter Zeus e scopri come il comfort e lo stile possono coesistere armoniosamente. Iscriviti alla newsletter e avrai il 10% di sconto\" \/>\n<meta property=\"og:url\" content=\"https:\/\/thefootballsquare.com\/en\/tuta-vesuvio-winter-zeus\/\" \/>\n<meta property=\"og:site_name\" content=\"thefootballsquare.com\" \/>\n<meta property=\"article:modified_time\" content=\"2025-03-25T16:58:05+00:00\" \/>\n<meta property=\"og:image\" content=\"https:\/\/thefootballsquare.com\/wp-content\/uploads\/2023\/03\/960_13_TUTA-WINTER-VESUVIO-BLU-ROYAL-2.jpg\" \/>\n\t<meta property=\"og:image:width\" content=\"700\" \/>\n\t<meta property=\"og:image:height\" content=\"782\" \/>\n\t<meta property=\"og:image:type\" content=\"image\/jpeg\" \/>\n<meta name=\"twitter:card\" content=\"summary_large_image\" \/>\n<meta name=\"twitter:title\" content=\"Tuta Vesuvio Winter Zeus\" \/>\n<meta name=\"twitter:description\" content=\"Scopri la Tuta Vesuvio Winter Zeus e scopri come il comfort e lo stile possono coesistere armoniosamente. Iscriviti alla newsletter e avrai il 10% di sconto\" \/>\n<meta name=\"twitter:image\" content=\"https:\/\/thefootballsquare.com\/wp-content\/uploads\/2023\/03\/960_13_TUTA-WINTER-VESUVIO-BLU-ROYAL-2.jpg\" \/>\n<meta name=\"twitter:label1\" content=\"Estimated reading time\" \/>\n\t<meta name=\"twitter:data1\" content=\"2 minutes\" \/>\n<script type=\"application\/ld+json\" class=\"yoast-schema-graph\">{\"@context\":\"https:\/\/schema.org\",\"@graph\":[{\"@type\":\"WebPage\",\"@id\":\"https:\/\/thefootballsquare.com\/tuta-vesuvio-winter-zeus\/\",\"url\":\"https:\/\/thefootballsquare.com\/tuta-vesuvio-winter-zeus\/\",\"name\":\"Tuta Vesuvio Winter Zeus\",\"isPartOf\":{\"@id\":\"https:\/\/thefootballsquare.com\/#website\"},\"primaryImageOfPage\":{\"@id\":\"https:\/\/thefootballsquare.com\/tuta-vesuvio-winter-zeus\/#primaryimage\"},\"image\":{\"@id\":\"https:\/\/thefootballsquare.com\/tuta-vesuvio-winter-zeus\/#primaryimage\"},\"thumbnailUrl\":\"https:\/\/thefootballsquare.com\/wp-content\/uploads\/2023\/03\/960_13_TUTA-WINTER-VESUVIO-BLU-ROYAL-2.jpg\",\"datePublished\":\"2023-03-03T14:21:40+00:00\",\"dateModified\":\"2025-03-25T16:58:05+00:00\",\"description\":\"Scopri la Tuta Vesuvio Winter Zeus e scopri come il comfort e lo stile possono coesistere armoniosamente. Iscriviti alla newsletter e avrai il 10% di sconto\",\"breadcrumb\":{\"@id\":\"https:\/\/thefootballsquare.com\/tuta-vesuvio-winter-zeus\/#breadcrumb\"},\"inLanguage\":\"en-GB\",\"potentialAction\":[{\"@type\":\"ReadAction\",\"target\":[\"https:\/\/thefootballsquare.com\/tuta-vesuvio-winter-zeus\/\"]}]},{\"@type\":\"ImageObject\",\"inLanguage\":\"en-GB\",\"@id\":\"https:\/\/thefootballsquare.com\/tuta-vesuvio-winter-zeus\/#primaryimage\",\"url\":\"https:\/\/thefootballsquare.com\/wp-content\/uploads\/2023\/03\/960_13_TUTA-WINTER-VESUVIO-BLU-ROYAL-2.jpg\",\"contentUrl\":\"https:\/\/thefootballsquare.com\/wp-content\/uploads\/2023\/03\/960_13_TUTA-WINTER-VESUVIO-BLU-ROYAL-2.jpg\",\"width\":700,\"height\":782,\"caption\":\"Tuta winter vesuvio relax felpata blu royal collo alto zip logo sul petto 70% Cotone 30% Poliestere\"},{\"@type\":\"BreadcrumbList\",\"@id\":\"https:\/\/thefootballsquare.com\/tuta-vesuvio-winter-zeus\/#breadcrumb\",\"itemListElement\":[{\"@type\":\"ListItem\",\"position\":1,\"name\":\"Home\",\"item\":\"https:\/\/thefootballsquare.com\/\"},{\"@type\":\"ListItem\",\"position\":2,\"name\":\"Tuta Vesuvio Winter zeus\"}]},{\"@type\":\"WebSite\",\"@id\":\"https:\/\/thefootballsquare.com\/#website\",\"url\":\"https:\/\/thefootballsquare.com\/\",\"name\":\"thefootballsquare.com\",\"description\":\"\",\"publisher\":{\"@id\":\"https:\/\/thefootballsquare.com\/#organization\"},\"potentialAction\":[{\"@type\":\"SearchAction\",\"target\":{\"@type\":\"EntryPoint\",\"urlTemplate\":\"https:\/\/thefootballsquare.com\/?s={search_term_string}\"},\"query-input\":\"required name=search_term_string\"}],\"inLanguage\":\"en-GB\"},{\"@type\":\"Organization\",\"@id\":\"https:\/\/thefootballsquare.com\/#organization\",\"name\":\"thefootballsquare.com\",\"url\":\"https:\/\/thefootballsquare.com\/\",\"logo\":{\"@type\":\"ImageObject\",\"inLanguage\":\"en-GB\",\"@id\":\"https:\/\/thefootballsquare.com\/#\/schema\/logo\/image\/\",\"url\":\"https:\/\/thefootballsquare.com\/wp-content\/uploads\/2023\/02\/logo_TheFootbalSquare_bianco@4x.png\",\"contentUrl\":\"https:\/\/thefootballsquare.com\/wp-content\/uploads\/2023\/02\/logo_TheFootbalSquare_bianco@4x.png\",\"width\":581,\"height\":477,\"caption\":\"thefootballsquare.com\"},\"image\":{\"@id\":\"https:\/\/thefootballsquare.com\/#\/schema\/logo\/image\/\"}}]}<\/script>\n<!-- \/ Yoast SEO plugin. -->","yoast_head_json":{"title":"Tuta Vesuvio Winter Zeus","description":"Scopri la Tuta Vesuvio Winter Zeus e scopri come il comfort e lo stile possono coesistere armoniosamente. Iscriviti alla newsletter e avrai il 10% di sconto","robots":{"index":"index","follow":"follow","max-snippet":"max-snippet:-1","max-image-preview":"max-image-preview:large","max-video-preview":"max-video-preview:-1"},"canonical":"https:\/\/thefootballsquare.com\/en\/tuta-vesuvio-winter-zeus\/","og_locale":"en_GB","og_type":"article","og_title":"Tuta Vesuvio Winter Zeus","og_description":"Scopri la Tuta Vesuvio Winter Zeus e scopri come il comfort e lo stile possono coesistere armoniosamente. Iscriviti alla newsletter e avrai il 10% di sconto","og_url":"https:\/\/thefootballsquare.com\/en\/tuta-vesuvio-winter-zeus\/","og_site_name":"thefootballsquare.com","article_modified_time":"2025-03-25T16:58:05+00:00","og_image":[{"width":700,"height":782,"url":"https:\/\/thefootballsquare.com\/wp-content\/uploads\/2023\/03\/960_13_TUTA-WINTER-VESUVIO-BLU-ROYAL-2.jpg","type":"image\/jpeg"}],"twitter_card":"summary_large_image","twitter_title":"Tuta Vesuvio Winter Zeus","twitter_description":"Scopri la Tuta Vesuvio Winter Zeus e scopri come il comfort e lo stile possono coesistere armoniosamente. Iscriviti alla newsletter e avrai il 10% di sconto","twitter_image":"https:\/\/thefootballsquare.com\/wp-content\/uploads\/2023\/03\/960_13_TUTA-WINTER-VESUVIO-BLU-ROYAL-2.jpg","twitter_misc":{"Estimated reading time":"2 minutes"},"schema":{"@context":"https:\/\/schema.org","@graph":[{"@type":"WebPage","@id":"https:\/\/thefootballsquare.com\/tuta-vesuvio-winter-zeus\/","url":"https:\/\/thefootballsquare.com\/tuta-vesuvio-winter-zeus\/","name":"Tuta Vesuvio Winter Zeus","isPartOf":{"@id":"https:\/\/thefootballsquare.com\/#website"},"primaryImageOfPage":{"@id":"https:\/\/thefootballsquare.com\/tuta-vesuvio-winter-zeus\/#primaryimage"},"image":{"@id":"https:\/\/thefootballsquare.com\/tuta-vesuvio-winter-zeus\/#primaryimage"},"thumbnailUrl":"https:\/\/thefootballsquare.com\/wp-content\/uploads\/2023\/03\/960_13_TUTA-WINTER-VESUVIO-BLU-ROYAL-2.jpg","datePublished":"2023-03-03T14:21:40+00:00","dateModified":"2025-03-25T16:58:05+00:00","description":"Scopri la Tuta Vesuvio Winter Zeus e scopri come il comfort e lo stile possono coesistere armoniosamente. Iscriviti alla newsletter e avrai il 10% di sconto","breadcrumb":{"@id":"https:\/\/thefootballsquare.com\/tuta-vesuvio-winter-zeus\/#breadcrumb"},"inLanguage":"en-GB","potentialAction":[{"@type":"ReadAction","target":["https:\/\/thefootballsquare.com\/tuta-vesuvio-winter-zeus\/"]}]},{"@type":"ImageObject","inLanguage":"en-GB","@id":"https:\/\/thefootballsquare.com\/tuta-vesuvio-winter-zeus\/#primaryimage","url":"https:\/\/thefootballsquare.com\/wp-content\/uploads\/2023\/03\/960_13_TUTA-WINTER-VESUVIO-BLU-ROYAL-2.jpg","contentUrl":"https:\/\/thefootballsquare.com\/wp-content\/uploads\/2023\/03\/960_13_TUTA-WINTER-VESUVIO-BLU-ROYAL-2.jpg","width":700,"height":782,"caption":"Tuta winter vesuvio relax felpata blu royal collo alto zip logo sul petto 70% Cotone 30% Poliestere"},{"@type":"BreadcrumbList","@id":"https:\/\/thefootballsquare.com\/tuta-vesuvio-winter-zeus\/#breadcrumb","itemListElement":[{"@type":"ListItem","position":1,"name":"Home","item":"https:\/\/thefootballsquare.com\/"},{"@type":"ListItem","position":2,"name":"Tuta Vesuvio Winter zeus"}]},{"@type":"WebSite","@id":"https:\/\/thefootballsquare.com\/#website","url":"https:\/\/thefootballsquare.com\/","name":"thefootballsquare.com","description":"","publisher":{"@id":"https:\/\/thefootballsquare.com\/#organization"},"potentialAction":[{"@type":"SearchAction","target":{"@type":"EntryPoint","urlTemplate":"https:\/\/thefootballsquare.com\/?s={search_term_string}"},"query-input":"required name=search_term_string"}],"inLanguage":"en-GB"},{"@type":"Organization","@id":"https:\/\/thefootballsquare.com\/#organization","name":"thefootballsquare.com","url":"https:\/\/thefootballsquare.com\/","logo":{"@type":"ImageObject","inLanguage":"en-GB","@id":"https:\/\/thefootballsquare.com\/#\/schema\/logo\/image\/","url":"https:\/\/thefootballsquare.com\/wp-content\/uploads\/2023\/02\/logo_TheFootbalSquare_bianco@4x.png","contentUrl":"https:\/\/thefootballsquare.com\/wp-content\/uploads\/2023\/02\/logo_TheFootbalSquare_bianco@4x.png","width":581,"height":477,"caption":"thefootballsquare.com"},"image":{"@id":"https:\/\/thefootballsquare.com\/#\/schema\/logo\/image\/"}}]}},"_links":{"self":[{"href":"https:\/\/thefootballsquare.com\/en\/wp-json\/wp\/v2\/product\/4774"}],"collection":[{"href":"https:\/\/thefootballsquare.com\/en\/wp-json\/wp\/v2\/product"}],"about":[{"href":"https:\/\/thefootballsquare.com\/en\/wp-json\/wp\/v2\/types\/product"}],"version-history":[{"count":1,"href":"https:\/\/thefootballsquare.com\/en\/wp-json\/wp\/v2\/product\/4774\/revisions"}],"predecessor-version":[{"id":46357,"href":"https:\/\/thefootballsquare.com\/en\/wp-json\/wp\/v2\/product\/4774\/revisions\/46357"}],"wp:featuredmedia":[{"embeddable":true,"href":"https:\/\/thefootballsquare.com\/en\/wp-json\/wp\/v2\/media\/17073"}],"wp:attachment":[{"href":"https:\/\/thefootballsquare.com\/en\/wp-json\/wp\/v2\/media?parent=4774"}],"wp:term":[{"taxonomy":"product_cat","embeddable":true,"href":"https:\/\/thefootballsquare.com\/en\/wp-json\/wp\/v2\/product_cat?post=4774"},{"taxonomy":"product_tag","embeddable":true,"href":"https:\/\/thefootballsquare.com\/en\/wp-json\/wp\/v2\/product_tag?post=4774"},{"taxonomy":"giftcard-category","embeddable":true,"href":"https:\/\/thefootballsquare.com\/en\/wp-json\/wp\/v2\/giftcard-category?post=4774"}],"curies":[{"name":"wp","href":"https:\/\/api.w.org\/{rel}","templated":true}]}}