{"id":4217,"date":"2023-03-03T13:09:42","date_gmt":"2023-03-03T12:09:42","guid":{"rendered":"https:\/\/thefootballsquare.com\/?post_type=product&#038;p=4217"},"modified":"2025-03-25T18:00:09","modified_gmt":"2025-03-25T17:00:09","slug":"pant-lungo-monos-zeus","status":"publish","type":"product","link":"https:\/\/thefootballsquare.com\/en\/pant-lungo-monos-zeus\/","title":{"rendered":"Pant.Lungo Monos Zeus"},"content":{"rendered":"<h2><strong>Scopri il\u00a0Pant.Lungo Monos Zeus.<\/strong><\/h2>\n<h3>Pant.Lungo Monos Zeus:\u00a0Il pantalone che trasuda stile e protezione.<\/h3>\n<p>Inizia a giocare con stile e sicurezza indossando il Pant.Lungo Monos Zeus..\u00a0Il capo d&#8217;abbigliamento che ogni atleta e appassionato di calcio desidera,\u00a0questo capo d\u2019abbigliamento \u00e8 pensato apposta per migliorare ed elevare le tue prestazioni sul campo di calcio a nuovi livelli. \u00a0Sia che tu stia cercando il capo perfetto per il tuo prossimo match o che tu voglia regalare a un amante del calcio un&#8217;esperienza indimenticabile, questo pantalone \u00e8 la scelta ideale.<\/p>\n<h2>\u00a0Protezione e funzionalit\u00e0!<\/h2>\n<p>Quando si tratta di <strong>protezione<\/strong>, il\u00a0Pant<strong>. <\/strong>Lungo Monos non lascia nulla al caso, grazie <strong>all&#8217;imbottitura<\/strong> strategica sui fianchi e sulle ginocchia, puoi affrontare ogni <strong>sfida<\/strong> con <strong>fiducia<\/strong>. Gli impatti e gli scivolamenti non saranno pi\u00f9 un problema, perch\u00e9 questo pantalone lungo \u00e8 stato progettato per fornire una <strong>protezione affidabile<\/strong> in ogni situazione.<\/p>\n<p>Concentrati solo sul tuo gioco e lascia che il PANT. LUNGO MONOS si prenda cura del resto.<\/p>\n<h2>Qualit\u00e0 superiore in ogni dettaglio!<\/h2>\n<p>Con il Pant. Lungo Monos, non devi sacrificare lo <strong>stile<\/strong> per la <strong>funzionalit\u00e0<\/strong>, i dettagli di design curati ti faranno risplendere sul campo, mentre la <strong>vestibilit\u00e0 standard fit<\/strong> si adatter\u00e0 perfettamente al tuo corpo, offrendoti un <strong>comfort<\/strong> ineguagliabile.\u00a0Noterai la differenza fin dal primo momento in cui indosserai questo capo d&#8217;abbigliamento e ti concederai un&#8217;esperienza indimenticabile.<\/p>\n<p>Realizzato al 100% in poliestere di <strong>alta qualit\u00e0<\/strong>, questo pantalone lungo da portiere offre una <strong>resistenza<\/strong> senza pari. I materiali selezionati con cura garantiscono una <strong>durata<\/strong> eccezionale, anche nelle condizioni pi\u00f9 estreme. Inoltre, la presenza di imbottiture offrono una<strong> protezione extra<\/strong> durante le parate pi\u00f9 audaci.<\/p>\n<p>Affronta ogni sfida con sicurezza, sapendo che sei protetto e pronto per ogni situazione.<\/p>\n<h2>Iscriviti alla newsletter e avrai il 10% di sconto<\/h2>\n<p>Scopri il Pant. Lungo Monos Zeus, il pantalone che unisce stile e protezione!<\/p>\n<p>Iscrivendoti alla nostra newsletter, potrai avere il 10% di sconto sul tuo primo acquisto e rimanere sempre aggiornato sulle nostre promozioni e offerte speciali. Seguici anche sulle nostre pagine Facebook e Instagram per scoprire le ultime novit\u00e0 e trendy della moda.<\/p>\n<p>Non perdere l\u2019opportunit\u00e0 di essere sempre alla moda e al passo con le ultime tendenze!<\/p>","protected":false},"excerpt":{"rendered":"<p><strong>Ordine minimo 5 pezzi<\/strong><\/p>\n<p><strong>Caratteristiche:<\/strong><\/p>\n<ul>\n<li><span class=\"title_red\">Vestibilit\u00e0<\/span> standard fit<\/li>\n<li>Textile POLI fiber<\/li>\n<li>Pantalone lungo da portiere con imbottitura su fianchi e ginocchia<\/li>\n<li>100% Poliestere<\/li>\n<\/ul>","protected":false},"featured_media":17524,"template":"","meta":{"_glsr_average":0,"_glsr_ranking":0,"_glsr_reviews":0},"product_cat":[447,450,375,395,24,416],"product_tag":[],"giftcard-category":[],"yoast_head":"<!-- This site is optimized with the Yoast SEO plugin v22.3 - https:\/\/yoast.com\/wordpress\/plugins\/seo\/ -->\n<title>Pant.Lungo Monos Zeus<\/title>\n<meta name=\"description\" content=\"Scopri il Pant. Lungo Monos Zeus, il pantalone che unisce stile e protezione!\u00a0Iscriviti alla newsletter e avrai il 10% di sconto\" \/>\n<meta name=\"robots\" content=\"index, follow, max-snippet:-1, max-image-preview:large, max-video-preview:-1\" \/>\n<link rel=\"canonical\" href=\"https:\/\/thefootballsquare.com\/en\/pant-lungo-monos-zeus\/\" \/>\n<meta property=\"og:locale\" content=\"en_GB\" \/>\n<meta property=\"og:type\" content=\"article\" \/>\n<meta property=\"og:title\" content=\"Pant. Lungo Monos Zeus\" \/>\n<meta property=\"og:description\" content=\"Scopri il Pant. Lungo Monos Zeus, il pantalone che unisce stile e protezione!\u00a0Iscriviti alla newsletter e avrai il 10% di sconto\" \/>\n<meta property=\"og:url\" content=\"https:\/\/thefootballsquare.com\/en\/pant-lungo-monos-zeus\/\" \/>\n<meta property=\"og:site_name\" content=\"thefootballsquare.com\" \/>\n<meta property=\"article:modified_time\" content=\"2025-03-25T17:00:09+00:00\" \/>\n<meta property=\"og:image\" content=\"https:\/\/thefootballsquare.com\/wp-content\/uploads\/2023\/03\/pant-lungo-monos-Zeus-pantalone-nero.jpg\" \/>\n\t<meta property=\"og:image:width\" content=\"1080\" \/>\n\t<meta property=\"og:image:height\" content=\"1080\" \/>\n\t<meta property=\"og:image:type\" content=\"image\/jpeg\" \/>\n<meta name=\"twitter:card\" content=\"summary_large_image\" \/>\n<meta name=\"twitter:title\" content=\"Pant. Lungo Monos Zeus\" \/>\n<meta name=\"twitter:description\" content=\"Scopri il Pant. Lungo Monos Zeus, il pantalone che unisce stile e protezione!\u00a0Iscriviti alla newsletter e avrai il 10% di sconto\" \/>\n<meta name=\"twitter:image\" content=\"https:\/\/thefootballsquare.com\/wp-content\/uploads\/2023\/03\/pant-lungo-monos-Zeus-pantalone-nero.jpg\" \/>\n<meta name=\"twitter:label1\" content=\"Estimated reading time\" \/>\n\t<meta name=\"twitter:data1\" content=\"2 minutes\" \/>\n<script type=\"application\/ld+json\" class=\"yoast-schema-graph\">{\"@context\":\"https:\/\/schema.org\",\"@graph\":[{\"@type\":\"WebPage\",\"@id\":\"https:\/\/thefootballsquare.com\/pant-lungo-monos-zeus\/\",\"url\":\"https:\/\/thefootballsquare.com\/pant-lungo-monos-zeus\/\",\"name\":\"Pant.Lungo Monos Zeus\",\"isPartOf\":{\"@id\":\"https:\/\/thefootballsquare.com\/#website\"},\"primaryImageOfPage\":{\"@id\":\"https:\/\/thefootballsquare.com\/pant-lungo-monos-zeus\/#primaryimage\"},\"image\":{\"@id\":\"https:\/\/thefootballsquare.com\/pant-lungo-monos-zeus\/#primaryimage\"},\"thumbnailUrl\":\"https:\/\/thefootballsquare.com\/wp-content\/uploads\/2023\/03\/pant_lungo_monos_new-1.jpg\",\"datePublished\":\"2023-03-03T12:09:42+00:00\",\"dateModified\":\"2025-03-25T17:00:09+00:00\",\"description\":\"Scopri il Pant. Lungo Monos Zeus, il pantalone che unisce stile e protezione!\u00a0Iscriviti alla newsletter e avrai il 10% di sconto\",\"breadcrumb\":{\"@id\":\"https:\/\/thefootballsquare.com\/pant-lungo-monos-zeus\/#breadcrumb\"},\"inLanguage\":\"en-GB\",\"potentialAction\":[{\"@type\":\"ReadAction\",\"target\":[\"https:\/\/thefootballsquare.com\/pant-lungo-monos-zeus\/\"]}]},{\"@type\":\"ImageObject\",\"inLanguage\":\"en-GB\",\"@id\":\"https:\/\/thefootballsquare.com\/pant-lungo-monos-zeus\/#primaryimage\",\"url\":\"https:\/\/thefootballsquare.com\/wp-content\/uploads\/2023\/03\/pant_lungo_monos_new-1.jpg\",\"contentUrl\":\"https:\/\/thefootballsquare.com\/wp-content\/uploads\/2023\/03\/pant_lungo_monos_new-1.jpg\",\"width\":700,\"height\":782,\"caption\":\"pantalone lungo monos zeus nero pantalone lungo da portiere con imbottitura su fianchi e ginocchia logo stampato textile POLI fiber 100% poliestere\"},{\"@type\":\"BreadcrumbList\",\"@id\":\"https:\/\/thefootballsquare.com\/pant-lungo-monos-zeus\/#breadcrumb\",\"itemListElement\":[{\"@type\":\"ListItem\",\"position\":1,\"name\":\"Home\",\"item\":\"https:\/\/thefootballsquare.com\/\"},{\"@type\":\"ListItem\",\"position\":2,\"name\":\"Pant.Lungo Monos Zeus\"}]},{\"@type\":\"WebSite\",\"@id\":\"https:\/\/thefootballsquare.com\/#website\",\"url\":\"https:\/\/thefootballsquare.com\/\",\"name\":\"thefootballsquare.com\",\"description\":\"\",\"publisher\":{\"@id\":\"https:\/\/thefootballsquare.com\/#organization\"},\"potentialAction\":[{\"@type\":\"SearchAction\",\"target\":{\"@type\":\"EntryPoint\",\"urlTemplate\":\"https:\/\/thefootballsquare.com\/?s={search_term_string}\"},\"query-input\":\"required name=search_term_string\"}],\"inLanguage\":\"en-GB\"},{\"@type\":\"Organization\",\"@id\":\"https:\/\/thefootballsquare.com\/#organization\",\"name\":\"thefootballsquare.com\",\"url\":\"https:\/\/thefootballsquare.com\/\",\"logo\":{\"@type\":\"ImageObject\",\"inLanguage\":\"en-GB\",\"@id\":\"https:\/\/thefootballsquare.com\/#\/schema\/logo\/image\/\",\"url\":\"https:\/\/thefootballsquare.com\/wp-content\/uploads\/2023\/02\/logo_TheFootbalSquare_bianco@4x.png\",\"contentUrl\":\"https:\/\/thefootballsquare.com\/wp-content\/uploads\/2023\/02\/logo_TheFootbalSquare_bianco@4x.png\",\"width\":581,\"height\":477,\"caption\":\"thefootballsquare.com\"},\"image\":{\"@id\":\"https:\/\/thefootballsquare.com\/#\/schema\/logo\/image\/\"}}]}<\/script>\n<!-- \/ Yoast SEO plugin. -->","yoast_head_json":{"title":"Pant.Lungo Monos Zeus","description":"Scopri il Pant. Lungo Monos Zeus, il pantalone che unisce stile e protezione!\u00a0Iscriviti alla newsletter e avrai il 10% di sconto","robots":{"index":"index","follow":"follow","max-snippet":"max-snippet:-1","max-image-preview":"max-image-preview:large","max-video-preview":"max-video-preview:-1"},"canonical":"https:\/\/thefootballsquare.com\/en\/pant-lungo-monos-zeus\/","og_locale":"en_GB","og_type":"article","og_title":"Pant. Lungo Monos Zeus","og_description":"Scopri il Pant. Lungo Monos Zeus, il pantalone che unisce stile e protezione!\u00a0Iscriviti alla newsletter e avrai il 10% di sconto","og_url":"https:\/\/thefootballsquare.com\/en\/pant-lungo-monos-zeus\/","og_site_name":"thefootballsquare.com","article_modified_time":"2025-03-25T17:00:09+00:00","og_image":[{"width":1080,"height":1080,"url":"https:\/\/thefootballsquare.com\/wp-content\/uploads\/2023\/03\/pant-lungo-monos-Zeus-pantalone-nero.jpg","type":"image\/jpeg"}],"twitter_card":"summary_large_image","twitter_title":"Pant. Lungo Monos Zeus","twitter_description":"Scopri il Pant. Lungo Monos Zeus, il pantalone che unisce stile e protezione!\u00a0Iscriviti alla newsletter e avrai il 10% di sconto","twitter_image":"https:\/\/thefootballsquare.com\/wp-content\/uploads\/2023\/03\/pant-lungo-monos-Zeus-pantalone-nero.jpg","twitter_misc":{"Estimated reading time":"2 minutes"},"schema":{"@context":"https:\/\/schema.org","@graph":[{"@type":"WebPage","@id":"https:\/\/thefootballsquare.com\/pant-lungo-monos-zeus\/","url":"https:\/\/thefootballsquare.com\/pant-lungo-monos-zeus\/","name":"Pant.Lungo Monos Zeus","isPartOf":{"@id":"https:\/\/thefootballsquare.com\/#website"},"primaryImageOfPage":{"@id":"https:\/\/thefootballsquare.com\/pant-lungo-monos-zeus\/#primaryimage"},"image":{"@id":"https:\/\/thefootballsquare.com\/pant-lungo-monos-zeus\/#primaryimage"},"thumbnailUrl":"https:\/\/thefootballsquare.com\/wp-content\/uploads\/2023\/03\/pant_lungo_monos_new-1.jpg","datePublished":"2023-03-03T12:09:42+00:00","dateModified":"2025-03-25T17:00:09+00:00","description":"Scopri il Pant. Lungo Monos Zeus, il pantalone che unisce stile e protezione!\u00a0Iscriviti alla newsletter e avrai il 10% di sconto","breadcrumb":{"@id":"https:\/\/thefootballsquare.com\/pant-lungo-monos-zeus\/#breadcrumb"},"inLanguage":"en-GB","potentialAction":[{"@type":"ReadAction","target":["https:\/\/thefootballsquare.com\/pant-lungo-monos-zeus\/"]}]},{"@type":"ImageObject","inLanguage":"en-GB","@id":"https:\/\/thefootballsquare.com\/pant-lungo-monos-zeus\/#primaryimage","url":"https:\/\/thefootballsquare.com\/wp-content\/uploads\/2023\/03\/pant_lungo_monos_new-1.jpg","contentUrl":"https:\/\/thefootballsquare.com\/wp-content\/uploads\/2023\/03\/pant_lungo_monos_new-1.jpg","width":700,"height":782,"caption":"pantalone lungo monos zeus nero pantalone lungo da portiere con imbottitura su fianchi e ginocchia logo stampato textile POLI fiber 100% poliestere"},{"@type":"BreadcrumbList","@id":"https:\/\/thefootballsquare.com\/pant-lungo-monos-zeus\/#breadcrumb","itemListElement":[{"@type":"ListItem","position":1,"name":"Home","item":"https:\/\/thefootballsquare.com\/"},{"@type":"ListItem","position":2,"name":"Pant.Lungo Monos Zeus"}]},{"@type":"WebSite","@id":"https:\/\/thefootballsquare.com\/#website","url":"https:\/\/thefootballsquare.com\/","name":"thefootballsquare.com","description":"","publisher":{"@id":"https:\/\/thefootballsquare.com\/#organization"},"potentialAction":[{"@type":"SearchAction","target":{"@type":"EntryPoint","urlTemplate":"https:\/\/thefootballsquare.com\/?s={search_term_string}"},"query-input":"required name=search_term_string"}],"inLanguage":"en-GB"},{"@type":"Organization","@id":"https:\/\/thefootballsquare.com\/#organization","name":"thefootballsquare.com","url":"https:\/\/thefootballsquare.com\/","logo":{"@type":"ImageObject","inLanguage":"en-GB","@id":"https:\/\/thefootballsquare.com\/#\/schema\/logo\/image\/","url":"https:\/\/thefootballsquare.com\/wp-content\/uploads\/2023\/02\/logo_TheFootbalSquare_bianco@4x.png","contentUrl":"https:\/\/thefootballsquare.com\/wp-content\/uploads\/2023\/02\/logo_TheFootbalSquare_bianco@4x.png","width":581,"height":477,"caption":"thefootballsquare.com"},"image":{"@id":"https:\/\/thefootballsquare.com\/#\/schema\/logo\/image\/"}}]}},"_links":{"self":[{"href":"https:\/\/thefootballsquare.com\/en\/wp-json\/wp\/v2\/product\/4217"}],"collection":[{"href":"https:\/\/thefootballsquare.com\/en\/wp-json\/wp\/v2\/product"}],"about":[{"href":"https:\/\/thefootballsquare.com\/en\/wp-json\/wp\/v2\/types\/product"}],"version-history":[{"count":1,"href":"https:\/\/thefootballsquare.com\/en\/wp-json\/wp\/v2\/product\/4217\/revisions"}],"predecessor-version":[{"id":46385,"href":"https:\/\/thefootballsquare.com\/en\/wp-json\/wp\/v2\/product\/4217\/revisions\/46385"}],"wp:featuredmedia":[{"embeddable":true,"href":"https:\/\/thefootballsquare.com\/en\/wp-json\/wp\/v2\/media\/17524"}],"wp:attachment":[{"href":"https:\/\/thefootballsquare.com\/en\/wp-json\/wp\/v2\/media?parent=4217"}],"wp:term":[{"taxonomy":"product_cat","embeddable":true,"href":"https:\/\/thefootballsquare.com\/en\/wp-json\/wp\/v2\/product_cat?post=4217"},{"taxonomy":"product_tag","embeddable":true,"href":"https:\/\/thefootballsquare.com\/en\/wp-json\/wp\/v2\/product_tag?post=4217"},{"taxonomy":"giftcard-category","embeddable":true,"href":"https:\/\/thefootballsquare.com\/en\/wp-json\/wp\/v2\/giftcard-category?post=4217"}],"curies":[{"name":"wp","href":"https:\/\/api.w.org\/{rel}","templated":true}]}}