{"id":3506,"date":"2023-03-02T11:36:52","date_gmt":"2023-03-02T10:36:52","guid":{"rendered":"https:\/\/thefootballsquare.com\/?post_type=product&#038;p=3506"},"modified":"2025-03-25T18:02:22","modified_gmt":"2025-03-25T17:02:22","slug":"pantalone-zeus-venere","status":"publish","type":"product","link":"https:\/\/thefootballsquare.com\/en\/pantalone-zeus-venere\/","title":{"rendered":"Pantalone Zeus Venere"},"content":{"rendered":"<div class=\"group w-full text-gray-800 dark:text-gray-100 border-b border-black\/10 dark:border-gray-900\/50 bg-gray-50 dark:bg-[#444654]\">\n<div class=\"flex p-4 gap-4 text-base md:gap-6 md:max-w-2xl lg:max-w-[38rem] xl:max-w-3xl md:py-6 lg:px-0 m-auto\">\n<div class=\"relative flex w-[calc(100%-50px)] flex-col gap-1 md:gap-3 lg:w-[calc(100%-115px)]\">\n<div class=\"flex flex-grow flex-col gap-3\">\n<div class=\"min-h-[20px] flex flex-col items-start gap-4 whitespace-pre-wrap break-words\">\n<div class=\"markdown prose w-full break-words dark:prose-invert light\">\n<h2><strong>Scopri il Pantalone Zeus Venere<\/strong><\/h2>\n<p>Con il Pantalone Zeus Venere, la tua esperienza di moda raggiunger\u00e0 nuove vette di stile e comfort.<\/p>\n<h3>Benvenuto nel mondo della moda femminile! !<\/h3>\n<p>Il\u00a0Pantalone Venere\u00a0offre una vestibilit\u00e0 <strong>body fit<\/strong> che avvolger\u00e0 le tue gambe in modo <strong>elegante<\/strong> ed ergonomico. Non solo ti far\u00e0 sentire a tuo agio, ma valorizzer\u00e0 anche la tua <strong>figura<\/strong> in modo impeccabile.\u00a0\u00c8<span style=\"font-size: medium\">\u00a0<strong>resistente<\/strong>, <strong>morbido<\/strong> al tatto e facile da cu<\/span><span style=\"font-size: medium\">rare, mantenendo la sua forma e la sua vivacit\u00e0 nel tempo, sar\u00e0 il tuo compagno di moda per molte stagioni a venire.<\/span><\/p>\n<p><span style=\"font-size: medium\">Inoltre, offre una <strong>flessibilit\u00e0<\/strong> senza paragoni.\u00a0<\/span><span style=\"font-size: 16px\">Che tu stia praticando yoga, facendo jogging o semplicemente godendoti una passeggiata, questo pantalone si adatter\u00e0 ai tuoi movimenti in modo <strong>fluido e naturale. <\/strong><\/span>Non solo il\u00a0pantalone venere\u00a0<span style=\"font-size: medium\">\u00e8 perfetto per l&#8217;attivit\u00e0 fisica, ma \u00e8 anche un capo di abbigliamento estremamente versatile.\u00a0<\/span><\/p>\n<h2>Pantalone Zeus Venere: Il pantalone che ti far\u00e0 sentire alla moda in ogni occasione<\/h2>\n<\/div>\n<\/div>\n<\/div>\n<div class=\"flex justify-between lg:block\">\n<div class=\"text-gray-400 flex self-end lg:self-center justify-center mt-2 gap-2 md:gap-3 lg:gap-1 lg:absolute lg:top-0 lg:translate-x-full lg:right-0 lg:mt-0 lg:pl-2 visible\">\n<p>La versatilit\u00e0, infatti, \u00e8 uno dei punti di forza del Pantalone Venere. Grazie alla sua eleganza intramontabile, pu\u00f2 essere abbinato con qualsiasi capo; \u00a0Con una camicia o una blusa per creare un outfit raffinato, o abbinarlo a una t-shirt casual per un look pi\u00f9 informale ma comunque alla moda. Considerando anche la lunga scelta di colori disponibili che \u00a0ti permetter\u00e0 di scegliere quello che meglio si adatta al tuo stile e alla tua personalit\u00e0.<\/p>\n<h2 class=\"flex gap-1\">Iscriviti alla newsletter e avrai il 10% di sconto<\/h2>\n<div class=\"flex gap-1\">Scopri il Pantalone Zeus Venere, l&#8217;ultima tendenza della moda femminile .<\/div>\n<div><\/div>\n<div class=\"flex gap-1\">\u00a0Iscrivendoti alla newsletter, avrai il 10% di sconto sul tuo primo \u00a0acquisto e per restare sempre aggiornato sulle nostre offerte e promozioni, seguici anche sulle nostre pagine Facebook e Instagram.<\/div>\n<\/div>\n<\/div>\n<\/div>\n<\/div>\n<\/div>","protected":false},"excerpt":{"rendered":"<p><strong>Ordine minimo 5 pezzi<\/strong><\/p>\n<p><strong>Caratteristiche:<\/strong><\/p>\n<ul>\n<li><span class=\"title_red\">Vestibilit\u00e0<\/span> body fit<\/li>\n<li>Textile BI-ELASTIC FIBER<\/li>\n<li>Pantalone elastico per allenamento con tasche posteriori<\/li>\n<li>80% Poliestere 20% Elastan<\/li>\n<\/ul>","protected":false},"featured_media":17069,"template":"","meta":{"_glsr_average":0,"_glsr_ranking":0,"_glsr_reviews":0},"product_cat":[447,450,27,405],"product_tag":[],"giftcard-category":[],"yoast_head":"<!-- This site is optimized with the Yoast SEO plugin v22.3 - https:\/\/yoast.com\/wordpress\/plugins\/seo\/ -->\n<title>Pantalone Zeus Venere<\/title>\n<meta name=\"description\" content=\"Scopri il Pantalone Zeus Venere, l&#039;ultima tendenza della moda femminile . Iscriviti alla newsletter per ottenere il 10% di sconto sul tuo primo acquisto.\" \/>\n<meta name=\"robots\" content=\"index, follow, max-snippet:-1, max-image-preview:large, max-video-preview:-1\" \/>\n<link rel=\"canonical\" href=\"https:\/\/thefootballsquare.com\/en\/pantalone-zeus-venere\/\" \/>\n<meta property=\"og:locale\" content=\"en_GB\" \/>\n<meta property=\"og:type\" content=\"article\" \/>\n<meta property=\"og:title\" content=\"Pantalone Zeus Venere\" \/>\n<meta property=\"og:description\" content=\"Scopri il Pantalone Zeus Venere, l&#039;ultima tendenza della moda femminile . Iscriviti alla newsletter per ottenere il 10% di sconto sul tuo primo acquisto.\" \/>\n<meta property=\"og:url\" content=\"https:\/\/thefootballsquare.com\/en\/pantalone-zeus-venere\/\" \/>\n<meta property=\"og:site_name\" content=\"thefootballsquare.com\" \/>\n<meta property=\"article:modified_time\" content=\"2025-03-25T17:02:22+00:00\" \/>\n<meta property=\"og:image\" content=\"https:\/\/thefootballsquare.com\/wp-content\/uploads\/2023\/03\/1258_2_PANT-VENERE-NERO-FRONTE-2.jpg\" \/>\n\t<meta property=\"og:image:width\" content=\"700\" \/>\n\t<meta property=\"og:image:height\" content=\"782\" \/>\n\t<meta property=\"og:image:type\" content=\"image\/jpeg\" \/>\n<meta name=\"twitter:card\" content=\"summary_large_image\" \/>\n<meta name=\"twitter:title\" content=\"Pantalone Zeus Venere\" \/>\n<meta name=\"twitter:description\" content=\"Scopri il Pantalone Zeus Venere, l&#039;ultima tendenza della moda femminile . Iscriviti alla newsletter per ottenere il 10% di sconto sul tuo primo acquisto.\" \/>\n<meta name=\"twitter:image\" content=\"https:\/\/thefootballsquare.com\/wp-content\/uploads\/2023\/03\/1258_2_PANT-VENERE-NERO-FRONTE-1.jpg\" \/>\n<meta name=\"twitter:label1\" content=\"Estimated reading time\" \/>\n\t<meta name=\"twitter:data1\" content=\"2 minutes\" \/>\n<script type=\"application\/ld+json\" class=\"yoast-schema-graph\">{\"@context\":\"https:\/\/schema.org\",\"@graph\":[{\"@type\":\"WebPage\",\"@id\":\"https:\/\/thefootballsquare.com\/pantalone-zeus-venere\/\",\"url\":\"https:\/\/thefootballsquare.com\/pantalone-zeus-venere\/\",\"name\":\"Pantalone Zeus Venere\",\"isPartOf\":{\"@id\":\"https:\/\/thefootballsquare.com\/#website\"},\"primaryImageOfPage\":{\"@id\":\"https:\/\/thefootballsquare.com\/pantalone-zeus-venere\/#primaryimage\"},\"image\":{\"@id\":\"https:\/\/thefootballsquare.com\/pantalone-zeus-venere\/#primaryimage\"},\"thumbnailUrl\":\"https:\/\/thefootballsquare.com\/wp-content\/uploads\/2023\/03\/1258_2_PANT-VENERE-NERO-FRONTE-2.jpg\",\"datePublished\":\"2023-03-02T10:36:52+00:00\",\"dateModified\":\"2025-03-25T17:02:22+00:00\",\"description\":\"Scopri il Pantalone Zeus Venere, l'ultima tendenza della moda femminile . Iscriviti alla newsletter per ottenere il 10% di sconto sul tuo primo acquisto.\",\"breadcrumb\":{\"@id\":\"https:\/\/thefootballsquare.com\/pantalone-zeus-venere\/#breadcrumb\"},\"inLanguage\":\"en-GB\",\"potentialAction\":[{\"@type\":\"ReadAction\",\"target\":[\"https:\/\/thefootballsquare.com\/pantalone-zeus-venere\/\"]}]},{\"@type\":\"ImageObject\",\"inLanguage\":\"en-GB\",\"@id\":\"https:\/\/thefootballsquare.com\/pantalone-zeus-venere\/#primaryimage\",\"url\":\"https:\/\/thefootballsquare.com\/wp-content\/uploads\/2023\/03\/1258_2_PANT-VENERE-NERO-FRONTE-2.jpg\",\"contentUrl\":\"https:\/\/thefootballsquare.com\/wp-content\/uploads\/2023\/03\/1258_2_PANT-VENERE-NERO-FRONTE-2.jpg\",\"width\":700,\"height\":782,\"caption\":\"pantalone zeus venere nero donna tinta unita body fit elastico logo stampato per allenamento con tasche posteriori 80% Poliestere 20% Elastan\"},{\"@type\":\"BreadcrumbList\",\"@id\":\"https:\/\/thefootballsquare.com\/pantalone-zeus-venere\/#breadcrumb\",\"itemListElement\":[{\"@type\":\"ListItem\",\"position\":1,\"name\":\"Home\",\"item\":\"https:\/\/thefootballsquare.com\/\"},{\"@type\":\"ListItem\",\"position\":2,\"name\":\"Pantalone Zeus Venere\"}]},{\"@type\":\"WebSite\",\"@id\":\"https:\/\/thefootballsquare.com\/#website\",\"url\":\"https:\/\/thefootballsquare.com\/\",\"name\":\"thefootballsquare.com\",\"description\":\"\",\"publisher\":{\"@id\":\"https:\/\/thefootballsquare.com\/#organization\"},\"potentialAction\":[{\"@type\":\"SearchAction\",\"target\":{\"@type\":\"EntryPoint\",\"urlTemplate\":\"https:\/\/thefootballsquare.com\/?s={search_term_string}\"},\"query-input\":\"required name=search_term_string\"}],\"inLanguage\":\"en-GB\"},{\"@type\":\"Organization\",\"@id\":\"https:\/\/thefootballsquare.com\/#organization\",\"name\":\"thefootballsquare.com\",\"url\":\"https:\/\/thefootballsquare.com\/\",\"logo\":{\"@type\":\"ImageObject\",\"inLanguage\":\"en-GB\",\"@id\":\"https:\/\/thefootballsquare.com\/#\/schema\/logo\/image\/\",\"url\":\"https:\/\/thefootballsquare.com\/wp-content\/uploads\/2023\/02\/logo_TheFootbalSquare_bianco@4x.png\",\"contentUrl\":\"https:\/\/thefootballsquare.com\/wp-content\/uploads\/2023\/02\/logo_TheFootbalSquare_bianco@4x.png\",\"width\":581,\"height\":477,\"caption\":\"thefootballsquare.com\"},\"image\":{\"@id\":\"https:\/\/thefootballsquare.com\/#\/schema\/logo\/image\/\"}}]}<\/script>\n<!-- \/ Yoast SEO plugin. -->","yoast_head_json":{"title":"Pantalone Zeus Venere","description":"Scopri il Pantalone Zeus Venere, l'ultima tendenza della moda femminile . Iscriviti alla newsletter per ottenere il 10% di sconto sul tuo primo acquisto.","robots":{"index":"index","follow":"follow","max-snippet":"max-snippet:-1","max-image-preview":"max-image-preview:large","max-video-preview":"max-video-preview:-1"},"canonical":"https:\/\/thefootballsquare.com\/en\/pantalone-zeus-venere\/","og_locale":"en_GB","og_type":"article","og_title":"Pantalone Zeus Venere","og_description":"Scopri il Pantalone Zeus Venere, l'ultima tendenza della moda femminile . Iscriviti alla newsletter per ottenere il 10% di sconto sul tuo primo acquisto.","og_url":"https:\/\/thefootballsquare.com\/en\/pantalone-zeus-venere\/","og_site_name":"thefootballsquare.com","article_modified_time":"2025-03-25T17:02:22+00:00","og_image":[{"width":700,"height":782,"url":"https:\/\/thefootballsquare.com\/wp-content\/uploads\/2023\/03\/1258_2_PANT-VENERE-NERO-FRONTE-2.jpg","type":"image\/jpeg"}],"twitter_card":"summary_large_image","twitter_title":"Pantalone Zeus Venere","twitter_description":"Scopri il Pantalone Zeus Venere, l'ultima tendenza della moda femminile . Iscriviti alla newsletter per ottenere il 10% di sconto sul tuo primo acquisto.","twitter_image":"https:\/\/thefootballsquare.com\/wp-content\/uploads\/2023\/03\/1258_2_PANT-VENERE-NERO-FRONTE-1.jpg","twitter_misc":{"Estimated reading time":"2 minutes"},"schema":{"@context":"https:\/\/schema.org","@graph":[{"@type":"WebPage","@id":"https:\/\/thefootballsquare.com\/pantalone-zeus-venere\/","url":"https:\/\/thefootballsquare.com\/pantalone-zeus-venere\/","name":"Pantalone Zeus Venere","isPartOf":{"@id":"https:\/\/thefootballsquare.com\/#website"},"primaryImageOfPage":{"@id":"https:\/\/thefootballsquare.com\/pantalone-zeus-venere\/#primaryimage"},"image":{"@id":"https:\/\/thefootballsquare.com\/pantalone-zeus-venere\/#primaryimage"},"thumbnailUrl":"https:\/\/thefootballsquare.com\/wp-content\/uploads\/2023\/03\/1258_2_PANT-VENERE-NERO-FRONTE-2.jpg","datePublished":"2023-03-02T10:36:52+00:00","dateModified":"2025-03-25T17:02:22+00:00","description":"Scopri il Pantalone Zeus Venere, l'ultima tendenza della moda femminile . Iscriviti alla newsletter per ottenere il 10% di sconto sul tuo primo acquisto.","breadcrumb":{"@id":"https:\/\/thefootballsquare.com\/pantalone-zeus-venere\/#breadcrumb"},"inLanguage":"en-GB","potentialAction":[{"@type":"ReadAction","target":["https:\/\/thefootballsquare.com\/pantalone-zeus-venere\/"]}]},{"@type":"ImageObject","inLanguage":"en-GB","@id":"https:\/\/thefootballsquare.com\/pantalone-zeus-venere\/#primaryimage","url":"https:\/\/thefootballsquare.com\/wp-content\/uploads\/2023\/03\/1258_2_PANT-VENERE-NERO-FRONTE-2.jpg","contentUrl":"https:\/\/thefootballsquare.com\/wp-content\/uploads\/2023\/03\/1258_2_PANT-VENERE-NERO-FRONTE-2.jpg","width":700,"height":782,"caption":"pantalone zeus venere nero donna tinta unita body fit elastico logo stampato per allenamento con tasche posteriori 80% Poliestere 20% Elastan"},{"@type":"BreadcrumbList","@id":"https:\/\/thefootballsquare.com\/pantalone-zeus-venere\/#breadcrumb","itemListElement":[{"@type":"ListItem","position":1,"name":"Home","item":"https:\/\/thefootballsquare.com\/"},{"@type":"ListItem","position":2,"name":"Pantalone Zeus Venere"}]},{"@type":"WebSite","@id":"https:\/\/thefootballsquare.com\/#website","url":"https:\/\/thefootballsquare.com\/","name":"thefootballsquare.com","description":"","publisher":{"@id":"https:\/\/thefootballsquare.com\/#organization"},"potentialAction":[{"@type":"SearchAction","target":{"@type":"EntryPoint","urlTemplate":"https:\/\/thefootballsquare.com\/?s={search_term_string}"},"query-input":"required name=search_term_string"}],"inLanguage":"en-GB"},{"@type":"Organization","@id":"https:\/\/thefootballsquare.com\/#organization","name":"thefootballsquare.com","url":"https:\/\/thefootballsquare.com\/","logo":{"@type":"ImageObject","inLanguage":"en-GB","@id":"https:\/\/thefootballsquare.com\/#\/schema\/logo\/image\/","url":"https:\/\/thefootballsquare.com\/wp-content\/uploads\/2023\/02\/logo_TheFootbalSquare_bianco@4x.png","contentUrl":"https:\/\/thefootballsquare.com\/wp-content\/uploads\/2023\/02\/logo_TheFootbalSquare_bianco@4x.png","width":581,"height":477,"caption":"thefootballsquare.com"},"image":{"@id":"https:\/\/thefootballsquare.com\/#\/schema\/logo\/image\/"}}]}},"_links":{"self":[{"href":"https:\/\/thefootballsquare.com\/en\/wp-json\/wp\/v2\/product\/3506"}],"collection":[{"href":"https:\/\/thefootballsquare.com\/en\/wp-json\/wp\/v2\/product"}],"about":[{"href":"https:\/\/thefootballsquare.com\/en\/wp-json\/wp\/v2\/types\/product"}],"version-history":[{"count":2,"href":"https:\/\/thefootballsquare.com\/en\/wp-json\/wp\/v2\/product\/3506\/revisions"}],"predecessor-version":[{"id":50569,"href":"https:\/\/thefootballsquare.com\/en\/wp-json\/wp\/v2\/product\/3506\/revisions\/50569"}],"wp:featuredmedia":[{"embeddable":true,"href":"https:\/\/thefootballsquare.com\/en\/wp-json\/wp\/v2\/media\/17069"}],"wp:attachment":[{"href":"https:\/\/thefootballsquare.com\/en\/wp-json\/wp\/v2\/media?parent=3506"}],"wp:term":[{"taxonomy":"product_cat","embeddable":true,"href":"https:\/\/thefootballsquare.com\/en\/wp-json\/wp\/v2\/product_cat?post=3506"},{"taxonomy":"product_tag","embeddable":true,"href":"https:\/\/thefootballsquare.com\/en\/wp-json\/wp\/v2\/product_tag?post=3506"},{"taxonomy":"giftcard-category","embeddable":true,"href":"https:\/\/thefootballsquare.com\/en\/wp-json\/wp\/v2\/giftcard-category?post=3506"}],"curies":[{"name":"wp","href":"https:\/\/api.w.org\/{rel}","templated":true}]}}