{"id":32032,"date":"2023-10-12T12:58:52","date_gmt":"2023-10-12T10:58:52","guid":{"rendered":"https:\/\/thefootballsquare.com\/?post_type=product&#038;p=32032"},"modified":"2025-03-25T17:12:20","modified_gmt":"2025-03-25T16:12:20","slug":"trolley-sportivo-flight-da-cabina","status":"publish","type":"product","link":"https:\/\/thefootballsquare.com\/en\/trolley-sportivo-flight-da-cabina\/","title":{"rendered":"Trolley sportivo Flight da cabina"},"content":{"rendered":"<h2>Trolley sportivo Flight da cabina: il compagno per i tuoi viaggi<\/h2>\n<p>Stai cercando un <strong>trolley sportivo<\/strong> che sia <strong>pratico, resistente<\/strong> e allo stesso tempo alla <strong>moda<\/strong>? Non cercare oltre, il <strong>Trolley sportivo Flight da cabina<\/strong> \u00e8 la soluzione che fa per te.<\/p>\n<h2>Caratteristiche del Trolley sportivo Flight da cabina<\/h2>\n<p>Il nostro <strong>trolley Macron<\/strong> \u00e8 dotato di una serie di caratteristiche che lo rendono unico nel suo genere:<\/p>\n<ul>\n<li>Scocca rigida in ABS zigrinato, con grafica <a href=\"https:\/\/www.macron.com\/it\" target=\"_blank\" rel=\"noopener\">Macron<\/a> Hero a rilievo.<\/li>\n<li>Area frontale superiore personalizzabile con loghi club tramite stickers.<\/li>\n<li>Manico superiore estrabile e 4 ruote multidirezionali.<\/li>\n<li>Chiusura TSA con combinazione.<\/li>\n<\/ul>\n<h3>Un trolley sportivo progettato per durare<\/h3>\n<p>Il <strong>Trolley sportivo<\/strong>\u00a0non \u00e8 solo bello da vedere, ma \u00e8 anche realizzato con materiali di alta qualit\u00e0. Il <a href=\"https:\/\/www.filtrading.it\/it\/poliestere#:~:text=Il%20Poliestere%20%C3%A8%20una%20fibra,'elasticit%C3%A0%20e%20l'idrorepellenza.\" target=\"_blank\" rel=\"noopener\">poliestere<\/a> utilizzato \u00e8 un tessuto ad alta tecnologia appositamente progettato per i<a href=\"https:\/\/thefootballsquare.com\/en\/prodotto\/kit-legend\/\" target=\"_blank\" rel=\"noopener\"> kit da gioco<\/a>. \u00c8 leggero, molto malleabile e resistente agli strappi. Inoltre, garantisce un&#8217;asciugatura molto rapida.<\/p>\n<h2>Perch\u00e9 scegliere il nostro Trolley Flight da cabina?<\/h2>\n<p>Non solo il nostro <strong>trolley sportivo<\/strong> \u00e8 funzionale e resistente, ma \u00e8 anche estremamente versatile. Grazie alla possibilit\u00e0 di espansione della capienza tramite soffietto con zip, potrai portare con te tutto ci\u00f2 di cui hai bisogno, senza dover rinunciare a nulla.<\/p>\n<p><strong>Acquistalo ora<\/strong> su <a href=\"https:\/\/thefootballsquare.com\/en\/\" target=\"_blank\" rel=\"noopener\">The football Square<\/a> e inizia a viaggiare con stile!<\/p>","protected":false},"excerpt":{"rendered":"<h2>Caratteristiche Trolley Macron<\/h2>\n<ul>\n<li><strong>Scocca rigida<\/strong> in ABS zigrinato, con grafica <a href=\"https:\/\/www.macron.com\/it\" target=\"_blank\" rel=\"noopener\">Macron<\/a> Hero a rilievo.<\/li>\n<li><strong>Area frontale<\/strong> superiore personalizzabile con loghi club tramite stickers.<\/li>\n<li><strong>Manico superiore<\/strong> estrabile e 4 ruote multidirezionali.<\/li>\n<li><strong>Chiusura<\/strong> TSA con combinazione.<\/li>\n<\/ul>","protected":false},"featured_media":32035,"template":"","meta":{"_glsr_average":0,"_glsr_ranking":0,"_glsr_reviews":0},"product_cat":[447,674,375,424,428,24,27,425,433],"product_tag":[],"giftcard-category":[],"yoast_head":"<!-- This site is optimized with the Yoast SEO plugin v22.3 - https:\/\/yoast.com\/wordpress\/plugins\/seo\/ -->\n<title>Trolley sportivo Flight da cabina: pratico, resistente e alla moda<\/title>\n<meta name=\"description\" content=\"Acquista il trolley sportivo Flight da cabina, il tuo compagno di viaggio perfetto. Resistente, versatile e alla moda. Chiusura con combinazione\" \/>\n<meta name=\"robots\" content=\"index, follow, max-snippet:-1, max-image-preview:large, max-video-preview:-1\" \/>\n<link rel=\"canonical\" href=\"https:\/\/thefootballsquare.com\/en\/trolley-sportivo-flight-da-cabina\/\" \/>\n<meta property=\"og:locale\" content=\"en_GB\" \/>\n<meta property=\"og:type\" content=\"article\" \/>\n<meta property=\"og:title\" content=\"Trolley sportivo Flight da cabina: pratico, resistente e alla moda\" \/>\n<meta property=\"og:description\" content=\"Acquista il trolley sportivo Flight da cabina, il tuo compagno di viaggio perfetto. Resistente, versatile e alla moda. Chiusura con combinazione\" \/>\n<meta property=\"og:url\" content=\"https:\/\/thefootballsquare.com\/en\/trolley-sportivo-flight-da-cabina\/\" \/>\n<meta property=\"og:site_name\" content=\"thefootballsquare.com\" \/>\n<meta property=\"article:modified_time\" content=\"2025-03-25T16:12:20+00:00\" \/>\n<meta property=\"og:image\" content=\"https:\/\/thefootballsquare.com\/wp-content\/uploads\/2023\/10\/trolley-sportivo-Flight-da-cabina-jpg.webp\" \/>\n\t<meta property=\"og:image:width\" content=\"1080\" \/>\n\t<meta property=\"og:image:height\" content=\"1080\" \/>\n\t<meta property=\"og:image:type\" content=\"image\/jpeg\" \/>\n<meta name=\"twitter:card\" content=\"summary_large_image\" \/>\n<meta name=\"twitter:title\" content=\"Trolley sportivo Flight da cabina: pratico, resistente e alla moda\" \/>\n<meta name=\"twitter:description\" content=\"Acquista il trolley sportivo Flight da cabina, il tuo compagno di viaggio perfetto. Resistente, versatile e alla moda. Chiusura con combinazione\" \/>\n<meta name=\"twitter:image\" content=\"https:\/\/thefootballsquare.com\/wp-content\/uploads\/2023\/10\/trolley-sportivo-Flight-da-cabina-jpg.webp\" \/>\n<meta name=\"twitter:label1\" content=\"Estimated reading time\" \/>\n\t<meta name=\"twitter:data1\" content=\"2 minutes\" \/>\n<script type=\"application\/ld+json\" class=\"yoast-schema-graph\">{\"@context\":\"https:\/\/schema.org\",\"@graph\":[{\"@type\":\"WebPage\",\"@id\":\"https:\/\/thefootballsquare.com\/trolley-sportivo-flight-da-cabina\/\",\"url\":\"https:\/\/thefootballsquare.com\/trolley-sportivo-flight-da-cabina\/\",\"name\":\"Trolley sportivo Flight da cabina: pratico, resistente e alla moda\",\"isPartOf\":{\"@id\":\"https:\/\/thefootballsquare.com\/#website\"},\"primaryImageOfPage\":{\"@id\":\"https:\/\/thefootballsquare.com\/trolley-sportivo-flight-da-cabina\/#primaryimage\"},\"image\":{\"@id\":\"https:\/\/thefootballsquare.com\/trolley-sportivo-flight-da-cabina\/#primaryimage\"},\"thumbnailUrl\":\"https:\/\/thefootballsquare.com\/wp-content\/uploads\/2023\/10\/trolley-sportivo-Flight-da-cabina-jpg.webp\",\"datePublished\":\"2023-10-12T10:58:52+00:00\",\"dateModified\":\"2025-03-25T16:12:20+00:00\",\"description\":\"Acquista il trolley sportivo Flight da cabina, il tuo compagno di viaggio perfetto. Resistente, versatile e alla moda. Chiusura con combinazione\",\"breadcrumb\":{\"@id\":\"https:\/\/thefootballsquare.com\/trolley-sportivo-flight-da-cabina\/#breadcrumb\"},\"inLanguage\":\"en-GB\",\"potentialAction\":[{\"@type\":\"ReadAction\",\"target\":[\"https:\/\/thefootballsquare.com\/trolley-sportivo-flight-da-cabina\/\"]}]},{\"@type\":\"ImageObject\",\"inLanguage\":\"en-GB\",\"@id\":\"https:\/\/thefootballsquare.com\/trolley-sportivo-flight-da-cabina\/#primaryimage\",\"url\":\"https:\/\/thefootballsquare.com\/wp-content\/uploads\/2023\/10\/trolley-sportivo-Flight-da-cabina-jpg.webp\",\"contentUrl\":\"https:\/\/thefootballsquare.com\/wp-content\/uploads\/2023\/10\/trolley-sportivo-Flight-da-cabina-jpg.webp\",\"width\":1080,\"height\":1080,\"caption\":\"trolley sportivo nero Macron\"},{\"@type\":\"BreadcrumbList\",\"@id\":\"https:\/\/thefootballsquare.com\/trolley-sportivo-flight-da-cabina\/#breadcrumb\",\"itemListElement\":[{\"@type\":\"ListItem\",\"position\":1,\"name\":\"Home\",\"item\":\"https:\/\/thefootballsquare.com\/\"},{\"@type\":\"ListItem\",\"position\":2,\"name\":\"Trolley sportivo Flight da cabina\"}]},{\"@type\":\"WebSite\",\"@id\":\"https:\/\/thefootballsquare.com\/#website\",\"url\":\"https:\/\/thefootballsquare.com\/\",\"name\":\"thefootballsquare.com\",\"description\":\"\",\"publisher\":{\"@id\":\"https:\/\/thefootballsquare.com\/#organization\"},\"potentialAction\":[{\"@type\":\"SearchAction\",\"target\":{\"@type\":\"EntryPoint\",\"urlTemplate\":\"https:\/\/thefootballsquare.com\/?s={search_term_string}\"},\"query-input\":\"required name=search_term_string\"}],\"inLanguage\":\"en-GB\"},{\"@type\":\"Organization\",\"@id\":\"https:\/\/thefootballsquare.com\/#organization\",\"name\":\"thefootballsquare.com\",\"url\":\"https:\/\/thefootballsquare.com\/\",\"logo\":{\"@type\":\"ImageObject\",\"inLanguage\":\"en-GB\",\"@id\":\"https:\/\/thefootballsquare.com\/#\/schema\/logo\/image\/\",\"url\":\"https:\/\/thefootballsquare.com\/wp-content\/uploads\/2023\/02\/logo_TheFootbalSquare_bianco@4x.png\",\"contentUrl\":\"https:\/\/thefootballsquare.com\/wp-content\/uploads\/2023\/02\/logo_TheFootbalSquare_bianco@4x.png\",\"width\":581,\"height\":477,\"caption\":\"thefootballsquare.com\"},\"image\":{\"@id\":\"https:\/\/thefootballsquare.com\/#\/schema\/logo\/image\/\"}}]}<\/script>\n<!-- \/ Yoast SEO plugin. -->","yoast_head_json":{"title":"Trolley sportivo Flight da cabina: pratico, resistente e alla moda","description":"Acquista il trolley sportivo Flight da cabina, il tuo compagno di viaggio perfetto. Resistente, versatile e alla moda. Chiusura con combinazione","robots":{"index":"index","follow":"follow","max-snippet":"max-snippet:-1","max-image-preview":"max-image-preview:large","max-video-preview":"max-video-preview:-1"},"canonical":"https:\/\/thefootballsquare.com\/en\/trolley-sportivo-flight-da-cabina\/","og_locale":"en_GB","og_type":"article","og_title":"Trolley sportivo Flight da cabina: pratico, resistente e alla moda","og_description":"Acquista il trolley sportivo Flight da cabina, il tuo compagno di viaggio perfetto. Resistente, versatile e alla moda. Chiusura con combinazione","og_url":"https:\/\/thefootballsquare.com\/en\/trolley-sportivo-flight-da-cabina\/","og_site_name":"thefootballsquare.com","article_modified_time":"2025-03-25T16:12:20+00:00","og_image":[{"width":1080,"height":1080,"url":"https:\/\/thefootballsquare.com\/wp-content\/uploads\/2023\/10\/trolley-sportivo-Flight-da-cabina-jpg.webp","type":"image\/jpeg"}],"twitter_card":"summary_large_image","twitter_title":"Trolley sportivo Flight da cabina: pratico, resistente e alla moda","twitter_description":"Acquista il trolley sportivo Flight da cabina, il tuo compagno di viaggio perfetto. Resistente, versatile e alla moda. Chiusura con combinazione","twitter_image":"https:\/\/thefootballsquare.com\/wp-content\/uploads\/2023\/10\/trolley-sportivo-Flight-da-cabina-jpg.webp","twitter_misc":{"Estimated reading time":"2 minutes"},"schema":{"@context":"https:\/\/schema.org","@graph":[{"@type":"WebPage","@id":"https:\/\/thefootballsquare.com\/trolley-sportivo-flight-da-cabina\/","url":"https:\/\/thefootballsquare.com\/trolley-sportivo-flight-da-cabina\/","name":"Trolley sportivo Flight da cabina: pratico, resistente e alla moda","isPartOf":{"@id":"https:\/\/thefootballsquare.com\/#website"},"primaryImageOfPage":{"@id":"https:\/\/thefootballsquare.com\/trolley-sportivo-flight-da-cabina\/#primaryimage"},"image":{"@id":"https:\/\/thefootballsquare.com\/trolley-sportivo-flight-da-cabina\/#primaryimage"},"thumbnailUrl":"https:\/\/thefootballsquare.com\/wp-content\/uploads\/2023\/10\/trolley-sportivo-Flight-da-cabina-jpg.webp","datePublished":"2023-10-12T10:58:52+00:00","dateModified":"2025-03-25T16:12:20+00:00","description":"Acquista il trolley sportivo Flight da cabina, il tuo compagno di viaggio perfetto. Resistente, versatile e alla moda. Chiusura con combinazione","breadcrumb":{"@id":"https:\/\/thefootballsquare.com\/trolley-sportivo-flight-da-cabina\/#breadcrumb"},"inLanguage":"en-GB","potentialAction":[{"@type":"ReadAction","target":["https:\/\/thefootballsquare.com\/trolley-sportivo-flight-da-cabina\/"]}]},{"@type":"ImageObject","inLanguage":"en-GB","@id":"https:\/\/thefootballsquare.com\/trolley-sportivo-flight-da-cabina\/#primaryimage","url":"https:\/\/thefootballsquare.com\/wp-content\/uploads\/2023\/10\/trolley-sportivo-Flight-da-cabina-jpg.webp","contentUrl":"https:\/\/thefootballsquare.com\/wp-content\/uploads\/2023\/10\/trolley-sportivo-Flight-da-cabina-jpg.webp","width":1080,"height":1080,"caption":"trolley sportivo nero Macron"},{"@type":"BreadcrumbList","@id":"https:\/\/thefootballsquare.com\/trolley-sportivo-flight-da-cabina\/#breadcrumb","itemListElement":[{"@type":"ListItem","position":1,"name":"Home","item":"https:\/\/thefootballsquare.com\/"},{"@type":"ListItem","position":2,"name":"Trolley sportivo Flight da cabina"}]},{"@type":"WebSite","@id":"https:\/\/thefootballsquare.com\/#website","url":"https:\/\/thefootballsquare.com\/","name":"thefootballsquare.com","description":"","publisher":{"@id":"https:\/\/thefootballsquare.com\/#organization"},"potentialAction":[{"@type":"SearchAction","target":{"@type":"EntryPoint","urlTemplate":"https:\/\/thefootballsquare.com\/?s={search_term_string}"},"query-input":"required name=search_term_string"}],"inLanguage":"en-GB"},{"@type":"Organization","@id":"https:\/\/thefootballsquare.com\/#organization","name":"thefootballsquare.com","url":"https:\/\/thefootballsquare.com\/","logo":{"@type":"ImageObject","inLanguage":"en-GB","@id":"https:\/\/thefootballsquare.com\/#\/schema\/logo\/image\/","url":"https:\/\/thefootballsquare.com\/wp-content\/uploads\/2023\/02\/logo_TheFootbalSquare_bianco@4x.png","contentUrl":"https:\/\/thefootballsquare.com\/wp-content\/uploads\/2023\/02\/logo_TheFootbalSquare_bianco@4x.png","width":581,"height":477,"caption":"thefootballsquare.com"},"image":{"@id":"https:\/\/thefootballsquare.com\/#\/schema\/logo\/image\/"}}]}},"_links":{"self":[{"href":"https:\/\/thefootballsquare.com\/en\/wp-json\/wp\/v2\/product\/32032"}],"collection":[{"href":"https:\/\/thefootballsquare.com\/en\/wp-json\/wp\/v2\/product"}],"about":[{"href":"https:\/\/thefootballsquare.com\/en\/wp-json\/wp\/v2\/types\/product"}],"version-history":[{"count":1,"href":"https:\/\/thefootballsquare.com\/en\/wp-json\/wp\/v2\/product\/32032\/revisions"}],"predecessor-version":[{"id":50429,"href":"https:\/\/thefootballsquare.com\/en\/wp-json\/wp\/v2\/product\/32032\/revisions\/50429"}],"wp:featuredmedia":[{"embeddable":true,"href":"https:\/\/thefootballsquare.com\/en\/wp-json\/wp\/v2\/media\/32035"}],"wp:attachment":[{"href":"https:\/\/thefootballsquare.com\/en\/wp-json\/wp\/v2\/media?parent=32032"}],"wp:term":[{"taxonomy":"product_cat","embeddable":true,"href":"https:\/\/thefootballsquare.com\/en\/wp-json\/wp\/v2\/product_cat?post=32032"},{"taxonomy":"product_tag","embeddable":true,"href":"https:\/\/thefootballsquare.com\/en\/wp-json\/wp\/v2\/product_tag?post=32032"},{"taxonomy":"giftcard-category","embeddable":true,"href":"https:\/\/thefootballsquare.com\/en\/wp-json\/wp\/v2\/giftcard-category?post=32032"}],"curies":[{"name":"wp","href":"https:\/\/api.w.org\/{rel}","templated":true}]}}