{"id":31835,"date":"2023-10-10T18:20:30","date_gmt":"2023-10-10T16:20:30","guid":{"rendered":"https:\/\/thefootballsquare.com\/?post_type=product&#038;p=31835"},"modified":"2025-03-25T17:12:34","modified_gmt":"2025-03-25T16:12:34","slug":"zaino-macron-windfall-traspirante-capiente-e-resistente","status":"publish","type":"product","link":"https:\/\/thefootballsquare.com\/en\/zaino-macron-windfall-traspirante-capiente-e-resistente\/","title":{"rendered":"Zaino Macron Windfall"},"content":{"rendered":"<h2>Zaino Macron &#8220;Windfall&#8221; per amanti del calcio e dello sport<\/h2>\n<p>Il tuo prossimo compagno di avventure sportive \u00e8 qui. Il nostro zaino Macron &#8220;Windfall&#8221; \u00e8 il perfetto equilibrio tra stile, funzionalit\u00e0 e comfort. Ideale per tutti gli <a href=\"https:\/\/eticanellosport.com\/valori-dello-sport\/#:~:text=verso%20gli%20avversari.-,Collaborazione,a%20lasciare%20spazio%20al%20noi.\" target=\"_blank\" rel=\"noopener\">appassionati di calcio e sport<\/a> in generale, \u00e8 un must-have per chi cerca <strong>praticit\u00e0 senza rinunciare alla qualit\u00e0<\/strong>.<\/p>\n<h2>Zaini calcio: Macron &#8220;Windfall&#8221;, il tuo alleato in ogni partita<\/h2>\n<p>L&#8217;<strong>ampio scomparto frontale<\/strong> con <strong>chiusura a zip<\/strong> del nostro zaino Macron &#8220;Windfall&#8221; \u00e8 dotato internamente di un <strong>organizer porta oggetti<\/strong> e di una<strong> tasca porta PC<\/strong>. Ma non finisce qui. All&#8217;esterno, troverai una <strong>tasca frontale estensibile in rete porta pallone<\/strong> e una tasca laterale porta oggetti o acqua. Tutto ci\u00f2 che ti serve per la tua partita di calcio o la tua sessione di allenamento sar\u00e0 sempre a portata di mano.<\/p>\n<h3>Zaino Macron: l&#8217;innovazione incontra il comfort<\/h3>\n<p>La parte a contatto con la schiena del nostro zaino Macron &#8220;Windfall&#8221; \u00e8 realizzata in <strong>tessuto imbottito e traspirante<\/strong> per un maggiore comfort. Mentre, il materiale utilizzato, il <a href=\"https:\/\/www.filtrading.it\/it\/poliestere#:~:text=Il%20Poliestere%20%C3%A8%20una%20fibra,'elasticit%C3%A0%20e%20l'idrorepellenza.\" target=\"_blank\" rel=\"noopener\"><strong>poliestere<\/strong><\/a>, \u00e8 un tessuto ad alta tecnologia appositamente progettato per i kit da gioco. \u00c8 leggero, molto malleabile e resistente agli strappi, garantendo un&#8217;asciugatura molto rapida.<\/p>\n<p><strong>Caratteristiche principali dello zaino Macron &#8220;Windfall&#8221;:<\/strong><\/p>\n<ul>\n<li>Ampio scomparto frontale con chiusura a zip<\/li>\n<li>Organizer interno porta oggetti<\/li>\n<li>Tasca porta PC<\/li>\n<li>Tasca frontale estensibile in rete porta pallone<\/li>\n<li>Tasca laterale porta oggetti o acqua<\/li>\n<li>Tessuto imbottito e traspirante per un maggiore comfort<\/li>\n<li>Materiale: Poliestere, leggero, malleabile e resistente agli strappi<\/li>\n<\/ul>\n<h2>Zaini per lo sport: Acquista su <a href=\"https:\/\/thefootballsquare.com\/en\/\" target=\"_blank\" rel=\"noopener\">The Football Square<\/a><\/h2>\n<p>Che tu stia cercando uno zaino per il calcio, la palestra o una gita all&#8217;aria aperta, lo zaino Macron &#8220;Windfall&#8221; \u00e8 la scelta giusta per te. Con il suo design elegante e le sue funzionalit\u00e0 pensate per gli sportivi, sarai sempre pronto ad affrontare la tua prossima sfida.<\/p>\n<p>Non perdere l&#8217;occasione di avere il tuo zaino &#8220;Windfall&#8221;. Acquista subito su &#8220;<a href=\"https:\/\/thefootballsquare.com\/en\/\" target=\"_blank\" rel=\"noopener\"><strong>The Football Square<\/strong><\/a>&#8221; e scopri come lo sport e lo stile possono andare a braccetto.<\/p>","protected":false},"excerpt":{"rendered":"<h2><strong>Caratteristiche zaino sportivo:<\/strong><\/h2>\n<ul>\n<li><strong>Ampio scomparto<\/strong> frontale con chiusura a zip<\/li>\n<li><strong>Organizer interno<\/strong> porta oggetti<\/li>\n<li><strong>Tasca<\/strong> <strong>porta PC<\/strong><\/li>\n<li><strong>Tasca frontale<\/strong> estensibile in rete porta pallone<\/li>\n<li><strong>Tasca laterale<\/strong> porta oggetti o acqua<\/li>\n<li><strong>Tessuto imbottito<\/strong> e traspirante per un maggiore comfort<\/li>\n<li><strong>Materiale<\/strong>: Poliestere, leggero, malleabile e resistente agli strappi<\/li>\n<\/ul>","protected":false},"featured_media":31853,"template":"","meta":{"_glsr_average":0,"_glsr_ranking":0,"_glsr_reviews":0},"product_cat":[447,674,375,424,427,24,426,437,27,425,432],"product_tag":[844,842,843],"giftcard-category":[],"yoast_head":"<!-- This site is optimized with the Yoast SEO plugin v22.3 - https:\/\/yoast.com\/wordpress\/plugins\/seo\/ -->\n<title>Zaino Macron Windfall: traspirante, capiente e resistente<\/title>\n<meta name=\"description\" content=\"Acquista subito su &quot;The Football Square&quot; lo zaino Macron Windfall, e usufruisci del 10% di sconto sul tuo primo acquisto, iscrivendoti alla newsletter.\" \/>\n<meta name=\"robots\" content=\"index, follow, max-snippet:-1, max-image-preview:large, max-video-preview:-1\" \/>\n<link rel=\"canonical\" href=\"https:\/\/thefootballsquare.com\/en\/zaino-macron-windfall-traspirante-capiente-e-resistente\/\" \/>\n<meta property=\"og:locale\" content=\"en_GB\" \/>\n<meta property=\"og:type\" content=\"article\" \/>\n<meta property=\"og:title\" content=\"Zaino Macron Windfall: traspirante, capiente e resistente\" \/>\n<meta property=\"og:description\" content=\"Acquista subito su &quot;The Football Square&quot; lo zaino Macron Windfall, e usufruisci del 10% di sconto sul tuo primo acquisto, iscrivendoti alla newsletter.\" \/>\n<meta property=\"og:url\" content=\"https:\/\/thefootballsquare.com\/en\/zaino-macron-windfall-traspirante-capiente-e-resistente\/\" \/>\n<meta property=\"og:site_name\" content=\"thefootballsquare.com\" \/>\n<meta property=\"article:modified_time\" content=\"2025-03-25T16:12:34+00:00\" \/>\n<meta name=\"twitter:card\" content=\"summary_large_image\" \/>\n<meta name=\"twitter:title\" content=\"Zaino Macron Windfall: traspirante, capiente e resistente\" \/>\n<meta name=\"twitter:description\" content=\"Acquista subito su &quot;The Football Square&quot; lo zaino Macron Windfall, e usufruisci del 10% di sconto sul tuo primo acquisto, iscrivendoti alla newsletter.\" \/>\n<meta name=\"twitter:label1\" content=\"Estimated reading time\" \/>\n\t<meta name=\"twitter:data1\" content=\"2 minutes\" \/>\n<script type=\"application\/ld+json\" class=\"yoast-schema-graph\">{\"@context\":\"https:\/\/schema.org\",\"@graph\":[{\"@type\":\"WebPage\",\"@id\":\"https:\/\/thefootballsquare.com\/zaino-macron-windfall-traspirante-capiente-e-resistente\/\",\"url\":\"https:\/\/thefootballsquare.com\/zaino-macron-windfall-traspirante-capiente-e-resistente\/\",\"name\":\"Zaino Macron Windfall: traspirante, capiente e resistente\",\"isPartOf\":{\"@id\":\"https:\/\/thefootballsquare.com\/#website\"},\"primaryImageOfPage\":{\"@id\":\"https:\/\/thefootballsquare.com\/zaino-macron-windfall-traspirante-capiente-e-resistente\/#primaryimage\"},\"image\":{\"@id\":\"https:\/\/thefootballsquare.com\/zaino-macron-windfall-traspirante-capiente-e-resistente\/#primaryimage\"},\"thumbnailUrl\":\"https:\/\/thefootballsquare.com\/wp-content\/uploads\/2023\/10\/Zaino-Windfall-zaino-sport-zaino-calcio-1-jpg.webp\",\"datePublished\":\"2023-10-10T16:20:30+00:00\",\"dateModified\":\"2025-03-25T16:12:34+00:00\",\"description\":\"Acquista subito su \\\"The Football Square\\\" lo zaino Macron Windfall, e usufruisci del 10% di sconto sul tuo primo acquisto, iscrivendoti alla newsletter.\",\"breadcrumb\":{\"@id\":\"https:\/\/thefootballsquare.com\/zaino-macron-windfall-traspirante-capiente-e-resistente\/#breadcrumb\"},\"inLanguage\":\"en-GB\",\"potentialAction\":[{\"@type\":\"ReadAction\",\"target\":[\"https:\/\/thefootballsquare.com\/zaino-macron-windfall-traspirante-capiente-e-resistente\/\"]}]},{\"@type\":\"ImageObject\",\"inLanguage\":\"en-GB\",\"@id\":\"https:\/\/thefootballsquare.com\/zaino-macron-windfall-traspirante-capiente-e-resistente\/#primaryimage\",\"url\":\"https:\/\/thefootballsquare.com\/wp-content\/uploads\/2023\/10\/Zaino-Windfall-zaino-sport-zaino-calcio-1-jpg.webp\",\"contentUrl\":\"https:\/\/thefootballsquare.com\/wp-content\/uploads\/2023\/10\/Zaino-Windfall-zaino-sport-zaino-calcio-1-jpg.webp\",\"width\":1080,\"height\":1080,\"caption\":\"zaino windfall macron nero logo stampato ampio scomparto frontale con chiusura a zip organizer interno porta oggetti tasca porta PC tasca frontale estensibile in rete porta pallone tasca laterale porta oggetti o acqua tessuto imbottito e traspirante per un maggiore comfort 100 % poliestere\"},{\"@type\":\"BreadcrumbList\",\"@id\":\"https:\/\/thefootballsquare.com\/zaino-macron-windfall-traspirante-capiente-e-resistente\/#breadcrumb\",\"itemListElement\":[{\"@type\":\"ListItem\",\"position\":1,\"name\":\"Home\",\"item\":\"https:\/\/thefootballsquare.com\/\"},{\"@type\":\"ListItem\",\"position\":2,\"name\":\"Zaino Macron Windfall\"}]},{\"@type\":\"WebSite\",\"@id\":\"https:\/\/thefootballsquare.com\/#website\",\"url\":\"https:\/\/thefootballsquare.com\/\",\"name\":\"thefootballsquare.com\",\"description\":\"\",\"publisher\":{\"@id\":\"https:\/\/thefootballsquare.com\/#organization\"},\"potentialAction\":[{\"@type\":\"SearchAction\",\"target\":{\"@type\":\"EntryPoint\",\"urlTemplate\":\"https:\/\/thefootballsquare.com\/?s={search_term_string}\"},\"query-input\":\"required name=search_term_string\"}],\"inLanguage\":\"en-GB\"},{\"@type\":\"Organization\",\"@id\":\"https:\/\/thefootballsquare.com\/#organization\",\"name\":\"thefootballsquare.com\",\"url\":\"https:\/\/thefootballsquare.com\/\",\"logo\":{\"@type\":\"ImageObject\",\"inLanguage\":\"en-GB\",\"@id\":\"https:\/\/thefootballsquare.com\/#\/schema\/logo\/image\/\",\"url\":\"https:\/\/thefootballsquare.com\/wp-content\/uploads\/2023\/02\/logo_TheFootbalSquare_bianco@4x.png\",\"contentUrl\":\"https:\/\/thefootballsquare.com\/wp-content\/uploads\/2023\/02\/logo_TheFootbalSquare_bianco@4x.png\",\"width\":581,\"height\":477,\"caption\":\"thefootballsquare.com\"},\"image\":{\"@id\":\"https:\/\/thefootballsquare.com\/#\/schema\/logo\/image\/\"}}]}<\/script>\n<!-- \/ Yoast SEO plugin. -->","yoast_head_json":{"title":"Zaino Macron Windfall: traspirante, capiente e resistente","description":"Acquista subito su \"The Football Square\" lo zaino Macron Windfall, e usufruisci del 10% di sconto sul tuo primo acquisto, iscrivendoti alla newsletter.","robots":{"index":"index","follow":"follow","max-snippet":"max-snippet:-1","max-image-preview":"max-image-preview:large","max-video-preview":"max-video-preview:-1"},"canonical":"https:\/\/thefootballsquare.com\/en\/zaino-macron-windfall-traspirante-capiente-e-resistente\/","og_locale":"en_GB","og_type":"article","og_title":"Zaino Macron Windfall: traspirante, capiente e resistente","og_description":"Acquista subito su \"The Football Square\" lo zaino Macron Windfall, e usufruisci del 10% di sconto sul tuo primo acquisto, iscrivendoti alla newsletter.","og_url":"https:\/\/thefootballsquare.com\/en\/zaino-macron-windfall-traspirante-capiente-e-resistente\/","og_site_name":"thefootballsquare.com","article_modified_time":"2025-03-25T16:12:34+00:00","twitter_card":"summary_large_image","twitter_title":"Zaino Macron Windfall: traspirante, capiente e resistente","twitter_description":"Acquista subito su \"The Football Square\" lo zaino Macron Windfall, e usufruisci del 10% di sconto sul tuo primo acquisto, iscrivendoti alla newsletter.","twitter_misc":{"Estimated reading time":"2 minutes"},"schema":{"@context":"https:\/\/schema.org","@graph":[{"@type":"WebPage","@id":"https:\/\/thefootballsquare.com\/zaino-macron-windfall-traspirante-capiente-e-resistente\/","url":"https:\/\/thefootballsquare.com\/zaino-macron-windfall-traspirante-capiente-e-resistente\/","name":"Zaino Macron Windfall: traspirante, capiente e resistente","isPartOf":{"@id":"https:\/\/thefootballsquare.com\/#website"},"primaryImageOfPage":{"@id":"https:\/\/thefootballsquare.com\/zaino-macron-windfall-traspirante-capiente-e-resistente\/#primaryimage"},"image":{"@id":"https:\/\/thefootballsquare.com\/zaino-macron-windfall-traspirante-capiente-e-resistente\/#primaryimage"},"thumbnailUrl":"https:\/\/thefootballsquare.com\/wp-content\/uploads\/2023\/10\/Zaino-Windfall-zaino-sport-zaino-calcio-1-jpg.webp","datePublished":"2023-10-10T16:20:30+00:00","dateModified":"2025-03-25T16:12:34+00:00","description":"Acquista subito su \"The Football Square\" lo zaino Macron Windfall, e usufruisci del 10% di sconto sul tuo primo acquisto, iscrivendoti alla newsletter.","breadcrumb":{"@id":"https:\/\/thefootballsquare.com\/zaino-macron-windfall-traspirante-capiente-e-resistente\/#breadcrumb"},"inLanguage":"en-GB","potentialAction":[{"@type":"ReadAction","target":["https:\/\/thefootballsquare.com\/zaino-macron-windfall-traspirante-capiente-e-resistente\/"]}]},{"@type":"ImageObject","inLanguage":"en-GB","@id":"https:\/\/thefootballsquare.com\/zaino-macron-windfall-traspirante-capiente-e-resistente\/#primaryimage","url":"https:\/\/thefootballsquare.com\/wp-content\/uploads\/2023\/10\/Zaino-Windfall-zaino-sport-zaino-calcio-1-jpg.webp","contentUrl":"https:\/\/thefootballsquare.com\/wp-content\/uploads\/2023\/10\/Zaino-Windfall-zaino-sport-zaino-calcio-1-jpg.webp","width":1080,"height":1080,"caption":"zaino windfall macron nero logo stampato ampio scomparto frontale con chiusura a zip organizer interno porta oggetti tasca porta PC tasca frontale estensibile in rete porta pallone tasca laterale porta oggetti o acqua tessuto imbottito e traspirante per un maggiore comfort 100 % poliestere"},{"@type":"BreadcrumbList","@id":"https:\/\/thefootballsquare.com\/zaino-macron-windfall-traspirante-capiente-e-resistente\/#breadcrumb","itemListElement":[{"@type":"ListItem","position":1,"name":"Home","item":"https:\/\/thefootballsquare.com\/"},{"@type":"ListItem","position":2,"name":"Zaino Macron Windfall"}]},{"@type":"WebSite","@id":"https:\/\/thefootballsquare.com\/#website","url":"https:\/\/thefootballsquare.com\/","name":"thefootballsquare.com","description":"","publisher":{"@id":"https:\/\/thefootballsquare.com\/#organization"},"potentialAction":[{"@type":"SearchAction","target":{"@type":"EntryPoint","urlTemplate":"https:\/\/thefootballsquare.com\/?s={search_term_string}"},"query-input":"required name=search_term_string"}],"inLanguage":"en-GB"},{"@type":"Organization","@id":"https:\/\/thefootballsquare.com\/#organization","name":"thefootballsquare.com","url":"https:\/\/thefootballsquare.com\/","logo":{"@type":"ImageObject","inLanguage":"en-GB","@id":"https:\/\/thefootballsquare.com\/#\/schema\/logo\/image\/","url":"https:\/\/thefootballsquare.com\/wp-content\/uploads\/2023\/02\/logo_TheFootbalSquare_bianco@4x.png","contentUrl":"https:\/\/thefootballsquare.com\/wp-content\/uploads\/2023\/02\/logo_TheFootbalSquare_bianco@4x.png","width":581,"height":477,"caption":"thefootballsquare.com"},"image":{"@id":"https:\/\/thefootballsquare.com\/#\/schema\/logo\/image\/"}}]}},"_links":{"self":[{"href":"https:\/\/thefootballsquare.com\/en\/wp-json\/wp\/v2\/product\/31835"}],"collection":[{"href":"https:\/\/thefootballsquare.com\/en\/wp-json\/wp\/v2\/product"}],"about":[{"href":"https:\/\/thefootballsquare.com\/en\/wp-json\/wp\/v2\/types\/product"}],"version-history":[{"count":1,"href":"https:\/\/thefootballsquare.com\/en\/wp-json\/wp\/v2\/product\/31835\/revisions"}],"predecessor-version":[{"id":50433,"href":"https:\/\/thefootballsquare.com\/en\/wp-json\/wp\/v2\/product\/31835\/revisions\/50433"}],"wp:featuredmedia":[{"embeddable":true,"href":"https:\/\/thefootballsquare.com\/en\/wp-json\/wp\/v2\/media\/31853"}],"wp:attachment":[{"href":"https:\/\/thefootballsquare.com\/en\/wp-json\/wp\/v2\/media?parent=31835"}],"wp:term":[{"taxonomy":"product_cat","embeddable":true,"href":"https:\/\/thefootballsquare.com\/en\/wp-json\/wp\/v2\/product_cat?post=31835"},{"taxonomy":"product_tag","embeddable":true,"href":"https:\/\/thefootballsquare.com\/en\/wp-json\/wp\/v2\/product_tag?post=31835"},{"taxonomy":"giftcard-category","embeddable":true,"href":"https:\/\/thefootballsquare.com\/en\/wp-json\/wp\/v2\/giftcard-category?post=31835"}],"curies":[{"name":"wp","href":"https:\/\/api.w.org\/{rel}","templated":true}]}}