{"id":2751,"date":"2023-03-01T16:36:59","date_gmt":"2023-03-01T15:36:59","guid":{"rendered":"https:\/\/thefootballsquare.com\/?post_type=product&#038;p=2751"},"modified":"2025-03-25T18:02:49","modified_gmt":"2025-03-25T17:02:49","slug":"tuta-zeus-kit-ulysse","status":"publish","type":"product","link":"https:\/\/thefootballsquare.com\/en\/tuta-zeus-kit-ulysse\/","title":{"rendered":"Tuta Zeus Kit Ulysse"},"content":{"rendered":"<h2><strong>Acquista la Tuta Zeus Kit Ulysse<\/strong><\/h2>\n<h3>Benvenuto nel mondo dell&#8217;abbigliamento moderno e versatile!<\/h3>\n<p>La nostra tuta Zeus Kit Ulysse \u00e8 l&#8217;elemento che manca nel tuo guardaroba, pronto a rivoluzionare il tuo stile con la sua eleganza senza tempo e il massimo comfort.<\/p>\n<h3>\u00a0Comfort e Design in un Unico Capo<\/h3>\n<p>Il\u00a0kit Ulysse, si adatta perfettamente a qualsiasi corpo, garantendo \u00a0un look sofisticato in ogni occasione, con il suo scollo a V e le maniche raglan. \u00a0il Kit Ulysse \u00e8 realizzato al 100% in poliestere di alta qualit\u00e0, garantendo una vestibilit\u00e0 comoda e duratura.<\/p>\n<p>Sentirai la morbidezza del tessuto sulla pelle, mentre la leggerezza del capo, ti permetter\u00e0 di muoverti con agilit\u00e0. La Tuta Zeus Kit Ulysse si adatter\u00e0 perfettamente a te, non importa quale sia la tua taglia o la tua forma, offrendoti comfort e libert\u00e0 di movimento ineguagliabili.<\/p>\n<p>Inoltre<span style=\"font-size: 16px\">, i \u00a0materiali scelti, \u00a0garantiscono una buona traspirabilit\u00e0 mantenendoti fresco e asciutto anche durante le partite\u00a0<\/span>pi\u00f9 intense e cosi essere\u00a0\u00a0a tuo agio tutto il giorno e goderti la tua partita.<\/p>\n<h2>Esprimi il Tuo look Unico!<\/h2>\n<p>Il Kit Ulysse offre infinite possibilit\u00e0 per esprimere il tuo look unico e riflettere la tua personalit\u00e0. Con la vasta gamma di colori disponibili, hai la libert\u00e0 di scegliere quello che ti ispira di pi\u00f9 e creare un look davvero distintivo. Lascia libero sfogo alla tua creativit\u00e0 e mescola e abbina i capi per creare combinazioni che rispecchino a pieno \u00a0il tuo stile personale<\/p>\n<p>. Che tu preferisca tonalit\u00e0 classiche e sofisticate o un tocco di originalit\u00e0 con fantasie accattivanti, abbiamo la scelta perfetta per te.<\/p>\n<p>Sperimenta, gioca con le combinazioni e divertiti a creare il tuo stile.<\/p>\n<h2>Iscriviti alla newsletter e ottieni il 10 % di sconto<\/h2>\n<p>Acquista La tuta Zeus kit Ulysse,ti aiuter\u00e0 ad esprimere a pieno il tuo stile.<\/p>\n<p>Iscrivendoti \u00a0alla\u00a0newsletter, avrai \u00a0il 10% di sconto sul tuo primo \u00a0acquisto e per restare sempre aggiornato sulle nostre offerte e promozioni, seguici anche sulle nostre pagine Facebook e Instagram.<\/p>","protected":false},"excerpt":{"rendered":"<p><strong>Ordine minimo 5 pezzi<\/strong><\/p>\n<p><strong>Caratteristiche:<\/strong><\/p>\n<ul>\n<li>Kit manica lunga con scollo a V e manica raglan<\/li>\n<li><span class=\"title_red\">Vestibilit\u00e0<\/span>\u00a0Standard Fit<\/li>\n<li><span class=\"title_red\">Textile<\/span> poli fiber<\/li>\n<li>100% Poliestere<\/li>\n<\/ul>\n<p>&nbsp;<\/p>","protected":false},"featured_media":2874,"template":"","meta":{"_glsr_average":0,"_glsr_ranking":0,"_glsr_reviews":0},"product_cat":[447,450,375,706,24,709],"product_tag":[],"giftcard-category":[],"yoast_head":"<!-- This site is optimized with the Yoast SEO plugin v22.3 - https:\/\/yoast.com\/wordpress\/plugins\/seo\/ -->\n<title>Tuta Zeus Kit Ulysse<\/title>\n<meta name=\"description\" content=\"Acquista la tuta zeus kit Ulysse,ti aiuter\u00e0 ad esprimere a pieno il tuo stile. Iscriviti alla newsletter e avrai\u00a0il 10% di sconto sul tuo primo acquisto.\" \/>\n<meta name=\"robots\" content=\"index, follow, max-snippet:-1, max-image-preview:large, max-video-preview:-1\" \/>\n<link rel=\"canonical\" href=\"https:\/\/thefootballsquare.com\/en\/tuta-zeus-kit-ulysse\/\" \/>\n<meta property=\"og:locale\" content=\"en_GB\" \/>\n<meta property=\"og:type\" content=\"article\" \/>\n<meta property=\"og:title\" content=\"Tuta Zeus Kit Ulysse\" \/>\n<meta property=\"og:description\" content=\"Acquista La tuta Zeus kit Ulysse,ti aiuter\u00e0 ad esprimere a pieno il tuo stile.Iscriviti alla newsletter e avrai\u00a0il 10% di sconto sul tuo primo acquisto.\" \/>\n<meta property=\"og:url\" content=\"https:\/\/thefootballsquare.com\/en\/tuta-zeus-kit-ulysse\/\" \/>\n<meta property=\"og:site_name\" content=\"thefootballsquare.com\" \/>\n<meta property=\"article:modified_time\" content=\"2025-03-25T17:02:49+00:00\" \/>\n<meta property=\"og:image\" content=\"https:\/\/thefootballsquare.com\/wp-content\/uploads\/2023\/03\/805_85_KIT-ULYSSE-BLU-ROSSO__-1.jpg\" \/>\n\t<meta property=\"og:image:width\" content=\"700\" \/>\n\t<meta property=\"og:image:height\" content=\"782\" \/>\n\t<meta property=\"og:image:type\" content=\"image\/jpeg\" \/>\n<meta name=\"twitter:card\" content=\"summary_large_image\" \/>\n<meta name=\"twitter:title\" content=\"Tuta Zeus Kit Ulysse\" \/>\n<meta name=\"twitter:description\" content=\"Acquista La tuta Zeus kit Ulysse,ti aiuter\u00e0 ad esprimere a pieno il tuo stile.Iscriviti alla newsletter e avrai\u00a0il 10% di sconto sul tuo primo acquisto.\" \/>\n<meta name=\"twitter:image\" content=\"https:\/\/thefootballsquare.com\/wp-content\/uploads\/2023\/03\/805_85_KIT-ULYSSE-BLU-ROSSO__-1.jpg\" \/>\n<meta name=\"twitter:label1\" content=\"Estimated reading time\" \/>\n\t<meta name=\"twitter:data1\" content=\"2 minutes\" \/>\n<script type=\"application\/ld+json\" class=\"yoast-schema-graph\">{\"@context\":\"https:\/\/schema.org\",\"@graph\":[{\"@type\":\"WebPage\",\"@id\":\"https:\/\/thefootballsquare.com\/tuta-zeus-kit-ulysse\/\",\"url\":\"https:\/\/thefootballsquare.com\/tuta-zeus-kit-ulysse\/\",\"name\":\"Tuta Zeus Kit Ulysse\",\"isPartOf\":{\"@id\":\"https:\/\/thefootballsquare.com\/#website\"},\"primaryImageOfPage\":{\"@id\":\"https:\/\/thefootballsquare.com\/tuta-zeus-kit-ulysse\/#primaryimage\"},\"image\":{\"@id\":\"https:\/\/thefootballsquare.com\/tuta-zeus-kit-ulysse\/#primaryimage\"},\"thumbnailUrl\":\"https:\/\/thefootballsquare.com\/wp-content\/uploads\/2023\/03\/805_85_KIT-ULYSSE-BLU-ROSSO__.jpg\",\"datePublished\":\"2023-03-01T15:36:59+00:00\",\"dateModified\":\"2025-03-25T17:02:49+00:00\",\"description\":\"Acquista la tuta zeus kit Ulysse,ti aiuter\u00e0 ad esprimere a pieno il tuo stile. Iscriviti alla newsletter e avrai\u00a0il 10% di sconto sul tuo primo acquisto.\",\"breadcrumb\":{\"@id\":\"https:\/\/thefootballsquare.com\/tuta-zeus-kit-ulysse\/#breadcrumb\"},\"inLanguage\":\"en-GB\",\"potentialAction\":[{\"@type\":\"ReadAction\",\"target\":[\"https:\/\/thefootballsquare.com\/tuta-zeus-kit-ulysse\/\"]}]},{\"@type\":\"ImageObject\",\"inLanguage\":\"en-GB\",\"@id\":\"https:\/\/thefootballsquare.com\/tuta-zeus-kit-ulysse\/#primaryimage\",\"url\":\"https:\/\/thefootballsquare.com\/wp-content\/uploads\/2023\/03\/805_85_KIT-ULYSSE-BLU-ROSSO__.jpg\",\"contentUrl\":\"https:\/\/thefootballsquare.com\/wp-content\/uploads\/2023\/03\/805_85_KIT-ULYSSE-BLU-ROSSO__.jpg\",\"width\":700,\"height\":782,\"caption\":\"kit ulysse zeus completino blu rosso manica lunga con scollo a V e manica raglan fantasia a rombo loghi stampati 100% Poliestere\"},{\"@type\":\"BreadcrumbList\",\"@id\":\"https:\/\/thefootballsquare.com\/tuta-zeus-kit-ulysse\/#breadcrumb\",\"itemListElement\":[{\"@type\":\"ListItem\",\"position\":1,\"name\":\"Home\",\"item\":\"https:\/\/thefootballsquare.com\/\"},{\"@type\":\"ListItem\",\"position\":2,\"name\":\"Tuta Zeus Kit Ulysse\"}]},{\"@type\":\"WebSite\",\"@id\":\"https:\/\/thefootballsquare.com\/#website\",\"url\":\"https:\/\/thefootballsquare.com\/\",\"name\":\"thefootballsquare.com\",\"description\":\"\",\"publisher\":{\"@id\":\"https:\/\/thefootballsquare.com\/#organization\"},\"potentialAction\":[{\"@type\":\"SearchAction\",\"target\":{\"@type\":\"EntryPoint\",\"urlTemplate\":\"https:\/\/thefootballsquare.com\/?s={search_term_string}\"},\"query-input\":\"required name=search_term_string\"}],\"inLanguage\":\"en-GB\"},{\"@type\":\"Organization\",\"@id\":\"https:\/\/thefootballsquare.com\/#organization\",\"name\":\"thefootballsquare.com\",\"url\":\"https:\/\/thefootballsquare.com\/\",\"logo\":{\"@type\":\"ImageObject\",\"inLanguage\":\"en-GB\",\"@id\":\"https:\/\/thefootballsquare.com\/#\/schema\/logo\/image\/\",\"url\":\"https:\/\/thefootballsquare.com\/wp-content\/uploads\/2023\/02\/logo_TheFootbalSquare_bianco@4x.png\",\"contentUrl\":\"https:\/\/thefootballsquare.com\/wp-content\/uploads\/2023\/02\/logo_TheFootbalSquare_bianco@4x.png\",\"width\":581,\"height\":477,\"caption\":\"thefootballsquare.com\"},\"image\":{\"@id\":\"https:\/\/thefootballsquare.com\/#\/schema\/logo\/image\/\"}}]}<\/script>\n<!-- \/ Yoast SEO plugin. -->","yoast_head_json":{"title":"Tuta Zeus Kit Ulysse","description":"Acquista la tuta zeus kit Ulysse,ti aiuter\u00e0 ad esprimere a pieno il tuo stile. Iscriviti alla newsletter e avrai\u00a0il 10% di sconto sul tuo primo acquisto.","robots":{"index":"index","follow":"follow","max-snippet":"max-snippet:-1","max-image-preview":"max-image-preview:large","max-video-preview":"max-video-preview:-1"},"canonical":"https:\/\/thefootballsquare.com\/en\/tuta-zeus-kit-ulysse\/","og_locale":"en_GB","og_type":"article","og_title":"Tuta Zeus Kit Ulysse","og_description":"Acquista La tuta Zeus kit Ulysse,ti aiuter\u00e0 ad esprimere a pieno il tuo stile.Iscriviti alla newsletter e avrai\u00a0il 10% di sconto sul tuo primo acquisto.","og_url":"https:\/\/thefootballsquare.com\/en\/tuta-zeus-kit-ulysse\/","og_site_name":"thefootballsquare.com","article_modified_time":"2025-03-25T17:02:49+00:00","og_image":[{"width":700,"height":782,"url":"https:\/\/thefootballsquare.com\/wp-content\/uploads\/2023\/03\/805_85_KIT-ULYSSE-BLU-ROSSO__-1.jpg","type":"image\/jpeg"}],"twitter_card":"summary_large_image","twitter_title":"Tuta Zeus Kit Ulysse","twitter_description":"Acquista La tuta Zeus kit Ulysse,ti aiuter\u00e0 ad esprimere a pieno il tuo stile.Iscriviti alla newsletter e avrai\u00a0il 10% di sconto sul tuo primo acquisto.","twitter_image":"https:\/\/thefootballsquare.com\/wp-content\/uploads\/2023\/03\/805_85_KIT-ULYSSE-BLU-ROSSO__-1.jpg","twitter_misc":{"Estimated reading time":"2 minutes"},"schema":{"@context":"https:\/\/schema.org","@graph":[{"@type":"WebPage","@id":"https:\/\/thefootballsquare.com\/tuta-zeus-kit-ulysse\/","url":"https:\/\/thefootballsquare.com\/tuta-zeus-kit-ulysse\/","name":"Tuta Zeus Kit Ulysse","isPartOf":{"@id":"https:\/\/thefootballsquare.com\/#website"},"primaryImageOfPage":{"@id":"https:\/\/thefootballsquare.com\/tuta-zeus-kit-ulysse\/#primaryimage"},"image":{"@id":"https:\/\/thefootballsquare.com\/tuta-zeus-kit-ulysse\/#primaryimage"},"thumbnailUrl":"https:\/\/thefootballsquare.com\/wp-content\/uploads\/2023\/03\/805_85_KIT-ULYSSE-BLU-ROSSO__.jpg","datePublished":"2023-03-01T15:36:59+00:00","dateModified":"2025-03-25T17:02:49+00:00","description":"Acquista la tuta zeus kit Ulysse,ti aiuter\u00e0 ad esprimere a pieno il tuo stile. Iscriviti alla newsletter e avrai\u00a0il 10% di sconto sul tuo primo acquisto.","breadcrumb":{"@id":"https:\/\/thefootballsquare.com\/tuta-zeus-kit-ulysse\/#breadcrumb"},"inLanguage":"en-GB","potentialAction":[{"@type":"ReadAction","target":["https:\/\/thefootballsquare.com\/tuta-zeus-kit-ulysse\/"]}]},{"@type":"ImageObject","inLanguage":"en-GB","@id":"https:\/\/thefootballsquare.com\/tuta-zeus-kit-ulysse\/#primaryimage","url":"https:\/\/thefootballsquare.com\/wp-content\/uploads\/2023\/03\/805_85_KIT-ULYSSE-BLU-ROSSO__.jpg","contentUrl":"https:\/\/thefootballsquare.com\/wp-content\/uploads\/2023\/03\/805_85_KIT-ULYSSE-BLU-ROSSO__.jpg","width":700,"height":782,"caption":"kit ulysse zeus completino blu rosso manica lunga con scollo a V e manica raglan fantasia a rombo loghi stampati 100% Poliestere"},{"@type":"BreadcrumbList","@id":"https:\/\/thefootballsquare.com\/tuta-zeus-kit-ulysse\/#breadcrumb","itemListElement":[{"@type":"ListItem","position":1,"name":"Home","item":"https:\/\/thefootballsquare.com\/"},{"@type":"ListItem","position":2,"name":"Tuta Zeus Kit Ulysse"}]},{"@type":"WebSite","@id":"https:\/\/thefootballsquare.com\/#website","url":"https:\/\/thefootballsquare.com\/","name":"thefootballsquare.com","description":"","publisher":{"@id":"https:\/\/thefootballsquare.com\/#organization"},"potentialAction":[{"@type":"SearchAction","target":{"@type":"EntryPoint","urlTemplate":"https:\/\/thefootballsquare.com\/?s={search_term_string}"},"query-input":"required name=search_term_string"}],"inLanguage":"en-GB"},{"@type":"Organization","@id":"https:\/\/thefootballsquare.com\/#organization","name":"thefootballsquare.com","url":"https:\/\/thefootballsquare.com\/","logo":{"@type":"ImageObject","inLanguage":"en-GB","@id":"https:\/\/thefootballsquare.com\/#\/schema\/logo\/image\/","url":"https:\/\/thefootballsquare.com\/wp-content\/uploads\/2023\/02\/logo_TheFootbalSquare_bianco@4x.png","contentUrl":"https:\/\/thefootballsquare.com\/wp-content\/uploads\/2023\/02\/logo_TheFootbalSquare_bianco@4x.png","width":581,"height":477,"caption":"thefootballsquare.com"},"image":{"@id":"https:\/\/thefootballsquare.com\/#\/schema\/logo\/image\/"}}]}},"_links":{"self":[{"href":"https:\/\/thefootballsquare.com\/en\/wp-json\/wp\/v2\/product\/2751"}],"collection":[{"href":"https:\/\/thefootballsquare.com\/en\/wp-json\/wp\/v2\/product"}],"about":[{"href":"https:\/\/thefootballsquare.com\/en\/wp-json\/wp\/v2\/types\/product"}],"version-history":[{"count":2,"href":"https:\/\/thefootballsquare.com\/en\/wp-json\/wp\/v2\/product\/2751\/revisions"}],"predecessor-version":[{"id":50574,"href":"https:\/\/thefootballsquare.com\/en\/wp-json\/wp\/v2\/product\/2751\/revisions\/50574"}],"wp:featuredmedia":[{"embeddable":true,"href":"https:\/\/thefootballsquare.com\/en\/wp-json\/wp\/v2\/media\/2874"}],"wp:attachment":[{"href":"https:\/\/thefootballsquare.com\/en\/wp-json\/wp\/v2\/media?parent=2751"}],"wp:term":[{"taxonomy":"product_cat","embeddable":true,"href":"https:\/\/thefootballsquare.com\/en\/wp-json\/wp\/v2\/product_cat?post=2751"},{"taxonomy":"product_tag","embeddable":true,"href":"https:\/\/thefootballsquare.com\/en\/wp-json\/wp\/v2\/product_tag?post=2751"},{"taxonomy":"giftcard-category","embeddable":true,"href":"https:\/\/thefootballsquare.com\/en\/wp-json\/wp\/v2\/giftcard-category?post=2751"}],"curies":[{"name":"wp","href":"https:\/\/api.w.org\/{rel}","templated":true}]}}