{"id":23925,"date":"2023-06-30T11:25:16","date_gmt":"2023-06-30T09:25:16","guid":{"rendered":"https:\/\/thefootballsquare.com\/?post_type=product&#038;p=23925"},"modified":"2025-03-25T17:14:42","modified_gmt":"2025-03-25T16:14:42","slug":"tazza-bianca-in-ceramica-n3","status":"publish","type":"product","link":"https:\/\/thefootballsquare.com\/en\/tazza-bianca-in-ceramica-n3\/","title":{"rendered":"Tazza bianca in ceramica | N3 \u267e\ufe0f"},"content":{"rendered":"<p>Tazza in ceramica. 420 ml con stampa della Serie N3 LTD\u00a0 di Alessandro Ciambrone x TFS.<\/p>\n<p class=\"p1\">NAPOLI CAMPIONE D\u2019ITALIA \u00e8 il titolo della serie di opere realizzate da Alessandro Ciambrone e commissionate da The Football Square (TFS), la community per gli appassionati del calcio.<\/p>\n<p>Scegli l\u2019opera che preferisci per personalizzare la tua tazza in ceramica bianca con le opere della Serie N3 LTD:<\/p>\n<p><strong>A citt\u00e0 e Pulecenella<\/strong><\/p>\n<p>Con la sua maschera nera, il naso pronunciato e le buffe movenze, Pulcinella incarna l\u2019anima napoletana e ne diventa simbolo vivente. Per i napoletani rappresenta la forza di sopravvivere, la resilienza di un popolo che ha affrontato e superato numerosi ostacoli nel corso dei secoli, senza mai rinunciare alla capacit\u00e0 di ridere anche di fronte alle avversit\u00e0. Pulcinella racchiude il passato ed il presente di Napoli ed amarlo significa amare la propria terra, la propria storia e le proprie radici.<\/p>\n<p><strong>Napule \u00e8 mille culure<\/strong><\/p>\n<p>Pino Daniele scriveva questa canzone, facendola diventare una dichiarazione di amore e odio per la sua amata Napoli.<br \/>\nFatta di contraddizioni, di mille colori, di mille paure. In questo scatto di Rosario de Felice, le statue di San Gregorio Armeno fanno da scenografia alla scaramanzia, rappresentata dai cornicelli napoletani.<\/p>\n<p><strong>Napoli citt\u00e0 d\u2019amore<\/strong><\/p>\n<p>\u201cQuando un forestiero viene a Napoli piange due volte: quando arriva e quando parte\u201d. Napoli \u00e8 una citt\u00e0 che colpisce in modo crudo, quasi da spezzare il fiato. Il caos rappresentato in quest\u2019opera rappresenta a pieno il concetto di calore che Napoli \u00e8 in grado di offrire. Un caos fatto di grida di bambini che giocano, di signore che nei Quartieri si affacciano per offrire una tazza di caff\u00e8 ai passanti, di risate sincere. \u201cLa gentilezza \u00e8 rivoluzionaria\u201d.<\/p>\n<p><strong>D1eg0 e Genny<\/strong><\/p>\n<p>A Napoli Diego Armando Maradona \u00e8 considerato allo stesso livello di San Gennaro. San Gennaro ha fermato la lava, proteggendo Napoli. Maradona ha preso per mano la citt\u00e0 di Napoli, e con il suo calcio le ha fatto alzare la testa, portandola sulla vetta d\u2019Italia. In questo scatto di Rosario de Felice, lo scudetto \u00e8 dedicato ad entrambi, come se Diego e Genny fossero due amici, che avevano un solo obiettivo: salvare Napoli.<\/p>\n<p><strong>D10s e Genn\u00e0<\/strong><\/p>\n<p>L\u2019aureola che decora Maradona spiega a pieno il concetto di divinit\u00e0, che i napoletani hanno dato a Maradona. D10S, come spesso viene rappresentato, \u00e8 incoronato da dei raggi, come se fosse una stella che illumina il cammino della citt\u00e0.<br \/>\nAl suo fianco c\u2019\u00e8 \u201cGenn\u00e0\u201d, il migliore amico dei napoletani.<\/p>\n<p><strong>Scudetto<\/strong><\/p>\n<p>Uno scudetto che mancava da tanti, forse troppi anni. Arrivato insieme all\u2019Argentina Campione del Mondo. Non pu\u00f2 essere solo un caso. I colori Bianco e Azzurro che accomunano Napoli e Argentina. Tutto questo, raccontato in uno scatto di Rosario de Felice.<\/p>\n<p>&nbsp;<\/p>","protected":false},"excerpt":{"rendered":"<p>The Football Square e l\u2019impegno a favore dell\u2019ambiente e della sostenibilit\u00e0.<\/p>\n<p>La nostra linea produttiva abbraccia i criteri dell\u2019economia circolare:<\/p>\n<p>\u2022 Prodotti realizzati esclusivamente su richiesta per evitare lo spreco e le emissioni di CO2<\/p>\n<p>\u2022 Materie prime scelte con cura per ridurre l\u2019impatto ambientale<\/p>\n<p>\u2022 Packaging 100% riciclabile<\/p>\n<p>&nbsp;<\/p>","protected":false},"featured_media":24208,"template":"","meta":{"_glsr_average":0,"_glsr_ranking":0,"_glsr_reviews":0},"product_cat":[447,673,701,687],"product_tag":[],"giftcard-category":[],"yoast_head":"<!-- This site is optimized with the Yoast SEO plugin v22.3 - https:\/\/yoast.com\/wordpress\/plugins\/seo\/ -->\n<title>Tazza bianca in ceramica | N3 \u267e\ufe0f - thefootballsquare.com<\/title>\n<meta name=\"robots\" content=\"index, follow, max-snippet:-1, max-image-preview:large, max-video-preview:-1\" \/>\n<link rel=\"canonical\" href=\"https:\/\/thefootballsquare.com\/en\/tazza-bianca-in-ceramica-n3\/\" \/>\n<meta property=\"og:locale\" content=\"en_GB\" \/>\n<meta property=\"og:type\" content=\"article\" \/>\n<meta property=\"og:title\" content=\"Tazza bianca in ceramica | N3 \u267e\ufe0f - thefootballsquare.com\" \/>\n<meta property=\"og:description\" content=\"The Football Square e l\u2019impegno a favore dell\u2019ambiente e della sostenibilit\u00e0.  La nostra linea produttiva abbraccia i criteri dell\u2019economia circolare:  \u2022 Prodotti realizzati esclusivamente su richiesta per evitare lo spreco e le emissioni di CO2  \u2022 Materie prime scelte con cura per ridurre l\u2019impatto ambientale  \u2022 Packaging 100% riciclabile  &nbsp;\" \/>\n<meta property=\"og:url\" content=\"https:\/\/thefootballsquare.com\/en\/tazza-bianca-in-ceramica-n3\/\" \/>\n<meta property=\"og:site_name\" content=\"thefootballsquare.com\" \/>\n<meta property=\"article:modified_time\" content=\"2025-03-25T16:14:42+00:00\" \/>\n<meta property=\"og:image\" content=\"https:\/\/thefootballsquare.com\/wp-content\/uploads\/2023\/06\/Tazza_N3_Bianca_Napule-e-mille-culure-jpg.webp\" \/>\n\t<meta property=\"og:image:width\" content=\"1000\" \/>\n\t<meta property=\"og:image:height\" content=\"1000\" \/>\n\t<meta property=\"og:image:type\" content=\"image\/jpeg\" \/>\n<meta name=\"twitter:card\" content=\"summary_large_image\" \/>\n<meta name=\"twitter:label1\" content=\"Estimated reading time\" \/>\n\t<meta name=\"twitter:data1\" content=\"3 minutes\" \/>\n<script type=\"application\/ld+json\" class=\"yoast-schema-graph\">{\"@context\":\"https:\/\/schema.org\",\"@graph\":[{\"@type\":\"WebPage\",\"@id\":\"https:\/\/thefootballsquare.com\/tazza-bianca-in-ceramica-n3\/\",\"url\":\"https:\/\/thefootballsquare.com\/tazza-bianca-in-ceramica-n3\/\",\"name\":\"Tazza bianca in ceramica | N3 \u267e\ufe0f - thefootballsquare.com\",\"isPartOf\":{\"@id\":\"https:\/\/thefootballsquare.com\/#website\"},\"primaryImageOfPage\":{\"@id\":\"https:\/\/thefootballsquare.com\/tazza-bianca-in-ceramica-n3\/#primaryimage\"},\"image\":{\"@id\":\"https:\/\/thefootballsquare.com\/tazza-bianca-in-ceramica-n3\/#primaryimage\"},\"thumbnailUrl\":\"https:\/\/thefootballsquare.com\/wp-content\/uploads\/2023\/06\/Tazza_N3_Bianca_Napule-e-mille-culure-jpg.webp\",\"datePublished\":\"2023-06-30T09:25:16+00:00\",\"dateModified\":\"2025-03-25T16:14:42+00:00\",\"breadcrumb\":{\"@id\":\"https:\/\/thefootballsquare.com\/tazza-bianca-in-ceramica-n3\/#breadcrumb\"},\"inLanguage\":\"en-GB\",\"potentialAction\":[{\"@type\":\"ReadAction\",\"target\":[\"https:\/\/thefootballsquare.com\/tazza-bianca-in-ceramica-n3\/\"]}]},{\"@type\":\"ImageObject\",\"inLanguage\":\"en-GB\",\"@id\":\"https:\/\/thefootballsquare.com\/tazza-bianca-in-ceramica-n3\/#primaryimage\",\"url\":\"https:\/\/thefootballsquare.com\/wp-content\/uploads\/2023\/06\/Tazza_N3_Bianca_Napule-e-mille-culure-jpg.webp\",\"contentUrl\":\"https:\/\/thefootballsquare.com\/wp-content\/uploads\/2023\/06\/Tazza_N3_Bianca_Napule-e-mille-culure-jpg.webp\",\"width\":1000,\"height\":1000,\"caption\":\"Tazza_N3_Bianca_Napule-e-mille-culure\"},{\"@type\":\"BreadcrumbList\",\"@id\":\"https:\/\/thefootballsquare.com\/tazza-bianca-in-ceramica-n3\/#breadcrumb\",\"itemListElement\":[{\"@type\":\"ListItem\",\"position\":1,\"name\":\"Home\",\"item\":\"https:\/\/thefootballsquare.com\/\"},{\"@type\":\"ListItem\",\"position\":2,\"name\":\"Tazza bianca in ceramica | N3 \u267e\ufe0f\"}]},{\"@type\":\"WebSite\",\"@id\":\"https:\/\/thefootballsquare.com\/#website\",\"url\":\"https:\/\/thefootballsquare.com\/\",\"name\":\"thefootballsquare.com\",\"description\":\"\",\"publisher\":{\"@id\":\"https:\/\/thefootballsquare.com\/#organization\"},\"potentialAction\":[{\"@type\":\"SearchAction\",\"target\":{\"@type\":\"EntryPoint\",\"urlTemplate\":\"https:\/\/thefootballsquare.com\/?s={search_term_string}\"},\"query-input\":\"required name=search_term_string\"}],\"inLanguage\":\"en-GB\"},{\"@type\":\"Organization\",\"@id\":\"https:\/\/thefootballsquare.com\/#organization\",\"name\":\"thefootballsquare.com\",\"url\":\"https:\/\/thefootballsquare.com\/\",\"logo\":{\"@type\":\"ImageObject\",\"inLanguage\":\"en-GB\",\"@id\":\"https:\/\/thefootballsquare.com\/#\/schema\/logo\/image\/\",\"url\":\"https:\/\/thefootballsquare.com\/wp-content\/uploads\/2023\/02\/logo_TheFootbalSquare_bianco@4x.png\",\"contentUrl\":\"https:\/\/thefootballsquare.com\/wp-content\/uploads\/2023\/02\/logo_TheFootbalSquare_bianco@4x.png\",\"width\":581,\"height\":477,\"caption\":\"thefootballsquare.com\"},\"image\":{\"@id\":\"https:\/\/thefootballsquare.com\/#\/schema\/logo\/image\/\"}}]}<\/script>\n<!-- \/ Yoast SEO plugin. -->","yoast_head_json":{"title":"Tazza bianca in ceramica | N3 \u267e\ufe0f - thefootballsquare.com","robots":{"index":"index","follow":"follow","max-snippet":"max-snippet:-1","max-image-preview":"max-image-preview:large","max-video-preview":"max-video-preview:-1"},"canonical":"https:\/\/thefootballsquare.com\/en\/tazza-bianca-in-ceramica-n3\/","og_locale":"en_GB","og_type":"article","og_title":"Tazza bianca in ceramica | N3 \u267e\ufe0f - thefootballsquare.com","og_description":"The Football Square e l\u2019impegno a favore dell\u2019ambiente e della sostenibilit\u00e0.  La nostra linea produttiva abbraccia i criteri dell\u2019economia circolare:  \u2022 Prodotti realizzati esclusivamente su richiesta per evitare lo spreco e le emissioni di CO2  \u2022 Materie prime scelte con cura per ridurre l\u2019impatto ambientale  \u2022 Packaging 100% riciclabile  &nbsp;","og_url":"https:\/\/thefootballsquare.com\/en\/tazza-bianca-in-ceramica-n3\/","og_site_name":"thefootballsquare.com","article_modified_time":"2025-03-25T16:14:42+00:00","og_image":[{"width":1000,"height":1000,"url":"https:\/\/thefootballsquare.com\/wp-content\/uploads\/2023\/06\/Tazza_N3_Bianca_Napule-e-mille-culure-jpg.webp","type":"image\/jpeg"}],"twitter_card":"summary_large_image","twitter_misc":{"Estimated reading time":"3 minutes"},"schema":{"@context":"https:\/\/schema.org","@graph":[{"@type":"WebPage","@id":"https:\/\/thefootballsquare.com\/tazza-bianca-in-ceramica-n3\/","url":"https:\/\/thefootballsquare.com\/tazza-bianca-in-ceramica-n3\/","name":"Tazza bianca in ceramica | N3 \u267e\ufe0f - thefootballsquare.com","isPartOf":{"@id":"https:\/\/thefootballsquare.com\/#website"},"primaryImageOfPage":{"@id":"https:\/\/thefootballsquare.com\/tazza-bianca-in-ceramica-n3\/#primaryimage"},"image":{"@id":"https:\/\/thefootballsquare.com\/tazza-bianca-in-ceramica-n3\/#primaryimage"},"thumbnailUrl":"https:\/\/thefootballsquare.com\/wp-content\/uploads\/2023\/06\/Tazza_N3_Bianca_Napule-e-mille-culure-jpg.webp","datePublished":"2023-06-30T09:25:16+00:00","dateModified":"2025-03-25T16:14:42+00:00","breadcrumb":{"@id":"https:\/\/thefootballsquare.com\/tazza-bianca-in-ceramica-n3\/#breadcrumb"},"inLanguage":"en-GB","potentialAction":[{"@type":"ReadAction","target":["https:\/\/thefootballsquare.com\/tazza-bianca-in-ceramica-n3\/"]}]},{"@type":"ImageObject","inLanguage":"en-GB","@id":"https:\/\/thefootballsquare.com\/tazza-bianca-in-ceramica-n3\/#primaryimage","url":"https:\/\/thefootballsquare.com\/wp-content\/uploads\/2023\/06\/Tazza_N3_Bianca_Napule-e-mille-culure-jpg.webp","contentUrl":"https:\/\/thefootballsquare.com\/wp-content\/uploads\/2023\/06\/Tazza_N3_Bianca_Napule-e-mille-culure-jpg.webp","width":1000,"height":1000,"caption":"Tazza_N3_Bianca_Napule-e-mille-culure"},{"@type":"BreadcrumbList","@id":"https:\/\/thefootballsquare.com\/tazza-bianca-in-ceramica-n3\/#breadcrumb","itemListElement":[{"@type":"ListItem","position":1,"name":"Home","item":"https:\/\/thefootballsquare.com\/"},{"@type":"ListItem","position":2,"name":"Tazza bianca in ceramica | N3 \u267e\ufe0f"}]},{"@type":"WebSite","@id":"https:\/\/thefootballsquare.com\/#website","url":"https:\/\/thefootballsquare.com\/","name":"thefootballsquare.com","description":"","publisher":{"@id":"https:\/\/thefootballsquare.com\/#organization"},"potentialAction":[{"@type":"SearchAction","target":{"@type":"EntryPoint","urlTemplate":"https:\/\/thefootballsquare.com\/?s={search_term_string}"},"query-input":"required name=search_term_string"}],"inLanguage":"en-GB"},{"@type":"Organization","@id":"https:\/\/thefootballsquare.com\/#organization","name":"thefootballsquare.com","url":"https:\/\/thefootballsquare.com\/","logo":{"@type":"ImageObject","inLanguage":"en-GB","@id":"https:\/\/thefootballsquare.com\/#\/schema\/logo\/image\/","url":"https:\/\/thefootballsquare.com\/wp-content\/uploads\/2023\/02\/logo_TheFootbalSquare_bianco@4x.png","contentUrl":"https:\/\/thefootballsquare.com\/wp-content\/uploads\/2023\/02\/logo_TheFootbalSquare_bianco@4x.png","width":581,"height":477,"caption":"thefootballsquare.com"},"image":{"@id":"https:\/\/thefootballsquare.com\/#\/schema\/logo\/image\/"}}]}},"_links":{"self":[{"href":"https:\/\/thefootballsquare.com\/en\/wp-json\/wp\/v2\/product\/23925"}],"collection":[{"href":"https:\/\/thefootballsquare.com\/en\/wp-json\/wp\/v2\/product"}],"about":[{"href":"https:\/\/thefootballsquare.com\/en\/wp-json\/wp\/v2\/types\/product"}],"version-history":[{"count":1,"href":"https:\/\/thefootballsquare.com\/en\/wp-json\/wp\/v2\/product\/23925\/revisions"}],"predecessor-version":[{"id":50453,"href":"https:\/\/thefootballsquare.com\/en\/wp-json\/wp\/v2\/product\/23925\/revisions\/50453"}],"wp:featuredmedia":[{"embeddable":true,"href":"https:\/\/thefootballsquare.com\/en\/wp-json\/wp\/v2\/media\/24208"}],"wp:attachment":[{"href":"https:\/\/thefootballsquare.com\/en\/wp-json\/wp\/v2\/media?parent=23925"}],"wp:term":[{"taxonomy":"product_cat","embeddable":true,"href":"https:\/\/thefootballsquare.com\/en\/wp-json\/wp\/v2\/product_cat?post=23925"},{"taxonomy":"product_tag","embeddable":true,"href":"https:\/\/thefootballsquare.com\/en\/wp-json\/wp\/v2\/product_tag?post=23925"},{"taxonomy":"giftcard-category","embeddable":true,"href":"https:\/\/thefootballsquare.com\/en\/wp-json\/wp\/v2\/giftcard-category?post=23925"}],"curies":[{"name":"wp","href":"https:\/\/api.w.org\/{rel}","templated":true}]}}