{"id":2368,"date":"2023-03-01T15:52:37","date_gmt":"2023-03-01T14:52:37","guid":{"rendered":"https:\/\/thefootballsquare.com\/?post_type=product&#038;p=2368"},"modified":"2025-03-25T18:03:08","modified_gmt":"2025-03-25T17:03:08","slug":"kit-icon","status":"publish","type":"product","link":"https:\/\/thefootballsquare.com\/en\/kit-icon\/","title":{"rendered":"Zeus Tuta Kit Icon"},"content":{"rendered":"<h2>Scopri la Tuta Zeus Kit Icon<\/h2>\n<h3>Stampa sublimatica per un design unico<\/h3>\n<p>Zeus Tuta Icon \u00e8 il kit che ti far\u00e0 distinguere dalla massa grazie alla sua stampa sublimatica. Ogni dettaglio \u00e8 curato con la massima attenzione, garantendo un design unico e moderno. Disponibile in diversi colori, potrai trovare quello che meglio si adatta al tuo stile.<\/p>\n<h2>Tessuto 100% poliestere per il massimo comfort<\/h2>\n<p>La Tuta ICON \u00e8 realizzata al 100% in poliestere, un tessuto leggero e traspirante che ti far\u00e0 sentire fresco e comodo anche nelle giornate pi\u00f9 calde. La vestibilit\u00e0 standard fit \u00e8 adatta a ogni tipo di fisico, garantendo la massima libert\u00e0 di movimento.<\/p>\n<h2>Un capo d&#8217;abbigliamento versatile<\/h2>\n<p>Grazie alla sua versatilit\u00e0, la tuta ICON si adatta a ogni occasione. Indossala per un&#8217;uscita con gli amici o per una giornata al mare. La sua resistenza alla piega ti permetter\u00e0 di averla sempre perfetta, anche dopo diverse lavate.<\/p>\n<h3>Acquista ora e iscriviti alla nostra newsletter<\/h3>\n<p>Non perdere l&#8217;opportunit\u00e0 di avere la tuta kit Icon nel tuo guardaroba. <span style=\"font-weight: 400\">Iscriviti alla nostra <a href=\"https:\/\/thefootballsquare.com\/en\/newsletter\/\" target=\"_blank\" rel=\"noopener\">newsletter<\/a>, potrai avere il 10% di sconto sul tuo prossimo acquisto e resta sempre aggiornato sulle nostre offerte e promozioni. Seguici anche sulle nostre pagine <\/span><a href=\"https:\/\/www.facebook.com\/profile.php?id=100091327552627\"><span style=\"font-weight: 400\">Facebook<\/span><\/a><span style=\"font-weight: 400\"> e <\/span><a href=\"https:\/\/www.instagram.com\/thefootballsquare_official\/?igshid=YmMyMTA2M2Y%3D\"><span style=\"font-weight: 400\">Instagram <\/span><\/a>per non perdere nemmeno una novit\u00e0.<\/p>","protected":false},"excerpt":{"rendered":"<p><strong>Ordine minimo 5 pezzi<\/strong><\/p>\n<p><strong>Caratteristiche:<\/strong><\/p>\n<ul>\n<li><span class=\"title_red\">Vestibilit\u00e0<\/span> standard fit<\/li>\n<li>Kit manica corta con stampa sublimatica<\/li>\n<li>100% Poliestere<\/li>\n<li>Textile Poli fiber<\/li>\n<\/ul>\n<p>&nbsp;<\/p>","protected":false},"featured_media":17509,"template":"","meta":{"_glsr_average":0,"_glsr_ranking":0,"_glsr_reviews":0},"product_cat":[447,450,375,706],"product_tag":[],"giftcard-category":[],"yoast_head":"<!-- This site is optimized with the Yoast SEO plugin v22.3 - https:\/\/yoast.com\/wordpress\/plugins\/seo\/ -->\n<title>Zeus Tuta Kit Icon<\/title>\n<meta name=\"description\" content=\"Acquista la tuta Zeus Kit Icon, 100% poliestere. Scopri i suoi punti di forza e iscriviti alla newsletter per il 10% di sconto sul tuo prossimo acquisto.\" \/>\n<meta name=\"robots\" content=\"index, follow, max-snippet:-1, max-image-preview:large, max-video-preview:-1\" \/>\n<link rel=\"canonical\" href=\"https:\/\/thefootballsquare.com\/en\/kit-icon\/\" \/>\n<meta property=\"og:locale\" content=\"en_GB\" \/>\n<meta property=\"og:type\" content=\"article\" \/>\n<meta property=\"og:title\" content=\"Zeus Tuta Kit Icon\" \/>\n<meta property=\"og:description\" content=\"Acquista la tuta Zeus Kit Icon, 100% poliestere. Scopri i suoi punti di forza e iscriviti alla newsletter per il 10% di sconto sul tuo prossimo acquisto.\" \/>\n<meta property=\"og:url\" content=\"https:\/\/thefootballsquare.com\/en\/kit-icon\/\" \/>\n<meta property=\"og:site_name\" content=\"thefootballsquare.com\" \/>\n<meta property=\"article:modified_time\" content=\"2025-03-25T17:03:08+00:00\" \/>\n<meta property=\"og:image\" content=\"https:\/\/thefootballsquare.com\/wp-content\/uploads\/2023\/03\/986_48_986_29_KIT-ICON-MILAN-1-1.jpg\" \/>\n\t<meta property=\"og:image:width\" content=\"700\" \/>\n\t<meta property=\"og:image:height\" content=\"782\" \/>\n\t<meta property=\"og:image:type\" content=\"image\/jpeg\" \/>\n<meta name=\"twitter:card\" content=\"summary_large_image\" \/>\n<meta name=\"twitter:title\" content=\"Zeus Tuta Kit Icon\" \/>\n<meta name=\"twitter:description\" content=\"Acquista la tuta Zeus Kit Icon, 100% poliestere. Scopri i suoi punti di forza e iscriviti alla newsletter per il 10% di sconto sul tuo prossimo acquisto.\" \/>\n<meta name=\"twitter:image\" content=\"https:\/\/thefootballsquare.com\/wp-content\/uploads\/2023\/03\/986_48_986_29_KIT-ICON-MILAN-1-1.jpg\" \/>\n<meta name=\"twitter:label1\" content=\"Estimated reading time\" \/>\n\t<meta name=\"twitter:data1\" content=\"2 minutes\" \/>\n<script type=\"application\/ld+json\" class=\"yoast-schema-graph\">{\"@context\":\"https:\/\/schema.org\",\"@graph\":[{\"@type\":\"WebPage\",\"@id\":\"https:\/\/thefootballsquare.com\/kit-icon\/\",\"url\":\"https:\/\/thefootballsquare.com\/kit-icon\/\",\"name\":\"Zeus Tuta Kit Icon\",\"isPartOf\":{\"@id\":\"https:\/\/thefootballsquare.com\/#website\"},\"primaryImageOfPage\":{\"@id\":\"https:\/\/thefootballsquare.com\/kit-icon\/#primaryimage\"},\"image\":{\"@id\":\"https:\/\/thefootballsquare.com\/kit-icon\/#primaryimage\"},\"thumbnailUrl\":\"https:\/\/thefootballsquare.com\/wp-content\/uploads\/2023\/03\/986_48_986_29_KIT-ICON-MILAN-1-1.jpg\",\"datePublished\":\"2023-03-01T14:52:37+00:00\",\"dateModified\":\"2025-03-25T17:03:08+00:00\",\"description\":\"Acquista la tuta Zeus Kit Icon, 100% poliestere. Scopri i suoi punti di forza e iscriviti alla newsletter per il 10% di sconto sul tuo prossimo acquisto.\",\"breadcrumb\":{\"@id\":\"https:\/\/thefootballsquare.com\/kit-icon\/#breadcrumb\"},\"inLanguage\":\"en-GB\",\"potentialAction\":[{\"@type\":\"ReadAction\",\"target\":[\"https:\/\/thefootballsquare.com\/kit-icon\/\"]}]},{\"@type\":\"ImageObject\",\"inLanguage\":\"en-GB\",\"@id\":\"https:\/\/thefootballsquare.com\/kit-icon\/#primaryimage\",\"url\":\"https:\/\/thefootballsquare.com\/wp-content\/uploads\/2023\/03\/986_48_986_29_KIT-ICON-MILAN-1-1.jpg\",\"contentUrl\":\"https:\/\/thefootballsquare.com\/wp-content\/uploads\/2023\/03\/986_48_986_29_KIT-ICON-MILAN-1-1.jpg\",\"width\":700,\"height\":782,\"caption\":\"kit icon zeus completino bianco royal nero logo sul petto girocollo manica corta con stampa sublimatica 100 % poliestere\"},{\"@type\":\"BreadcrumbList\",\"@id\":\"https:\/\/thefootballsquare.com\/kit-icon\/#breadcrumb\",\"itemListElement\":[{\"@type\":\"ListItem\",\"position\":1,\"name\":\"Home\",\"item\":\"https:\/\/thefootballsquare.com\/\"},{\"@type\":\"ListItem\",\"position\":2,\"name\":\"Zeus Tuta Kit Icon\"}]},{\"@type\":\"WebSite\",\"@id\":\"https:\/\/thefootballsquare.com\/#website\",\"url\":\"https:\/\/thefootballsquare.com\/\",\"name\":\"thefootballsquare.com\",\"description\":\"\",\"publisher\":{\"@id\":\"https:\/\/thefootballsquare.com\/#organization\"},\"potentialAction\":[{\"@type\":\"SearchAction\",\"target\":{\"@type\":\"EntryPoint\",\"urlTemplate\":\"https:\/\/thefootballsquare.com\/?s={search_term_string}\"},\"query-input\":\"required name=search_term_string\"}],\"inLanguage\":\"en-GB\"},{\"@type\":\"Organization\",\"@id\":\"https:\/\/thefootballsquare.com\/#organization\",\"name\":\"thefootballsquare.com\",\"url\":\"https:\/\/thefootballsquare.com\/\",\"logo\":{\"@type\":\"ImageObject\",\"inLanguage\":\"en-GB\",\"@id\":\"https:\/\/thefootballsquare.com\/#\/schema\/logo\/image\/\",\"url\":\"https:\/\/thefootballsquare.com\/wp-content\/uploads\/2023\/02\/logo_TheFootbalSquare_bianco@4x.png\",\"contentUrl\":\"https:\/\/thefootballsquare.com\/wp-content\/uploads\/2023\/02\/logo_TheFootbalSquare_bianco@4x.png\",\"width\":581,\"height\":477,\"caption\":\"thefootballsquare.com\"},\"image\":{\"@id\":\"https:\/\/thefootballsquare.com\/#\/schema\/logo\/image\/\"}}]}<\/script>\n<!-- \/ Yoast SEO plugin. -->","yoast_head_json":{"title":"Zeus Tuta Kit Icon","description":"Acquista la tuta Zeus Kit Icon, 100% poliestere. Scopri i suoi punti di forza e iscriviti alla newsletter per il 10% di sconto sul tuo prossimo acquisto.","robots":{"index":"index","follow":"follow","max-snippet":"max-snippet:-1","max-image-preview":"max-image-preview:large","max-video-preview":"max-video-preview:-1"},"canonical":"https:\/\/thefootballsquare.com\/en\/kit-icon\/","og_locale":"en_GB","og_type":"article","og_title":"Zeus Tuta Kit Icon","og_description":"Acquista la tuta Zeus Kit Icon, 100% poliestere. Scopri i suoi punti di forza e iscriviti alla newsletter per il 10% di sconto sul tuo prossimo acquisto.","og_url":"https:\/\/thefootballsquare.com\/en\/kit-icon\/","og_site_name":"thefootballsquare.com","article_modified_time":"2025-03-25T17:03:08+00:00","og_image":[{"width":700,"height":782,"url":"https:\/\/thefootballsquare.com\/wp-content\/uploads\/2023\/03\/986_48_986_29_KIT-ICON-MILAN-1-1.jpg","type":"image\/jpeg"}],"twitter_card":"summary_large_image","twitter_title":"Zeus Tuta Kit Icon","twitter_description":"Acquista la tuta Zeus Kit Icon, 100% poliestere. Scopri i suoi punti di forza e iscriviti alla newsletter per il 10% di sconto sul tuo prossimo acquisto.","twitter_image":"https:\/\/thefootballsquare.com\/wp-content\/uploads\/2023\/03\/986_48_986_29_KIT-ICON-MILAN-1-1.jpg","twitter_misc":{"Estimated reading time":"2 minutes"},"schema":{"@context":"https:\/\/schema.org","@graph":[{"@type":"WebPage","@id":"https:\/\/thefootballsquare.com\/kit-icon\/","url":"https:\/\/thefootballsquare.com\/kit-icon\/","name":"Zeus Tuta Kit Icon","isPartOf":{"@id":"https:\/\/thefootballsquare.com\/#website"},"primaryImageOfPage":{"@id":"https:\/\/thefootballsquare.com\/kit-icon\/#primaryimage"},"image":{"@id":"https:\/\/thefootballsquare.com\/kit-icon\/#primaryimage"},"thumbnailUrl":"https:\/\/thefootballsquare.com\/wp-content\/uploads\/2023\/03\/986_48_986_29_KIT-ICON-MILAN-1-1.jpg","datePublished":"2023-03-01T14:52:37+00:00","dateModified":"2025-03-25T17:03:08+00:00","description":"Acquista la tuta Zeus Kit Icon, 100% poliestere. Scopri i suoi punti di forza e iscriviti alla newsletter per il 10% di sconto sul tuo prossimo acquisto.","breadcrumb":{"@id":"https:\/\/thefootballsquare.com\/kit-icon\/#breadcrumb"},"inLanguage":"en-GB","potentialAction":[{"@type":"ReadAction","target":["https:\/\/thefootballsquare.com\/kit-icon\/"]}]},{"@type":"ImageObject","inLanguage":"en-GB","@id":"https:\/\/thefootballsquare.com\/kit-icon\/#primaryimage","url":"https:\/\/thefootballsquare.com\/wp-content\/uploads\/2023\/03\/986_48_986_29_KIT-ICON-MILAN-1-1.jpg","contentUrl":"https:\/\/thefootballsquare.com\/wp-content\/uploads\/2023\/03\/986_48_986_29_KIT-ICON-MILAN-1-1.jpg","width":700,"height":782,"caption":"kit icon zeus completino bianco royal nero logo sul petto girocollo manica corta con stampa sublimatica 100 % poliestere"},{"@type":"BreadcrumbList","@id":"https:\/\/thefootballsquare.com\/kit-icon\/#breadcrumb","itemListElement":[{"@type":"ListItem","position":1,"name":"Home","item":"https:\/\/thefootballsquare.com\/"},{"@type":"ListItem","position":2,"name":"Zeus Tuta Kit Icon"}]},{"@type":"WebSite","@id":"https:\/\/thefootballsquare.com\/#website","url":"https:\/\/thefootballsquare.com\/","name":"thefootballsquare.com","description":"","publisher":{"@id":"https:\/\/thefootballsquare.com\/#organization"},"potentialAction":[{"@type":"SearchAction","target":{"@type":"EntryPoint","urlTemplate":"https:\/\/thefootballsquare.com\/?s={search_term_string}"},"query-input":"required name=search_term_string"}],"inLanguage":"en-GB"},{"@type":"Organization","@id":"https:\/\/thefootballsquare.com\/#organization","name":"thefootballsquare.com","url":"https:\/\/thefootballsquare.com\/","logo":{"@type":"ImageObject","inLanguage":"en-GB","@id":"https:\/\/thefootballsquare.com\/#\/schema\/logo\/image\/","url":"https:\/\/thefootballsquare.com\/wp-content\/uploads\/2023\/02\/logo_TheFootbalSquare_bianco@4x.png","contentUrl":"https:\/\/thefootballsquare.com\/wp-content\/uploads\/2023\/02\/logo_TheFootbalSquare_bianco@4x.png","width":581,"height":477,"caption":"thefootballsquare.com"},"image":{"@id":"https:\/\/thefootballsquare.com\/#\/schema\/logo\/image\/"}}]}},"_links":{"self":[{"href":"https:\/\/thefootballsquare.com\/en\/wp-json\/wp\/v2\/product\/2368"}],"collection":[{"href":"https:\/\/thefootballsquare.com\/en\/wp-json\/wp\/v2\/product"}],"about":[{"href":"https:\/\/thefootballsquare.com\/en\/wp-json\/wp\/v2\/types\/product"}],"version-history":[{"count":2,"href":"https:\/\/thefootballsquare.com\/en\/wp-json\/wp\/v2\/product\/2368\/revisions"}],"predecessor-version":[{"id":50579,"href":"https:\/\/thefootballsquare.com\/en\/wp-json\/wp\/v2\/product\/2368\/revisions\/50579"}],"wp:featuredmedia":[{"embeddable":true,"href":"https:\/\/thefootballsquare.com\/en\/wp-json\/wp\/v2\/media\/17509"}],"wp:attachment":[{"href":"https:\/\/thefootballsquare.com\/en\/wp-json\/wp\/v2\/media?parent=2368"}],"wp:term":[{"taxonomy":"product_cat","embeddable":true,"href":"https:\/\/thefootballsquare.com\/en\/wp-json\/wp\/v2\/product_cat?post=2368"},{"taxonomy":"product_tag","embeddable":true,"href":"https:\/\/thefootballsquare.com\/en\/wp-json\/wp\/v2\/product_tag?post=2368"},{"taxonomy":"giftcard-category","embeddable":true,"href":"https:\/\/thefootballsquare.com\/en\/wp-json\/wp\/v2\/giftcard-category?post=2368"}],"curies":[{"name":"wp","href":"https:\/\/api.w.org\/{rel}","templated":true}]}}