{"id":22446,"date":"2023-05-30T17:31:32","date_gmt":"2023-05-30T15:31:32","guid":{"rendered":"https:\/\/thefootballsquare.com\/?post_type=product&#038;p=22446"},"modified":"2025-03-25T17:16:38","modified_gmt":"2025-03-25T16:16:38","slug":"borsa-sportiva-da-viaggio","status":"publish","type":"product","link":"https:\/\/thefootballsquare.com\/en\/borsa-sportiva-da-viaggio\/","title":{"rendered":"Borsa Sportiva da Viaggio"},"content":{"rendered":"<h2>Borsa Sportiva da Viaggio<\/h2>\n<h3>Borsa sportiva in 100% cotone con manici classici<\/h3>\n<div class=\"relative flex w-[calc(100%-50px)] flex-col gap-1 md:gap-3 lg:w-[calc(100%-115px)]\">\n<div class=\"flex flex-grow flex-col gap-3\">\n<div class=\"flex flex-col items-start gap-4 whitespace-pre-wrap break-words\">\n<div class=\"markdown prose w-full break-words dark:prose-invert light\">\n<p>La nostra Borsa sportiva da viaggio in <strong>100% cotone <\/strong>\u00e8 il prodotto perfetto per te, un cliente consapevole dell&#8217;importanza di un&#8217;impronta ecologica ridotta. Realizzata interamente con cotone biologico, questa borsa combina uno stile classico con una forte attenzione all&#8217;ambiente.<\/p>\n<p>La borsa sportiva presenta manici classici robusti, progettati per offrire una presa confortevole e resistente. La sua dimensione spaziosa ti consente di trasportare tutto ci\u00f2 di cui hai bisogno per le tue avventure, che si tratti di una visita in palestra, una partita da tennis o una gita fuori citt\u00e0.<\/p>\n<p>La scelta del <strong>cotone biologico<\/strong> per la nostra borsa sportiva \u00e8 una testimonianza del nostro impegno per l&#8217;ambiente. Il cotone biologico \u00e8 coltivato senza l&#8217;uso di pesticidi o fertilizzanti chimici nocivi, riducendo cos\u00ec l&#8217;impatto negativo sull&#8217;ecosistema. Con questa borsa, puoi essere sicuro di aver fatto una scelta che contribuisce a un futuro pi\u00f9 sostenibile.<\/p>\n<h3><strong>Stile senza compromessi<\/strong><\/h3>\n<p>Oltre alla sua funzionalit\u00e0 e sostenibilit\u00e0, la nostra borsa sportiva in cotone si distingue per il suo stile senza tempo. Il suo <strong>design classico<\/strong> si adatta perfettamente a qualsiasi outfit sportivo o casual, permettendoti di essere alla moda in ogni occasione. Sia che tu sia un appassionato di fitness o un amante dello stile urbano, questa borsa far\u00e0 sicuramente colpo.<\/p>\n<\/div>\n<\/div>\n<h2>Iscriviti alla nostra newsletter e ottieni il 10% di sconto<\/h2>\n<p>Acquista la nostra borsa sportiva in 100% cotone con manici classici. Un prodotto eco-friendly, resistente e versatile, perfetto per le tue avventure.<\/p>\n<p><span style=\"font-weight: 400\">Iscrivendoti alla nostra <a href=\"https:\/\/thefootballsquare.com\/en\/newsletter\/\" target=\"_blank\" rel=\"noopener\">newsletter<\/a>, avrai il 10% di sconto sul tuo primo acquisto. Se vuoi restare sempre aggiornato sulle nostre offerte e promozioni, seguici anche sulle nostre pagine <\/span><a href=\"https:\/\/www.facebook.com\/profile.php?id=100091327552627\"><span style=\"font-weight: 400\">Facebook<\/span><\/a><span style=\"font-weight: 400\"> e <\/span><a href=\"https:\/\/www.instagram.com\/thefootballsquare_official\/?igshid=YmMyMTA2M2Y%3D\"><span style=\"font-weight: 400\">Instagram<\/span><\/a><span style=\"font-weight: 400\">.<\/span><\/p>\n<div class=\"flex flex-col items-start gap-4 whitespace-pre-wrap break-words\">\n<div class=\"markdown prose w-full break-words dark:prose-invert light\">\n<p>&nbsp;<\/p>\n<\/div>\n<\/div>\n<\/div>\n<\/div>","protected":false},"excerpt":{"rendered":"<p>The Football Square e l\u2019impegno a favore dell\u2019ambiente e della sostenibilit\u00e0.<\/p>\n<p>La nostra linea produttiva abbraccia i criteri dell\u2019economia circolare:<\/p>\n<p>\u2022 Prodotti realizzati esclusivamente su richiesta per evitare lo spreco e le emissioni di CO2<\/p>\n<p>\u2022 Materie prime scelte con cura per ridurre l\u2019impatto ambientale<\/p>\n<p>\u2022 Packaging 100% riciclabile<\/p>","protected":false},"featured_media":22411,"template":"","meta":{"_glsr_average":0,"_glsr_ranking":0,"_glsr_reviews":0},"product_cat":[447,673,691,375,424,431,24,426,441,27,425,487],"product_tag":[],"giftcard-category":[],"yoast_head":"<!-- This site is optimized with the Yoast SEO plugin v22.3 - https:\/\/yoast.com\/wordpress\/plugins\/seo\/ -->\n<title>Borsa Sportiva da Viaggio<\/title>\n<meta name=\"description\" content=\"Acquista la nostra Borsa Sportiva da Viaggio, 100% cotone. Un prodotto eco-friendly, resistente e versatile, perfetto per le tue avventure.\" \/>\n<meta name=\"robots\" content=\"index, follow, max-snippet:-1, max-image-preview:large, max-video-preview:-1\" \/>\n<link rel=\"canonical\" href=\"https:\/\/thefootballsquare.com\/en\/borsa-sportiva-da-viaggio\/\" \/>\n<meta property=\"og:locale\" content=\"en_GB\" \/>\n<meta property=\"og:type\" content=\"article\" \/>\n<meta property=\"og:title\" content=\"Borsa Sportiva da Viaggio\" \/>\n<meta property=\"og:description\" content=\"Acquista la nostra Borsa Sportiva da Viaggio, 100% cotone. Un prodotto eco-friendly, resistente e versatile, perfetto per le tue avventure.\" \/>\n<meta property=\"og:url\" content=\"https:\/\/thefootballsquare.com\/en\/borsa-sportiva-da-viaggio\/\" \/>\n<meta property=\"og:site_name\" content=\"thefootballsquare.com\" \/>\n<meta property=\"article:modified_time\" content=\"2025-03-25T16:16:38+00:00\" \/>\n<meta property=\"og:image\" content=\"https:\/\/thefootballsquare.com\/wp-content\/uploads\/2023\/05\/simaro-borsa-spor-tiva-calcio-tfs-sport.jpg\" \/>\n\t<meta property=\"og:image:width\" content=\"1080\" \/>\n\t<meta property=\"og:image:height\" content=\"1080\" \/>\n\t<meta property=\"og:image:type\" content=\"image\/jpeg\" \/>\n<meta name=\"twitter:card\" content=\"summary_large_image\" \/>\n<meta name=\"twitter:title\" content=\"Borsa Sportiva da Viaggio\" \/>\n<meta name=\"twitter:description\" content=\"Acquista la nostra Borsa Sportiva da Viaggio, 100% cotone. Un prodotto eco-friendly, resistente e versatile, perfetto per le tue avventure.\" \/>\n<meta name=\"twitter:image\" content=\"https:\/\/thefootballsquare.com\/wp-content\/uploads\/2023\/05\/simaro-borsa-spor-tiva-calcio-tfs-sport.jpg\" \/>\n<meta name=\"twitter:label1\" content=\"Estimated reading time\" \/>\n\t<meta name=\"twitter:data1\" content=\"2 minutes\" \/>\n<script type=\"application\/ld+json\" class=\"yoast-schema-graph\">{\"@context\":\"https:\/\/schema.org\",\"@graph\":[{\"@type\":\"WebPage\",\"@id\":\"https:\/\/thefootballsquare.com\/borsa-sportiva-da-viaggio\/\",\"url\":\"https:\/\/thefootballsquare.com\/borsa-sportiva-da-viaggio\/\",\"name\":\"Borsa Sportiva da Viaggio\",\"isPartOf\":{\"@id\":\"https:\/\/thefootballsquare.com\/#website\"},\"primaryImageOfPage\":{\"@id\":\"https:\/\/thefootballsquare.com\/borsa-sportiva-da-viaggio\/#primaryimage\"},\"image\":{\"@id\":\"https:\/\/thefootballsquare.com\/borsa-sportiva-da-viaggio\/#primaryimage\"},\"thumbnailUrl\":\"https:\/\/thefootballsquare.com\/wp-content\/uploads\/2023\/05\/simaro-borsa-spor-tiva-calcio-tfs-sport.jpg\",\"datePublished\":\"2023-05-30T15:31:32+00:00\",\"dateModified\":\"2025-03-25T16:16:38+00:00\",\"description\":\"Acquista la nostra Borsa Sportiva da Viaggio, 100% cotone. Un prodotto eco-friendly, resistente e versatile, perfetto per le tue avventure.\",\"breadcrumb\":{\"@id\":\"https:\/\/thefootballsquare.com\/borsa-sportiva-da-viaggio\/#breadcrumb\"},\"inLanguage\":\"en-GB\",\"potentialAction\":[{\"@type\":\"ReadAction\",\"target\":[\"https:\/\/thefootballsquare.com\/borsa-sportiva-da-viaggio\/\"]}]},{\"@type\":\"ImageObject\",\"inLanguage\":\"en-GB\",\"@id\":\"https:\/\/thefootballsquare.com\/borsa-sportiva-da-viaggio\/#primaryimage\",\"url\":\"https:\/\/thefootballsquare.com\/wp-content\/uploads\/2023\/05\/simaro-borsa-spor-tiva-calcio-tfs-sport.jpg\",\"contentUrl\":\"https:\/\/thefootballsquare.com\/wp-content\/uploads\/2023\/05\/simaro-borsa-spor-tiva-calcio-tfs-sport.jpg\",\"width\":1080,\"height\":1080,\"caption\":\"borsa sportiva da viaggio bianca 100 % cotone con manici classici forma cilindrica con scritta stampata\"},{\"@type\":\"BreadcrumbList\",\"@id\":\"https:\/\/thefootballsquare.com\/borsa-sportiva-da-viaggio\/#breadcrumb\",\"itemListElement\":[{\"@type\":\"ListItem\",\"position\":1,\"name\":\"Home\",\"item\":\"https:\/\/thefootballsquare.com\/\"},{\"@type\":\"ListItem\",\"position\":2,\"name\":\"Borsa Sportiva da Viaggio\"}]},{\"@type\":\"WebSite\",\"@id\":\"https:\/\/thefootballsquare.com\/#website\",\"url\":\"https:\/\/thefootballsquare.com\/\",\"name\":\"thefootballsquare.com\",\"description\":\"\",\"publisher\":{\"@id\":\"https:\/\/thefootballsquare.com\/#organization\"},\"potentialAction\":[{\"@type\":\"SearchAction\",\"target\":{\"@type\":\"EntryPoint\",\"urlTemplate\":\"https:\/\/thefootballsquare.com\/?s={search_term_string}\"},\"query-input\":\"required name=search_term_string\"}],\"inLanguage\":\"en-GB\"},{\"@type\":\"Organization\",\"@id\":\"https:\/\/thefootballsquare.com\/#organization\",\"name\":\"thefootballsquare.com\",\"url\":\"https:\/\/thefootballsquare.com\/\",\"logo\":{\"@type\":\"ImageObject\",\"inLanguage\":\"en-GB\",\"@id\":\"https:\/\/thefootballsquare.com\/#\/schema\/logo\/image\/\",\"url\":\"https:\/\/thefootballsquare.com\/wp-content\/uploads\/2023\/02\/logo_TheFootbalSquare_bianco@4x.png\",\"contentUrl\":\"https:\/\/thefootballsquare.com\/wp-content\/uploads\/2023\/02\/logo_TheFootbalSquare_bianco@4x.png\",\"width\":581,\"height\":477,\"caption\":\"thefootballsquare.com\"},\"image\":{\"@id\":\"https:\/\/thefootballsquare.com\/#\/schema\/logo\/image\/\"}}]}<\/script>\n<!-- \/ Yoast SEO plugin. -->","yoast_head_json":{"title":"Borsa Sportiva da Viaggio","description":"Acquista la nostra Borsa Sportiva da Viaggio, 100% cotone. Un prodotto eco-friendly, resistente e versatile, perfetto per le tue avventure.","robots":{"index":"index","follow":"follow","max-snippet":"max-snippet:-1","max-image-preview":"max-image-preview:large","max-video-preview":"max-video-preview:-1"},"canonical":"https:\/\/thefootballsquare.com\/en\/borsa-sportiva-da-viaggio\/","og_locale":"en_GB","og_type":"article","og_title":"Borsa Sportiva da Viaggio","og_description":"Acquista la nostra Borsa Sportiva da Viaggio, 100% cotone. Un prodotto eco-friendly, resistente e versatile, perfetto per le tue avventure.","og_url":"https:\/\/thefootballsquare.com\/en\/borsa-sportiva-da-viaggio\/","og_site_name":"thefootballsquare.com","article_modified_time":"2025-03-25T16:16:38+00:00","og_image":[{"width":1080,"height":1080,"url":"https:\/\/thefootballsquare.com\/wp-content\/uploads\/2023\/05\/simaro-borsa-spor-tiva-calcio-tfs-sport.jpg","type":"image\/jpeg"}],"twitter_card":"summary_large_image","twitter_title":"Borsa Sportiva da Viaggio","twitter_description":"Acquista la nostra Borsa Sportiva da Viaggio, 100% cotone. Un prodotto eco-friendly, resistente e versatile, perfetto per le tue avventure.","twitter_image":"https:\/\/thefootballsquare.com\/wp-content\/uploads\/2023\/05\/simaro-borsa-spor-tiva-calcio-tfs-sport.jpg","twitter_misc":{"Estimated reading time":"2 minutes"},"schema":{"@context":"https:\/\/schema.org","@graph":[{"@type":"WebPage","@id":"https:\/\/thefootballsquare.com\/borsa-sportiva-da-viaggio\/","url":"https:\/\/thefootballsquare.com\/borsa-sportiva-da-viaggio\/","name":"Borsa Sportiva da Viaggio","isPartOf":{"@id":"https:\/\/thefootballsquare.com\/#website"},"primaryImageOfPage":{"@id":"https:\/\/thefootballsquare.com\/borsa-sportiva-da-viaggio\/#primaryimage"},"image":{"@id":"https:\/\/thefootballsquare.com\/borsa-sportiva-da-viaggio\/#primaryimage"},"thumbnailUrl":"https:\/\/thefootballsquare.com\/wp-content\/uploads\/2023\/05\/simaro-borsa-spor-tiva-calcio-tfs-sport.jpg","datePublished":"2023-05-30T15:31:32+00:00","dateModified":"2025-03-25T16:16:38+00:00","description":"Acquista la nostra Borsa Sportiva da Viaggio, 100% cotone. Un prodotto eco-friendly, resistente e versatile, perfetto per le tue avventure.","breadcrumb":{"@id":"https:\/\/thefootballsquare.com\/borsa-sportiva-da-viaggio\/#breadcrumb"},"inLanguage":"en-GB","potentialAction":[{"@type":"ReadAction","target":["https:\/\/thefootballsquare.com\/borsa-sportiva-da-viaggio\/"]}]},{"@type":"ImageObject","inLanguage":"en-GB","@id":"https:\/\/thefootballsquare.com\/borsa-sportiva-da-viaggio\/#primaryimage","url":"https:\/\/thefootballsquare.com\/wp-content\/uploads\/2023\/05\/simaro-borsa-spor-tiva-calcio-tfs-sport.jpg","contentUrl":"https:\/\/thefootballsquare.com\/wp-content\/uploads\/2023\/05\/simaro-borsa-spor-tiva-calcio-tfs-sport.jpg","width":1080,"height":1080,"caption":"borsa sportiva da viaggio bianca 100 % cotone con manici classici forma cilindrica con scritta stampata"},{"@type":"BreadcrumbList","@id":"https:\/\/thefootballsquare.com\/borsa-sportiva-da-viaggio\/#breadcrumb","itemListElement":[{"@type":"ListItem","position":1,"name":"Home","item":"https:\/\/thefootballsquare.com\/"},{"@type":"ListItem","position":2,"name":"Borsa Sportiva da Viaggio"}]},{"@type":"WebSite","@id":"https:\/\/thefootballsquare.com\/#website","url":"https:\/\/thefootballsquare.com\/","name":"thefootballsquare.com","description":"","publisher":{"@id":"https:\/\/thefootballsquare.com\/#organization"},"potentialAction":[{"@type":"SearchAction","target":{"@type":"EntryPoint","urlTemplate":"https:\/\/thefootballsquare.com\/?s={search_term_string}"},"query-input":"required name=search_term_string"}],"inLanguage":"en-GB"},{"@type":"Organization","@id":"https:\/\/thefootballsquare.com\/#organization","name":"thefootballsquare.com","url":"https:\/\/thefootballsquare.com\/","logo":{"@type":"ImageObject","inLanguage":"en-GB","@id":"https:\/\/thefootballsquare.com\/#\/schema\/logo\/image\/","url":"https:\/\/thefootballsquare.com\/wp-content\/uploads\/2023\/02\/logo_TheFootbalSquare_bianco@4x.png","contentUrl":"https:\/\/thefootballsquare.com\/wp-content\/uploads\/2023\/02\/logo_TheFootbalSquare_bianco@4x.png","width":581,"height":477,"caption":"thefootballsquare.com"},"image":{"@id":"https:\/\/thefootballsquare.com\/#\/schema\/logo\/image\/"}}]}},"_links":{"self":[{"href":"https:\/\/thefootballsquare.com\/en\/wp-json\/wp\/v2\/product\/22446"}],"collection":[{"href":"https:\/\/thefootballsquare.com\/en\/wp-json\/wp\/v2\/product"}],"about":[{"href":"https:\/\/thefootballsquare.com\/en\/wp-json\/wp\/v2\/types\/product"}],"version-history":[{"count":2,"href":"https:\/\/thefootballsquare.com\/en\/wp-json\/wp\/v2\/product\/22446\/revisions"}],"predecessor-version":[{"id":50462,"href":"https:\/\/thefootballsquare.com\/en\/wp-json\/wp\/v2\/product\/22446\/revisions\/50462"}],"wp:featuredmedia":[{"embeddable":true,"href":"https:\/\/thefootballsquare.com\/en\/wp-json\/wp\/v2\/media\/22411"}],"wp:attachment":[{"href":"https:\/\/thefootballsquare.com\/en\/wp-json\/wp\/v2\/media?parent=22446"}],"wp:term":[{"taxonomy":"product_cat","embeddable":true,"href":"https:\/\/thefootballsquare.com\/en\/wp-json\/wp\/v2\/product_cat?post=22446"},{"taxonomy":"product_tag","embeddable":true,"href":"https:\/\/thefootballsquare.com\/en\/wp-json\/wp\/v2\/product_tag?post=22446"},{"taxonomy":"giftcard-category","embeddable":true,"href":"https:\/\/thefootballsquare.com\/en\/wp-json\/wp\/v2\/giftcard-category?post=22446"}],"curies":[{"name":"wp","href":"https:\/\/api.w.org\/{rel}","templated":true}]}}