{"id":22444,"date":"2023-05-30T17:29:39","date_gmt":"2023-05-30T15:29:39","guid":{"rendered":"https:\/\/thefootballsquare.com\/?post_type=product&#038;p=22444"},"modified":"2025-03-25T17:16:42","modified_gmt":"2025-03-25T16:16:42","slug":"borsa-sportiva","status":"publish","type":"product","link":"https:\/\/thefootballsquare.com\/en\/borsa-sportiva\/","title":{"rendered":"Borsa Sportiva"},"content":{"rendered":"<h2>Borsa Sportiva<\/h2>\n<h3>Borsa in poliestere e tracolla regolabile<\/h3>\n<p>La nostra Borsa sportiva in poliestere, dotata di 2 tasche con zip, tracolla regolabile e fodera in PVC, \u00e8 il prodotto ideale per chi cerca la perfetta combinazione di funzionalit\u00e0 e sostenibilit\u00e0. Realizzata con materiali ecologici di alta qualit\u00e0, questa borsa ti offre un&#8217;esperienza di utilizzo senza pari.<\/p>\n<ul>\n<li><strong>Materiali sostenibili<\/strong>: La nostra borsa sportiva \u00e8 realizzata in poliestere riciclato al 100%, riducendo cos\u00ec l&#8217;impatto sull&#8217;ambiente e contribuendo alla lotta contro lo spreco.<\/li>\n<li><strong>Ampia capacit\u00e0 di stoccaggio<\/strong>: Le due tasche con zip offrono spazio sufficiente per riporre tutti gli oggetti necessari durante la tua attivit\u00e0 sportiva, mantenendoli al sicuro e organizzati.<\/li>\n<li><strong>Tracolla regolabile<\/strong>: La tracolla pu\u00f2 essere facilmente regolata per adattarsi alle tue preferenze e garantire il massimo comfort durante il trasporto.<\/li>\n<li><strong>Fodera in PVC resistente all&#8217;acqua<\/strong>: La fodera in PVC protegge i tuoi oggetti personali da eventuali imprevisti, come una leggera pioggia o schizzi d&#8217;acqua, mantenendoli asciutti e al sicuro.<\/li>\n<\/ul>\n<p>Con questa borsa sportiva, puoi praticare il tuo sport preferito con stile e responsabilit\u00e0 ecologica. Scegliendo un prodotto realizzato con materiali sostenibili, stai facendo la tua parte per la tutela dell&#8217;ambiente. Non rinunciare alla qualit\u00e0 e al design elegante, pur facendo una scelta consapevole.<\/p>\n<h2>Iscriviti alla nostra newsletter e ottieni il 10% di sconto<\/h2>\n<p>Non perdere l&#8217;opportunit\u00e0 di risparmiare sul tuo prossimo acquisto!<\/p>\n<p><span style=\"font-weight: 400\">Iscrivendoti alla nostra <a href=\"https:\/\/thefootballsquare.com\/en\/newsletter\/\" target=\"_blank\" rel=\"noopener\">newsletter<\/a>, avrai il 10% di sconto sul tuo primo acquisto. Se vuoi restare sempre aggiornato sulle nostre offerte e promozioni, seguici anche sulle nostre pagine <\/span><a href=\"https:\/\/www.facebook.com\/profile.php?id=100091327552627\"><span style=\"font-weight: 400\">Facebook<\/span><\/a><span style=\"font-weight: 400\"> e <\/span><a href=\"https:\/\/www.instagram.com\/thefootballsquare_official\/?igshid=YmMyMTA2M2Y%3D\"><span style=\"font-weight: 400\">Instagram<\/span><\/a><span style=\"font-weight: 400\">.<\/span><\/p>\n<p>&nbsp;<\/p>","protected":false},"excerpt":{"rendered":"<p>The Football Square e l\u2019impegno a favore dell\u2019ambiente e della sostenibilit\u00e0.<\/p>\n<p>La nostra linea produttiva abbraccia i criteri dell\u2019economia circolare:<\/p>\n<p>\u2022 Prodotti realizzati esclusivamente su richiesta per evitare lo spreco e le emissioni di CO2<\/p>\n<p>\u2022 Materie prime scelte con cura per ridurre l\u2019impatto ambientale<\/p>\n<p>\u2022 Packaging 100% riciclabile<\/p>","protected":false},"featured_media":22395,"template":"","meta":{"_glsr_average":0,"_glsr_ranking":0,"_glsr_reviews":0},"product_cat":[447,673,694,684,375,424,431,24,426,441,27,425,487],"product_tag":[],"giftcard-category":[],"yoast_head":"<!-- This site is optimized with the Yoast SEO plugin v22.3 - https:\/\/yoast.com\/wordpress\/plugins\/seo\/ -->\n<title>Borsa Sportiva<\/title>\n<meta name=\"description\" content=\"Acquista la Borsa Sportiva TFS in poliestere, dotata di 2 tasche con zip, tracolla regolabile e fodera in PVC. Ottieni subito il 10% di sconto\" \/>\n<meta name=\"robots\" content=\"index, follow, max-snippet:-1, max-image-preview:large, max-video-preview:-1\" \/>\n<link rel=\"canonical\" href=\"https:\/\/thefootballsquare.com\/en\/borsa-sportiva\/\" \/>\n<meta property=\"og:locale\" content=\"en_GB\" \/>\n<meta property=\"og:type\" content=\"article\" \/>\n<meta property=\"og:title\" content=\"Borsa Sportiva\" \/>\n<meta property=\"og:description\" content=\"Acquista la Borsa Sportiva TFS in poliestere, dotata di 2 tasche con zip, tracolla regolabile e fodera in PVC. Ottieni subito il 10% di sconto\" \/>\n<meta property=\"og:url\" content=\"https:\/\/thefootballsquare.com\/en\/borsa-sportiva\/\" \/>\n<meta property=\"og:site_name\" content=\"thefootballsquare.com\" \/>\n<meta property=\"article:modified_time\" content=\"2025-03-25T16:16:42+00:00\" \/>\n<meta property=\"og:image\" content=\"https:\/\/thefootballsquare.com\/wp-content\/uploads\/2023\/05\/holtrum-borsa-spor-tiva-in-rpet-calcio-tfs-sport.jpg\" \/>\n\t<meta property=\"og:image:width\" content=\"1080\" \/>\n\t<meta property=\"og:image:height\" content=\"1080\" \/>\n\t<meta property=\"og:image:type\" content=\"image\/jpeg\" \/>\n<meta name=\"twitter:card\" content=\"summary_large_image\" \/>\n<meta name=\"twitter:title\" content=\"Borsa Sportiva\" \/>\n<meta name=\"twitter:description\" content=\"Acquista la Borsa Sportiva TFS in poliestere, dotata di 2 tasche con zip, tracolla regolabile e fodera in PVC. Ottieni subito il 10% di sconto\" \/>\n<meta name=\"twitter:image\" content=\"https:\/\/thefootballsquare.com\/wp-content\/uploads\/2023\/05\/holtrum-borsa-spor-tiva-in-rpet-calcio-tfs-sport.jpg\" \/>\n<meta name=\"twitter:label1\" content=\"Estimated reading time\" \/>\n\t<meta name=\"twitter:data1\" content=\"2 minutes\" \/>\n<script type=\"application\/ld+json\" class=\"yoast-schema-graph\">{\"@context\":\"https:\/\/schema.org\",\"@graph\":[{\"@type\":\"WebPage\",\"@id\":\"https:\/\/thefootballsquare.com\/borsa-sportiva\/\",\"url\":\"https:\/\/thefootballsquare.com\/borsa-sportiva\/\",\"name\":\"Borsa Sportiva\",\"isPartOf\":{\"@id\":\"https:\/\/thefootballsquare.com\/#website\"},\"primaryImageOfPage\":{\"@id\":\"https:\/\/thefootballsquare.com\/borsa-sportiva\/#primaryimage\"},\"image\":{\"@id\":\"https:\/\/thefootballsquare.com\/borsa-sportiva\/#primaryimage\"},\"thumbnailUrl\":\"https:\/\/thefootballsquare.com\/wp-content\/uploads\/2023\/05\/holtrum-borsa-spor-tiva-in-rpet-calcio-tfs-sport.jpg\",\"datePublished\":\"2023-05-30T15:29:39+00:00\",\"dateModified\":\"2025-03-25T16:16:42+00:00\",\"description\":\"Acquista la Borsa Sportiva TFS in poliestere, dotata di 2 tasche con zip, tracolla regolabile e fodera in PVC. Ottieni subito il 10% di sconto\",\"breadcrumb\":{\"@id\":\"https:\/\/thefootballsquare.com\/borsa-sportiva\/#breadcrumb\"},\"inLanguage\":\"en-GB\",\"potentialAction\":[{\"@type\":\"ReadAction\",\"target\":[\"https:\/\/thefootballsquare.com\/borsa-sportiva\/\"]}]},{\"@type\":\"ImageObject\",\"inLanguage\":\"en-GB\",\"@id\":\"https:\/\/thefootballsquare.com\/borsa-sportiva\/#primaryimage\",\"url\":\"https:\/\/thefootballsquare.com\/wp-content\/uploads\/2023\/05\/holtrum-borsa-spor-tiva-in-rpet-calcio-tfs-sport.jpg\",\"contentUrl\":\"https:\/\/thefootballsquare.com\/wp-content\/uploads\/2023\/05\/holtrum-borsa-spor-tiva-in-rpet-calcio-tfs-sport.jpg\",\"width\":1080,\"height\":1080,\"caption\":\"borsa sportiva grigio nero con zip centrale e frontale scritta stampata maniglia classica e tracolla regolabile fodera in PVC\"},{\"@type\":\"BreadcrumbList\",\"@id\":\"https:\/\/thefootballsquare.com\/borsa-sportiva\/#breadcrumb\",\"itemListElement\":[{\"@type\":\"ListItem\",\"position\":1,\"name\":\"Home\",\"item\":\"https:\/\/thefootballsquare.com\/\"},{\"@type\":\"ListItem\",\"position\":2,\"name\":\"Borsa Sportiva\"}]},{\"@type\":\"WebSite\",\"@id\":\"https:\/\/thefootballsquare.com\/#website\",\"url\":\"https:\/\/thefootballsquare.com\/\",\"name\":\"thefootballsquare.com\",\"description\":\"\",\"publisher\":{\"@id\":\"https:\/\/thefootballsquare.com\/#organization\"},\"potentialAction\":[{\"@type\":\"SearchAction\",\"target\":{\"@type\":\"EntryPoint\",\"urlTemplate\":\"https:\/\/thefootballsquare.com\/?s={search_term_string}\"},\"query-input\":\"required name=search_term_string\"}],\"inLanguage\":\"en-GB\"},{\"@type\":\"Organization\",\"@id\":\"https:\/\/thefootballsquare.com\/#organization\",\"name\":\"thefootballsquare.com\",\"url\":\"https:\/\/thefootballsquare.com\/\",\"logo\":{\"@type\":\"ImageObject\",\"inLanguage\":\"en-GB\",\"@id\":\"https:\/\/thefootballsquare.com\/#\/schema\/logo\/image\/\",\"url\":\"https:\/\/thefootballsquare.com\/wp-content\/uploads\/2023\/02\/logo_TheFootbalSquare_bianco@4x.png\",\"contentUrl\":\"https:\/\/thefootballsquare.com\/wp-content\/uploads\/2023\/02\/logo_TheFootbalSquare_bianco@4x.png\",\"width\":581,\"height\":477,\"caption\":\"thefootballsquare.com\"},\"image\":{\"@id\":\"https:\/\/thefootballsquare.com\/#\/schema\/logo\/image\/\"}}]}<\/script>\n<!-- \/ Yoast SEO plugin. -->","yoast_head_json":{"title":"Borsa Sportiva","description":"Acquista la Borsa Sportiva TFS in poliestere, dotata di 2 tasche con zip, tracolla regolabile e fodera in PVC. Ottieni subito il 10% di sconto","robots":{"index":"index","follow":"follow","max-snippet":"max-snippet:-1","max-image-preview":"max-image-preview:large","max-video-preview":"max-video-preview:-1"},"canonical":"https:\/\/thefootballsquare.com\/en\/borsa-sportiva\/","og_locale":"en_GB","og_type":"article","og_title":"Borsa Sportiva","og_description":"Acquista la Borsa Sportiva TFS in poliestere, dotata di 2 tasche con zip, tracolla regolabile e fodera in PVC. Ottieni subito il 10% di sconto","og_url":"https:\/\/thefootballsquare.com\/en\/borsa-sportiva\/","og_site_name":"thefootballsquare.com","article_modified_time":"2025-03-25T16:16:42+00:00","og_image":[{"width":1080,"height":1080,"url":"https:\/\/thefootballsquare.com\/wp-content\/uploads\/2023\/05\/holtrum-borsa-spor-tiva-in-rpet-calcio-tfs-sport.jpg","type":"image\/jpeg"}],"twitter_card":"summary_large_image","twitter_title":"Borsa Sportiva","twitter_description":"Acquista la Borsa Sportiva TFS in poliestere, dotata di 2 tasche con zip, tracolla regolabile e fodera in PVC. Ottieni subito il 10% di sconto","twitter_image":"https:\/\/thefootballsquare.com\/wp-content\/uploads\/2023\/05\/holtrum-borsa-spor-tiva-in-rpet-calcio-tfs-sport.jpg","twitter_misc":{"Estimated reading time":"2 minutes"},"schema":{"@context":"https:\/\/schema.org","@graph":[{"@type":"WebPage","@id":"https:\/\/thefootballsquare.com\/borsa-sportiva\/","url":"https:\/\/thefootballsquare.com\/borsa-sportiva\/","name":"Borsa Sportiva","isPartOf":{"@id":"https:\/\/thefootballsquare.com\/#website"},"primaryImageOfPage":{"@id":"https:\/\/thefootballsquare.com\/borsa-sportiva\/#primaryimage"},"image":{"@id":"https:\/\/thefootballsquare.com\/borsa-sportiva\/#primaryimage"},"thumbnailUrl":"https:\/\/thefootballsquare.com\/wp-content\/uploads\/2023\/05\/holtrum-borsa-spor-tiva-in-rpet-calcio-tfs-sport.jpg","datePublished":"2023-05-30T15:29:39+00:00","dateModified":"2025-03-25T16:16:42+00:00","description":"Acquista la Borsa Sportiva TFS in poliestere, dotata di 2 tasche con zip, tracolla regolabile e fodera in PVC. Ottieni subito il 10% di sconto","breadcrumb":{"@id":"https:\/\/thefootballsquare.com\/borsa-sportiva\/#breadcrumb"},"inLanguage":"en-GB","potentialAction":[{"@type":"ReadAction","target":["https:\/\/thefootballsquare.com\/borsa-sportiva\/"]}]},{"@type":"ImageObject","inLanguage":"en-GB","@id":"https:\/\/thefootballsquare.com\/borsa-sportiva\/#primaryimage","url":"https:\/\/thefootballsquare.com\/wp-content\/uploads\/2023\/05\/holtrum-borsa-spor-tiva-in-rpet-calcio-tfs-sport.jpg","contentUrl":"https:\/\/thefootballsquare.com\/wp-content\/uploads\/2023\/05\/holtrum-borsa-spor-tiva-in-rpet-calcio-tfs-sport.jpg","width":1080,"height":1080,"caption":"borsa sportiva grigio nero con zip centrale e frontale scritta stampata maniglia classica e tracolla regolabile fodera in PVC"},{"@type":"BreadcrumbList","@id":"https:\/\/thefootballsquare.com\/borsa-sportiva\/#breadcrumb","itemListElement":[{"@type":"ListItem","position":1,"name":"Home","item":"https:\/\/thefootballsquare.com\/"},{"@type":"ListItem","position":2,"name":"Borsa Sportiva"}]},{"@type":"WebSite","@id":"https:\/\/thefootballsquare.com\/#website","url":"https:\/\/thefootballsquare.com\/","name":"thefootballsquare.com","description":"","publisher":{"@id":"https:\/\/thefootballsquare.com\/#organization"},"potentialAction":[{"@type":"SearchAction","target":{"@type":"EntryPoint","urlTemplate":"https:\/\/thefootballsquare.com\/?s={search_term_string}"},"query-input":"required name=search_term_string"}],"inLanguage":"en-GB"},{"@type":"Organization","@id":"https:\/\/thefootballsquare.com\/#organization","name":"thefootballsquare.com","url":"https:\/\/thefootballsquare.com\/","logo":{"@type":"ImageObject","inLanguage":"en-GB","@id":"https:\/\/thefootballsquare.com\/#\/schema\/logo\/image\/","url":"https:\/\/thefootballsquare.com\/wp-content\/uploads\/2023\/02\/logo_TheFootbalSquare_bianco@4x.png","contentUrl":"https:\/\/thefootballsquare.com\/wp-content\/uploads\/2023\/02\/logo_TheFootbalSquare_bianco@4x.png","width":581,"height":477,"caption":"thefootballsquare.com"},"image":{"@id":"https:\/\/thefootballsquare.com\/#\/schema\/logo\/image\/"}}]}},"_links":{"self":[{"href":"https:\/\/thefootballsquare.com\/en\/wp-json\/wp\/v2\/product\/22444"}],"collection":[{"href":"https:\/\/thefootballsquare.com\/en\/wp-json\/wp\/v2\/product"}],"about":[{"href":"https:\/\/thefootballsquare.com\/en\/wp-json\/wp\/v2\/types\/product"}],"version-history":[{"count":1,"href":"https:\/\/thefootballsquare.com\/en\/wp-json\/wp\/v2\/product\/22444\/revisions"}],"predecessor-version":[{"id":50463,"href":"https:\/\/thefootballsquare.com\/en\/wp-json\/wp\/v2\/product\/22444\/revisions\/50463"}],"wp:featuredmedia":[{"embeddable":true,"href":"https:\/\/thefootballsquare.com\/en\/wp-json\/wp\/v2\/media\/22395"}],"wp:attachment":[{"href":"https:\/\/thefootballsquare.com\/en\/wp-json\/wp\/v2\/media?parent=22444"}],"wp:term":[{"taxonomy":"product_cat","embeddable":true,"href":"https:\/\/thefootballsquare.com\/en\/wp-json\/wp\/v2\/product_cat?post=22444"},{"taxonomy":"product_tag","embeddable":true,"href":"https:\/\/thefootballsquare.com\/en\/wp-json\/wp\/v2\/product_tag?post=22444"},{"taxonomy":"giftcard-category","embeddable":true,"href":"https:\/\/thefootballsquare.com\/en\/wp-json\/wp\/v2\/giftcard-category?post=22444"}],"curies":[{"name":"wp","href":"https:\/\/api.w.org\/{rel}","templated":true}]}}