{"id":2057,"date":"2023-03-01T14:12:39","date_gmt":"2023-03-01T13:12:39","guid":{"rendered":"https:\/\/thefootballsquare.com\/?post_type=product&#038;p=2057"},"modified":"2024-08-07T12:42:02","modified_gmt":"2024-08-07T10:42:02","slug":"zeus-tuta-kit-gryfon","status":"publish","type":"product","link":"https:\/\/thefootballsquare.com\/en\/zeus-tuta-kit-gryfon\/","title":{"rendered":"Zeus Tuta Kit Gryfon"},"content":{"rendered":"<h2>Scopri la Tuta Zeus Kit Gryfon<\/h2>\n<h3>Il kit da calcio che ti far\u00e0 sentire un campione<\/h3>\n<p>La Tuta Zeus Kit Gryfon \u00e8 il kit da calcio che stavate cercando. Realizzato al <strong>100% in poliestere,<\/strong> questo kit ha una t-shirt a manica corta con collo a camicia che offre una vestibilit\u00e0 <strong>slim fit<\/strong> che ti far\u00e0 sentire a tuo agio durante gli allenamenti pi\u00f9 intensi. Inoltre, grazie ai suoi laterali in mesh, ti assicurer\u00e0 un&#8217;ottima traspirazione.<\/p>\n<h2>Stile e personalit\u00e0 in campo<\/h2>\n<p>La stampa personalizzata sul petto rende questo kit unico e originale, mostrando la tua personalit\u00e0 in campo. Disponibile in diversi colori, potrai scegliere quello che meglio si adatta alla tua squadra o alla tua personalit\u00e0.<\/p>\n<h2>Durata e resistenza Tuta Kit Gryfon<\/h2>\n<p>Il KIT GRYFON \u00e8 un capo d&#8217;abbigliamento di alta qualit\u00e0, progettato per resistere agli allenamenti pi\u00f9 intensi e durare nel tempo.<\/p>\n<h3>Acquista ora<\/h3>\n<p><span style=\"font-weight: 400;\">Non perdere l&#8217;opportunit\u00e0 di avere un guardaroba completo e alla moda con il KIT GRYFON. Acquistalo ora e scopri la bellezza e la praticit\u00e0 dei nostri prodotti. Ma affrettati, le scorte sono limitate e potresti perderti l&#8217;occasione di indossare i nostri prodotti sportivi. <\/span><span style=\"font-weight: 400;\">Iscriviti alla nostra <a href=\"https:\/\/thefootballsquare.com\/en\/newsletter\/\" target=\"_blank\" rel=\"noopener\">newsletter<\/a>, potrai avere il 10% di sconto sul tuo prossimo acquisto e resta sempre aggiornato sulle nostre offerte e promozioni. Seguici anche sulle nostre pagine <\/span><a href=\"https:\/\/www.facebook.com\/profile.php?id=100091327552627\"><span style=\"font-weight: 400;\">Facebook<\/span><\/a><span style=\"font-weight: 400;\"> e <\/span><a href=\"https:\/\/www.instagram.com\/thefootballsquare_official\/?igshid=YmMyMTA2M2Y%3D\"><span style=\"font-weight: 400;\">Instagram<\/span><\/a><span style=\"font-weight: 400;\">. <\/span><\/p>","protected":false},"excerpt":{"rendered":"<p><strong>Ordine minimo 5 pezzi<\/strong><\/p>\n<p><strong>Caratteristiche:<\/strong><\/p>\n<ul>\n<li>Kit da calcio manica corta con collo a camicia<\/li>\n<li><span class=\"title_red\">Vestibilit\u00e0<\/span> slim fit<\/li>\n<li>100% Poliestere<\/li>\n<\/ul>\n<p>&nbsp;<\/p>","protected":false},"featured_media":18430,"template":"","meta":{"_glsr_average":0,"_glsr_ranking":0,"_glsr_reviews":0},"product_cat":[447,450,375,706,24,709],"product_tag":[],"giftcard-category":[],"yoast_head":"<!-- This site is optimized with the Yoast SEO plugin v22.3 - https:\/\/yoast.com\/wordpress\/plugins\/seo\/ -->\n<title>Zeus Tuta Kit Gryfon<\/title>\n<meta name=\"description\" content=\"Zeus Tuta Kit Gryfon \u00e8 il kit da calcio perfetto per gli allenamenti pi\u00f9 intensi. Vestibilit\u00e0 slim fit, laterali in mesh per una buona traspirazione\" \/>\n<meta name=\"robots\" content=\"index, follow, max-snippet:-1, max-image-preview:large, max-video-preview:-1\" \/>\n<link rel=\"canonical\" href=\"https:\/\/thefootballsquare.com\/en\/zeus-tuta-kit-gryfon\/\" \/>\n<meta property=\"og:locale\" content=\"en_GB\" \/>\n<meta property=\"og:type\" content=\"article\" \/>\n<meta property=\"og:title\" content=\"Zeus Tuta Kit Gryfon\" \/>\n<meta property=\"og:description\" content=\"La tuta Gryfon \u00e8 il kit da calcio perfetto per gli allenamenti pi\u00f9 intensi. Vestibilit\u00e0 slim fit, laterali in mesh per una buona traspirazione\" \/>\n<meta property=\"og:url\" content=\"https:\/\/thefootballsquare.com\/en\/zeus-tuta-kit-gryfon\/\" \/>\n<meta property=\"og:site_name\" content=\"thefootballsquare.com\" \/>\n<meta property=\"article:modified_time\" content=\"2024-08-07T10:42:02+00:00\" \/>\n<meta property=\"og:image\" content=\"https:\/\/thefootballsquare.com\/wp-content\/uploads\/2023\/03\/kit-gryfon-completo-sportivo-zeus.jpg\" \/>\n\t<meta property=\"og:image:width\" content=\"1080\" \/>\n\t<meta property=\"og:image:height\" content=\"1080\" \/>\n\t<meta property=\"og:image:type\" content=\"image\/jpeg\" \/>\n<meta name=\"twitter:card\" content=\"summary_large_image\" \/>\n<meta name=\"twitter:title\" content=\"Zeus Tuta Kit Gryfon\" \/>\n<meta name=\"twitter:description\" content=\"La tuta Gryfon \u00e8 il kit da calcio perfetto per gli allenamenti pi\u00f9 intensi. Vestibilit\u00e0 slim fit, laterali in mesh per una buona traspirazione\" \/>\n<meta name=\"twitter:image\" content=\"https:\/\/thefootballsquare.com\/wp-content\/uploads\/2023\/03\/kit-gryfon-completo-sportivo-zeus.jpg\" \/>\n<meta name=\"twitter:label1\" content=\"Estimated reading time\" \/>\n\t<meta name=\"twitter:data1\" content=\"2 minutes\" \/>\n<script type=\"application\/ld+json\" class=\"yoast-schema-graph\">{\"@context\":\"https:\/\/schema.org\",\"@graph\":[{\"@type\":\"WebPage\",\"@id\":\"https:\/\/thefootballsquare.com\/zeus-tuta-kit-gryfon\/\",\"url\":\"https:\/\/thefootballsquare.com\/zeus-tuta-kit-gryfon\/\",\"name\":\"Zeus Tuta Kit Gryfon\",\"isPartOf\":{\"@id\":\"https:\/\/thefootballsquare.com\/#website\"},\"primaryImageOfPage\":{\"@id\":\"https:\/\/thefootballsquare.com\/zeus-tuta-kit-gryfon\/#primaryimage\"},\"image\":{\"@id\":\"https:\/\/thefootballsquare.com\/zeus-tuta-kit-gryfon\/#primaryimage\"},\"thumbnailUrl\":\"https:\/\/thefootballsquare.com\/wp-content\/uploads\/2023\/03\/kit-gryfon-completo-sportivo-zeus.jpg\",\"datePublished\":\"2023-03-01T13:12:39+00:00\",\"dateModified\":\"2024-08-07T10:42:02+00:00\",\"description\":\"Zeus Tuta Kit Gryfon \u00e8 il kit da calcio perfetto per gli allenamenti pi\u00f9 intensi. Vestibilit\u00e0 slim fit, laterali in mesh per una buona traspirazione\",\"breadcrumb\":{\"@id\":\"https:\/\/thefootballsquare.com\/zeus-tuta-kit-gryfon\/#breadcrumb\"},\"inLanguage\":\"en-GB\",\"potentialAction\":[{\"@type\":\"ReadAction\",\"target\":[\"https:\/\/thefootballsquare.com\/zeus-tuta-kit-gryfon\/\"]}]},{\"@type\":\"ImageObject\",\"inLanguage\":\"en-GB\",\"@id\":\"https:\/\/thefootballsquare.com\/zeus-tuta-kit-gryfon\/#primaryimage\",\"url\":\"https:\/\/thefootballsquare.com\/wp-content\/uploads\/2023\/03\/kit-gryfon-completo-sportivo-zeus.jpg\",\"contentUrl\":\"https:\/\/thefootballsquare.com\/wp-content\/uploads\/2023\/03\/kit-gryfon-completo-sportivo-zeus.jpg\",\"width\":1080,\"height\":1080,\"caption\":\"kit gryfon zeus completino rosso blu manica corta collo a polo senza bottoni loghi stampati su petto e gamba 100 % poliestere slim fit\"},{\"@type\":\"BreadcrumbList\",\"@id\":\"https:\/\/thefootballsquare.com\/zeus-tuta-kit-gryfon\/#breadcrumb\",\"itemListElement\":[{\"@type\":\"ListItem\",\"position\":1,\"name\":\"Home\",\"item\":\"https:\/\/thefootballsquare.com\/\"},{\"@type\":\"ListItem\",\"position\":2,\"name\":\"Zeus Tuta Kit Gryfon\"}]},{\"@type\":\"WebSite\",\"@id\":\"https:\/\/thefootballsquare.com\/#website\",\"url\":\"https:\/\/thefootballsquare.com\/\",\"name\":\"thefootballsquare.com\",\"description\":\"\",\"publisher\":{\"@id\":\"https:\/\/thefootballsquare.com\/#organization\"},\"potentialAction\":[{\"@type\":\"SearchAction\",\"target\":{\"@type\":\"EntryPoint\",\"urlTemplate\":\"https:\/\/thefootballsquare.com\/?s={search_term_string}\"},\"query-input\":\"required name=search_term_string\"}],\"inLanguage\":\"en-GB\"},{\"@type\":\"Organization\",\"@id\":\"https:\/\/thefootballsquare.com\/#organization\",\"name\":\"thefootballsquare.com\",\"url\":\"https:\/\/thefootballsquare.com\/\",\"logo\":{\"@type\":\"ImageObject\",\"inLanguage\":\"en-GB\",\"@id\":\"https:\/\/thefootballsquare.com\/#\/schema\/logo\/image\/\",\"url\":\"https:\/\/thefootballsquare.com\/wp-content\/uploads\/2023\/02\/logo_TheFootbalSquare_bianco@4x.png\",\"contentUrl\":\"https:\/\/thefootballsquare.com\/wp-content\/uploads\/2023\/02\/logo_TheFootbalSquare_bianco@4x.png\",\"width\":581,\"height\":477,\"caption\":\"thefootballsquare.com\"},\"image\":{\"@id\":\"https:\/\/thefootballsquare.com\/#\/schema\/logo\/image\/\"}}]}<\/script>\n<!-- \/ Yoast SEO plugin. -->","yoast_head_json":{"title":"Zeus Tuta Kit Gryfon","description":"Zeus Tuta Kit Gryfon \u00e8 il kit da calcio perfetto per gli allenamenti pi\u00f9 intensi. Vestibilit\u00e0 slim fit, laterali in mesh per una buona traspirazione","robots":{"index":"index","follow":"follow","max-snippet":"max-snippet:-1","max-image-preview":"max-image-preview:large","max-video-preview":"max-video-preview:-1"},"canonical":"https:\/\/thefootballsquare.com\/en\/zeus-tuta-kit-gryfon\/","og_locale":"en_GB","og_type":"article","og_title":"Zeus Tuta Kit Gryfon","og_description":"La tuta Gryfon \u00e8 il kit da calcio perfetto per gli allenamenti pi\u00f9 intensi. Vestibilit\u00e0 slim fit, laterali in mesh per una buona traspirazione","og_url":"https:\/\/thefootballsquare.com\/en\/zeus-tuta-kit-gryfon\/","og_site_name":"thefootballsquare.com","article_modified_time":"2024-08-07T10:42:02+00:00","og_image":[{"width":1080,"height":1080,"url":"https:\/\/thefootballsquare.com\/wp-content\/uploads\/2023\/03\/kit-gryfon-completo-sportivo-zeus.jpg","type":"image\/jpeg"}],"twitter_card":"summary_large_image","twitter_title":"Zeus Tuta Kit Gryfon","twitter_description":"La tuta Gryfon \u00e8 il kit da calcio perfetto per gli allenamenti pi\u00f9 intensi. Vestibilit\u00e0 slim fit, laterali in mesh per una buona traspirazione","twitter_image":"https:\/\/thefootballsquare.com\/wp-content\/uploads\/2023\/03\/kit-gryfon-completo-sportivo-zeus.jpg","twitter_misc":{"Estimated reading time":"2 minutes"},"schema":{"@context":"https:\/\/schema.org","@graph":[{"@type":"WebPage","@id":"https:\/\/thefootballsquare.com\/zeus-tuta-kit-gryfon\/","url":"https:\/\/thefootballsquare.com\/zeus-tuta-kit-gryfon\/","name":"Zeus Tuta Kit Gryfon","isPartOf":{"@id":"https:\/\/thefootballsquare.com\/#website"},"primaryImageOfPage":{"@id":"https:\/\/thefootballsquare.com\/zeus-tuta-kit-gryfon\/#primaryimage"},"image":{"@id":"https:\/\/thefootballsquare.com\/zeus-tuta-kit-gryfon\/#primaryimage"},"thumbnailUrl":"https:\/\/thefootballsquare.com\/wp-content\/uploads\/2023\/03\/kit-gryfon-completo-sportivo-zeus.jpg","datePublished":"2023-03-01T13:12:39+00:00","dateModified":"2024-08-07T10:42:02+00:00","description":"Zeus Tuta Kit Gryfon \u00e8 il kit da calcio perfetto per gli allenamenti pi\u00f9 intensi. Vestibilit\u00e0 slim fit, laterali in mesh per una buona traspirazione","breadcrumb":{"@id":"https:\/\/thefootballsquare.com\/zeus-tuta-kit-gryfon\/#breadcrumb"},"inLanguage":"en-GB","potentialAction":[{"@type":"ReadAction","target":["https:\/\/thefootballsquare.com\/zeus-tuta-kit-gryfon\/"]}]},{"@type":"ImageObject","inLanguage":"en-GB","@id":"https:\/\/thefootballsquare.com\/zeus-tuta-kit-gryfon\/#primaryimage","url":"https:\/\/thefootballsquare.com\/wp-content\/uploads\/2023\/03\/kit-gryfon-completo-sportivo-zeus.jpg","contentUrl":"https:\/\/thefootballsquare.com\/wp-content\/uploads\/2023\/03\/kit-gryfon-completo-sportivo-zeus.jpg","width":1080,"height":1080,"caption":"kit gryfon zeus completino rosso blu manica corta collo a polo senza bottoni loghi stampati su petto e gamba 100 % poliestere slim fit"},{"@type":"BreadcrumbList","@id":"https:\/\/thefootballsquare.com\/zeus-tuta-kit-gryfon\/#breadcrumb","itemListElement":[{"@type":"ListItem","position":1,"name":"Home","item":"https:\/\/thefootballsquare.com\/"},{"@type":"ListItem","position":2,"name":"Zeus Tuta Kit Gryfon"}]},{"@type":"WebSite","@id":"https:\/\/thefootballsquare.com\/#website","url":"https:\/\/thefootballsquare.com\/","name":"thefootballsquare.com","description":"","publisher":{"@id":"https:\/\/thefootballsquare.com\/#organization"},"potentialAction":[{"@type":"SearchAction","target":{"@type":"EntryPoint","urlTemplate":"https:\/\/thefootballsquare.com\/?s={search_term_string}"},"query-input":"required name=search_term_string"}],"inLanguage":"en-GB"},{"@type":"Organization","@id":"https:\/\/thefootballsquare.com\/#organization","name":"thefootballsquare.com","url":"https:\/\/thefootballsquare.com\/","logo":{"@type":"ImageObject","inLanguage":"en-GB","@id":"https:\/\/thefootballsquare.com\/#\/schema\/logo\/image\/","url":"https:\/\/thefootballsquare.com\/wp-content\/uploads\/2023\/02\/logo_TheFootbalSquare_bianco@4x.png","contentUrl":"https:\/\/thefootballsquare.com\/wp-content\/uploads\/2023\/02\/logo_TheFootbalSquare_bianco@4x.png","width":581,"height":477,"caption":"thefootballsquare.com"},"image":{"@id":"https:\/\/thefootballsquare.com\/#\/schema\/logo\/image\/"}}]}},"_links":{"self":[{"href":"https:\/\/thefootballsquare.com\/en\/wp-json\/wp\/v2\/product\/2057"}],"collection":[{"href":"https:\/\/thefootballsquare.com\/en\/wp-json\/wp\/v2\/product"}],"about":[{"href":"https:\/\/thefootballsquare.com\/en\/wp-json\/wp\/v2\/types\/product"}],"version-history":[{"count":1,"href":"https:\/\/thefootballsquare.com\/en\/wp-json\/wp\/v2\/product\/2057\/revisions"}],"predecessor-version":[{"id":46431,"href":"https:\/\/thefootballsquare.com\/en\/wp-json\/wp\/v2\/product\/2057\/revisions\/46431"}],"wp:featuredmedia":[{"embeddable":true,"href":"https:\/\/thefootballsquare.com\/en\/wp-json\/wp\/v2\/media\/18430"}],"wp:attachment":[{"href":"https:\/\/thefootballsquare.com\/en\/wp-json\/wp\/v2\/media?parent=2057"}],"wp:term":[{"taxonomy":"product_cat","embeddable":true,"href":"https:\/\/thefootballsquare.com\/en\/wp-json\/wp\/v2\/product_cat?post=2057"},{"taxonomy":"product_tag","embeddable":true,"href":"https:\/\/thefootballsquare.com\/en\/wp-json\/wp\/v2\/product_tag?post=2057"},{"taxonomy":"giftcard-category","embeddable":true,"href":"https:\/\/thefootballsquare.com\/en\/wp-json\/wp\/v2\/giftcard-category?post=2057"}],"curies":[{"name":"wp","href":"https:\/\/api.w.org\/{rel}","templated":true}]}}