{"id":3787,"date":"2023-03-02T12:51:56","date_gmt":"2023-03-02T11:51:56","guid":{"rendered":"https:\/\/thefootballsquare.com\/?post_type=product&#038;p=3787"},"modified":"2025-03-25T18:00:40","modified_gmt":"2025-03-25T17:00:40","slug":"borsa-portapalloni","status":"publish","type":"product","link":"http:\/\/thefootballsquare.com\/en\/borsa-portapalloni\/","title":{"rendered":"Borsa Portapalloni Zeus"},"content":{"rendered":"<div class=\"group w-full text-gray-800 dark:text-gray-100 border-b border-black\/10 dark:border-gray-900\/50 bg-gray-50 dark:bg-[#444654]\">\n<div class=\"flex p-4 gap-4 text-base md:gap-6 md:max-w-2xl lg:max-w-[38rem] xl:max-w-3xl md:py-6 lg:px-0 m-auto\">\n<div class=\"relative flex w-[calc(100%-50px)] flex-col gap-1 md:gap-3 lg:w-[calc(100%-115px)]\">\n<div class=\"flex flex-grow flex-col gap-3\">\n<div class=\"flex flex-col items-start gap-4 whitespace-pre-wrap break-words\">\n<h2 class=\"markdown prose w-full break-words dark:prose-invert light\"><strong>Acquista La Borsa Portapalloni Zeus<\/strong><\/h2>\n<h3 class=\"markdown prose w-full break-words dark:prose-invert light\">BORSA PORTAPALLONI: La soluzione ideale per trasportare i tuoi palloni con stile<\/h3>\n<div class=\"markdown prose w-full break-words dark:prose-invert light\">Caratteristiche principali:<\/div>\n<ul>\n<li class=\"markdown prose w-full break-words dark:prose-invert light\">Ampia capacit\u00e0: \u00a0Pu\u00f2 contenere fino a 10 palloni, offrendoti la massima praticit\u00e0 e convenienza.<\/li>\n<li class=\"markdown prose w-full break-words dark:prose-invert light\">Misure 78x47cm, dimensioni perfette per trasportare comodamente i tuoi palloni ovunque tu vada.<\/li>\n<li class=\"markdown prose w-full break-words dark:prose-invert light\">Tessuto di alta qualit\u00e0: realizzata al 70% in nylon resistente e al 30% in poliestere per una durata eccezionale.<\/li>\n<\/ul>\n<h2 class=\"markdown prose w-full break-words dark:prose-invert light\">La borsa che soddisfa tutte le tue esigenze sportive<\/h2>\n<p>Se sei un amante degli sport di squadra o un insegnante che organizza attivit\u00e0 all&#8217;aperto, la Borsa Portapalloni Zeus \u00e8 ci\u00f2 di cui hai bisogno per <strong>semplificare<\/strong> la tua vita.<\/p>\n<p>Con la sua capacit\u00e0 di contenere fino a 10 palloni, non dovrai pi\u00f9 preoccuparti di come trasportare il tuo equipaggiamento. Basta inserire i palloni nella borsa e sei pronto per partire!<\/p>\n<p>Le dimensioni di 78x47cm sono state studiate appositamente per offrirti il massimo <strong>comfort<\/strong> durante il trasporto, la borsa \u00e8 abbastanza <strong>spaziosa<\/strong> da contenere tutti i tuoi palloni, ma allo stesso tempo abbastanza <strong>compatta<\/strong> da poterla portare con te ovunque tu vada. Non importa se stai andando in palestra, in campo o in un parco, la borsa portapalloni\u00a0ti accompagner\u00e0 ovunque con <strong>facilit\u00e0<\/strong> e <strong>stile<\/strong>.<\/p>\n<p>La <strong>qualit\u00e0<\/strong> dei materiali \u00e8 una priorit\u00e0 per no, la Borsa Portapalloni\u00a0\u00e8 realizzata al 70% in nylon resistente per garantire che possa <strong>resistere<\/strong> all&#8217;uso quotidiano e alle condizioni atmosferiche, \u00a0il 30% di poliestere aggiunge una <strong>durata<\/strong> <strong>eccezionale<\/strong> alla borsa, assicurando che ti servir\u00e0 per molto tempo a venire. Non dovrai preoccuparti di rotture o danni durante il trasporto dei tuoi palloni.<\/p>\n<h2>Non aspettare oltre!<\/h2>\n<p>Non perdere l&#8217;opportunit\u00e0 di avere la BORSA PORTAPALLONI come tuo nuovo <strong>accessorio<\/strong> di <strong>moda<\/strong>. La sua funzionalit\u00e0, combinata con il suo design moderno e sportivo, la rende una scelta ideale per chiunque ami gli sport di squadra. Sia che tu sia un giocatore o un allenatore, questa borsa non pu\u00f2 mancare nel tuo equipaggiamento.<\/p>\n<div class=\"markdown prose w-full break-words dark:prose-invert light\">\n<h2>Iscriviti alla newsletter e avrai il 10% di sconto<\/h2>\n<p>Acquista La Borsa Portapalloni Zeus per trasportare fino a 10 palloni con stile e comodit\u00e0.<\/p>\n<p>Iscrivendoti alla nostra newsletter, potrai avere il 10% di sconto sul tuo primo acquisto e rimanere sempre aggiornato sulle nostre promozioni e offerte speciali. Seguici anche sulle nostre pagine Facebook e Instagram per scoprire le ultime novit\u00e0 e trendy della moda.<\/p>\n<p>&nbsp;<\/p>\n<p>Non perdere l\u2019opportunit\u00e0 di essere sempre alla moda e al passo con le ultime tendenze!<\/p>\n<\/div>\n<\/div>\n<\/div>\n<div class=\"flex justify-between lg:block\">\n<div class=\"text-gray-400 flex self-end lg:self-center justify-center mt-2 gap-2 md:gap-3 lg:gap-1 lg:absolute lg:top-0 lg:translate-x-full lg:right-0 lg:mt-0 lg:pl-2 visible\"><button class=\"flex ml-auto gap-2 rounded-md p-1 hover:bg-gray-100 hover:text-gray-700 dark:text-gray-400 dark:hover:bg-gray-700 dark:hover:text-gray-200 disabled:dark:hover:text-gray-400\"><\/button><\/p>\n<div class=\"flex gap-1\"><\/div>\n<\/div>\n<\/div>\n<\/div>\n<\/div>\n<\/div>","protected":false},"excerpt":{"rendered":"<p><strong><span class=\"title_red\">Ordine minimo 5 pezzi<\/span><\/strong><\/p>\n<p><strong><span class=\"title_red\">Caratteristiche:<\/span><\/strong><\/p>\n<ul>\n<li>Pu\u00f2 contenere fino a 10 palloni<\/li>\n<li><span class=\"title_red\">Misure<\/span>\u00a078x47cm<\/li>\n<li><span class=\"title_red\">Tessuto<\/span>\u00a070% Nylon 30% Poliestere<\/li>\n<\/ul>","protected":false},"featured_media":17518,"template":"","meta":{"_glsr_average":0,"_glsr_ranking":0,"_glsr_reviews":0},"product_cat":[447,450,21,484],"product_tag":[],"giftcard-category":[],"yoast_head":"<!-- This site is optimized with the Yoast SEO plugin v22.3 - https:\/\/yoast.com\/wordpress\/plugins\/seo\/ -->\n<title>Borsa Portapalloni Zeus<\/title>\n<meta name=\"description\" content=\"Acquista La Borsa Portapalloni Zeus per trasportare fino a 10 palloni con stile e comodit\u00e0. Iscriviti alla newsletter avrai il 10% di sconto sul tuo ordine.\" \/>\n<meta name=\"robots\" content=\"index, follow, max-snippet:-1, max-image-preview:large, max-video-preview:-1\" \/>\n<link rel=\"canonical\" href=\"https:\/\/thefootballsquare.com\/en\/borsa-portapalloni\/\" \/>\n<meta property=\"og:locale\" content=\"en_GB\" \/>\n<meta property=\"og:type\" content=\"article\" \/>\n<meta property=\"og:title\" content=\"Borsa Portapalloni Zeus\" \/>\n<meta property=\"og:description\" content=\"Acquista La Borsa Portapalloni Zeus per trasportare fino a 10 palloni con stile e comodit\u00e0. Iscriviti alla newsletter avrai il 10% di sconto sul tuo ordine.\" \/>\n<meta property=\"og:url\" content=\"https:\/\/thefootballsquare.com\/en\/borsa-portapalloni\/\" \/>\n<meta property=\"og:site_name\" content=\"thefootballsquare.com\" \/>\n<meta property=\"article:modified_time\" content=\"2025-03-25T17:00:40+00:00\" \/>\n<meta property=\"og:image\" content=\"https:\/\/thefootballsquare.com\/wp-content\/uploads\/2023\/03\/Borsa-portapalloni.jpg\" \/>\n\t<meta property=\"og:image:width\" content=\"350\" \/>\n\t<meta property=\"og:image:height\" content=\"391\" \/>\n\t<meta property=\"og:image:type\" content=\"image\/jpeg\" \/>\n<meta name=\"twitter:card\" content=\"summary_large_image\" \/>\n<meta name=\"twitter:title\" content=\"Borsa Portapalloni Zeus\" \/>\n<meta name=\"twitter:description\" content=\"Acquista La Borsa Portapalloni Zeus per trasportare fino a 10 palloni con stile e comodit\u00e0. Iscriviti alla newsletter avrai il 10% di sconto sul tuo ordine.\" \/>\n<meta name=\"twitter:image\" content=\"https:\/\/thefootballsquare.com\/wp-content\/uploads\/2023\/03\/Borsa-portapalloni.jpg\" \/>\n<meta name=\"twitter:label1\" content=\"Estimated reading time\" \/>\n\t<meta name=\"twitter:data1\" content=\"3 minutes\" \/>\n<script type=\"application\/ld+json\" class=\"yoast-schema-graph\">{\"@context\":\"https:\/\/schema.org\",\"@graph\":[{\"@type\":\"WebPage\",\"@id\":\"https:\/\/thefootballsquare.com\/borsa-portapalloni\/\",\"url\":\"https:\/\/thefootballsquare.com\/borsa-portapalloni\/\",\"name\":\"Borsa Portapalloni Zeus\",\"isPartOf\":{\"@id\":\"https:\/\/thefootballsquare.com\/#website\"},\"primaryImageOfPage\":{\"@id\":\"https:\/\/thefootballsquare.com\/borsa-portapalloni\/#primaryimage\"},\"image\":{\"@id\":\"https:\/\/thefootballsquare.com\/borsa-portapalloni\/#primaryimage\"},\"thumbnailUrl\":\"https:\/\/thefootballsquare.com\/wp-content\/uploads\/2023\/03\/Borsa-portapalloni.jpg\",\"datePublished\":\"2023-03-02T11:51:56+00:00\",\"dateModified\":\"2025-03-25T17:00:40+00:00\",\"description\":\"Acquista La Borsa Portapalloni Zeus per trasportare fino a 10 palloni con stile e comodit\u00e0. Iscriviti alla newsletter avrai il 10% di sconto sul tuo ordine.\",\"breadcrumb\":{\"@id\":\"https:\/\/thefootballsquare.com\/borsa-portapalloni\/#breadcrumb\"},\"inLanguage\":\"en-GB\",\"potentialAction\":[{\"@type\":\"ReadAction\",\"target\":[\"https:\/\/thefootballsquare.com\/borsa-portapalloni\/\"]}]},{\"@type\":\"ImageObject\",\"inLanguage\":\"en-GB\",\"@id\":\"https:\/\/thefootballsquare.com\/borsa-portapalloni\/#primaryimage\",\"url\":\"https:\/\/thefootballsquare.com\/wp-content\/uploads\/2023\/03\/Borsa-portapalloni.jpg\",\"contentUrl\":\"https:\/\/thefootballsquare.com\/wp-content\/uploads\/2023\/03\/Borsa-portapalloni.jpg\",\"width\":350,\"height\":391,\"caption\":\"borsa portapalloni zeus blu capienza 10 palloni logo stampato misure 78x47cm struttura in rete tessuto 70% nylon 30% poliestere\"},{\"@type\":\"BreadcrumbList\",\"@id\":\"https:\/\/thefootballsquare.com\/borsa-portapalloni\/#breadcrumb\",\"itemListElement\":[{\"@type\":\"ListItem\",\"position\":1,\"name\":\"Home\",\"item\":\"https:\/\/thefootballsquare.com\/\"},{\"@type\":\"ListItem\",\"position\":2,\"name\":\"Borsa Portapalloni Zeus\"}]},{\"@type\":\"WebSite\",\"@id\":\"https:\/\/thefootballsquare.com\/#website\",\"url\":\"https:\/\/thefootballsquare.com\/\",\"name\":\"thefootballsquare.com\",\"description\":\"\",\"publisher\":{\"@id\":\"https:\/\/thefootballsquare.com\/#organization\"},\"potentialAction\":[{\"@type\":\"SearchAction\",\"target\":{\"@type\":\"EntryPoint\",\"urlTemplate\":\"https:\/\/thefootballsquare.com\/?s={search_term_string}\"},\"query-input\":\"required name=search_term_string\"}],\"inLanguage\":\"en-GB\"},{\"@type\":\"Organization\",\"@id\":\"https:\/\/thefootballsquare.com\/#organization\",\"name\":\"thefootballsquare.com\",\"url\":\"https:\/\/thefootballsquare.com\/\",\"logo\":{\"@type\":\"ImageObject\",\"inLanguage\":\"en-GB\",\"@id\":\"https:\/\/thefootballsquare.com\/#\/schema\/logo\/image\/\",\"url\":\"https:\/\/thefootballsquare.com\/wp-content\/uploads\/2023\/02\/logo_TheFootbalSquare_bianco@4x.png\",\"contentUrl\":\"https:\/\/thefootballsquare.com\/wp-content\/uploads\/2023\/02\/logo_TheFootbalSquare_bianco@4x.png\",\"width\":581,\"height\":477,\"caption\":\"thefootballsquare.com\"},\"image\":{\"@id\":\"https:\/\/thefootballsquare.com\/#\/schema\/logo\/image\/\"}}]}<\/script>\n<!-- \/ Yoast SEO plugin. -->","yoast_head_json":{"title":"Borsa Portapalloni Zeus","description":"Acquista La Borsa Portapalloni Zeus per trasportare fino a 10 palloni con stile e comodit\u00e0. Iscriviti alla newsletter avrai il 10% di sconto sul tuo ordine.","robots":{"index":"index","follow":"follow","max-snippet":"max-snippet:-1","max-image-preview":"max-image-preview:large","max-video-preview":"max-video-preview:-1"},"canonical":"https:\/\/thefootballsquare.com\/en\/borsa-portapalloni\/","og_locale":"en_GB","og_type":"article","og_title":"Borsa Portapalloni Zeus","og_description":"Acquista La Borsa Portapalloni Zeus per trasportare fino a 10 palloni con stile e comodit\u00e0. Iscriviti alla newsletter avrai il 10% di sconto sul tuo ordine.","og_url":"https:\/\/thefootballsquare.com\/en\/borsa-portapalloni\/","og_site_name":"thefootballsquare.com","article_modified_time":"2025-03-25T17:00:40+00:00","og_image":[{"width":350,"height":391,"url":"https:\/\/thefootballsquare.com\/wp-content\/uploads\/2023\/03\/Borsa-portapalloni.jpg","type":"image\/jpeg"}],"twitter_card":"summary_large_image","twitter_title":"Borsa Portapalloni Zeus","twitter_description":"Acquista La Borsa Portapalloni Zeus per trasportare fino a 10 palloni con stile e comodit\u00e0. Iscriviti alla newsletter avrai il 10% di sconto sul tuo ordine.","twitter_image":"https:\/\/thefootballsquare.com\/wp-content\/uploads\/2023\/03\/Borsa-portapalloni.jpg","twitter_misc":{"Estimated reading time":"3 minutes"},"schema":{"@context":"https:\/\/schema.org","@graph":[{"@type":"WebPage","@id":"https:\/\/thefootballsquare.com\/borsa-portapalloni\/","url":"https:\/\/thefootballsquare.com\/borsa-portapalloni\/","name":"Borsa Portapalloni Zeus","isPartOf":{"@id":"https:\/\/thefootballsquare.com\/#website"},"primaryImageOfPage":{"@id":"https:\/\/thefootballsquare.com\/borsa-portapalloni\/#primaryimage"},"image":{"@id":"https:\/\/thefootballsquare.com\/borsa-portapalloni\/#primaryimage"},"thumbnailUrl":"https:\/\/thefootballsquare.com\/wp-content\/uploads\/2023\/03\/Borsa-portapalloni.jpg","datePublished":"2023-03-02T11:51:56+00:00","dateModified":"2025-03-25T17:00:40+00:00","description":"Acquista La Borsa Portapalloni Zeus per trasportare fino a 10 palloni con stile e comodit\u00e0. Iscriviti alla newsletter avrai il 10% di sconto sul tuo ordine.","breadcrumb":{"@id":"https:\/\/thefootballsquare.com\/borsa-portapalloni\/#breadcrumb"},"inLanguage":"en-GB","potentialAction":[{"@type":"ReadAction","target":["https:\/\/thefootballsquare.com\/borsa-portapalloni\/"]}]},{"@type":"ImageObject","inLanguage":"en-GB","@id":"https:\/\/thefootballsquare.com\/borsa-portapalloni\/#primaryimage","url":"https:\/\/thefootballsquare.com\/wp-content\/uploads\/2023\/03\/Borsa-portapalloni.jpg","contentUrl":"https:\/\/thefootballsquare.com\/wp-content\/uploads\/2023\/03\/Borsa-portapalloni.jpg","width":350,"height":391,"caption":"borsa portapalloni zeus blu capienza 10 palloni logo stampato misure 78x47cm struttura in rete tessuto 70% nylon 30% poliestere"},{"@type":"BreadcrumbList","@id":"https:\/\/thefootballsquare.com\/borsa-portapalloni\/#breadcrumb","itemListElement":[{"@type":"ListItem","position":1,"name":"Home","item":"https:\/\/thefootballsquare.com\/"},{"@type":"ListItem","position":2,"name":"Borsa Portapalloni Zeus"}]},{"@type":"WebSite","@id":"https:\/\/thefootballsquare.com\/#website","url":"https:\/\/thefootballsquare.com\/","name":"thefootballsquare.com","description":"","publisher":{"@id":"https:\/\/thefootballsquare.com\/#organization"},"potentialAction":[{"@type":"SearchAction","target":{"@type":"EntryPoint","urlTemplate":"https:\/\/thefootballsquare.com\/?s={search_term_string}"},"query-input":"required name=search_term_string"}],"inLanguage":"en-GB"},{"@type":"Organization","@id":"https:\/\/thefootballsquare.com\/#organization","name":"thefootballsquare.com","url":"https:\/\/thefootballsquare.com\/","logo":{"@type":"ImageObject","inLanguage":"en-GB","@id":"https:\/\/thefootballsquare.com\/#\/schema\/logo\/image\/","url":"https:\/\/thefootballsquare.com\/wp-content\/uploads\/2023\/02\/logo_TheFootbalSquare_bianco@4x.png","contentUrl":"https:\/\/thefootballsquare.com\/wp-content\/uploads\/2023\/02\/logo_TheFootbalSquare_bianco@4x.png","width":581,"height":477,"caption":"thefootballsquare.com"},"image":{"@id":"https:\/\/thefootballsquare.com\/#\/schema\/logo\/image\/"}}]}},"_links":{"self":[{"href":"http:\/\/thefootballsquare.com\/en\/wp-json\/wp\/v2\/product\/3787"}],"collection":[{"href":"http:\/\/thefootballsquare.com\/en\/wp-json\/wp\/v2\/product"}],"about":[{"href":"http:\/\/thefootballsquare.com\/en\/wp-json\/wp\/v2\/types\/product"}],"version-history":[{"count":1,"href":"http:\/\/thefootballsquare.com\/en\/wp-json\/wp\/v2\/product\/3787\/revisions"}],"predecessor-version":[{"id":46866,"href":"http:\/\/thefootballsquare.com\/en\/wp-json\/wp\/v2\/product\/3787\/revisions\/46866"}],"wp:featuredmedia":[{"embeddable":true,"href":"http:\/\/thefootballsquare.com\/en\/wp-json\/wp\/v2\/media\/17518"}],"wp:attachment":[{"href":"http:\/\/thefootballsquare.com\/en\/wp-json\/wp\/v2\/media?parent=3787"}],"wp:term":[{"taxonomy":"product_cat","embeddable":true,"href":"http:\/\/thefootballsquare.com\/en\/wp-json\/wp\/v2\/product_cat?post=3787"},{"taxonomy":"product_tag","embeddable":true,"href":"http:\/\/thefootballsquare.com\/en\/wp-json\/wp\/v2\/product_tag?post=3787"},{"taxonomy":"giftcard-category","embeddable":true,"href":"http:\/\/thefootballsquare.com\/en\/wp-json\/wp\/v2\/giftcard-category?post=3787"}],"curies":[{"name":"wp","href":"https:\/\/api.w.org\/{rel}","templated":true}]}}